{"id":146,"date":"2023-04-11T18:22:07","date_gmt":"2023-04-11T23:22:07","guid":{"rendered":"https:\/\/amblima.esteri.it\/visti\/"},"modified":"2025-07-23T05:16:47","modified_gmt":"2025-07-23T10:16:47","slug":"visti","status":"publish","type":"page","link":"https:\/\/amblima.esteri.it\/es\/servizi-consolari-e-visti\/servizi-per-il-cittadino-straniero\/visti\/","title":{"rendered":"Visas"},"content":{"rendered":"<p><strong>PROCEDIMIENTO PARA LA EXPEDICI\u00d3N DE VISAS DE ENTRADA A ITALIA<\/strong><\/p>\n<p>Desde el 15 de marzo de 2016, los ciudadanos peruanos, para ingresos al territorio Schengen por motivos de turismo, negocios, competencia deportiva, estudios e invitaci\u00f3n, hasta un m\u00e1ximo de 90 d\u00edas cada 180 d\u00edas, quedan exentos de la visa de ingreso. Podr\u00e1n entrar en Italia con un pasaporte v\u00e1lido al menos tres meses despu\u00e9s de la fecha prevista de salida del espacio Schengen. Para estancias superiores a 90 d\u00edas y para solicitantes que no sean de nacionalidad peruana, es necesario solicitar visa de ingreso.<\/p>\n<p>Para saber si requiere visa y para informaci\u00f3n relativa a los requisitos para la obtenci\u00f3n de visa de entrada, por favor consulte la Secci\u00f3n de Visas de la p\u00e1gina web de nuestro Ministerio de Asuntos Exteriores y Cooperaci\u00f3n Internacional: <a href=\"https:\/\/www.esteri.it\/en\/sportello_info\/domandefrequenti\/sezione_visti_entrare_in_italia\/\">Entry into Italy \u2013 Ministero degli Affari Esteri e della Cooperazione Internazionale<\/a><\/p>\n<p>La informaci\u00f3n proporcionada en este sitio se refiere \u00fanicamente a los titulares de documentos de viaje ordinarios. Los titulares de pasaportes diplom\u00e1ticos o de servicio deben ponerse en contacto con los representantes diplom\u00e1ticos o consulares italianos para obtener informaci\u00f3n espec\u00edfica.<\/p>\n<p>Para m\u00e1s informaci\u00f3n, los interesados \u200b\u200bpueden comunicarse directamente con esta Oficina Consular al correo <a href=\"mailto:cancconsolare.lima@esteri.it\">cancconsolare.lima@esteri.it<\/a> escribiendo claramente que se trata de una solicitud de visa.<\/p>\n<p>A partir del 5 de junio de 2024 para acceder a los servicios consulares es necesario reservar la cita correspondiente a trav\u00e9s del portal Prenot@mi:\u00a0<a href=\"https:\/\/prenotami.esteri.it\/\">https:\/\/prenotami.esteri.it\/<\/a><\/p>\n<p>El p\u00fablico es recibido durante el horario de apertura de la Canciller\u00eda Consular.<\/p>\n<p>Documentos a presentar para algunos tipos de Visa:<\/p>\n<ul>\n<li><a href=\"https:\/\/amblima.esteri.it\/wp-content\/uploads\/2024\/03\/Adopcion.pdf\">Adopci\u00f3n<\/a><\/li>\n<li><a href=\"https:\/\/amblima.esteri.it\/wp-content\/uploads\/2024\/03\/Cohesion-Fam-CONYUGE.pdf\">Cohesion Fam &#8211; CONYUGE<\/a><\/li>\n<li><a href=\"https:\/\/amblima.esteri.it\/wp-content\/uploads\/2024\/03\/Cohesion-Fam-HIJOS.pdf\">Cohesion Fam &#8211; HIJOS<\/a><\/li>\n<li><a href=\"https:\/\/amblima.esteri.it\/wp-content\/uploads\/2024\/03\/Cohesion-Fam-PADRES.pdf\">Cohesion Fam &#8211; PADRES<\/a><\/li>\n<li><a href=\"https:\/\/amblima.esteri.it\/wp-content\/uploads\/2024\/03\/Lavoro-Subordinato-Infermieri.pdf\">Lavoro Subordinato &#8211; Infermieri<\/a><\/li>\n<li><a href=\"https:\/\/amblima.esteri.it\/wp-content\/uploads\/2024\/03\/Lavoro-Subordinato.pdf\">Lavoro Subordinato<\/a><\/li>\n<li><a href=\"https:\/\/amblima.esteri.it\/wp-content\/uploads\/2024\/03\/Motivos-Religiosos.pdf\">Motivos Religiosos<\/a><\/li>\n<li><a href=\"https:\/\/amblima.esteri.it\/wp-content\/uploads\/2024\/03\/Reingresso.pdf\">Reingresso<\/a><\/li>\n<li><a href=\"https:\/\/amblima.esteri.it\/wp-content\/uploads\/2024\/03\/Studio.pdf\">Studio<\/a><\/li>\n<li><a href=\"https:\/\/amblima.esteri.it\/wp-content\/uploads\/2024\/03\/Trabajo-Autonomo.pdf\">Trabajo Autonomo<\/a><\/li>\n<li><a href=\"https:\/\/amblima.esteri.it\/wp-content\/uploads\/2024\/03\/Trabajo-Maritimo.pdf\">Trabajo Maritimo<\/a><\/li>\n<li><a href=\"https:\/\/amblima.esteri.it\/wp-content\/uploads\/2024\/03\/Tratamiento-Medico.pdf\">Tratamiento Medico<\/a><\/li>\n<li><a href=\"https:\/\/amblima.esteri.it\/wp-content\/uploads\/2024\/03\/Turismo.pdf\">Turismo<\/a><\/li>\n<\/ul>\n","protected":false},"excerpt":{"rendered":"PROCEDIMIENTO PARA LA EXPEDICI\u00d3N DE VISAS DE ENTRADA A ITALIA Desde el 15 de marzo de 2016, los ciudadanos peruanos, para ingresos al territorio Schengen por motivos de turismo, negocios, competencia deportiva, estudios e invitaci\u00f3n, hasta un m\u00e1ximo de 90 d\u00edas cada 180 d\u00edas, quedan exentos de la visa de ingreso. Podr\u00e1n entrar en Italia [&hellip;]","protected":false},"author":1,"featured_media":0,"parent":200,"menu_order":0,"comment_status":"closed","ping_status":"closed","template":"","meta":{"footnotes":""},"class_list":["post-146","page","type-page","status-publish","hentry"],"_links":{"self":[{"href":"https:\/\/amblima.esteri.it\/es\/wp-json\/wp\/v2\/pages\/146","targetHints":{"allow":["GET"]}}],"collection":[{"href":"https:\/\/amblima.esteri.it\/es\/wp-json\/wp\/v2\/pages"}],"about":[{"href":"https:\/\/amblima.esteri.it\/es\/wp-json\/wp\/v2\/types\/page"}],"author":[{"embeddable":true,"href":"https:\/\/amblima.esteri.it\/es\/wp-json\/wp\/v2\/users\/1"}],"replies":[{"embeddable":true,"href":"https:\/\/amblima.esteri.it\/es\/wp-json\/wp\/v2\/comments?post=146"}],"version-history":[{"count":5,"href":"https:\/\/amblima.esteri.it\/es\/wp-json\/wp\/v2\/pages\/146\/revisions"}],"predecessor-version":[{"id":6471,"href":"https:\/\/amblima.esteri.it\/es\/wp-json\/wp\/v2\/pages\/146\/revisions\/6471"}],"up":[{"embeddable":true,"href":"https:\/\/amblima.esteri.it\/es\/wp-json\/wp\/v2\/pages\/200"}],"wp:attachment":[{"href":"https:\/\/amblima.esteri.it\/es\/wp-json\/wp\/v2\/media?parent=146"}],"curies":[{"name":"wp","href":"https:\/\/api.w.org\/{rel}","templated":true}]}}