{"id":161,"date":"2023-04-11T17:07:36","date_gmt":"2023-04-11T22:07:36","guid":{"rendered":"https:\/\/amblima.esteri.it\/chi-siamo\/"},"modified":"2026-02-11T12:38:16","modified_gmt":"2026-02-11T17:38:16","slug":"chi-siamo","status":"publish","type":"page","link":"https:\/\/amblima.esteri.it\/es\/chi-siamo\/","title":{"rendered":"Quienes somos"},"content":{"rendered":"<h2><strong>Qui\u00e9nes somos<\/strong><\/h2>\n<p>&nbsp;<\/p>\n<h4><strong>CORREOS ELECTR\u00d3NICOS DE L<\/strong><strong>A EMB<\/strong><strong>AJADA DE ITALIA <\/strong><\/h4>\n<ul>\n<li><strong>correo electr\u00f3nico ordinario:<\/strong> <a href=\"mailto:ambasciata.lima@esteri.it\">ambasciata.lima@esteri.it<\/a><\/li>\n<li><strong>correo electr\u00f3nico certificado<\/strong>: <a href=\"mailto:amb.lima@cert.esteri.it\">amb.lima@cert.esteri.it<\/a><br \/>\n(la PEC puede ser usada solo por usuarios que tengan tambi\u00e9n un PEC)<\/li>\n<li><strong>Canciller\u00eda Consular: <\/strong><a href=\"mailto:cancconsolare.lima@esteri.it\">cancconsolare.lima@esteri.it<\/a> <strong><br \/>\n<\/strong>(para todos los servicios consulares y visas)<strong><br \/>\n<\/strong><\/li>\n<li><strong>Oficina Comercial: <\/strong><a href=\"mailto:commerciale.lima@esteri.it\">commerciale.lima@esteri.it<\/a><br \/>\n(para solicitudes de asistencia en el \u00e1rea econ\u00f3mico-comercial dar <a href=\"https:\/\/nexus.esteri.it\/?sede=557\"><em>clic aqu\u00ed<\/em><\/a>\u00a0)<\/li>\n<li><strong>Oficina de la Directora de escuelas italianas<\/strong>: <a href=\"https:\/\/amblima.esteri.it\/es\/chi-siamo\/contatti\/marinella.lollo@esteri.it\">marinella.lollo@esteri.it<\/a><\/li>\n<\/ul>\n<h6><\/h6>\n<h4 class=\"boxLevel03\" style=\"text-align: justify;\"><strong>HORARIO DE APERTURA AL P\u00daBLICO DE LA OFICINA CONSULAR<\/strong><\/h4>\n<h6><\/h6>\n<p class=\"boxLevel03\" style=\"text-align: justify;\">Se comunica que, desde el 5 de junio de 2024, para acceder a los servicios consulares ser\u00e1 necesario reservar la cita correspondiente a trav\u00e9s del portal Prenot@mi:\u00a0<a href=\"https:\/\/prenotami.esteri.it\/\">https:\/\/prenotami.esteri.it\/<\/a><\/p>\n<p style=\"text-align: justify;\">El horario de\u00a0<strong>recojo<\/strong>\u00a0de pasaportes u otra documentaci\u00f3n es\u00a0<strong>de lunes a viernes desde las 12:30 hasta las 13:30 horas<\/strong>.<\/p>\n<h2><\/h2>\n<h4 class=\"boxLevel03\"><strong>CALENDARIO DE FERIADOS 2026<\/strong><\/h4>\n<table class=\"table\" style=\"height: 346px;\" border=\"0\" width=\"607\">\n<tbody>\n<tr>\n<td>01 enero<\/td>\n<td>A\u00f1o Nuevo<\/td>\n<\/tr>\n<tr>\n<td>3 abril<\/td>\n<td>Viernes Santo<\/td>\n<\/tr>\n<tr>\n<td>25 abril<\/td>\n<td>D\u00eda de la Liberaci\u00f3n<\/td>\n<\/tr>\n<tr>\n<td>01 mayo<\/td>\n<td>D\u00eda del Trabajo<\/td>\n<\/tr>\n<tr>\n<td>02 junio<\/td>\n<td>Fiesta Nacional de la Rep\u00fablica Italiana<\/td>\n<\/tr>\n<tr>\n<td>28 julio<\/td>\n<td>Fiesta Nacional del Per\u00fa<\/td>\n<\/tr>\n<tr>\n<td>30 agosto<\/td>\n<td>Santa Rosa de Lima<\/td>\n<\/tr>\n<tr>\n<td>01 noviembre<\/td>\n<td>Todos los Santos<\/td>\n<\/tr>\n<tr>\n<td>08 diciembre<\/td>\n<td>Inmaculada Concepci\u00f3n<\/td>\n<\/tr>\n<tr>\n<td>25 diciembre<\/td>\n<td>Navidad<\/td>\n<\/tr>\n<tr>\n<td>26 diciembre<\/td>\n<td>San Est\u00e9ban<\/td>\n<\/tr>\n<\/tbody>\n<\/table>\n","protected":false},"excerpt":{"rendered":"Qui\u00e9nes somos &nbsp; CORREOS ELECTR\u00d3NICOS DE LA EMBAJADA DE ITALIA correo electr\u00f3nico ordinario: ambasciata.lima@esteri.it correo electr\u00f3nico certificado: amb.lima@cert.esteri.it (la PEC puede ser usada solo por usuarios que tengan tambi\u00e9n un PEC) Canciller\u00eda Consular: cancconsolare.lima@esteri.it (para todos los servicios consulares y visas) Oficina Comercial: commerciale.lima@esteri.it (para solicitudes de asistencia en el \u00e1rea econ\u00f3mico-comercial dar clic aqu\u00ed\u00a0) [&hellip;]","protected":false},"author":1,"featured_media":0,"parent":0,"menu_order":2,"comment_status":"closed","ping_status":"closed","template":"","meta":{"footnotes":""},"class_list":["post-161","page","type-page","status-publish","hentry"],"_links":{"self":[{"href":"https:\/\/amblima.esteri.it\/es\/wp-json\/wp\/v2\/pages\/161","targetHints":{"allow":["GET"]}}],"collection":[{"href":"https:\/\/amblima.esteri.it\/es\/wp-json\/wp\/v2\/pages"}],"about":[{"href":"https:\/\/amblima.esteri.it\/es\/wp-json\/wp\/v2\/types\/page"}],"author":[{"embeddable":true,"href":"https:\/\/amblima.esteri.it\/es\/wp-json\/wp\/v2\/users\/1"}],"replies":[{"embeddable":true,"href":"https:\/\/amblima.esteri.it\/es\/wp-json\/wp\/v2\/comments?post=161"}],"version-history":[{"count":7,"href":"https:\/\/amblima.esteri.it\/es\/wp-json\/wp\/v2\/pages\/161\/revisions"}],"predecessor-version":[{"id":7377,"href":"https:\/\/amblima.esteri.it\/es\/wp-json\/wp\/v2\/pages\/161\/revisions\/7377"}],"wp:attachment":[{"href":"https:\/\/amblima.esteri.it\/es\/wp-json\/wp\/v2\/media?parent=161"}],"curies":[{"name":"wp","href":"https:\/\/api.w.org\/{rel}","templated":true}]}}