{"id":164,"date":"2023-09-25T15:18:30","date_gmt":"2023-09-25T20:18:30","guid":{"rendered":"https:\/\/amblima.esteri.it\/chi-siamo\/contatti\/"},"modified":"2026-02-11T12:36:47","modified_gmt":"2026-02-11T17:36:47","slug":"contatti","status":"publish","type":"page","link":"https:\/\/amblima.esteri.it\/es\/chi-siamo\/contatti\/","title":{"rendered":"Contactos"},"content":{"rendered":"<h4><strong>CENTRAL TELEF\u00d3NICA<\/strong><\/h4>\n<p>+51 1 4632727<\/p>\n<p><span class=\"HwtZe\" lang=\"es\"> <span class=\"jCAhz ChMk0b\"><span class=\"ryNqvb\">En caso de emergencias graves o amenazas a la seguridad de los ciudadanos italianos<strong>,<span style=\"text-decoration: underline;\"> y en ning\u00fan caso para informaci\u00f3n<\/span><\/strong>, el n\u00famero 997 232 073 (desde Italia +51 997 232 073) est\u00e1 disponible 24\/7.<\/span><\/span><\/span><\/p>\n<p>&nbsp;<\/p>\n<h4><strong>CORREOS ELECTR\u00d3NICOS DE L<\/strong><strong>A EMB<\/strong><strong>AJADA DE ITALIA <\/strong><\/h4>\n<ul>\n<li><strong>correo electr\u00f3nico ordinario:<\/strong> <a href=\"mailto:ambasciata.lima@esteri.it\">ambasciata.lima@esteri.it<\/a><\/li>\n<li><strong>correo electr\u00f3nico certificado<\/strong>: <a href=\"mailto:amb.lima@cert.esteri.it\">amb.lima@cert.esteri.it<\/a><br \/>\n(la PEC puede ser usada solo por usuarios que tengan tambi\u00e9n un PEC)<\/li>\n<li><strong>Canciller\u00eda Consular: <\/strong><a href=\"mailto:cancconsolare.lima@esteri.it\">cancconsolare.lima@esteri.it<\/a> <strong><br \/>\n<\/strong>(para todos los servicios consulares y visas)<strong><br \/>\n<\/strong><\/li>\n<li><strong>Oficina Comercial: <\/strong><a href=\"mailto:commerciale.lima@esteri.it\">commerciale.lima@esteri.it<\/a><br \/>\n(para solicitudes de asistencia en el \u00e1rea econ\u00f3mico-comercial dar <a href=\"https:\/\/nexus.esteri.it\/?sede=557\"><em>clic aqu\u00ed<\/em><\/a>\u00a0)<\/li>\n<li><strong>Oficina de la Directora de escuelas italianas<\/strong>: <a href=\"marinella.lollo@esteri.it\">marinella.lollo@esteri.it<\/a><\/li>\n<\/ul>\n","protected":false},"excerpt":{"rendered":"CENTRAL TELEF\u00d3NICA +51 1 4632727 En caso de emergencias graves o amenazas a la seguridad de los ciudadanos italianos, y en ning\u00fan caso para informaci\u00f3n, el n\u00famero 997 232 073 (desde Italia +51 997 232 073) est\u00e1 disponible 24\/7. &nbsp; CORREOS ELECTR\u00d3NICOS DE LA EMBAJADA DE ITALIA correo electr\u00f3nico ordinario: ambasciata.lima@esteri.it correo electr\u00f3nico certificado: amb.lima@cert.esteri.it [&hellip;]","protected":false},"author":1,"featured_media":0,"parent":161,"menu_order":4,"comment_status":"closed","ping_status":"closed","template":"","meta":{"footnotes":""},"class_list":["post-164","page","type-page","status-publish","hentry"],"_links":{"self":[{"href":"https:\/\/amblima.esteri.it\/es\/wp-json\/wp\/v2\/pages\/164","targetHints":{"allow":["GET"]}}],"collection":[{"href":"https:\/\/amblima.esteri.it\/es\/wp-json\/wp\/v2\/pages"}],"about":[{"href":"https:\/\/amblima.esteri.it\/es\/wp-json\/wp\/v2\/types\/page"}],"author":[{"embeddable":true,"href":"https:\/\/amblima.esteri.it\/es\/wp-json\/wp\/v2\/users\/1"}],"replies":[{"embeddable":true,"href":"https:\/\/amblima.esteri.it\/es\/wp-json\/wp\/v2\/comments?post=164"}],"version-history":[{"count":6,"href":"https:\/\/amblima.esteri.it\/es\/wp-json\/wp\/v2\/pages\/164\/revisions"}],"predecessor-version":[{"id":7375,"href":"https:\/\/amblima.esteri.it\/es\/wp-json\/wp\/v2\/pages\/164\/revisions\/7375"}],"up":[{"embeddable":true,"href":"https:\/\/amblima.esteri.it\/es\/wp-json\/wp\/v2\/pages\/161"}],"wp:attachment":[{"href":"https:\/\/amblima.esteri.it\/es\/wp-json\/wp\/v2\/media?parent=164"}],"curies":[{"name":"wp","href":"https:\/\/api.w.org\/{rel}","templated":true}]}}