{"id":169,"date":"2023-04-11T18:10:30","date_gmt":"2023-04-11T23:10:30","guid":{"rendered":"https:\/\/amblima.esteri.it\/diplomazia-economica\/"},"modified":"2024-07-03T22:53:32","modified_gmt":"2024-07-04T03:53:32","slug":"diplomazia-economica","status":"publish","type":"page","link":"https:\/\/amblima.esteri.it\/es\/italia-e-peru\/diplomazia-economica\/","title":{"rendered":"Diplomazia economica"},"content":{"rendered":"<div style=\"text-align: justify;\">\n<p><b>QUI\u00c9NES SOMOS<\/b><\/p>\n<p><span style=\"font-weight: 400;\">Las actividades de diplomacia econ\u00f3mica de la Embajada se caracterizan no solo por la promoci\u00f3n y protecci\u00f3n, en la medida de sus competencias, de los intereses de nuestras empresas que operan en el Per\u00fa, sino tambi\u00e9n por la coordinaci\u00f3n constante de todos los actores del Sistema Pa\u00eds aqu\u00ed presentes,\u00a0 empezando por la Agencia ITA (Italian Trade Agency), agencia para la promoci\u00f3n en el extranjero e internacionalizaci\u00f3n de las empresas italianas, que desde hace a\u00f1os cuenta con un Desk especialmente activo y log\u00edsticamente integrado en la sede de esta Misi\u00f3n diplom\u00e1tico-consular.\u00a0<\/span><\/p>\n<p><span style=\"font-weight: 400;\">En Lima tambi\u00e9n est\u00e1 operativa una din\u00e1mica c\u00e1mara de comercio, la C\u00e1mara Italiana de Comercio del Per\u00fa (CCIP), que forma parte de AssocamereEstero.<\/span><\/p>\n<p><span style=\"font-weight: 400;\">Para la promoci\u00f3n de los flujos tur\u00edsticos, la Oficina ENIT en Buenos Aires, Argentina (<\/span><a href=\"https:\/\/www.enit.it\/it\/\"><span style=\"font-weight: 400;\">https:\/\/www.enit.it\/it\/<\/span><\/a><span style=\"font-weight: 400;\">), es responsable para este pa\u00eds.\u00a0<\/span><\/p>\n<p><span style=\"font-weight: 400;\">Por otro lado, la Oficina Regional de la Agencia Italiana de Cooperaci\u00f3n al Desarrollo con sede en Bogot\u00e1 (<\/span><a href=\"https:\/\/bogota.aics.gov.it\/\"><span style=\"font-weight: 400;\">https:\/\/bogota.aics.gov.it\/<\/span><\/a><span style=\"font-weight: 400;\">), junto con el servicio econ\u00f3mico-comercial de la Embajada,\u00a0 tiene competencia en tratar las actividades de cooperaci\u00f3n al desarrollo, que impliquen la participaci\u00f3n en cualquier capacidad, financiaci\u00f3n o colaboraci\u00f3n con empresas privadas italianas que operan en el pa\u00eds.<\/span><\/p>\n<p><span style=\"font-weight: 400;\">A continuaci\u00f3n, se detallan los contactos institucionales de las oficinas mencionadas.\u00a0<\/span><\/p>\n<p><b>Oficina de Econom\u00eda y Comercio<\/b><span style=\"font-weight: 400;\"><br \/>\n<\/span><span style=\"font-weight: 400;\">Embajada de Italia en Lima <\/span><span style=\"font-weight: 400;\"><br \/>\n<\/span><span style=\"font-weight: 400;\">Tel. +51 1 4632727 (230)<\/span><span style=\"font-weight: 400;\"><br \/>\n<\/span><span style=\"font-weight: 400;\">E-Mail:\u00a0<\/span><a href=\"mailto:Commerciale.lima@esteri.it\"><span style=\"font-weight: 400;\">commerciale.lima@esteri.it<\/span><\/a><\/p>\n<p><span style=\"font-weight: 400;\"><br \/>\n<\/span><b>ITA \u2013 Italian Trade Agency<\/b><\/p>\n<p><span style=\"font-weight: 400;\">Desk Per\u00f9<\/span><span style=\"font-weight: 400;\"><br \/>\n<\/span><span style=\"font-weight: 400;\">Departamento de la Embajada de Italia a Lima para la promoci\u00f3n del intercambio comercial<\/span><span style=\"font-weight: 400;\"><br \/>\n<\/span><span style=\"font-weight: 400;\">Tel.\u00a0 +51 1 4604521<\/span><span style=\"font-weight: 400;\"><br \/>\n<\/span><span style=\"font-weight: 400;\">E-mail:\u00a0<\/span><a href=\"mailto:lima@ice.it\"><span style=\"font-weight: 400;\">lima@ice.it<\/span><\/a><span style=\"font-weight: 400;\">\u00a0<\/span><span style=\"font-weight: 400;\">\u2013 P\u00e1gina web :\u00a0<\/span><a href=\"http:\/\/www.ice.gov.it\/paesi\/america\/peru\/index.htm\"><span style=\"font-weight: 400;\">http:\/\/www.ice.gov.it\/paesi\/america\/peru\/index.htm<\/span><\/a><\/p>\n<p><span style=\"font-weight: 400;\"><br \/>\n<\/span><b>C\u00e1mara de Comercio Italiana del Per\u00f9 (CCIP)<\/b><span style=\"font-weight: 400;\"><br \/>\n<\/span><span style=\"font-weight: 400;\">Tel. +51 1 4442016 \/ 4441997<\/span><span style=\"font-weight: 400;\"><br \/>\n<\/span><span style=\"font-weight: 400;\">E-mail:\u00a0<\/span><a href=\"mailto:info@cciperu.it\"><span style=\"font-weight: 400;\">info@cciperu.it<\/span><\/a><span style=\"font-weight: 400;\">\u00a0\u2013 P\u00e1gina web:\u00a0\u00a0<\/span><a href=\"http:\/\/www.cciperu.it\/\"><span style=\"font-weight: 400;\">http:\/\/www.cciperu.it<\/span><\/a><\/p>\n<p><span style=\"font-weight: 400;\">A lo largo de los a\u00f1os, se han implementado diversas plataformas digitales para hacer m\u00e1s r\u00e1pidos, eficientes y eficaces los servicios econ\u00f3mico-comerciales a las empresas italianas, as\u00ed como los contactos con el servicio econ\u00f3mico-comercial. En esa l\u00ednea, se proporcionan los siguientes enlaces a los portales que se encuentran activos y disponibles para las empresas y se invita a consultarlos con frecuencia:<\/span><\/p>\n<p><span style=\"font-weight: 400;\">&#8211; Infomercati: plataforma de inteligencia de negocios con una pesta\u00f1a espec\u00edfica dedicada a Per\u00fa: <\/span><a href=\"http:\/\/www.infomercatiesteri\/\"><span style=\"font-weight: 400;\">http:\/\/www.infomercatiesteri<\/span><\/a><span style=\"font-weight: 400;\">.<\/span><\/p>\n<p><span style=\"font-weight: 400;\">&#8211; NEXUS:\u00a0aplicaci\u00f3n a trav\u00e9s de la que se pueden remitir las solicitudes de informaci\u00f3n y asistencia enviadas por empresas italianas interesadas en operar en los mercados internacionales (<\/span><a href=\"https:\/\/nexus.esteri.it\/\"><span style=\"font-weight: 400;\">https:\/\/nexus.esteri.it\/<\/span><\/a><span style=\"font-weight: 400;\">).<\/span><\/p>\n<p><span style=\"font-weight: 400;\">&#8211; Ex-Tender: portal donde se informan las licitaciones, incluidas las internacionales, y los avances de grandes proyectos:\u00a0\u00a0https:\/\/extender.esteri.it\/).<\/span><\/p>\n<p><span style=\"font-weight: 400;\">Por \u00faltimo, se invita a las empresas a seguir los boletines de la Diplomacia Econ\u00f3mica Italiana en el siguiente enlace, donde es posible solicitar un servicio de suscripci\u00f3n a la lista de correo: <\/span><a href=\"https:\/\/www.esteri.it\/it\/diplomazia-economica-e-politica-commerciale\/diplomaziaeconomica\/strumenti-e-servizi-informativi-per-le-imprese\/newsletter-diplomazia-economica\/\"><span style=\"font-weight: 400;\">https:\/\/www.esteri.it\/it\/diplomazia-economica-e-politica-commerciale\/diplomaziaeconomica\/strumenti-e-servizi-informativi-per-le-imprese\/newsletter-diplomazia-economica\/<\/span><\/a><span style=\"font-weight: 400;\">\u00a0<\/span><\/p>\n<p><span style=\"font-weight: 400;\">\u00a0\u00a0<\/span><\/p>\n<p><b>EL SISTEMA DE FERIAS<\/b><\/p>\n<p><span style=\"font-weight: 400;\">Se recuerda que la promoci\u00f3n de los eventos del sistema de ferias italiano, adem\u00e1s de la informaci\u00f3n y las competencias generales del servicio econ\u00f3mico-comercial de la Embajada, es implementada tanto por la agencia ITA (Italian Trade Agency) como por la C\u00e1mara de Comercio Italiana del Per\u00fa (CCIP). Por ello, se recomienda contactar peri\u00f3dicamente tales entidades de forma directa y consultando sus p\u00e1ginas web y redes sociales institucionales.\u00a0\u00a0<\/span><\/p>\n<p><b>FINANCIACI\u00d3N PARA LA INTERNACIONALIZACI\u00d3N DE EMPRESAS\u00a0<\/b><\/p>\n<p><span style=\"font-weight: 400;\">Para promover la internacionalizaci\u00f3n de las empresas italianas y prestar, en caso necesario, servicios de financiaci\u00f3n, es posible contactar SACE, grupo asegurador-financiero italiano, gestionado directamente por el Ministerio de Econom\u00eda y Finanzas, que opera en el Per\u00fa a trav\u00e9s de la sede regional de M\u00e9xico (https:\/\/www.sace.it\/). Asimismo, se se\u00f1ala que existen algunos instrumentos de financiaci\u00f3n importantes que Italia pone a disposici\u00f3n de las empresas tambi\u00e9n para la promoci\u00f3n de las exportaciones, como los mecanismos de financiaci\u00f3n subvencionados propuestos por SIMEST (por ejemplo, Fondo 394\/81, Fondo 295 \/ 73, Venture Capital Fund), para lo cual recomendamos consultar atentamente el sitio web institucional correspondiente y los canales sociales relacionados (https:\/\/www.simest.it\/).<\/span><\/p>\n<p><b>PER\u00da Y SU ECONOM\u00cdA EN BREVE\u00a0<\/b><\/p>\n<p><span style=\"font-weight: 400;\">Si bien el a\u00f1o 2023 estuvo marcado por una tendencia recesiva (tasa de crecimiento: -0,7%), el Per\u00fa destaca en el panorama latinoamericano por sus s\u00f3lidos fundamentos macroecon\u00f3micos: la deuda p\u00fablica neta es extremadamente baja -si se compara con el resto del regi\u00f3n-, y el pa\u00eds se beneficia de una demanda interna que se ha sostenido hasta 2022. Adem\u00e1s, durante la \u00faltima d\u00e9cada la econom\u00eda peruana ha experimentado un crecimiento constante (en promedio un aumento anual del PIB de alrededor del 5%), como se desprende del \u00faltimo Examen de las Pol\u00edticas Comerciales realizado por la OMC. Seg\u00fan los \u00faltimos datos agregados fiables, el PIB nominal se situ\u00f3 en 2022 en 242.631,57 millones de d\u00f3lares, registrando un PIB per c\u00e1pita igual a $7.125,8. Sin embargo, en el 2023, la econom\u00eda enfrent\u00f3 una serie de choques internos y externos. Primero, las violentas protestas que siguieron al afortunadamente fallido golpe de Estado del expresidente Castillo que se prolong\u00f3 durante gran parte de la primera mitad del a\u00f1o.\u00a0Esto ha contribuido a una ca\u00edda de las inversiones privadas, que representan el 80% de las inversiones en el pa\u00eds, debido a las expectativas negativas sobre la estabilidad del actual gobierno, que sigue teniendo \u00edndices de aprobaci\u00f3n muy bajos. Cabe mencionar que, seg\u00fan las \u00faltimas encuestas de opini\u00f3n (junio de 2024), la presidente Boluarte contar\u00eda con la aprobaci\u00f3n de solo el 5% de los peruanos. La prolongada incertidumbre pol\u00edtica tambi\u00e9n afect\u00f3 el desempe\u00f1o de la econom\u00eda real al paralizar muchas obras de infraestructura en construcci\u00f3n y ralentizar los sitios de reparaci\u00f3n de aquellas que hab\u00edan sido atacadas durante el intento de levantamiento posterior al fallido golpe de Castillo. \u00a0La mayor reducci\u00f3n del poder adquisitivo dada por el aumento de los precios de los alimentos, entre otros, evidentemente ha llevado a una contracci\u00f3n por el lado del consumo, con importantes consecuencias dado que esta variable representa el 65% de la demanda interna. En segundo lugar, fen\u00f3menos meteorol\u00f3gicos especialmente violentos han azotado el pa\u00eds (desde el cicl\u00f3n Yaku hasta el fen\u00f3meno Ni\u00f1o), provocando una serie de interrupciones en la producci\u00f3n.<\/span><\/p>\n<p><span style=\"font-weight: 400;\">Con las citadas premisas, el a\u00f1o 2024 se abri\u00f3 con optimismo. De hecho, las exportaciones han mantenido una tendencia particularmente alentadora y se han reiniciado algunas obras de construcci\u00f3n de importantes obras de infraestructura. Sin duda, un papel fundamental para garantizar la estabilidad del sistema econ\u00f3mico general lo jug\u00f3 el sector minero, que ha experimentado un nuevo crecimiento desde junio de 2023, impulsado no solo por el aumento del precio del oro y el cobre, sino tambi\u00e9n por el descubrimiento de nuevos minerales -llamados dep\u00f3sitos de tierras raras. Para el a\u00f1o 2024 hay, por consiguiente, una expectativa de crecimiento positivo del 2,3% del PIB, una previsi\u00f3n basada en un posible mayor dinamismo y una mejora gradual de la confianza empresarial para invertir en nuevos proyectos, por un lado, y, por otro, un aumento en las \u00f3rdenes de gasto tambi\u00e9n en los sectores de la construcci\u00f3n y la manufactura.<\/span><\/p>\n<p><span style=\"font-weight: 400;\">Con respecto a la balanza comercial en el 2023, esta cerr\u00f3 con un valor de 2040 millones de d\u00f3lares, lo que demuestra la fuerte apertura del pa\u00eds al comercio internacional. El Per\u00fa adem\u00e1s vio ampliar significativamente sus exportaciones a partir de 2021, especialmente en el sector minero. Por lo tanto, las expectativas de crecimiento para 2024 tambi\u00e9n afectan a las exportaciones, en particular en los sectores de la miner\u00eda, la pesca y los productos pesqueros, la agroindustria y la metalurgia. Sin embargo, la inflaci\u00f3n, que es la m\u00e1s baja de la regi\u00f3n, ha crecido significativamente en los \u00faltimos a\u00f1os, alcanzando un m\u00e1ximo del 8,46% en 2022 y luego reduci\u00e9ndose progresivamente hasta el 3,29% en febrero de 2024 gracias a una sabia gobernanza monetaria del Banco Central del pa\u00eds. \u00a0De manera similar, el Banco Central defendi\u00f3 el tipo de cambio del sol, la moneda nacional, frente al d\u00f3lar y el euro, asegurando un alto nivel de reservas de divisas fuertes. <\/span><span style=\"font-weight: 400;\">As\u00ed, las reservas internacionales netas a finales de 2023 registraron un total de 71.033 millones de d\u00f3lares, aumentando en marzo de 2024 a aproximadamente 76.743 d\u00f3lares, valor que corresponde a aproximadamente el 29% del PIB. \u00a0El tipo de cambio con el d\u00f3lar estadounidense a finales de 2023 equival\u00eda a S\/3,732, habi\u00e9ndose mantenido esencialmente estable a lo largo del a\u00f1o.<\/span><\/p>\n<p><span style=\"font-weight: 400;\">En cuanto al desempleo, la tasa a finales de 2023 era del 6,4%, ligeramente inferior a la del a\u00f1o anterior. Sin embargo, en 2024 se registr\u00f3 un nuevo aumento, situ\u00e1ndose en torno al 7% en el primer trimestre. En todo caso, se registr\u00f3 una situaci\u00f3n muy elevada del trabajo informal, una verdadera carga social que lamentablemente hoy afecta al 80% del mercado laboral peruano. En las \u00faltimas dos d\u00e9cadas, no obstante esto, la pobreza en el pa\u00eds se ha reducido significativamente gracias sobre todo a los efectos positivos del crecimiento econ\u00f3mico, pasando del 59% en 2004 al 20% en 2019. La pandemia por Covid-19 (Per\u00fa es el primer pa\u00eds en el mundo por el n\u00famero de muertes por mill\u00f3n de habitantes) ha reducido sin embargo estas mejoras, generando m\u00e1s de 2 millones de nuevos pobres, un n\u00famero que actualmente est\u00e1 aumentando y la mayor\u00eda de los cuales viven en \u00e1reas urbanas (70%) con un nivel de pobreza mayor en las zonas rurales. La tasa de pobreza monetaria en 2022 (\u00faltimo dato fiable) se situ\u00f3 en el 27,5% de la poblaci\u00f3n, superando en un 1,6% la cifra de 2021 (25,9%). A esto se suma un conflicto social cada vez m\u00e1s fuerte, alimentado tambi\u00e9n por la incertidumbre pol\u00edtica y el aumento generalizado de los precios. Muchos conflictos sociales tambi\u00e9n surgen en las zonas mineras. Seg\u00fan estimaciones del Instituto de estad\u00edstica peruano INEI, aproximadamente 1 de cada 3 ciudadanos corre hoy el riesgo de caer en la pobreza. En este contexto, hay que decir que a pesar de los ingresos garantizados sobre todo por las grandes multinacionales que operan principalmente en el sector minero, la carga tributaria peruana se encuentra entre las m\u00e1s bajas de Am\u00e9rica Latina.<\/span><\/p>\n<p><span style=\"font-weight: 400;\">Finalmente, cabe mencionar que para hacer frente a la actual recesi\u00f3n, en noviembre de 2023 el gobierno peruano adopt\u00f3, no sin cierta demora, importantes medidas encaminadas a fortalecer algunos sectores estrat\u00e9gicos, como las principales infraestructuras (puentes, carreteras, puertos, represas), y a fomentar la inversi\u00f3n nacional y extranjera y dar apoyo a las empresas. Por lo tanto, considerando las importantes oportunidades que podr\u00edan abrirse en el Per\u00fa, tanto del lado peruano como en otros importantes proyectos financiados por la Uni\u00f3n Europea, por ejemplo, como parte del proyecto \u201cGlobal Gateway\u201d, los invitamos a consultar la secci\u00f3n del portal Infomercati Esteri dedicada al Per\u00fa (<\/span><a href=\"http:\/\/www.infomercatiesteri\/\"><span style=\"font-weight: 400;\">http:\/\/www.infomercatiesteri<\/span><\/a><span style=\"font-weight: 400;\">.it) <\/span><span style=\"font-weight: 400;\">, as\u00ed como el portal ExTender donde se indican las \u00faltimas oportunidades econ\u00f3micas y comerciales de las que ha tenido conocimiento esta Embajada (<\/span><a href=\"https:\/\/extender.esteri.it\/\"><span style=\"font-weight: 400;\">https:\/\/extender.esteri.it\/<\/span><\/a> <span style=\"font-weight: 400;\">).<\/span><\/p>\n<p><span style=\"font-weight: 400;\">A nivel bilateral, el intercambio de comercio entre Italia y Per\u00fa comenz\u00f3 a aumentar nuevamente, despu\u00e9s de la ca\u00edda provocada por la pandemia de Covid-19, ya desde el 2022. En ese a\u00f1o, las exportaciones de Italia a Per\u00fa registraron un aumento del 14% en comparaci\u00f3n con el a\u00f1o anterior. Al mismo tiempo, las importaciones aumentaron un 8,7%. Las exportaciones italianas hacia Per\u00fa registraron un valor superior a los 598 millones de euros. Los principales productos importados del Per\u00fa son metales comunes y productos met\u00e1licos (en particular cobre), excluidas maquinarias y plantas; productos agr\u00edcolas, forestales y de pesaje; productos alimenticios, bebidas y tabaco, extracci\u00f3n de minerales de canteras y minas. Por el contrario, Italia exporta al Per\u00fa principalmente productos qu\u00edmicos b\u00e1sicos, maquinaria, material rodante y equipos n.c.a., metales comunes y productos met\u00e1licos; productos de otras actividades manufactureras; productos de alimentaci\u00f3n y bebidas (FUENTE ISTAT).<\/span><\/p>\n<p><span style=\"font-weight: 400;\">Para mayores detalles sobre el marco econ\u00f3mico y comercial, lo invitamos a consultar el portal InfoMercati y el perfil del pa\u00eds, al que se puede acceder en el siguiente enlace:\u00a0<\/span><a href=\"http:\/\/www.infomercatiesteri\"><span style=\"font-weight: 400;\">http:\/\/www.infomercatiesteri<\/span><\/a><span style=\"font-weight: 400;\"> .\u00a0\u00a0<\/span><\/p>\n<p><span style=\"font-weight: 400;\">Tambi\u00e9n es posible consultar, entre otras, las siguientes webs institucionales.<\/span><\/p>\n<p><b>ComexPeru \u2013 Sociedad de Comercio exterior del Per\u00fa<\/b><\/p>\n<p><a href=\"https:\/\/www.comexperu.org.pe\/\"><span style=\"font-weight: 400;\">https:\/\/www.comexperu.org.pe\/<\/span><\/a><\/p>\n<p><b>PROINVERSION<\/b><b><br \/>\n<\/b><a href=\"http:\/\/www.proinversion.gob.pe\/modulos\/LAN\/landing.aspx?are=0&amp;pfl=1&amp;lan=10&amp;tit=proinversi%C3%B3n-institucional\"><span style=\"font-weight: 400;\">http:\/\/www.proinversion.gob.pe<\/span><\/a><\/p>\n<p><b>PromPeru<\/b><\/p>\n<p><a href=\"https:\/\/www.gob.pe\/promperu\"><b>https:\/\/www.gob.pe\/promperu<\/b><\/a><\/p>\n<p><b>El Peruano \u2013 Gazzetta Ufficiale Peruviana<\/b><\/p>\n<p><a href=\"https:\/\/elperuano.pe\/\"><b>https:\/\/elperuano.pe\/<\/b><\/a><\/p>\n<p><b>SEACE<\/b><\/p>\n<p><a href=\"https:\/\/prod2.seace.gob.pe\/seacebus-uiwd-pub\/buscadorPublico\/buscadorPublico.xhtml\"><span style=\"font-weight: 400;\">https:\/\/prod2.seace.gob.pe\/<\/span><\/a><\/p>\n<p><b>PeruCompras<\/b><\/p>\n<p><a href=\"https:\/\/www.gob.pe\/perucompras\"><span style=\"font-weight: 400;\">https:\/\/www.gob.pe\/perucompras<\/span><\/a><\/p>\n<p><b>SUNAT<\/b><\/p>\n<p><a href=\"https:\/\/www.sunat.gob.pe\/aduanas.html\"><b>https:\/\/www.sunat.gob.pe\/<\/b><\/a><\/p>\n<p>(JUNIO 2024)<\/p>\n<\/div>\n","protected":false},"excerpt":{"rendered":"QUI\u00c9NES SOMOS Las actividades de diplomacia econ\u00f3mica de la Embajada se caracterizan no solo por la promoci\u00f3n y protecci\u00f3n, en la medida de sus competencias, de los intereses de nuestras empresas que operan en el Per\u00fa, sino tambi\u00e9n por la coordinaci\u00f3n constante de todos los actores del Sistema Pa\u00eds aqu\u00ed presentes,\u00a0 empezando por la Agencia [&hellip;]","protected":false},"author":1,"featured_media":0,"parent":185,"menu_order":0,"comment_status":"closed","ping_status":"closed","template":"","meta":{"footnotes":""},"class_list":["post-169","page","type-page","status-publish","hentry"],"_links":{"self":[{"href":"https:\/\/amblima.esteri.it\/es\/wp-json\/wp\/v2\/pages\/169","targetHints":{"allow":["GET"]}}],"collection":[{"href":"https:\/\/amblima.esteri.it\/es\/wp-json\/wp\/v2\/pages"}],"about":[{"href":"https:\/\/amblima.esteri.it\/es\/wp-json\/wp\/v2\/types\/page"}],"author":[{"embeddable":true,"href":"https:\/\/amblima.esteri.it\/es\/wp-json\/wp\/v2\/users\/1"}],"replies":[{"embeddable":true,"href":"https:\/\/amblima.esteri.it\/es\/wp-json\/wp\/v2\/comments?post=169"}],"version-history":[{"count":7,"href":"https:\/\/amblima.esteri.it\/es\/wp-json\/wp\/v2\/pages\/169\/revisions"}],"predecessor-version":[{"id":4878,"href":"https:\/\/amblima.esteri.it\/es\/wp-json\/wp\/v2\/pages\/169\/revisions\/4878"}],"up":[{"embeddable":true,"href":"https:\/\/amblima.esteri.it\/es\/wp-json\/wp\/v2\/pages\/185"}],"wp:attachment":[{"href":"https:\/\/amblima.esteri.it\/es\/wp-json\/wp\/v2\/media?parent=169"}],"curies":[{"name":"wp","href":"https:\/\/api.w.org\/{rel}","templated":true}]}}