{"id":170,"date":"2023-04-11T18:24:01","date_gmt":"2023-04-11T23:24:01","guid":{"rendered":"https:\/\/amblima.esteri.it\/diplomazia-economica\/fare-affari-in-italia\/"},"modified":"2023-12-22T09:39:01","modified_gmt":"2023-12-22T14:39:01","slug":"fare-affari-in-italia","status":"publish","type":"page","link":"https:\/\/amblima.esteri.it\/es\/italia-e-peru\/diplomazia-economica\/fare-affari-in-italia\/","title":{"rendered":"Hacer negocios en Italia"},"content":{"rendered":"<p>Italia es el sexto pa\u00eds en el \u00e1rea OCSE, y el cuarto en Europa, por valor del Producto Bruto Interno. La producci\u00f3n italiana corresponde a m\u00e1s del 13% del PBI de la Uni\u00f3n Europea.<\/p>\n<p>Por sus caracter\u00edsticas en la estructura productiva, la composici\u00f3n italiana por sectores de actividad econ\u00f3mica, es similar a la de los principales pa\u00edses europeos, con el 27,7% de producci\u00f3n en los sectores manufacturero y de construcci\u00f3n, y con casi el 70% en el de servicios. Dentro de este \u00faltimo sector, el comercio, el transporte y las comunicaciones absorben una cuota de PBI m\u00e1s elevada con respecto al promedio de pa\u00edses europeos.<\/p>\n<p>Situado en el coraz\u00f3n del Mediterr\u00e1neo, Italia representa un punto crucial de conexi\u00f3n terrestre, mar\u00edtima y a\u00e9rea, entre el norte y sur de Europa.<\/p>\n<p>El mercado italiano ofrece incontables oportunidades a las empresas en expansi\u00f3n, con casi 60 millones de consumidores, y un PBI que se halla en el cuarto lugar en Italia.<\/p>\n<p>Gracias a su ubicaci\u00f3n estrat\u00e9gica, Italia permite llegar f\u00e1cilmente a 396 millones de consumidores de los dem\u00e1s pa\u00edses de la Uni\u00f3n Europea, y a 240 millones de \u00c1frica Septentrional y Medio Oriente.<\/p>\n<p>Ha alcanzado una posici\u00f3n l\u00edder (11% de la cuota del mercado europeo), con un facturado de casi 65.000 millones de euros.<\/p>\n<p>En Europa, Italia se encuentra en el primer puesto como pa\u00eds con el menor costo de instalaci\u00f3n para el sector biotecnol\u00f3gico, y en el segundo para las pruebas en productos de las actividades de investigaci\u00f3n y desarrollo, en qu\u00edmica y electr\u00f3nica.<\/p>\n","protected":false},"excerpt":{"rendered":"Italia es el sexto pa\u00eds en el \u00e1rea OCSE, y el cuarto en Europa, por valor del Producto Bruto Interno. La producci\u00f3n italiana corresponde a m\u00e1s del 13% del PBI de la Uni\u00f3n Europea. Por sus caracter\u00edsticas en la estructura productiva, la composici\u00f3n italiana por sectores de actividad econ\u00f3mica, es similar a la de los [&hellip;]","protected":false},"author":1,"featured_media":0,"parent":169,"menu_order":0,"comment_status":"closed","ping_status":"closed","template":"","meta":{"footnotes":""},"class_list":["post-170","page","type-page","status-publish","hentry"],"_links":{"self":[{"href":"https:\/\/amblima.esteri.it\/es\/wp-json\/wp\/v2\/pages\/170","targetHints":{"allow":["GET"]}}],"collection":[{"href":"https:\/\/amblima.esteri.it\/es\/wp-json\/wp\/v2\/pages"}],"about":[{"href":"https:\/\/amblima.esteri.it\/es\/wp-json\/wp\/v2\/types\/page"}],"author":[{"embeddable":true,"href":"https:\/\/amblima.esteri.it\/es\/wp-json\/wp\/v2\/users\/1"}],"replies":[{"embeddable":true,"href":"https:\/\/amblima.esteri.it\/es\/wp-json\/wp\/v2\/comments?post=170"}],"version-history":[{"count":3,"href":"https:\/\/amblima.esteri.it\/es\/wp-json\/wp\/v2\/pages\/170\/revisions"}],"predecessor-version":[{"id":3642,"href":"https:\/\/amblima.esteri.it\/es\/wp-json\/wp\/v2\/pages\/170\/revisions\/3642"}],"up":[{"embeddable":true,"href":"https:\/\/amblima.esteri.it\/es\/wp-json\/wp\/v2\/pages\/169"}],"wp:attachment":[{"href":"https:\/\/amblima.esteri.it\/es\/wp-json\/wp\/v2\/media?parent=170"}],"curies":[{"name":"wp","href":"https:\/\/api.w.org\/{rel}","templated":true}]}}