{"id":172,"date":"2023-04-11T18:10:45","date_gmt":"2023-04-11T23:10:45","guid":{"rendered":"https:\/\/amblima.esteri.it\/diplomazia-culturale\/"},"modified":"2024-07-29T14:22:13","modified_gmt":"2024-07-29T19:22:13","slug":"diplomazia-culturale","status":"publish","type":"page","link":"https:\/\/amblima.esteri.it\/es\/italia-e-peru\/diplomazia-culturale\/","title":{"rendered":"Diplomacia cultural"},"content":{"rendered":"<p style=\"text-align: justify;\">La cooperaci\u00f3n cultural entre Italia y Per\u00fa es intensa y fruct\u00edfera, y se ha desarrollado hist\u00f3ricamente en el profundo surco trazado a lo largo del tiempo por ilustres estudiosos, viajeros y aventureros italianos famosos por sus actividades en este pa\u00eds, entre los que es imposible no mencionar al ge\u00f3grafo, bot\u00e1nico y explorador Antonio Raimondi y al condottiero Giuseppe Garibaldi, que vivi\u00f3 en Per\u00fa durante algunos a\u00f1os antes de regresar a Italia para completar su obra del Risorgimento.<\/p>\n<p style=\"text-align: justify;\">Las enriquecedoras relaciones culturales bilaterales quedaron entonces firmemente ancladas en el Acuerdo Cultural Italo-Peruano de 1961, a\u00fan vigente en la actualidad, que proporciona el marco para la interacci\u00f3n entre los dos gobiernos en este \u00e1mbito y al que siguieron varios Programas Ejecutivos, tocando casi todas las esferas de la asociaci\u00f3n: educaci\u00f3n y difusi\u00f3n de la lengua y la cultura italianas, incluso a trav\u00e9s de intercambios escolares, becas, cooperaci\u00f3n universitaria, cient\u00edfica y tecnol\u00f3gica, cultura y arte, exposiciones y museos, protecci\u00f3n del patrimonio cultural y protecci\u00f3n del paisaje cultural, misiones arqueol\u00f3gicas, archivos, bibliotecas y edici\u00f3n, cooperaci\u00f3n radiof\u00f3nica y televisiva, derechos humanos e intercambios juveniles.<\/p>\n<p style=\"text-align: justify;\">Por parte italiana, la tarea de promover la lengua y la cultura italianas recae, tambi\u00e9n de acuerdo con la Embajada de Italia, principalmente en el amplio y estructurado Instituto Italiano de Cultura de Lima (IIC), cuya sede es un edificio de particular valor hist\u00f3rico, construido en 1930 y durante d\u00e9cadas sede del colegio italiano en Lima. El complejo, situado en la Avenida Arequipa, ha sido reconocido por el Estado peruano como monumento que forma parte del patrimonio cultural nacional. Otro referente seguro de la promoci\u00f3n de la cultura italiana en Per\u00fa es el Teatro Pirandello, propiedad del Estado italiano, que con m\u00e1s de 750 butacas es el tercero m\u00e1s grande de la capital peruana.<\/p>\n<p style=\"text-align: justify;\">En este contexto, en los \u00faltimos a\u00f1os la Embajada y el CII han invertido especial energ\u00eda en el desarrollo de las relaciones culturales entre Italia y Per\u00fa en todos los \u00e1mbitos. Se han organizado numerosos eventos de particular valor, especialmente en los \u00e1mbitos oper\u00edstico y literario, para incrementar el inter\u00e9s por nuestra lengua y literatura, como lo atestigua m\u00e1s recientemente la decisi\u00f3n un\u00e1nime del comit\u00e9 organizador peruano de dedicar a Italia el papel de invitado de honor en la pr\u00f3xima Feria Internacional del Libro de Lima (2025), una de las m\u00e1s importantes de la regi\u00f3n, en el marco de una gran ceremonia durante la actual XXVIII edici\u00f3n (19 de julio &#8211; 6 de agosto de 2024). Los escritores y artistas italianos e italo-peruanos que han pasado por Lima gracias a las actividades de promoci\u00f3n realizadas por nuestras instituciones tambi\u00e9n han sido de primer nivel. Entre ellos, cabe mencionar a Paolo Giordano, Carmen Consoli, Ivan Ayon, Antonio Onorato, Stefano Roselli, Michele De Lucchi y Simona Todaro Pavarotti, por citar s\u00f3lo algunos, mediante la presentaci\u00f3n de conciertos, eventos y clases magistrales del m\u00e1s alto nivel.<\/p>\n<p style=\"text-align: justify;\">Adem\u00e1s, se ha dado gran importancia a las colaboraciones con importantes festivales y eventos locales, tambi\u00e9n en el \u00e1mbito enogastron\u00f3mico, donde la Semana de la Cocina Italiana ha demostrado ser un instrumento \u00fatil para establecer un di\u00e1logo entre la excelencia gastron\u00f3mica italiana y la de Per\u00fa, pa\u00eds que ha incluido en su tradici\u00f3n culinaria numerosos platos de origen italiano. Todas estas actividades, realizadas siempre en colaboraci\u00f3n con organismos italianos e instituciones peruanas de todos los \u00e1mbitos (cine, m\u00fasica, arte, danza, dise\u00f1o, moda, fotograf\u00eda, literatura, ciencia y gastronom\u00eda, etc.) han contribuido tambi\u00e9n a incrementar la ya fuerte demanda de cursos de lengua y cultura italianas, que ven en el CII de Lima un punto de referencia seguro y prestigioso en el panorama nacional peruano, y fomentan sin duda un estrecho di\u00e1logo intercultural entre ambos pa\u00edses que trasciende ya el \u00e1mbito institucional.<\/p>\n<p style=\"text-align: justify;\">En el \u00e1mbito acad\u00e9mico, cabe mencionar tambi\u00e9n que son numeros\u00edsimas las colaboraciones y convenios interuniversitarios firmados entre universidades italianas y peruanas. Hasta la fecha, existen m\u00e1s de 130 acuerdos de este tipo, en los m\u00e1s variados campos de estudio e investigaci\u00f3n. De particular importancia, en este sentido, es la cooperaci\u00f3n de instituciones italianas con la \u00abAlianza Estrat\u00e9gica\u00bb, un consorcio de universidades p\u00fablicas peruanas que se encuentra entre los m\u00e1s antiguos y conocidos (por ejemplo, la Universidad Nacional Mayor de San Marcos, la Universidad de Ingenier\u00eda y la Universidad Nacional Agraria &#8211; La Molina). La Alianza Estrat\u00e9gica coordina intercambios de estudiantes con socios acad\u00e9micos de varios pa\u00edses, entre los que se encuentran, en Italia, las universidades de Roma Tre, Tur\u00edn, Pisa y otras. Un acuerdo firmado localmente por el Instituto Italiano de Cultura de Lima con este consorcio permite a los estudiantes universitarios peruanos que deseen realizar periodos de estudio en Italia acceder f\u00e1cilmente a cursos de lengua italiana y realizar los tr\u00e1mites necesarios.<\/p>\n<p style=\"text-align: justify;\">Por otro lado, dentro del sistema escolar local, ha obtenido excelentes reconocimientos de calidad el Instituto Integral Paritario Italiano &#8216;Antonio Raimondi&#8217; de Lima, colegio paritario para todo el ciclo de educaci\u00f3n superior que expide diplomas reconocidos en ambos pa\u00edses y es administrado por la Asociaci\u00f3n Educativa Antonio Raimondi (AEAR). Otro punto de cierta excelencia es el Colegio &#8216;Dante Alighieri&#8217; de Lima, actualmente escuela parroquial hasta el primer ciclo de secundaria y tambi\u00e9n gestionado por la AEAR, que colabora activamente con la Embajada y la CII para potenciar la cultura y presencia italiana en Per\u00fa. Tambi\u00e9n en este \u00e1mbito cabe destacar el Colegio Santa Margherita del Callao, que si bien no goza actualmente del estatus de paritario, es el colegio de origen italiano m\u00e1s antiguo de la costa del Pac\u00edfico que sigue activo, cumpliendo 152 a\u00f1os de historia el 2 de junio de 2024, y los diversos colegios peruanos, pero basados en la did\u00e1ctica y m\u00e9todos de ense\u00f1anza italianos, fundados por el misionero salesiano Ugo De Censi, entre los que destaca la llamada Scuola Totale de Nuovo Chimbote, en Ancash.<\/p>\n<p style=\"text-align: justify;\">Por \u00faltimo, cabe mencionar los profundos lazos italo-peruanos, vinculados a los temas de arqueolog\u00eda, conservaci\u00f3n y restauraci\u00f3n del patrimonio art\u00edstico y arqueol\u00f3gico sobre una base cient\u00edfica. Estas actividades de cooperaci\u00f3n, cada vez m\u00e1s intensas, en materia de protecci\u00f3n del patrimonio cultural, quedan atestiguadas no s\u00f3lo por los cursos impartidos por los Carabinieri de la Unidad de Protecci\u00f3n del Patrimonio Cultural y las actividades de los llamados Cascos Azules de la Cultura, sino tambi\u00e9n por las actividades de entrega rec\u00edproca de bienes culturales robados: desde la ceremonia de entrega en Lima de un n\u00famero considerable de monedas romanas incautadas por la Polic\u00eda peruana en Cusco (marzo de 2023) hasta la entrega a Italia de no menos de 33 artefactos de las culturas precolombinas Nasca, Wari e Inca tra\u00eddos de vuelta a Per\u00fa en marzo de 2024. En este sentido, es ejemplar la experiencia de las misiones arqueol\u00f3gicas italianas realizadas a lo largo de los a\u00f1os tambi\u00e9n con el apoyo del Ministerio de Asuntos Exteriores y Cooperaci\u00f3n Internacional. Estas misiones est\u00e1n arraigadas en el Per\u00fa desde hace d\u00e9cadas y gozan de un prestigio un\u00e1nimemente reconocido.<\/p>\n<p style=\"text-align: justify;\">Se trata de las excavaciones, relacionadas con las culturas precolombinas, en:<\/p>\n<ul style=\"text-align: justify;\">\n<li>Cahuachi (Valle de Nazca, en el sur de Per\u00fa),<br \/>\nChan Chan (en el norte, cerca de la ciudad de Trujillo),<br \/>\nTumshukayko (regi\u00f3n de Ancash),<br \/>\nP\u00f3mac (en el norte, cerca de Lambayeque),<\/li>\n<\/ul>\n<p style=\"text-align: justify;\">as\u00ed como prospecciones geof\u00edsicas desarrolladas por la C.N.R. con tecnolog\u00edas de detecci\u00f3n satelital en diversas zonas, como:<\/p>\n<ul style=\"text-align: justify;\">\n<li>Huacas (importante proyecto de arqueolog\u00eda espacial en las regiones centro y norte del pa\u00eds),<\/li>\n<li>Valle de Nazca,<\/li>\n<li>Cusco y Macchu Picchu.<\/li>\n<\/ul>\n<p style=\"text-align: justify;\">Adem\u00e1s de las actividades de excavaci\u00f3n, otro frente de intervenci\u00f3n italiana en el pa\u00eds se refiri\u00f3 a la cooperaci\u00f3n en el \u00e1mbito de la valorizaci\u00f3n y la creaci\u00f3n de infraestructuras para facilitar la preservaci\u00f3n y la accesibilidad tur\u00edstica a los sitios arqueol\u00f3gicos (como el sitio de Sip\u00e1n, important\u00edsimo hallazgo que fue dotado de servicios y valorizado por el FIP &#8211; Fondo Italo-Peruano di conversione del debito, importante entidad de cooperaci\u00f3n bilateral que ces\u00f3 sus actividades a fines de 2018).<\/p>\n<p>CONTACTOS:<\/p>\n<p class=\"x_MsoNormal\">ISTITUTO ITALIANO DI CULTURA DI LIMA<br \/>\nAvenida Arequipa 1055 \u2013 Lima 1<br \/>\nE-mail:\u00a0<a href=\"mailto:iiclima@esteri.it\" target=\"_blank\" rel=\"noopener noreferrer\">iiclima@esteri.it<\/a><\/p>\n<p class=\"x_MsoNormal\">Segreteria corsi di lingua italiana<br \/>\nTel. (+51 1) 4717074 \/ 4726466<br \/>\nE-mail:\u00a0<a href=\"mailto:corsidilingua.iiclima@esteri.it\" target=\"_blank\" rel=\"noopener noreferrer\">corsidilingua.iiclima@esteri.it<\/a><\/p>\n<p class=\"x_MsoNormal\"><b><a href=\"https:\/\/iiclima.esteri.it\/it\/lingua-e-cultura\/i-corsi-di-lingua\/\" target=\"_blank\" rel=\"noopener noreferrer\">PROGRAMAS CURSOS DE IDIOMA ITALIANO<\/a><\/b><\/p>\n<p class=\"x_MsoNormal\"><a href=\"https:\/\/iiclima.esteri.it\/it\/gli_eventi\/calendario\/\" target=\"_blank\" rel=\"noopener noreferrer\"><b>AGENDA CULTURAL<\/b><\/a><\/p>\n<p><strong>ENLACES \u00daTILES:<\/strong><\/p>\n<p class=\"x_MsoNormal\">ISTITUTO ITALIANO DI CULTURA DI LIMA \u2013\u00a0<a href=\"https:\/\/iiclima.esteri.it\/it\/\" target=\"_blank\" rel=\"noopener noreferrer\">https:\/\/iiclima.esteri.it\/it\/<\/a><\/p>\n<p class=\"x_MsoNormal\">COLEGIO ITALIANO ANTONIO RAIMONDI \u2013 <a href=\"http:\/\/www.raimondi.edu.pe\/\" target=\"_blank\" rel=\"noopener noreferrer\">www.raimondi.edu.pe<\/a><\/p>\n<p class=\"x_MsoNormal\"><a href=\"http:\/\/www.esteri.it\/mae\/it\/politica_estera\/cultura\/scuoleitalianeallestero\" target=\"_blank\" rel=\"noopener noreferrer\"><b>ESCUELAS ITALIANAS EN EL EXTRANJERO<\/b><\/a><\/p>\n<p><strong>ESTUDIAR EN ITALIA<\/strong><\/p>\n<p>Para m\u00e1s informaci\u00f3n, consulte la secci\u00f3n correspondiente de la web y puede tambi\u00e9n hacer referencia al IIC, para lo que puede encontrar m\u00e1s informaci\u00f3n en este <a href=\"https:\/\/iiclima.esteri.it\/it\/lingua-e-cultura\/studiare-in-italia\/\">enlace<\/a>.<\/p>\n<p><strong>CAMPUS Y RESIDENCIAS UNIVERSITARIAS<\/strong><\/p>\n<p style=\"text-align: justify;\">En el caso de que las universidades no dispongan de campus, cabe se\u00f1alar que las residencias universitarias de la Conferencia de Colegios Universitarios (CCU, <a href=\"http:\/\/www.collegiuniversitari.it\/\">http:\/\/www.collegiuniversitari.it\/<\/a>) reconocidas por el MIUR y situadas en diversas ciudades italianas, constituyen soluciones notablemente competitivas en t\u00e9rminos de relaci\u00f3n calidad\/precio.<\/p>\n<p style=\"text-align: justify;\">La CCU incluye tambi\u00e9n los colegios mayores de la Fundaci\u00f3n RUI (www.fondazionerui.it) y Camplus (<a href=\"http:\/\/www.camplus.it\">www.camplus.it<\/a>).<\/p>\n<p style=\"text-align: justify;\">El Ministerio de Asuntos Exteriores y de Cooperaci\u00f3n Internacional no se hace responsable de los posibles perjuicios derivados de la elecci\u00f3n de una de las residencias universitarias mencionadas.<\/p>\n<p>(julio 2024)<\/p>\n","protected":false},"excerpt":{"rendered":"La cooperaci\u00f3n cultural entre Italia y Per\u00fa es intensa y fruct\u00edfera, y se ha desarrollado hist\u00f3ricamente en el profundo surco trazado a lo largo del tiempo por ilustres estudiosos, viajeros y aventureros italianos famosos por sus actividades en este pa\u00eds, entre los que es imposible no mencionar al ge\u00f3grafo, bot\u00e1nico y explorador Antonio Raimondi y [&hellip;]","protected":false},"author":1,"featured_media":0,"parent":185,"menu_order":2,"comment_status":"closed","ping_status":"closed","template":"","meta":{"footnotes":""},"class_list":["post-172","page","type-page","status-publish","hentry"],"_links":{"self":[{"href":"https:\/\/amblima.esteri.it\/es\/wp-json\/wp\/v2\/pages\/172","targetHints":{"allow":["GET"]}}],"collection":[{"href":"https:\/\/amblima.esteri.it\/es\/wp-json\/wp\/v2\/pages"}],"about":[{"href":"https:\/\/amblima.esteri.it\/es\/wp-json\/wp\/v2\/types\/page"}],"author":[{"embeddable":true,"href":"https:\/\/amblima.esteri.it\/es\/wp-json\/wp\/v2\/users\/1"}],"replies":[{"embeddable":true,"href":"https:\/\/amblima.esteri.it\/es\/wp-json\/wp\/v2\/comments?post=172"}],"version-history":[{"count":7,"href":"https:\/\/amblima.esteri.it\/es\/wp-json\/wp\/v2\/pages\/172\/revisions"}],"predecessor-version":[{"id":5017,"href":"https:\/\/amblima.esteri.it\/es\/wp-json\/wp\/v2\/pages\/172\/revisions\/5017"}],"up":[{"embeddable":true,"href":"https:\/\/amblima.esteri.it\/es\/wp-json\/wp\/v2\/pages\/185"}],"wp:attachment":[{"href":"https:\/\/amblima.esteri.it\/es\/wp-json\/wp\/v2\/media?parent=172"}],"curies":[{"name":"wp","href":"https:\/\/api.w.org\/{rel}","templated":true}]}}