{"id":173,"date":"2023-04-11T18:24:57","date_gmt":"2023-04-11T23:24:57","guid":{"rendered":"https:\/\/amblima.esteri.it\/diplomazia-culturale\/lingua-e-cultura-italiana\/"},"modified":"2024-07-29T14:29:56","modified_gmt":"2024-07-29T19:29:56","slug":"lingua-e-cultura-italiana","status":"publish","type":"page","link":"https:\/\/amblima.esteri.it\/es\/italia-e-peru\/diplomazia-culturale\/lingua-e-cultura-italiana\/","title":{"rendered":"Lengua y cultura italiana"},"content":{"rendered":"<p style=\"text-align: justify;\">La promoci\u00f3n ling\u00fc\u00edstica y cultural italiana constituye uno de los pilares de la cooperaci\u00f3n italo-peruana y se desarrolla en una intensa actividad llevada a cabo a tal fin por la Embajada de Italia, tambi\u00e9n a trav\u00e9s del Instituto Italiano de Cultura de Lima, IIC, que hoy cuenta con el apoyo de una articulada red de colaboraciones entre administraciones, universidades, organismos de investigaci\u00f3n, instituciones culturales, asociaciones, escuelas y empresas de los dos pa\u00edses (para m\u00e1s informaci\u00f3n v\u00e9ase la secci\u00f3n <a href=\"https:\/\/amblima.esteri.it\/it\/italia-e-peru\/diplomazia-culturale\/\">Diplomacia Cultural &#8211; Embajada de Italia en Lima (esteri.it)<\/a>).<\/p>\n<p style=\"text-align: justify;\">Para responder a la creciente demanda de lengua y cultura italianas, ya sea por motivos de estudio, de trabajo o simplemente por inter\u00e9s personal, el IIC est\u00e1 trabajando activamente para ofrecer un programa de cursos de italiano cada vez m\u00e1s articulado, de calidad y bien comunicado, impartido tambi\u00e9n en modalidad virtual, y dedicando renovadas energ\u00edas, tambi\u00e9n de acuerdo con la Embajada de Italia, a la promoci\u00f3n cultural para apoyar decididamente las actividades de profundizaci\u00f3n y el lanzamiento de nuevas iniciativas, que tienen en su centro la difusi\u00f3n de nuestra lengua y cultura. Para m\u00e1s detalles sobre los cursos de italiano, s\u00edrvase consultar en primer lugar la secci\u00f3n correspondiente del sitio web institucional del CII https:\/\/iiclima.esteri.it\/it\/lingua-e-cultura\/.<\/p>\n<p style=\"text-align: justify;\">Por otra parte, t\u00e9ngase en cuenta que, adem\u00e1s de la ense\u00f1anza del italiano como lengua curricular en diversas escuelas del pa\u00eds, existen instituciones y organismos privados que imparten clases de italiano, as\u00ed como, en general, instituciones escolares italianas que, al estar reconocidas por el Ministerio de Educaci\u00f3n, Universidades e Investigaci\u00f3n, imparten ense\u00f1anza en italiano seg\u00fan los programas ministeriales italianos. Para m\u00e1s informaci\u00f3n, consulte el sitio web institucional del CII (<a href=\"https:\/\/iiclima.esteri.it\/it\/\">https:\/\/iiclima.esteri.it\/it\/<\/a> ) y, de forma m\u00e1s general, los siguientes portales: <a href=\"https:\/\/www.linguaitaliana.esteri.it\/\">EL PORTAL DEL IDIOMA ITALIANO<\/a> &#8211; <a href=\"https:\/\/www.raicultura.it\/\">PORTAL RAI CULTURA &#8211; ITALIANO<\/a><\/p>\n<p style=\"text-align: justify;\">Por \u00faltimo, les recordamos que, con la entrada en vigor de la Circular n. 3\/2020, se ha creado un registro consular para todas las organizaciones sin \u00e1nimo de lucro de derecho peruano que promueven cursos de lengua y cultura italianas y otras iniciativas educativas en Per\u00fa. Para saber c\u00f3mo inscribirse en el registro y leer las principales normas, consulte el siguiente art\u00edculo: <a href=\"https:\/\/amblima.esteri.it\/it\/news\/dall_ambasciata\/2021\/01\/nuova-serie-della-newsletter-diplomazia\/\">ENTI PROMOTORI: INDICAZIONI OPERATIVE E MODULISTICA<\/a><\/p>\n<p>(julio 2024)<\/p>\n","protected":false},"excerpt":{"rendered":"La promoci\u00f3n ling\u00fc\u00edstica y cultural italiana constituye uno de los pilares de la cooperaci\u00f3n italo-peruana y se desarrolla en una intensa actividad llevada a cabo a tal fin por la Embajada de Italia, tambi\u00e9n a trav\u00e9s del Instituto Italiano de Cultura de Lima, IIC, que hoy cuenta con el apoyo de una articulada red de [&hellip;]","protected":false},"author":1,"featured_media":0,"parent":172,"menu_order":0,"comment_status":"closed","ping_status":"closed","template":"","meta":{"footnotes":""},"class_list":["post-173","page","type-page","status-publish","hentry"],"_links":{"self":[{"href":"https:\/\/amblima.esteri.it\/es\/wp-json\/wp\/v2\/pages\/173","targetHints":{"allow":["GET"]}}],"collection":[{"href":"https:\/\/amblima.esteri.it\/es\/wp-json\/wp\/v2\/pages"}],"about":[{"href":"https:\/\/amblima.esteri.it\/es\/wp-json\/wp\/v2\/types\/page"}],"author":[{"embeddable":true,"href":"https:\/\/amblima.esteri.it\/es\/wp-json\/wp\/v2\/users\/1"}],"replies":[{"embeddable":true,"href":"https:\/\/amblima.esteri.it\/es\/wp-json\/wp\/v2\/comments?post=173"}],"version-history":[{"count":5,"href":"https:\/\/amblima.esteri.it\/es\/wp-json\/wp\/v2\/pages\/173\/revisions"}],"predecessor-version":[{"id":5028,"href":"https:\/\/amblima.esteri.it\/es\/wp-json\/wp\/v2\/pages\/173\/revisions\/5028"}],"up":[{"embeddable":true,"href":"https:\/\/amblima.esteri.it\/es\/wp-json\/wp\/v2\/pages\/172"}],"wp:attachment":[{"href":"https:\/\/amblima.esteri.it\/es\/wp-json\/wp\/v2\/media?parent=173"}],"curies":[{"name":"wp","href":"https:\/\/api.w.org\/{rel}","templated":true}]}}