{"id":174,"date":"2023-04-11T18:24:28","date_gmt":"2023-04-11T23:24:28","guid":{"rendered":"https:\/\/amblima.esteri.it\/diplomazia-culturale\/missioni-archeologiche\/"},"modified":"2024-07-29T14:25:17","modified_gmt":"2024-07-29T19:25:17","slug":"missioni-archeologiche","status":"publish","type":"page","link":"https:\/\/amblima.esteri.it\/es\/italia-e-peru\/diplomazia-culturale\/missioni-archeologiche\/","title":{"rendered":"Misiones arqueol\u00f3gicas"},"content":{"rendered":"<p style=\"text-align: justify;\">Las actividades de cooperaci\u00f3n cada vez m\u00e1s intensas en la protecci\u00f3n del patrimonio cultural no s\u00f3lo se manifiestan en los cursos impartidos por los Carabinieri de la Unidad de Protecci\u00f3n del Patrimonio Cultural y en las actividades de los llamados Cascos Azules de la Cultura, sino tambi\u00e9n en la entrega rec\u00edproca de bienes culturales robados: desde la ceremonia de entrega en Lima de un n\u00famero considerable de monedas romanas incautadas por la Polic\u00eda peruana en Cusco (marzo de 2023) hasta la entrega a Italia de no menos de 33 hallazgos de las culturas precolombinas Nasca, Wari e Inca tra\u00eddos de vuelta a Per\u00fa en marzo de 2024.<\/p>\n<p style=\"text-align: justify;\">En este sentido, la experiencia de las misiones arqueol\u00f3gicas italianas realizadas a lo largo de los a\u00f1os, tambi\u00e9n con el apoyo del Ministerio de Asuntos Exteriores y Cooperaci\u00f3n Internacional, es ejemplar. Estas misiones est\u00e1n establecidas desde hace d\u00e9cadas en Per\u00fa, y gozan de un prestigio un\u00e1nimemente reconocido.<\/p>\n<p style=\"text-align: justify;\">Se trata de las excavaciones, relacionadas con las culturas precolombinas, en:<\/p>\n<ul style=\"text-align: justify;\">\n<li>Cahuachi (Valle de Nazca, en el sur de Per\u00fa),<\/li>\n<li>Chan Chan (en el norte, cerca de la ciudad de Trujillo),<\/li>\n<li>Tumshukayko (regi\u00f3n de Ancash),<\/li>\n<li>P\u00f3mac (en el norte, cerca de Lambayeque),<\/li>\n<\/ul>\n<p style=\"text-align: justify;\">as\u00ed como prospecciones geof\u00edsicas desarrolladas por la C.N.R. con tecnolog\u00edas de detecci\u00f3n satelital en diversas zonas, como:<\/p>\n<ul style=\"text-align: justify;\">\n<li>Huacas (importante proyecto de arqueolog\u00eda espacial en las regiones centro y norte del pa\u00eds),<\/li>\n<li>Valle de Nazca,<\/li>\n<li>Cusco y Macchu Picchu<\/li>\n<\/ul>\n<p style=\"text-align: justify;\">Para m\u00e1s detalles al respecto, adem\u00e1s de consultar el portal italiano en la secci\u00f3n especial dedicada a las misiones arqueol\u00f3gicas<a href=\"https:\/\/italiana.esteri.it\/italiana\/missioni-archeologiche-italiane\/\"> https:\/\/italiana.esteri.it\/italiana\/missioni-archeologiche-italiane\/<\/a> , dir\u00edjase directamente al Instituto Italiano de Cultura de Lima.<\/p>\n<p style=\"text-align: justify;\">(julio 2024)<\/p>\n","protected":false},"excerpt":{"rendered":"Las actividades de cooperaci\u00f3n cada vez m\u00e1s intensas en la protecci\u00f3n del patrimonio cultural no s\u00f3lo se manifiestan en los cursos impartidos por los Carabinieri de la Unidad de Protecci\u00f3n del Patrimonio Cultural y en las actividades de los llamados Cascos Azules de la Cultura, sino tambi\u00e9n en la entrega rec\u00edproca de bienes culturales robados: [&hellip;]","protected":false},"author":1,"featured_media":0,"parent":172,"menu_order":0,"comment_status":"closed","ping_status":"closed","template":"","meta":{"footnotes":""},"class_list":["post-174","page","type-page","status-publish","hentry"],"_links":{"self":[{"href":"https:\/\/amblima.esteri.it\/es\/wp-json\/wp\/v2\/pages\/174","targetHints":{"allow":["GET"]}}],"collection":[{"href":"https:\/\/amblima.esteri.it\/es\/wp-json\/wp\/v2\/pages"}],"about":[{"href":"https:\/\/amblima.esteri.it\/es\/wp-json\/wp\/v2\/types\/page"}],"author":[{"embeddable":true,"href":"https:\/\/amblima.esteri.it\/es\/wp-json\/wp\/v2\/users\/1"}],"replies":[{"embeddable":true,"href":"https:\/\/amblima.esteri.it\/es\/wp-json\/wp\/v2\/comments?post=174"}],"version-history":[{"count":3,"href":"https:\/\/amblima.esteri.it\/es\/wp-json\/wp\/v2\/pages\/174\/revisions"}],"predecessor-version":[{"id":5022,"href":"https:\/\/amblima.esteri.it\/es\/wp-json\/wp\/v2\/pages\/174\/revisions\/5022"}],"up":[{"embeddable":true,"href":"https:\/\/amblima.esteri.it\/es\/wp-json\/wp\/v2\/pages\/172"}],"wp:attachment":[{"href":"https:\/\/amblima.esteri.it\/es\/wp-json\/wp\/v2\/media?parent=174"}],"curies":[{"name":"wp","href":"https:\/\/api.w.org\/{rel}","templated":true}]}}