{"id":175,"date":"2023-04-11T18:24:38","date_gmt":"2023-04-11T23:24:38","guid":{"rendered":"https:\/\/amblima.esteri.it\/diplomazia-culturale\/studiare-in-italia\/"},"modified":"2026-03-30T16:17:20","modified_gmt":"2026-03-30T21:17:20","slug":"studiare-in-italia","status":"publish","type":"page","link":"https:\/\/amblima.esteri.it\/es\/italia-e-peru\/diplomazia-culturale\/studiare-in-italia\/","title":{"rendered":"Estudiar en Italia"},"content":{"rendered":"<div>\n<p><strong>ESTUDIOS<\/strong><\/p>\n<p>La Embajada de Italia en Lima convalida los t\u00edtulos de estudio obtenidos en escuelas y universidades de la circunscripci\u00f3n consular, para que los interesados puedan obtener la equivalencia en grado, de los t\u00edtulos de estudio de primaria y secundaria con los respectivos t\u00edtulos italianos, la inscripci\u00f3n en escuelas y universidades italianas, el reconocimiento en Italia de las universidades y la asignaci\u00f3n de becas de estudio.<\/p>\n<p>&nbsp;<\/p>\n<p><strong>EL NUEVO PORTAL ONLINE \u201cSTUDY IN ITALY\u201d<\/strong><\/p>\n<p>Est\u00e1 disponible el nuevo portal dedicado a la internacionalizaci\u00f3n del sistema de formaci\u00f3n superior italiano \u201cStudy in Italy\u201d. Visite la p\u00e1gina web <a href=\"https:\/\/studyinitaly.esteri.it\/\">https:\/\/studyinitaly.esteri.it\/<\/a><\/p>\n<p>El portal, en ingl\u00e9s e italiano, ha sido realizado para orientar y asistir al estudiante interesado en seguir estudios en Italia, el cual proporciona toda la informaci\u00f3n de utilidad para la elecci\u00f3n acad\u00e9mica, desde el sistema de formaci\u00f3n superior, el procedimiento de inscripci\u00f3n en las universidades, hasta sugerencias \u00fatiles sobre la vida cotidiana, como las primeras obligaciones acad\u00e9micas y burocr\u00e1ticas. Adicionalmente a dicha secci\u00f3n informativa, tambi\u00e9n est\u00e1 a disposici\u00f3n un buscador actualizado peri\u00f3dicamente, con ofertas de cursos de estudios en las universidades e instituciones AFAM italianas, con alrededor de 5.000 cursos de pregrado disponibles.<\/p>\n<p>El portal va de la mano con las p\u00e1ginas web del <strong>MIUR<\/strong> <a href=\"http:\/\/www.miur.gov.it\/\">http:\/\/www.miur.gov.it\/<\/a>, <strong>STUDIARE IN ITALIA<\/strong> <a href=\"https:\/\/www.studiare-in-italia.it\/studentistranieri\/\">www.studiare-in-italia-it\/studentistranieri\/<\/a> y <strong>UNIVERSITALY<\/strong> <a href=\"http:\/\/www.universitaly.it\">www.universitaly.it<\/a> , en los que se publica anualmente, en idioma italiano, los procedimientos de ingreso, estad\u00eda y matr\u00edcula de los estudiantes extranjeros, en cursos de formaci\u00f3n superior en universidades e instituciones de Alta Formaci\u00f3n Art\u00edstica, Musical y Coreograf\u00eda <em>(AFAM)<\/em>, as\u00ed como la inscripci\u00f3n para pruebas de admisi\u00f3n relativas a cursos de pregrado y acceso programado.<\/p>\n<p>Para tal fin, se se\u00f1ala que la Asociaci\u00f3n Uni-Italia en acuerdo con la CRUI \u2013 Conferencia de Rectores de las Universidades Italianas, ha puesto a disposici\u00f3n una adecuada <em>\u201clanding page\u201d,<\/em> disponible en <a href=\"https:\/\/uniitalia.studioware.it\/registration-form\">https:\/\/uniitalia.studioware.it\/registration-form<\/a>. El portal permite, a los estudiantes extranjeros, inscribirse indicando la instituci\u00f3n y el curso de inter\u00e9s, a fin de recibir asistencia e informaci\u00f3n adecuada en las sucesivas etapas de ingreso, matr\u00edcula y permanencia en Italia. Los inscritos recibir\u00e1n, adem\u00e1s, actualizaciones peri\u00f3dicas. La plataforma, reiteramos, ha sido concebida como instrumento de soporte al estudiante extranjero, sin perjuicio de la autoridad del MUR, MAECI y el Ministerio del Interior italiano, en cada fase del procedimiento de acceso a la formaci\u00f3n superior italiana.<\/p>\n<p>Para mayor informaci\u00f3n sobre las oportunidades de estudio en Italia, visite las siguientes secciones:<\/p>\n<p>\u00b7 \u00bf<strong>POR QU\u00c9 ESTUDIAR EN ITALIA?<\/strong><\/p>\n<p><a href=\"https:\/\/studyinitaly.esteri.it\/it\/why-study-in-italy\">https:\/\/studyinitaly.esteri.it\/it\/why-study-in-italy<\/a><\/p>\n<p>\u00b7 <strong>ESTUDIAR EN ITALIA: INFORMACI\u00d3N SOBRE BECAS DE ESTUDIO, T\u00cdTULOS, VISAS DE ESTUDIO<\/strong><\/p>\n<p><a href=\"https:\/\/www.esteri.it\/it\/sportello_info\/domandefrequenti\/studiare-in-italia\/\">https:\/\/www.esteri.it\/mae\/it\/servizi\/sportello_info\/domandefrequenti\/studiare-in-italia.html<\/a><\/p>\n<p>\u00b7 <strong>ESTUDIAR EN ITALIA EN 5 PASOS<\/strong><\/p>\n<p><a href=\"https:\/\/studyinitaly.esteri.it\/it\/5-step-per-studiare-in-italia\">https:\/\/studyinitaly.esteri.it\/it\/5-step-per-studiare-in-italia<\/a><\/p>\n<p>&nbsp;<\/p>\n<p><strong>NUEVA CONVOCATORIA PARA BECAS DE ESTUDIO<\/strong><\/p>\n<p>Est\u00e1 disponible la nueva convocatoria de becas de estudios ofrecidas por el gobierno italiano a ciudadanos extranjeros e italianos que residen en el extranjero (IRE), para el a\u00f1o acad\u00e9mico 2026\/2027.<\/p>\n<p>Los candidatos pueden enviar solicitudes solo a trav\u00e9s del <a href=\"https:\/\/studyinitaly.esteri.it\/\">portal \u201cStudy in Italy\u201d<\/a>.<\/p>\n<p>Fecha l\u00edmite para la presentaci\u00f3n de las solicitudes: <strong>26 de marzo de 2026 a las 14:00 horas (hora italiana).<\/strong><\/p>\n<\/div>\n","protected":false},"excerpt":{"rendered":"ESTUDIOS La Embajada de Italia en Lima convalida los t\u00edtulos de estudio obtenidos en escuelas y universidades de la circunscripci\u00f3n consular, para que los interesados puedan obtener la equivalencia en grado, de los t\u00edtulos de estudio de primaria y secundaria con los respectivos t\u00edtulos italianos, la inscripci\u00f3n en escuelas y universidades italianas, el reconocimiento en [&hellip;]","protected":false},"author":1,"featured_media":0,"parent":172,"menu_order":0,"comment_status":"closed","ping_status":"closed","template":"","meta":{"footnotes":""},"class_list":["post-175","page","type-page","status-publish","hentry"],"_links":{"self":[{"href":"https:\/\/amblima.esteri.it\/es\/wp-json\/wp\/v2\/pages\/175","targetHints":{"allow":["GET"]}}],"collection":[{"href":"https:\/\/amblima.esteri.it\/es\/wp-json\/wp\/v2\/pages"}],"about":[{"href":"https:\/\/amblima.esteri.it\/es\/wp-json\/wp\/v2\/types\/page"}],"author":[{"embeddable":true,"href":"https:\/\/amblima.esteri.it\/es\/wp-json\/wp\/v2\/users\/1"}],"replies":[{"embeddable":true,"href":"https:\/\/amblima.esteri.it\/es\/wp-json\/wp\/v2\/comments?post=175"}],"version-history":[{"count":7,"href":"https:\/\/amblima.esteri.it\/es\/wp-json\/wp\/v2\/pages\/175\/revisions"}],"predecessor-version":[{"id":7703,"href":"https:\/\/amblima.esteri.it\/es\/wp-json\/wp\/v2\/pages\/175\/revisions\/7703"}],"up":[{"embeddable":true,"href":"https:\/\/amblima.esteri.it\/es\/wp-json\/wp\/v2\/pages\/172"}],"wp:attachment":[{"href":"https:\/\/amblima.esteri.it\/es\/wp-json\/wp\/v2\/media?parent=175"}],"curies":[{"name":"wp","href":"https:\/\/api.w.org\/{rel}","templated":true}]}}