{"id":177,"date":"2023-04-11T18:10:55","date_gmt":"2023-04-11T23:10:55","guid":{"rendered":"https:\/\/amblima.esteri.it\/diplomazia-scientifica\/"},"modified":"2023-12-22T10:39:00","modified_gmt":"2023-12-22T15:39:00","slug":"diplomazia-scientifica","status":"publish","type":"page","link":"https:\/\/amblima.esteri.it\/es\/italia-e-peru\/diplomazia-scientifica\/","title":{"rendered":"Diplomacia cient\u00edfica"},"content":{"rendered":"<p>La cooperaci\u00f3n cient\u00edfica entre Italia y Per\u00fa siempre ha sido especialmente rica en iniciativas y proyectos desde la llegada a este pa\u00eds del\u00a0<strong>gran cient\u00edfico y ge\u00f3grafo italiano, Antonio Raimondi<\/strong>\u00a0(1824-1890). Un paso importante en la sistematizaci\u00f3n de este eje de la alianza bilateral se dio en\u00a0<strong>octubre de 1991<\/strong>, cuando ambos pa\u00edses firmaron el \u00ab<strong>Acuerdo Marco de Cooperaci\u00f3n Econ\u00f3mica, Industrial, Cient\u00edfico-Tecnol\u00f3gica, T\u00e9cnica y Cultural<\/strong>\u00ab. En este contexto, el acuerdo reconfirm\u00f3 la\u00a0<strong>voluntad por ambas partes de impulsar la colaboraci\u00f3n en el sector cient\u00edfico-tecnol\u00f3gico<\/strong>.<\/p>\n<p>Esta iniciativa respald\u00f3 la necesidad del gobierno peruano de la \u00e9poca, de emprender el camino del desarrollo socio-econ\u00f3mico con cada vez mayor determinaci\u00f3n, junto a un aliado privilegiado como Italia. De esta forma, se incentiv\u00f3 el <strong>intercambio de informaci\u00f3n estad\u00edstico-metodol\u00f3gica y financiera<\/strong>, as\u00ed como de experiencias en sectores de inter\u00e9s mutuo, incluso a trav\u00e9s de <strong>seminarios, conferencias y grupos de trabajo<\/strong>. Mediante el acuerdo, Italia tambi\u00e9n se comprometi\u00f3 a permitir el\u00a0<strong>ingreso de cient\u00edficos y profesionales peruanos a las instituciones acad\u00e9micas y cient\u00edficas italianas<\/strong>, as\u00ed como a apoyar la organizaci\u00f3n de cursos de formaci\u00f3n profesional.<\/p>\n","protected":false},"excerpt":{"rendered":"La cooperaci\u00f3n cient\u00edfica entre Italia y Per\u00fa siempre ha sido especialmente rica en iniciativas y proyectos desde la llegada a este pa\u00eds del\u00a0gran cient\u00edfico y ge\u00f3grafo italiano, Antonio Raimondi\u00a0(1824-1890). Un paso importante en la sistematizaci\u00f3n de este eje de la alianza bilateral se dio en\u00a0octubre de 1991, cuando ambos pa\u00edses firmaron el \u00abAcuerdo Marco de [&hellip;]","protected":false},"author":1,"featured_media":0,"parent":185,"menu_order":4,"comment_status":"closed","ping_status":"closed","template":"","meta":{"footnotes":""},"class_list":["post-177","page","type-page","status-publish","hentry"],"_links":{"self":[{"href":"https:\/\/amblima.esteri.it\/es\/wp-json\/wp\/v2\/pages\/177","targetHints":{"allow":["GET"]}}],"collection":[{"href":"https:\/\/amblima.esteri.it\/es\/wp-json\/wp\/v2\/pages"}],"about":[{"href":"https:\/\/amblima.esteri.it\/es\/wp-json\/wp\/v2\/types\/page"}],"author":[{"embeddable":true,"href":"https:\/\/amblima.esteri.it\/es\/wp-json\/wp\/v2\/users\/1"}],"replies":[{"embeddable":true,"href":"https:\/\/amblima.esteri.it\/es\/wp-json\/wp\/v2\/comments?post=177"}],"version-history":[{"count":4,"href":"https:\/\/amblima.esteri.it\/es\/wp-json\/wp\/v2\/pages\/177\/revisions"}],"predecessor-version":[{"id":3674,"href":"https:\/\/amblima.esteri.it\/es\/wp-json\/wp\/v2\/pages\/177\/revisions\/3674"}],"up":[{"embeddable":true,"href":"https:\/\/amblima.esteri.it\/es\/wp-json\/wp\/v2\/pages\/185"}],"wp:attachment":[{"href":"https:\/\/amblima.esteri.it\/es\/wp-json\/wp\/v2\/media?parent=177"}],"curies":[{"name":"wp","href":"https:\/\/api.w.org\/{rel}","templated":true}]}}