{"id":178,"date":"2023-04-11T18:11:52","date_gmt":"2023-04-11T23:11:52","guid":{"rendered":"https:\/\/amblima.esteri.it\/cooperazione-allo-sviluppo\/"},"modified":"2023-12-22T10:50:46","modified_gmt":"2023-12-22T15:50:46","slug":"cooperazione-allo-sviluppo","status":"publish","type":"page","link":"https:\/\/amblima.esteri.it\/es\/italia-e-peru\/cooperazione-allo-sviluppo\/","title":{"rendered":"Cooperaci\u00f3n para el desarrollo"},"content":{"rendered":"<div class=\"row\">\n<div class=\"col-md-17 col-sm-12 col-xs-24 share\">\n<div class=\"moduletable\">\n<div><\/div>\n<\/div>\n<\/div>\n<\/div>\n<div><\/div>\n<div class=\"sr-only\">En <strong>octubre 2001<\/strong>\u00a0se suscribi\u00f3 el\u00a0<strong>Acuerdo para el Canje de la Deuda<\/strong> entre Italia y Per\u00fa, que estableci\u00f3 la creaci\u00f3n del<strong> Fondo \u00cdtalo-Peruano (FIP)<\/strong>. Dicho acuerdo se incluy\u00f3 en un mayor movimiento internacional dirigido al canje y reducci\u00f3n de la deuda externa de los pa\u00edses en v\u00edas de desarrollo, con la finalidad de aliviar la carga de la deuda peruana e incrementar los recursos para el desarrollo socio-econ\u00f3mico del Per\u00fa.<\/div>\n<div>\n<p>\u00a0R\u00e1pidamente, la operaci\u00f3n de canje de la deuda \u00edtalo-peruana se convirti\u00f3 en el pilar de la cooperaci\u00f3n italiana en Per\u00fa, debido al monto comprometido, a su dimensi\u00f3n social y a la proyecci\u00f3n temporal. Adem\u00e1s, constituy\u00f3 un importante precedente <strong>en los acuerdos de este g\u00e9nero<\/strong>, suscritos por Italia con muchos gobiernos latinoamericanos.<\/p>\n<p>El FIP, que estuvo en actividad hasta diciembre 2018, financi\u00f3 proyectos de cooperaci\u00f3n dirigidos a la <strong>reducci\u00f3n de la pobreza urbana y rural, la promoci\u00f3n del desarrollo socio-econ\u00f3mico, la mejor\u00eda de las condiciones de la mujer, <\/strong>y<strong> la protecci\u00f3n del medio ambiente<\/strong>. En diecisiete a\u00f1os, canje\u00f3 alrededor de <strong>200 millones de d\u00f3lares de deuda<\/strong> entre Italia y Per\u00fa, en m\u00e1s de\u00a0<strong>300 proyectos<\/strong> de desarrollo,\u00a0 <strong>beneficiando a m\u00e1s de 2 millones de peruanos<\/strong>\u00a0en condiciones de pobreza y exclusi\u00f3n social.<\/p>\n<p>Entre los proyectos de mayor impacto, recordamos la implementaci\u00f3n del\u00a0<strong>Museo de Sitio de Huaca Rajada,<\/strong> en Sip\u00e1n, en las proximidades de Chiclayo, en el que se expone piezas de la cultura Moche y ha contribuido <strong>al desarrollo de la comunidad local<\/strong>, fortaleciendo su identidad hist\u00f3rico-cultural. R\u00e1pidamente, el museo se convirti\u00f3 en el segundo m\u00e1s visitado de la regi\u00f3n.<\/p>\n<p>En la actualidad, gracias a importantes progresos en la lucha contra la pobreza, facilitados tambi\u00e9n por a\u00f1os de crecimiento econ\u00f3mico sostenido, Italia y Per\u00fa decidieron suspender la cooperaci\u00f3n p\u00fablica para el desarrollo, conforme a los par\u00e1metros de la OCDE, que sit\u00faan a Per\u00fa en el grupo de pa\u00edses con ingresos promedio. De tal forma, <strong>el 31 de diciembre de 2018, el Fondo \u00cdtalo-Peruano cerr\u00f3 sus puertas.<\/strong><\/p>\n<p>Sin embargo, tal circunstancia no ha detenido la cooperaci\u00f3n para el desarrollo en el Per\u00fa, que contin\u00faa siendo garantizada por la labor incansable de <strong>un gran grupo de Organizaciones No Gubernamentales<\/strong>, muchas de las cuales est\u00e1n asociadas en una entidad coordinadora llamada COIPE (Cooperaci\u00f3n Italiana en Per\u00fa). Adicionalmente, el estado italiano sigue brindando ayuda en situaciones de emergencia, y ha transformado sus programas de cooperaci\u00f3n en herramientas de colaboraci\u00f3n m\u00e1s adecuadas a la mutada realidad econ\u00f3mica del Per\u00fa. Con respecto a la red de ONGs a\u00fan operativa, esta es muy amplia y diversificada, signo del compromiso y la cercan\u00eda entre ambas naciones.<\/p>\n<p>Aqu\u00ed se\u00f1alamos algunas de las <strong>m\u00e1s importantes ONGs,<\/strong>\u00a0actualmente presentes en el Per\u00fa:<\/p>\n<ul>\n<li><a href=\"http:\/\/aspem.org.pe\/inicio\/\">Aspem<\/a><\/li>\n<li><a href=\"https:\/\/www.avsi.org\/it\/\">Avsi<\/a><\/li>\n<li><a href=\"http:\/\/www.cesvi.org.pe\/\">Cesvi<\/a><\/li>\n<li><a href=\"https:\/\/www.coopi.org\/en\/country\/peru.html?ln=3\">Coopi<\/a><\/li>\n<li><a href=\"https:\/\/www.dokita.org\/\">Dokita<\/a><\/li>\n<li><a href=\"https:\/\/www.focsiv.it\/\">Focsiv<\/a><\/li>\n<li><a href=\"http:\/\/www.gvc-italia.org\/\">GVC<\/a><\/li>\n<li><a href=\"https:\/\/iboitalia.org\/\">Ibo<\/a><\/li>\n<li><a href=\"https:\/\/www.artesanosdonbosco.org\/it\/operazione-mato-grosso\/\">Operazione Mato Grosso<\/a><\/li>\n<li><a href=\"https:\/\/www.progettomondomlal.org\/\">ProgettoMondo Mlal<\/a><\/li>\n<li><a href=\"https:\/\/terredeshommessuisse.org.pe\/quienes-somos\/sedes\/\">Terre des Hommes<\/a><\/li>\n<li><a href=\"http:\/\/www.terranuova.org.pe\/\">Terra Nuova<\/a><\/li>\n<\/ul>\n<\/div>\n","protected":false},"excerpt":{"rendered":"En octubre 2001\u00a0se suscribi\u00f3 el\u00a0Acuerdo para el Canje de la Deuda entre Italia y Per\u00fa, que estableci\u00f3 la creaci\u00f3n del Fondo \u00cdtalo-Peruano (FIP). Dicho acuerdo se incluy\u00f3 en un mayor movimiento internacional dirigido al canje y reducci\u00f3n de la deuda externa de los pa\u00edses en v\u00edas de desarrollo, con la finalidad de aliviar la carga [&hellip;]","protected":false},"author":1,"featured_media":0,"parent":185,"menu_order":6,"comment_status":"closed","ping_status":"closed","template":"","meta":{"footnotes":""},"class_list":["post-178","page","type-page","status-publish","hentry"],"_links":{"self":[{"href":"https:\/\/amblima.esteri.it\/es\/wp-json\/wp\/v2\/pages\/178","targetHints":{"allow":["GET"]}}],"collection":[{"href":"https:\/\/amblima.esteri.it\/es\/wp-json\/wp\/v2\/pages"}],"about":[{"href":"https:\/\/amblima.esteri.it\/es\/wp-json\/wp\/v2\/types\/page"}],"author":[{"embeddable":true,"href":"https:\/\/amblima.esteri.it\/es\/wp-json\/wp\/v2\/users\/1"}],"replies":[{"embeddable":true,"href":"https:\/\/amblima.esteri.it\/es\/wp-json\/wp\/v2\/comments?post=178"}],"version-history":[{"count":6,"href":"https:\/\/amblima.esteri.it\/es\/wp-json\/wp\/v2\/pages\/178\/revisions"}],"predecessor-version":[{"id":3682,"href":"https:\/\/amblima.esteri.it\/es\/wp-json\/wp\/v2\/pages\/178\/revisions\/3682"}],"up":[{"embeddable":true,"href":"https:\/\/amblima.esteri.it\/es\/wp-json\/wp\/v2\/pages\/185"}],"wp:attachment":[{"href":"https:\/\/amblima.esteri.it\/es\/wp-json\/wp\/v2\/media?parent=178"}],"curies":[{"name":"wp","href":"https:\/\/api.w.org\/{rel}","templated":true}]}}