{"id":180,"date":"2023-04-11T17:53:01","date_gmt":"2023-04-11T22:53:01","guid":{"rendered":"https:\/\/amblima.esteri.it\/chi-siamo\/lambasciatore\/"},"modified":"2023-12-04T11:08:26","modified_gmt":"2023-12-04T16:08:26","slug":"lambasciatore","status":"publish","type":"page","link":"https:\/\/amblima.esteri.it\/es\/chi-siamo\/lambasciatore\/","title":{"rendered":"El Embajador"},"content":{"rendered":"<p><strong><a href=\"https:\/\/amblima.esteri.it\/it\/chi-siamo\/lambasciatore\/foto-ufficiale\/\" rel=\"attachment wp-att-2962\"><img loading=\"lazy\" decoding=\"async\" class=\"alignnone wp-image-2962 img-fluid\" src=\"https:\/\/amblima.esteri.it\/wp-content\/uploads\/2023\/12\/Foto-Ufficiale-200x300.jpg\" alt=\"\" width=\"354\" height=\"531\" srcset=\"https:\/\/amblima.esteri.it\/wp-content\/uploads\/2023\/12\/Foto-Ufficiale-200x300.jpg 200w, https:\/\/amblima.esteri.it\/wp-content\/uploads\/2023\/12\/Foto-Ufficiale-682x1024.jpg 682w, https:\/\/amblima.esteri.it\/wp-content\/uploads\/2023\/12\/Foto-Ufficiale-768x1153.jpg 768w, https:\/\/amblima.esteri.it\/wp-content\/uploads\/2023\/12\/Foto-Ufficiale.jpg 1066w\" sizes=\"auto, (max-width: 354px) 100vw, 354px\" \/><\/a><\/strong><\/p>\n<p><strong>MASSIMILIANO MAZZANTI<\/strong><\/p>\n<p><strong>\u00a0<\/strong><\/p>\n<p><strong>Desde el 20 de noviembre de 2023<\/strong><\/p>\n<p><strong>Embajador de Italia en Per\u00fa<\/strong><\/p>\n<p>Embajada de Italia en Lima<\/p>\n<p>&nbsp;<\/p>\n<p><strong>Octubre de 2019 &#8211; noviembre de 2023<\/strong><\/p>\n<p><strong>Embajador de Italia en Uganda, Ruanda y Burundi<\/strong><\/p>\n<p>Embajada de Italia en Kampala, Uganda<\/p>\n<p>&nbsp;<\/p>\n<p><strong>Junio de 2018<\/strong><\/p>\n<p><strong>Jefe de la Secretar\u00eda del Subsecretario de Estado de Asuntos Exteriores<\/strong><\/p>\n<p>Ministerio de Asuntos Exteriores y Cooperaci\u00f3n Internacional, Roma<\/p>\n<p>&nbsp;<\/p>\n<p><strong>Agosto de 2013<\/strong><\/p>\n<p><strong>C\u00f3nsul General de Italia<\/strong><\/p>\n<p>Consulado General de Italia en Londres, Reino Unido<\/p>\n<p>&nbsp;<\/p>\n<p><strong><em>Junio de 2013<\/em><\/strong><\/p>\n<p><em>Condecorado con la Orden del M\u00e9rito de la Rep\u00fablica Italiana-OMRI en el grado de \u00abOficial\u00bb<\/em><\/p>\n<p>&nbsp;<\/p>\n<p><strong>Abril de 2009<\/strong><\/p>\n<p><strong>Asistente Sherpa G8\/G20 y Consejero<\/strong><\/p>\n<p><strong>para las Am\u00e9ricas, Asia y \u00c1frica<\/strong><\/p>\n<p>Oficina del Consejero Diplom\u00e1tico<\/p>\n<p>Presidencia del Consejo de Ministros<\/p>\n<p>&nbsp;<\/p>\n<p><strong>Agosto de 2005<\/strong><\/p>\n<p><strong>Consejero Econ\u00f3mico y Comercial<\/strong><\/p>\n<p>Embajada de Italia en Washington D.C., EE.UU.<\/p>\n<p>&nbsp;<\/p>\n<p><strong>Marzo de 2004<\/strong><\/p>\n<p><strong>Jefe de la Secretar\u00eda del Secretario General<\/strong><\/p>\n<p>Ministerio de Asuntos Exteriores y Cooperaci\u00f3n Internacional, Roma<\/p>\n<p>&nbsp;<\/p>\n<p>&nbsp;<\/p>\n<p><strong>Junio de 2003<\/strong><\/p>\n<p><strong>Delegaci\u00f3n para la Organizaci\u00f3n de la Presidencia Italiana del Consejo de la Uni\u00f3n Europea<\/strong><\/p>\n<p>Ministerio de Asuntos Exteriores y Cooperaci\u00f3n Internacional, Roma<\/p>\n<p>&nbsp;<\/p>\n<p><strong>Septiembre de 2000<\/strong><\/p>\n<p><strong>Jefe de la Oficina Econ\u00f3mica y Comercial<\/strong><\/p>\n<p>Embajada de Italia en Riad, Arabia Saud\u00ed<\/p>\n<p>&nbsp;<\/p>\n<p><strong>Diciembre de 1997<\/strong><\/p>\n<p><strong>Servicio de Prensa e Informaci\u00f3n<\/strong><\/p>\n<p>Ministerio de Asuntos Exteriores y Cooperaci\u00f3n Internacional, Roma<\/p>\n<p>&nbsp;<\/p>\n<p><strong>Septiembre de 1992<\/strong><\/p>\n<p><strong>Oficial de Complemento de la Marina Militar Italiana<\/strong><\/p>\n<p>88\u00ba Curso AUC, Academia Naval, Livorno<\/p>\n<p>&nbsp;<\/p>\n<p><strong>Marzo de 1992<\/strong><\/p>\n<p><strong>Licenciatura en Ciencias Pol\u00edticas<\/strong><\/p>\n<p>Relaciones Internacionales<\/p>\n<p>L.U.I.S.S. Roma<\/p>\n<p>&nbsp;<\/p>\n<p>&nbsp;<\/p>\n","protected":false},"excerpt":{"rendered":"MASSIMILIANO MAZZANTI \u00a0 Desde el 20 de noviembre de 2023 Embajador de Italia en Per\u00fa Embajada de Italia en Lima &nbsp; Octubre de 2019 &#8211; noviembre de 2023 Embajador de Italia en Uganda, Ruanda y Burundi Embajada de Italia en Kampala, Uganda &nbsp; Junio de 2018 Jefe de la Secretar\u00eda del Subsecretario de Estado de [&hellip;]","protected":false},"author":1,"featured_media":0,"parent":161,"menu_order":0,"comment_status":"closed","ping_status":"closed","template":"","meta":{"footnotes":""},"class_list":["post-180","page","type-page","status-publish","hentry"],"_links":{"self":[{"href":"https:\/\/amblima.esteri.it\/es\/wp-json\/wp\/v2\/pages\/180","targetHints":{"allow":["GET"]}}],"collection":[{"href":"https:\/\/amblima.esteri.it\/es\/wp-json\/wp\/v2\/pages"}],"about":[{"href":"https:\/\/amblima.esteri.it\/es\/wp-json\/wp\/v2\/types\/page"}],"author":[{"embeddable":true,"href":"https:\/\/amblima.esteri.it\/es\/wp-json\/wp\/v2\/users\/1"}],"replies":[{"embeddable":true,"href":"https:\/\/amblima.esteri.it\/es\/wp-json\/wp\/v2\/comments?post=180"}],"version-history":[{"count":3,"href":"https:\/\/amblima.esteri.it\/es\/wp-json\/wp\/v2\/pages\/180\/revisions"}],"predecessor-version":[{"id":2985,"href":"https:\/\/amblima.esteri.it\/es\/wp-json\/wp\/v2\/pages\/180\/revisions\/2985"}],"up":[{"embeddable":true,"href":"https:\/\/amblima.esteri.it\/es\/wp-json\/wp\/v2\/pages\/161"}],"wp:attachment":[{"href":"https:\/\/amblima.esteri.it\/es\/wp-json\/wp\/v2\/media?parent=180"}],"curies":[{"name":"wp","href":"https:\/\/api.w.org\/{rel}","templated":true}]}}