{"id":182,"date":"2023-04-11T18:01:19","date_gmt":"2023-04-11T23:01:19","guid":{"rendered":"https:\/\/amblima.esteri.it\/chi-siamo\/gli-uffici\/"},"modified":"2026-02-11T12:39:11","modified_gmt":"2026-02-11T17:39:11","slug":"gli-uffici","status":"publish","type":"page","link":"https:\/\/amblima.esteri.it\/es\/chi-siamo\/gli-uffici\/","title":{"rendered":"Las oficinas"},"content":{"rendered":"<h4 style=\"text-align: justify;\"><strong>CORREOS ELECTR\u00d3NICOS DE LA EMBAJADA DE ITALIA<\/strong><\/h4>\n<ul>\n<li><strong>correo electr\u00f3nico ordinario:<\/strong> <a href=\"mailto:ambasciata.lima@esteri.it\">ambasciata.lima@esteri.it<\/a><\/li>\n<li><strong>correo electr\u00f3nico certificado<\/strong>: <a href=\"mailto:amb.lima@cert.esteri.it\">amb.lima@cert.esteri.it<\/a><br \/>\n(la PEC puede ser usada solo por usuarios que tengan tambi\u00e9n un PEC)<\/li>\n<li><strong>Canciller\u00eda Consular: <\/strong><a href=\"mailto:cancconsolare.lima@esteri.it\">cancconsolare.lima@esteri.it<\/a> <strong><br \/>\n<\/strong>(para todos los servicios consulares y visas)<strong><br \/>\n<\/strong><\/li>\n<li><strong>Oficina Comercial: <\/strong><a href=\"mailto:commerciale.lima@esteri.it\">commerciale.lima@esteri.it<\/a><br \/>\n(para solicitudes de asistencia en el \u00e1rea econ\u00f3mico-comercial dar <a href=\"https:\/\/nexus.esteri.it\/?sede=557\"><em>clic aqu\u00ed<\/em><\/a>\u00a0)<\/li>\n<li><strong>Oficina de la Directora de escuelas italianas<\/strong>: <a href=\"https:\/\/amblima.esteri.it\/es\/chi-siamo\/contatti\/marinella.lollo@esteri.it\">marinella.lollo@esteri.it<\/a><\/li>\n<\/ul>\n<p>&nbsp;<\/p>\n<p class=\"boxLevel03\" style=\"text-align: justify;\"><strong>HORARIO DE APERTURA AL P\u00daBLICO DE LA OFICINA CONSULAR<br \/>\n<\/strong><br \/>\nSe comunica que, desde el 5 de junio de 2024, para acceder a los servicios consulares ser\u00e1 necesario reservar la cita correspondiente a trav\u00e9s del portal Prenot@mi: <a href=\"https:\/\/prenotami.esteri.it\/\">https:\/\/prenotami.esteri.it\/<\/a><\/p>\n<p style=\"text-align: justify;\">El horario de <span style=\"text-decoration: underline;\"><strong>recojo<\/strong><\/span> de pasaportes u otra documentaci\u00f3n es <strong>de lunes a viernes desde las 12:30 hasta las 13:30 horas<\/strong>.<\/p>\n<p style=\"text-align: justify;\"><!--more--><\/p>\n<p style=\"text-align: justify;\"><strong>CALENDARIO DE FERIADOS 2026<\/strong><\/p>\n<table class=\"table\" border=\"0\">\n<tbody>\n<tr>\n<td>01 enero<\/td>\n<td>A\u00f1o Nuevo<\/td>\n<\/tr>\n<tr>\n<td>03 abril<\/td>\n<td>Viernes Santo<\/td>\n<\/tr>\n<tr>\n<td>25 abril<\/td>\n<td>D\u00eda de la Liberaci\u00f3n<\/td>\n<\/tr>\n<tr>\n<td>01 mayo<\/td>\n<td>D\u00eda del Trabajo<\/td>\n<\/tr>\n<tr>\n<td>02 junio<\/td>\n<td>Fiesta Nacional de la Rep\u00fablica Italiana<\/td>\n<\/tr>\n<tr>\n<td>28 julio<\/td>\n<td>Fiesta Nacional del Per\u00fa<\/td>\n<\/tr>\n<tr>\n<td>30 agosto<\/td>\n<td>Santa Rosa de Lima<\/td>\n<\/tr>\n<tr>\n<td>01 noviembre<\/td>\n<td>Todos los Santos<\/td>\n<\/tr>\n<tr>\n<td>08 diciembre<\/td>\n<td>Inmaculada Concepci\u00f3n<\/td>\n<\/tr>\n<tr>\n<td>25 diciembre<\/td>\n<td>Navidad<\/td>\n<\/tr>\n<tr>\n<td>26 diciembre<\/td>\n<td>San Esteban<\/td>\n<\/tr>\n<\/tbody>\n<\/table>\n","protected":false},"excerpt":{"rendered":"CORREOS ELECTR\u00d3NICOS DE LA EMBAJADA DE ITALIA correo electr\u00f3nico ordinario: ambasciata.lima@esteri.it correo electr\u00f3nico certificado: amb.lima@cert.esteri.it (la PEC puede ser usada solo por usuarios que tengan tambi\u00e9n un PEC) Canciller\u00eda Consular: cancconsolare.lima@esteri.it (para todos los servicios consulares y visas) Oficina Comercial: commerciale.lima@esteri.it (para solicitudes de asistencia en el \u00e1rea econ\u00f3mico-comercial dar clic aqu\u00ed\u00a0) Oficina de la [&hellip;]","protected":false},"author":1,"featured_media":0,"parent":161,"menu_order":4,"comment_status":"closed","ping_status":"closed","template":"","meta":{"footnotes":""},"class_list":["post-182","page","type-page","status-publish","hentry"],"_links":{"self":[{"href":"https:\/\/amblima.esteri.it\/es\/wp-json\/wp\/v2\/pages\/182","targetHints":{"allow":["GET"]}}],"collection":[{"href":"https:\/\/amblima.esteri.it\/es\/wp-json\/wp\/v2\/pages"}],"about":[{"href":"https:\/\/amblima.esteri.it\/es\/wp-json\/wp\/v2\/types\/page"}],"author":[{"embeddable":true,"href":"https:\/\/amblima.esteri.it\/es\/wp-json\/wp\/v2\/users\/1"}],"replies":[{"embeddable":true,"href":"https:\/\/amblima.esteri.it\/es\/wp-json\/wp\/v2\/comments?post=182"}],"version-history":[{"count":6,"href":"https:\/\/amblima.esteri.it\/es\/wp-json\/wp\/v2\/pages\/182\/revisions"}],"predecessor-version":[{"id":7380,"href":"https:\/\/amblima.esteri.it\/es\/wp-json\/wp\/v2\/pages\/182\/revisions\/7380"}],"up":[{"embeddable":true,"href":"https:\/\/amblima.esteri.it\/es\/wp-json\/wp\/v2\/pages\/161"}],"wp:attachment":[{"href":"https:\/\/amblima.esteri.it\/es\/wp-json\/wp\/v2\/media?parent=182"}],"curies":[{"name":"wp","href":"https:\/\/api.w.org\/{rel}","templated":true}]}}