{"id":183,"date":"2023-04-11T18:07:19","date_gmt":"2023-04-11T23:07:19","guid":{"rendered":"https:\/\/amblima.esteri.it\/chi-siamo\/numeri-di-emergenza\/"},"modified":"2024-07-02T22:08:10","modified_gmt":"2024-07-03T03:08:10","slug":"numeri-di-emergenza","status":"publish","type":"page","link":"https:\/\/amblima.esteri.it\/es\/chi-siamo\/numeri-di-emergenza\/","title":{"rendered":"N\u00fameros de emergencia"},"content":{"rendered":"<div>\n<p style=\"text-align: justify;\">En caso de emergencias graves y de amenaza a la seguridad de ciudadanos italianos &#8211; <strong><span style=\"text-decoration: underline;\">y no para consultas<\/span><\/strong> &#8211; est\u00e1 disponible el n\u00famero celular 997 232 073 (desde Italia +51 997 232 073) h 24\/7.<\/p>\n<p style=\"text-align: justify;\">En horario de oficina de la Embajada, se ruega llamar al n\u00famero: +51 1 463 2727.<\/p>\n<p style=\"text-align: justify;\">Tambi\u00e9n puede enviarse mensajes al correo electr\u00f3nico: <a href=\"mailto:ambasciata.lima@esteri.it\">ambasciata.lima@esteri.it<\/a>.<\/p>\n<p style=\"text-align: justify;\">Solo en caso de graves y justificadas emergencias, es posible contactar el n\u00famero telef\u00f3nico de la oficina del funcionario de turno del Ministerio de Relaciones Exteriores y Cooperaci\u00f3n Internacional (+39 06 36912790), as\u00ed como el de la Unidad de Crisis del mismo ministerio (+39 06 36225), que podr\u00e1, luego de evaluar el caso, contactar a la Embajada de Italia en Lima, para el seguimiento m\u00e1s apropiado.<\/p>\n<p style=\"text-align: justify;\"><span style=\"text-decoration: underline;\">Los n\u00fameros telef\u00f3nicos antes mencionados <strong>no<\/strong> proporcionan informaci\u00f3n sobre ciudadan\u00eda, pasaportes, visas u otros servicios consulares.<\/span> Para este tipo de informaci\u00f3n se puede consultar esta p\u00e1gina web, o enviar un mensaje de correo electr\u00f3nico a <a href=\"mailto:cancelleriaconsolare.lima@esteri.it\">cancconsolare.lima@esteri.it<\/a> (para temas consulares)\u00a0y\/o <a href=\"mailto:responsvisti.lima@esteri.it\">ambasciata.lima@esteri.it<\/a>, o llamar en horario de oficina.<\/p>\n<\/div>\n","protected":false},"excerpt":{"rendered":"En caso de emergencias graves y de amenaza a la seguridad de ciudadanos italianos &#8211; y no para consultas &#8211; est\u00e1 disponible el n\u00famero celular 997 232 073 (desde Italia +51 997 232 073) h 24\/7. En horario de oficina de la Embajada, se ruega llamar al n\u00famero: +51 1 463 2727. Tambi\u00e9n puede enviarse [&hellip;]","protected":false},"author":1,"featured_media":4812,"parent":161,"menu_order":6,"comment_status":"closed","ping_status":"closed","template":"","meta":{"footnotes":""},"class_list":["post-183","page","type-page","status-publish","has-post-thumbnail","hentry"],"_links":{"self":[{"href":"https:\/\/amblima.esteri.it\/es\/wp-json\/wp\/v2\/pages\/183","targetHints":{"allow":["GET"]}}],"collection":[{"href":"https:\/\/amblima.esteri.it\/es\/wp-json\/wp\/v2\/pages"}],"about":[{"href":"https:\/\/amblima.esteri.it\/es\/wp-json\/wp\/v2\/types\/page"}],"author":[{"embeddable":true,"href":"https:\/\/amblima.esteri.it\/es\/wp-json\/wp\/v2\/users\/1"}],"replies":[{"embeddable":true,"href":"https:\/\/amblima.esteri.it\/es\/wp-json\/wp\/v2\/comments?post=183"}],"version-history":[{"count":6,"href":"https:\/\/amblima.esteri.it\/es\/wp-json\/wp\/v2\/pages\/183\/revisions"}],"predecessor-version":[{"id":4840,"href":"https:\/\/amblima.esteri.it\/es\/wp-json\/wp\/v2\/pages\/183\/revisions\/4840"}],"up":[{"embeddable":true,"href":"https:\/\/amblima.esteri.it\/es\/wp-json\/wp\/v2\/pages\/161"}],"wp:featuredmedia":[{"embeddable":true,"href":"https:\/\/amblima.esteri.it\/es\/wp-json\/wp\/v2\/media\/4812"}],"wp:attachment":[{"href":"https:\/\/amblima.esteri.it\/es\/wp-json\/wp\/v2\/media?parent=183"}],"curies":[{"name":"wp","href":"https:\/\/api.w.org\/{rel}","templated":true}]}}