{"id":185,"date":"2023-04-11T17:08:52","date_gmt":"2023-04-11T22:08:52","guid":{"rendered":"https:\/\/amblima.esteri.it\/italia-e-peru\/"},"modified":"2024-07-26T11:36:12","modified_gmt":"2024-07-26T16:36:12","slug":"italia-e-peru","status":"publish","type":"page","link":"https:\/\/amblima.esteri.it\/es\/italia-e-peru\/","title":{"rendered":"Italia y Per\u00fa"},"content":{"rendered":"<p style=\"text-align: justify;\">Los lazos de amistad entre Italia y Per\u00fa, pa\u00edses unidos no s\u00f3lo por un constante di\u00e1logo gubernamental, sino tambi\u00e9n por la incansable labor de sus numerosas y bien integradas comunidades de expatriados, son hist\u00f3ricos y profundos. En efecto, se calcula que actualmente hay unos 300.000 peruanos en Italia y unos 50.000 italianos en Per\u00fa (en ambos casos, la mayor\u00eda con doble nacionalidad). Se trata de comunidades dedicadas al trabajo, los negocios y el comercio que, sin duda, han contribuido a intensificar los intercambios bilaterales, as\u00ed como a estimular un importante flujo de capitales italianos en este pa\u00eds a lo largo de los a\u00f1os. Estas relaciones encuentran sus ra\u00edces en la historia de ilustres exploradores, cient\u00edficos y generales de la talla de Antonio Raimondi y Giuseppe Garibaldi, ambos italianos y peruanos, que sin duda han contribuido a dar a conocer este maravilloso pa\u00eds al resto del mundo.<\/p>\n<p style=\"text-align: justify;\">Las relaciones bilaterales son excelentes en los \u00e1mbitos pol\u00edtico y diplom\u00e1tico, como demuestra, entre otros aspectos, una tradici\u00f3n de apoyo mutuo en el \u00e1mbito multilateral.<\/p>\n<p style=\"text-align: justify;\">Desde el punto de vista econ\u00f3mico, las relaciones bilaterales entre nuestros pa\u00edses est\u00e1n igualmente cimentadas por una partnership hist\u00f3rica que se remonta a los primeros a\u00f1os de la unidad italiana y que ha pasado por hitos especialmente en el sector de la defensa, entre los que cabe mencionar la creaci\u00f3n de la primera industria aeron\u00e1utica peruana en los a\u00f1os 30 por la empresa italiana Caproni, y otras diversas formas de colaboraci\u00f3n militar tanto en el \u00e1mbito naval, en el que destaca la construcci\u00f3n en Per\u00fa de varias fragatas clase Lupo, como en el a\u00e9reo, con la compra de varios aviones C-27J Spartan para esta Fuerza A\u00e9rea. Destaca, por tanto, la presencia de un importante tejido empresarial dedicado sobre todo a la construcci\u00f3n y las infraestructuras, asentado aqu\u00ed desde los a\u00f1os 70 y que actualmente participa en algunas de las principales obras de infraestructura como la L\u00ednea 2 del Metro de Lima.<\/p>\n<p style=\"text-align: justify;\">Desde el punto de vista comercial, seg\u00fan los datos m\u00e1s actualizados disponibles a mediados de 2024, el comercio bilateral con Per\u00fa ha vuelto a aumentar de forma decisiva, tras el baj\u00f3n provocado por la pandemia del Covid-19, cerrando 2023 con m\u00e1s de 605 millones de euros de exportaciones italianas a Per\u00fa (+1,4% respecto a 2022) y unos 742 millones de euros de nuestras importaciones desde el pa\u00eds andino (+17% respecto a 2022). Por lo tanto, el valor global del intercambio ha vuelto firmemente a los niveles anteriores a la pandemia, mostrando interesantes tendencias de crecimiento. Los principales productos importados de Per\u00fa son metales b\u00e1sicos (especialmente cobre) y derivados de canteras y miner\u00eda; productos agr\u00edcolas, forestales y de pesaje; y alimentos, bebidas y tabaco. Por el contrario, Italia exporta a Per\u00fa principalmente productos qu\u00edmicos b\u00e1sicos, maquinaria, material rodante y aparatos n.c.o.p.; productos met\u00e1licos; productos de otras actividades manufactureras; alimentos y bebidas, con especial atenci\u00f3n al mercado del vino, en constante crecimiento. En t\u00e9rminos m\u00e1s generales, el Made in Italy se considera un s\u00edmbolo de gran calidad en este pa\u00eds.<\/p>\n<p style=\"text-align: justify;\">La cooperaci\u00f3n cultural tambi\u00e9n es de gran alcance. El Instituto Italiano de Cultura de Lima, uno de los mayores de la red italiana, ofrece desde hace a\u00f1os cursos de lengua y cultura italianas, que se han hecho m\u00e1s atractivos gracias tambi\u00e9n al creciente uso de las tecnolog\u00edas de la informaci\u00f3n. A nivel escolar, en Lima hay dos escuelas italianas: el Istituto Omnicomprensivo Paritario \u00abAntonio Raimondi\u00bb (que expide t\u00edtulos reconocidos en ambos pa\u00edses y ofrece un plan de estudios desde preescolar hasta secundaria de segundo grado) y el Colegio \u00abDante Alighieri\u00bb, que ha obtenido la paridad para los niveles elemental y secundario. En total, m\u00e1s de 1.600 ni\u00f1os asisten a las dos escuelas italoperuanas paritarias. Tambi\u00e9n existen escuelas italo-peruanas hist\u00f3ricas, como el Colegio &#8216;Santa Margherita&#8217; del Callao, que, a pesar de tener un claro origen italiano, a\u00fan no goza de la paridad escolar.<\/p>\n<p style=\"text-align: justify;\">La Embajada y el Instituto de Cultura colaboran estrechamente con estas entidades, realizando conjuntamente diversos eventos culturales, como se demostr\u00f3 en 2024, a\u00f1o en que se celebr\u00f3 el 150 aniversario de las relaciones diplom\u00e1ticas bilaterales, simbolizado por la llegada al Callao del buque escuela \u00abAmerigo Vespucci\u00bb de la Marina Militar Italiana, as\u00ed como facilitando jornadas de orientaci\u00f3n para j\u00f3venes que desean cursar estudios universitarios en Italia. Los convenios entre universidades italianas y peruanas son numerosos: actualmente hay m\u00e1s de 130, en los m\u00e1s variados campos acad\u00e9micos. La Embajada de Italia y el Instituto Italiano de Cultura, de manera aut\u00f3noma o en cooperaci\u00f3n con entidades italianas y peruanas, organizan un vasto programa anual destinado a difundir la literatura, el cine, la m\u00fasica, el arte, la danza, el dise\u00f1o, la moda y la gastronom\u00eda italianos en Lima y otras ciudades del pa\u00eds, como lo demuestra el gran \u00e9xito en 2024 de la participaci\u00f3n italiana en la Feria del Libro de Lima, que abri\u00f3 la puerta a una invitaci\u00f3n a Italia como pa\u00eds invitado de honor en la pr\u00f3xima edici\u00f3n de 2025. Como siempre, se dedica especial atenci\u00f3n al arte, con especial inter\u00e9s en la \u00f3pera, la arquitectura y el dise\u00f1o.<\/p>\n<p style=\"text-align: justify;\">Adem\u00e1s, otro tema de gran relevancia en Per\u00fa es el de la arqueolog\u00eda, sector en el que existen varias misiones arqueol\u00f3gicas italianas que han recibido el reconocimiento institucional del Ministerio y que colaboran intensamente con la Embajada y las autoridades locales en este importante \u00e1mbito.<\/p>\n<p style=\"text-align: justify;\">En conclusi\u00f3n, se puede afirmar con certeza que las excelentes relaciones italoperuanas se basan en un s\u00f3lido legado com\u00fan de historia, valores y tradiciones, que les permitir\u00e1 aprovechar con optimismo y dinamismo las oportunidades que se abrir\u00e1n en las pr\u00f3ximas d\u00e9cadas, as\u00ed como afrontar los retos que se perfilan en un escenario global particularmente complejo.<\/p>\n<p style=\"text-align: justify;\">(\u00daltima actualizaci\u00f3n: julio 2024)<\/p>\n","protected":false},"excerpt":{"rendered":"Los lazos de amistad entre Italia y Per\u00fa, pa\u00edses unidos no s\u00f3lo por un constante di\u00e1logo gubernamental, sino tambi\u00e9n por la incansable labor de sus numerosas y bien integradas comunidades de expatriados, son hist\u00f3ricos y profundos. En efecto, se calcula que actualmente hay unos 300.000 peruanos en Italia y unos 50.000 italianos en Per\u00fa (en [&hellip;]","protected":false},"author":1,"featured_media":0,"parent":0,"menu_order":4,"comment_status":"closed","ping_status":"closed","template":"","meta":{"footnotes":""},"class_list":["post-185","page","type-page","status-publish","hentry"],"_links":{"self":[{"href":"https:\/\/amblima.esteri.it\/es\/wp-json\/wp\/v2\/pages\/185","targetHints":{"allow":["GET"]}}],"collection":[{"href":"https:\/\/amblima.esteri.it\/es\/wp-json\/wp\/v2\/pages"}],"about":[{"href":"https:\/\/amblima.esteri.it\/es\/wp-json\/wp\/v2\/types\/page"}],"author":[{"embeddable":true,"href":"https:\/\/amblima.esteri.it\/es\/wp-json\/wp\/v2\/users\/1"}],"replies":[{"embeddable":true,"href":"https:\/\/amblima.esteri.it\/es\/wp-json\/wp\/v2\/comments?post=185"}],"version-history":[{"count":7,"href":"https:\/\/amblima.esteri.it\/es\/wp-json\/wp\/v2\/pages\/185\/revisions"}],"predecessor-version":[{"id":4932,"href":"https:\/\/amblima.esteri.it\/es\/wp-json\/wp\/v2\/pages\/185\/revisions\/4932"}],"wp:attachment":[{"href":"https:\/\/amblima.esteri.it\/es\/wp-json\/wp\/v2\/media?parent=185"}],"curies":[{"name":"wp","href":"https:\/\/api.w.org\/{rel}","templated":true}]}}