{"id":188,"date":"2023-04-11T18:13:11","date_gmt":"2023-04-11T23:13:11","guid":{"rendered":"https:\/\/amblima.esteri.it\/servizi-consolari-e-visti\/servizi-per-il-cittadino-italiano\/passaporti-e-carte-didentita\/"},"modified":"2026-04-07T08:43:12","modified_gmt":"2026-04-07T13:43:12","slug":"passaporti-e-carte-didentita","status":"publish","type":"page","link":"https:\/\/amblima.esteri.it\/es\/servizi-consolari-e-visti\/servizi-per-il-cittadino-italiano\/passaporti-e-carte-didentita\/","title":{"rendered":"Pasaportes"},"content":{"rendered":"<h2 style=\"text-align: justify;\">Pasaportes<\/h2>\n<div>\n<p style=\"text-align: justify;\" align=\"justify\">El pasaporte es un documento, tanto de viaje, como de reconocimiento, emitido en:<\/p>\n<ul style=\"text-align: justify;\">\n<li>Italia por la <em>Questura<\/em>;<\/li>\n<li>el extranjero por las representaciones diplom\u00e1tico-consulares.<\/li>\n<\/ul>\n<p style=\"text-align: justify;\" align=\"justify\">Tiene validez en todos los pa\u00edses cuyos gobiernos son reconocidos por el gobierno italiano.<\/p>\n<p style=\"text-align: justify;\"><strong><br \/>\nEMISI\u00d3N DEL PASAPORTE ORDINARIO<\/strong><\/p>\n<p style=\"text-align: justify;\">Con pasaporte ordinario se entiende el pasaporte electr\u00f3nico que \u2013a partir del 26 de octubre de 2006\u2013 sustituy\u00f3 los anteriores modelos. Este emplea modernas tecnolog\u00edas, como la impresi\u00f3n contra la falsificaci\u00f3n y un microprocesador con los datos del titular y de la autoridad que lo ha emitido, que ofrecen elevados est\u00e1ndares de seguridad.<\/p>\n<p style=\"text-align: justify;\">La validez temporal del pasaporte difiere en funci\u00f3n a la edad del titular:<\/p>\n<ul style=\"text-align: justify;\">\n<li>para los menores de 3 a\u00f1os la validez es de 3 a\u00f1os;<\/li>\n<li>\n<div align=\"justify\">para los menores de edad desde los 3 hasta los 18 a\u00f1os la validez es de 5 a\u00f1os;<\/div>\n<\/li>\n<li>para los mayores de edad la validez es de 10 a\u00f1os.<\/li>\n<\/ul>\n<p style=\"text-align: justify;\" align=\"justify\"><strong>Los pasaportes vencidos\u00a0no ser\u00e1n\u00a0renovados, en su lugar se emitir\u00e1 uno nuevo<\/strong>.<\/p>\n<p style=\"text-align: justify;\">Generalmente la solicitud de emisi\u00f3n del pasaporte debe ser presentada ante la oficina competente territorialmente, en funci\u00f3n a la residencia del solicitante, en Italia o en el exterior. Los residentes en Per\u00fa deben estar inscritos en el <a href=\"https:\/\/amblima.esteri.it\/es\/servizi-consolari-e-visti\/servizi-per-il-cittadino-italiano\/registro-de-los-italianos-residentes-en-el-extranjero-a-i-r-e\/inscripcion-en-el-aire-y-comunicacion-del-cambio-de-residencia-en-peru-a-traves-de-los-canales-tradicionales\/\">AIRE <\/a>y <strong>tener el expediente personal actualizado (matrimonio, divorcio, nacimiento, hijos registrados, cambio de direcci\u00f3n, etc.) para poder solicitar el pasaporte<\/strong>.<\/p>\n<p style=\"text-align: justify;\">De todos modos, los ciudadanos italianos pueden\u00a0 solicitar la emisi\u00f3n del pasaporte en cualquier oficina autorizada, tanto en Italia como en el extranjero, siempre y cuando, previamente, hayan obtenido una autorizaci\u00f3n en la oficina competente (<em>questura<\/em> o consulado) seg\u00fan su residencia.<\/p>\n<p style=\"text-align: justify;\">Por lo tanto, la autorizaci\u00f3n es necesaria en caso de que la solicitud sea presentada en una circunscripci\u00f3n consular en la cual no se reside. Es bueno tener presente que la autorizaci\u00f3n antes mencionada, otorgada por la <em>questura<\/em>\/consulado competente, podr\u00eda extender m\u00e1s los tiempos de emisi\u00f3n del pasaporte. Dicha autorizaci\u00f3n se solicitar\u00e1 el d\u00eda de la cita en la ventanilla consular.<\/p>\n<h3 style=\"text-align: justify;\"><strong>PASAPORTE INDIVIDUAL PARA\u00a0MENORES DE EDAD<\/strong><\/h3>\n<p style=\"text-align: justify;\">Seg\u00fan el Decreto Ley n. 135\/2009, convertido en Ley n. 166\/2009, a partir del 25 de noviembre de 2009 ya no es posible inscribir a los hijos menores de edad en el pasaporte de los padres. Por lo tanto, deben poseer un pasaporte individual.<\/p>\n<p style=\"text-align: justify;\">Para la emisi\u00f3n del pasaporte es\u00a0<strong>necesaria la presencia del menor y de ambos progenitores<\/strong>, los cuales deber\u00e1n presentar un documento de identidad vigente en original y fotocopia simple.<\/p>\n<p style=\"text-align: justify;\">Si la presencia de uno de los progenitores fuera imposible, deber\u00e1 presentarse un consentimiento <em>(atto di assenso),<\/em>\u00a0 suscrito por el progenitor ausente (<a href=\"https:\/\/amblima.esteri.it\/wp-content\/uploads\/2024\/01\/atto_di_assenso_per_italiani.doc\">descargar modelo para ciudadanos italianos<\/a>), adjuntando copia de un documento de identidad v\u00e1lido. Ambos ser\u00e1n entregados en nuestras ventanillas por la persona que solicita el pasaporte.<\/p>\n<p style=\"text-align: justify;\">En caso de que el progenitor no sea ciudadano europeo, deber\u00e1 presentarse para suscribir personalmente el acta ante un funcionario en la Canciller\u00eda Consular de la Embajada, (<a href=\"https:\/\/amblima.esteri.it\/wp-content\/uploads\/2024\/01\/atto_di_assenso_per_stranieri.doc\">descargar m\u00f3dulo para extranjeros<\/a>),\u00a0adjuntando fotocopia simple de su documento de identidad.<\/p>\n<p style=\"text-align: justify;\">Si el progenitor que debe firmar el consentimiento (<em>\u00abatto di assenso\u00bb<\/em>) no es ciudadano europeo y no se encuentra en el Per\u00fa, o se halla en un pa\u00eds diferente del cual se solicita el pasaporte, deber\u00e1 ir a la Embajada o Consulado de Italia (si se encuentra en el exterior) o a la <em>Questura<\/em> del lugar de residencia (si est\u00e1 en Italia) para firmar dicho documento, cuyo original ser\u00e1 presentado en nuestras ventanillas por la persona que solicita el pasaporte, junto a la copia de un documento de identidad del firmante.<\/p>\n<p style=\"text-align: justify;\">En caso de deceso de uno de los padres, es necesario presentar el acta de\u00a0defunci\u00f3n del mismo.<\/p>\n<h3 style=\"text-align: justify;\"><strong>DOCUMENTACI\u00d3N PARA SOLICITAR PASAPORTE ITALIANO<\/strong><\/h3>\n<ol style=\"text-align: justify;\">\n<li>\n<div align=\"justify\"><a href=\"https:\/\/amblima.esteri.it\/wp-content\/uploads\/2024\/02\/DOMANDA-PASSAPORTO.pdf\"><strong>Formulario de solicitud de pasaporte<\/strong><\/a>\u00a0firmado por el interesado;<\/div>\n<\/li>\n<li>\n<div align=\"justify\">D.N.I. en original y fotocopia simple; o, en caso de ser extranjero residente en el Per\u00fa, Carnet de Extranjer\u00eda, o un documento que justifique la residencia efectiva en la circunscripci\u00f3n, siempre en original y fotocopia simple.<\/div>\n<\/li>\n<li>\n<div align=\"justify\">Dos fotograf\u00edas recientes (iguales, tama\u00f1o pasaporte, de frente, a colores, con fondo blanco, sin anteojos, sin sonre\u00edr);<\/div>\n<\/li>\n<li>\n<div align=\"justify\">En caso de tenerlo, pasaporte italiano anterior original y fotocopia, o denuncia de p\u00e9rdida\/robo del mismo, si es el caso;<\/div>\n<\/li>\n<li>\n<div align=\"justify\">En caso de tenerlo, pasaporte peruano vigente en original y fotocopia simple para quien posee doble ciudadan\u00eda (requerido para menores o la primera vez que se solicita el pasaporte italiano);<\/div>\n<\/li>\n<li>\n<div align=\"justify\">Costo de la emisi\u00f3n del pasaporte: <strong>462 Soles<\/strong> pagados <span style=\"text-decoration: underline;\">en efectivo<\/span> y en la moneda indicada (<a href=\"https:\/\/amblima.esteri.it\/es\/servizi-consolari-e-visti\/servizi-per-il-cittadino-italiano\/albo-consolare-e-altri-servizi\/tarifario-consular\/\">dicho importe var\u00eda cada tres meses<\/a>). Se recuerda que el pago se efect\u00faa en las ventanillas de la canciller\u00eda consular, al momento de presentar la solicitud de emisi\u00f3n del pasaporte.<\/div>\n<\/li>\n<li>\n<div align=\"justify\">Consentimiento <em>(<\/em><em>atto di assenso)<\/em> para la emisi\u00f3n del pasaporte de menores de edad.<\/div>\n<\/li>\n<\/ol>\n<p style=\"text-align: justify;\">Se informa a los ciudadanos italianos, <strong>progenitores de hijos menores de edad<\/strong>, que a partir del <strong>14 de junio de 2023<\/strong> ya no ser\u00e1 necesario presentar <strong>el acta de consentimiento del otro progenitor<\/strong> para efectos de la expedici\u00f3n de su documento de identidad (<strong>Pasaporte<\/strong> y CIE- C\u00e9dula de Identidad Electr\u00f3nica), de conformidad con el Decreto Legislativo 69\/2023. En particular, el nuevo <a href=\"https:\/\/www.gazzettaufficiale.it\/eli\/id\/2023\/06\/13\/23G00080\/sg\" target=\"_blank\" rel=\"noopener\"><strong>art\u00edculo 3-bis de la Ley 1185\/1967<\/strong><\/a> indica que, cuando exista un peligro concreto y actual de que por el traslado al extranjero \u00e9ste pueda evadir el cumplimiento de sus obligaciones con sus hijos, ser\u00e1 posible para el otro progenitor solicitar una medida cautelar a la expedici\u00f3n del documento. La demanda se puede presentar ante el juez competente en el Tribunal ordinario en el que el menor tenga su residencia habitual o, si el menor es residente en el extranjero, en el Tribunal en cuyo distrito se encuentre el Municipio de inscripci\u00f3n al A.I.R.E. (Anagrafe degli Italiani Residenti all\u2019Estero).<\/p>\n<p style=\"text-align: justify;\"><span style=\"text-decoration: underline;\">Para los efectos de la emisi\u00f3n de documentos para menores, en cambio, se mantiene la obligaci\u00f3n del consentimiento firmado por ambos progenitores o por quienes ejercen legalmente la patria potestad.<\/span><\/p>\n<h3 style=\"text-align: justify;\" align=\"justify\"><strong>CITAS<\/strong><\/h3>\n<p style=\"text-align: justify;\"><span class=\"HwtZe\" lang=\"es\"><span class=\"jCAhz ChMk0b\"><span class=\"ryNqvb\">Se informa al p\u00fablico que, en el constante esfuerzo por mejorar y agilizar los tr\u00e1mites consulares en beneficio de los usuarios, a partir del pr\u00f3ximo <strong>5 de junio de 2024<\/strong>, para acceder a todos los servicios consulares de esta Embajada ser\u00e1 necesario reservar la correspondiente cita a trav\u00e9s del portal Farnesina \u201d Prenot@mi\u201d en el<\/span><\/span><\/span><span class=\"HwtZe\" lang=\"es\"><span class=\"jCAhz ChMk0b\"><span class=\"ryNqvb\"> siguiente enlace <a href=\"https:\/\/prenotami.esteri.it\">https:\/\/prenotami.esteri.it<\/a>.<\/span><\/span> <\/span><\/p>\n<p style=\"text-align: justify;\">Las solicitudes urgentes son evaluadas, caso por caso, por la Oficina Consular, previa presentaci\u00f3n de la documentaci\u00f3n pertinente que acredite la necesidad por ineludibles motivos de estudios, trabajo o salud. En particular, cabe precisar que poseer un documento de viaje no se considera un motivo de urgencia. Para obtener m\u00e1s informaci\u00f3n, se recomienda enviar un correo electr\u00f3nico a <a href=\"mailto:cancconsolare.lima@esteri.it\">cancconsolare.lima@esteri.it<\/a><\/p>\n<h3 style=\"text-align: justify;\" align=\"justify\"><strong>ROBO O EXTRAV\u00cdO DEL PASAPORTE EN EL EXTRANJERO<\/strong><\/h3>\n<p style=\"text-align: justify;\">En caso de que el ciudadano italiano se encuentre en una situaci\u00f3n de emergencia (por ejemplo, un turista en tr\u00e1nsito que debe viajar tempestivamente y perdi\u00f3 o le ha sido robado el pasaporte), la representaci\u00f3n consular emite un documento provisorio de viaje, llamado tambi\u00e9n E.T.D. <em>(Emergency Travel Document)<\/em>, con validez \u00fanicamente para el viaje de regreso a Italia, o al pa\u00eds de estable residencia en el exterior (con la condici\u00f3n de que no se haga tr\u00e1nsito por Estados Unidos de Norteam\u00e9rica).<\/p>\n<p style=\"text-align: justify;\">Para m\u00e1s informaci\u00f3n puede consultar la secci\u00f3n \u201cDocumento provisorio de viaje\u201d.<\/p>\n<h3 style=\"text-align: justify;\"><strong>C\u00d3MO REALIZAR LA DENUNCIA DIGITAL EN CASO DE P\u00c9RDIDA O ROBO DE DOCUMENTOS (para ciudadanos \u00edtaloperuanos)<\/strong><\/h3>\n<ol style=\"text-align: justify;\">\n<li>Ingrese a la p\u00e1gina web de la Polic\u00eda Nacional del Per\u00fa (<a href=\"http:\/\/www.policia.gob.pe\">www.policia.gob.pe<\/a>) y busque la secci\u00f3n \u00abservicios en l\u00ednea\u00bb desde su computador, tablet o celular.<\/li>\n<li>Elija la opci\u00f3n \u00abDenuncia Policial Digital\u00bb &#8211; Nuevo Tr\u00e1mite, y lea con detenimiento los t\u00e9rminos legales y condiciones de uso.<\/li>\n<li>Ingrese los datos personales requeridos. El sistema verificar\u00e1 la informaci\u00f3n en la base de datos del Registro Nacional de Identificaci\u00f3n y Estado Civil (RENIEC).<\/li>\n<li>Describa brevemente, c\u00f3mo, d\u00f3nde y cu\u00e1ndo ocurri\u00f3 la p\u00e9rdida o hurto de sus documentos. Es importante que estos detalles figuren en su denuncia.<\/li>\n<li>Finalmente, de inmediato se generar\u00e1\u00a0 una copia certificada de la Denuncia Policial Digital en formato PDF.<\/li>\n<\/ol>\n<p style=\"text-align: justify;\"><strong>Para los ciudadanos italianos de visita en Per\u00fa, es necesario dirigirse a la comisar\u00eda m\u00e1s cercana para realizar la denuncia.<\/strong><\/p>\n<h3 style=\"text-align: justify;\"><strong>TASA ANUAL<\/strong><\/h3>\n<p style=\"text-align: justify;\">Se informa que a partir del 08 de julio 2014, fecha en la que entr\u00f3 en vigor\u00a0la Ley n.89\/2014,<strong> ya no se paga la tasa anual de pasaporte<\/strong>.<\/p>\n<\/div>\n","protected":false},"excerpt":{"rendered":"Pasaportes El pasaporte es un documento, tanto de viaje, como de reconocimiento, emitido en: Italia por la Questura; el extranjero por las representaciones diplom\u00e1tico-consulares. Tiene validez en todos los pa\u00edses cuyos gobiernos son reconocidos por el gobierno italiano. EMISI\u00d3N DEL PASAPORTE ORDINARIO Con pasaporte ordinario se entiende el pasaporte electr\u00f3nico que \u2013a partir del 26 [&hellip;]","protected":false},"author":1,"featured_media":0,"parent":187,"menu_order":0,"comment_status":"closed","ping_status":"closed","template":"","meta":{"footnotes":""},"class_list":["post-188","page","type-page","status-publish","hentry"],"_links":{"self":[{"href":"https:\/\/amblima.esteri.it\/es\/wp-json\/wp\/v2\/pages\/188","targetHints":{"allow":["GET"]}}],"collection":[{"href":"https:\/\/amblima.esteri.it\/es\/wp-json\/wp\/v2\/pages"}],"about":[{"href":"https:\/\/amblima.esteri.it\/es\/wp-json\/wp\/v2\/types\/page"}],"author":[{"embeddable":true,"href":"https:\/\/amblima.esteri.it\/es\/wp-json\/wp\/v2\/users\/1"}],"replies":[{"embeddable":true,"href":"https:\/\/amblima.esteri.it\/es\/wp-json\/wp\/v2\/comments?post=188"}],"version-history":[{"count":7,"href":"https:\/\/amblima.esteri.it\/es\/wp-json\/wp\/v2\/pages\/188\/revisions"}],"predecessor-version":[{"id":7729,"href":"https:\/\/amblima.esteri.it\/es\/wp-json\/wp\/v2\/pages\/188\/revisions\/7729"}],"up":[{"embeddable":true,"href":"https:\/\/amblima.esteri.it\/es\/wp-json\/wp\/v2\/pages\/187"}],"wp:attachment":[{"href":"https:\/\/amblima.esteri.it\/es\/wp-json\/wp\/v2\/media?parent=188"}],"curies":[{"name":"wp","href":"https:\/\/api.w.org\/{rel}","templated":true}]}}