{"id":189,"date":"2023-04-11T18:17:44","date_gmt":"2023-04-11T23:17:44","guid":{"rendered":"https:\/\/amblima.esteri.it\/servizi-consolari-e-visti\/servizi-per-il-cittadino-italiano\/emergency-travel-documents-etd\/"},"modified":"2023-12-22T13:14:01","modified_gmt":"2023-12-22T18:14:01","slug":"emergency-travel-documents-etd","status":"publish","type":"page","link":"https:\/\/amblima.esteri.it\/es\/servizi-consolari-e-visti\/servizi-per-il-cittadino-italiano\/emergency-travel-documents-etd\/","title":{"rendered":"Documento de viaje de emergencia (E.T.D.)"},"content":{"rendered":"<p align=\"justify\">Para obtener el E.T.D. <em>(Emergency Travel Document),<\/em> es necesario presentarse en el consulado, que proveer\u00e1 a su emisi\u00f3n, luego de haber realizado las averiguaciones correspondientes, y previa adquisici\u00f3n de la siguiente documentaci\u00f3n:<\/p>\n<ul>\n<li>\n<div align=\"justify\">exhibici\u00f3n de un documento de identificaci\u00f3n o autocertificaci\u00f3n de posesi\u00f3n de la ciudadan\u00eda italiana;<\/div>\n<\/li>\n<li>\n<div align=\"justify\">denuncia de extrav\u00edo o robo del pasaporte o de otro documento de viaje, entregada en el consulado, seg\u00fan los art\u00edculos 46, 47 y con las advertencias del art. 76 del D.P.R. 445\/2000;<\/div>\n<\/li>\n<li>\n<div align=\"justify\">denuncia de extrav\u00edo o robo del pasaporte u otro documento de viaje, realizada a las autoridades locales de polic\u00eda;<\/div>\n<\/li>\n<li>2 fotograf\u00edas del interesado (iguales, frontales, a color, formato 35 x 40 mm);<\/li>\n<li>t\u00edtulo de viaje del solicitante.<\/li>\n<\/ul>\n<p align=\"justify\">Es necesario considerar que el d\u00eda anterior a un feriado y en d\u00edas festivos, dicha forma de asistencia podr\u00eda no estar disponible, a causa del cierre de las oficinas, y diferida \u2013 con excepci\u00f3n de situaciones de comprobada emergencia \u2013 al primer d\u00eda h\u00e1bil.<\/p>\n","protected":false},"excerpt":{"rendered":"Para obtener el E.T.D. (Emergency Travel Document), es necesario presentarse en el consulado, que proveer\u00e1 a su emisi\u00f3n, luego de haber realizado las averiguaciones correspondientes, y previa adquisici\u00f3n de la siguiente documentaci\u00f3n: exhibici\u00f3n de un documento de identificaci\u00f3n o autocertificaci\u00f3n de posesi\u00f3n de la ciudadan\u00eda italiana; denuncia de extrav\u00edo o robo del pasaporte o de [&hellip;]","protected":false},"author":1,"featured_media":0,"parent":187,"menu_order":2,"comment_status":"closed","ping_status":"closed","template":"","meta":{"footnotes":""},"class_list":["post-189","page","type-page","status-publish","hentry"],"_links":{"self":[{"href":"https:\/\/amblima.esteri.it\/es\/wp-json\/wp\/v2\/pages\/189","targetHints":{"allow":["GET"]}}],"collection":[{"href":"https:\/\/amblima.esteri.it\/es\/wp-json\/wp\/v2\/pages"}],"about":[{"href":"https:\/\/amblima.esteri.it\/es\/wp-json\/wp\/v2\/types\/page"}],"author":[{"embeddable":true,"href":"https:\/\/amblima.esteri.it\/es\/wp-json\/wp\/v2\/users\/1"}],"replies":[{"embeddable":true,"href":"https:\/\/amblima.esteri.it\/es\/wp-json\/wp\/v2\/comments?post=189"}],"version-history":[{"count":8,"href":"https:\/\/amblima.esteri.it\/es\/wp-json\/wp\/v2\/pages\/189\/revisions"}],"predecessor-version":[{"id":7642,"href":"https:\/\/amblima.esteri.it\/es\/wp-json\/wp\/v2\/pages\/189\/revisions\/7642"}],"up":[{"embeddable":true,"href":"https:\/\/amblima.esteri.it\/es\/wp-json\/wp\/v2\/pages\/187"}],"wp:attachment":[{"href":"https:\/\/amblima.esteri.it\/es\/wp-json\/wp\/v2\/media?parent=189"}],"curies":[{"name":"wp","href":"https:\/\/api.w.org\/{rel}","templated":true}]}}