{"id":193,"date":"2023-04-11T18:19:16","date_gmt":"2023-04-11T23:19:16","guid":{"rendered":"https:\/\/amblima.esteri.it\/servizi-consolari-e-visti\/servizi-per-il-cittadino-italiano\/servizi-notarili\/"},"modified":"2024-06-12T00:16:30","modified_gmt":"2024-06-12T05:16:30","slug":"servizi-notarili","status":"publish","type":"page","link":"https:\/\/amblima.esteri.it\/es\/servizi-consolari-e-visti\/servizi-per-il-cittadino-italiano\/servizi-notarili\/","title":{"rendered":"Servicios notariales"},"content":{"rendered":"<div>\n<p dir=\"ltr\" align=\"justify\">La Oficina Notarial de la canciller\u00eda consular de la embajada est\u00e1 autorizada a recibir las actas entre personas vivientes y aquellas de \u00faltima voluntad, a ocuparse de su dep\u00f3sito, y a emitir copias y extractos.<\/p>\n<p>Los servicios notariales est\u00e1n a disposici\u00f3n de ciudadanos italianos que se encuentren en el extranjero (fuera de Italia), ya sea permanente o temporalmente.<\/p>\n<p>Los servicios notariales que pueden ser solicitados a la canciller\u00eda consular de la embajada son:<\/p>\n<ol>\n<li>Poderes<\/li>\n<li>Testamentos P\u00fablicos<\/li>\n<li>Documento o Acto P\u00fablico<\/li>\n<li>Certificados de Autenticaci\u00f3n<\/li>\n<\/ol>\n<p>1. <strong>PODERES<\/strong><\/p>\n<p>El poder es un acto por medio del cual se da facultades a otra persona para actuar en su representaci\u00f3n y a realizar los actos necesarios para obtener determinados resultados (ejemplo: vender, comprar, administrar, hacer donaciones, constituir o disolver una sociedad, solicitar publicaciones de matrimonio, etc.).<\/p>\n<p>El texto del poder tiene que ser enviado en formato word al correo <strong><a href=\"mailto:cancconsolare.lima@esteri.it\">cancconsolare.lima@esteri.it<\/a><\/strong><br \/>\nSe le avisar\u00e1 cuando el documento est\u00e9 listo para la firma. El tiempo de espera es de aproximadamente dos semanas.<\/p>\n<p>De otro modo, se puede recurrir a un notario peruano y, en tal caso, el poder se deber\u00e1 apostillar en el Ministerio de Relaciones Exteriores del Per\u00fa, para luego ser traducido al italiano por un traductor colegiado u oficial.<\/p>\n<p>Los poderes se dividen en dos categor\u00edas:<\/p>\n<p><strong>Poder General:<\/strong> con \u00e9ste, el interesado conf\u00eda al representante o procurador la gesti\u00f3n de todos sus intereses, presentes y futuros. El Poder General se emite por tiempo indeterminado.<\/p>\n<p><strong>Poder Especial:<\/strong> con este documento, el interesado conf\u00eda al representante o procurador la gesti\u00f3n de una parte de sus intereses. El Poder Especial cesa de ser v\u00e1lido en el momento en que concluye el encargo especial para el que ha sido emitido.<\/p>\n<p>2.\u00a0<strong>TESTAMENTO P\u00daBLICO<\/strong><\/p>\n<p>Entre las actividades propias de la Oficina Notarial de una oficina consular, existe la de redacci\u00f3n de algunos documentos relacionados con las declaraciones de \u00faltima voluntad de personas que se encuentran en el extranjero.<\/p>\n<p>El <strong>testamento p\u00fablico<\/strong> es la declaraci\u00f3n de voluntad de quien hace testamento, y se efect\u00faa ante un funcionario delegado a las funciones notariales, en presencia de dos testigos, y redactado por escrito.<\/p>\n<p>En cambio, en el <strong>testamento secreto<\/strong>, las funciones de la Oficina Notarial se limitan a recibir formalmente el documento (cuyo contenido permanece secreto), y depositarlo en sus oficinas.<\/p>\n<p>Por \u00faltimo, el <strong>testamento ol\u00f3grafo<\/strong> no necesita ser redactado por un funcionario de la Oficina Notarial y puede ser depositado en cualquier lugar y ante cualquier persona. Por lo general, se deposita en una Oficina Notarial para evitar la posibilidad de su extrav\u00edo y asegurarse de su inmediata publicaci\u00f3n luego del fallecimiento de la persona que hizo el testamento.<\/p>\n<p>3. <strong>DOCUMENTOS O ACTOS P\u00daBLICOS<\/strong><\/p>\n<p>Se trata de un tipo de documentos jur\u00eddicos (como, por ejemplo, actas de donaci\u00f3n) para los cuales la ley prev\u00e9 la formalidad del acto o documento p\u00fablico.<\/p>\n<p>4. <strong>CERTIFICADO DE AUTENTICACI\u00d3N<\/strong><\/p>\n<p>La autenticaci\u00f3n, por lo general, la efect\u00faa un funcionario p\u00fablico de la canciller\u00eda consular, pero tambi\u00e9n puede hacerla cualquier otro funcionario delegado al desempe\u00f1o de actividades notariales, en particular en los siguientes casos:<\/p>\n<ol>\n<li>\n<div align=\"justify\"><strong>AUTENTICACI\u00d3N DE FIRMA: <\/strong>consiste en la declaraci\u00f3n, de parte de un funcionario p\u00fablico, del origen de un documento emitido por la persona que lo ha firmado. Para proceder a la autenticaci\u00f3n de la firma es necesario presentarse personalmente ante la Oficina Notarial de la canciller\u00eda consular de la embajada, previa cita, portando un documento de identidad y el c\u00f3digo fiscal.<\/div>\n<\/li>\n<li>\n<div align=\"justify\"><strong>AUTENTICACI\u00d3N DE FOTOGRAF\u00cdA: <\/strong>para este tr\u00e1mite es necesario presentarse personalmente en la Oficina Notarial de la canciller\u00eda consular de la embajada, previa cita, portando un documento de identidad y tres fotograf\u00edas iguales.<\/div>\n<\/li>\n<\/ol>\n<p dir=\"ltr\" align=\"justify\"><strong>AUTO-CERTIFICACI\u00d3N<\/strong><\/p>\n<p>Con el t\u00e9rmino \u00abauto-certificaci\u00f3n\u00bb se entiende \u00abla certificaci\u00f3n emitida por el interesado en sustituci\u00f3n o reemplazo de una certificaci\u00f3n regular\u00bb (art.2, Ley 15\/1968). Por lo tanto, con la auto-certificaci\u00f3n,\u00a0 el ciudadano italiano puede proporcionar la misma informaci\u00f3n que se halla en los Registros P\u00fablicos, de manera m\u00e1s sencilla y a menor costo.<\/p>\n<p>La posibilidad de utilizar la \u00abauto-certificaci\u00f3n\u00bb es concedida a los ciudadanos pertenecientes a la Uni\u00f3n Europea.<\/p>\n<p>El derecho de utilizar el sistema de declaraciones juradas tambi\u00e9n ha sido extendido a los ciudadanos que no pertenecen a la Uni\u00f3n Europea, pero que tienen residencia legal en Italia, y se limita\u00a0 a hechos que puedan ser verificados por las autoridades p\u00fablicas italianas.<\/p>\n<p>Las \u00abauto-certificaciones\u00bb y las declaraciones juradas pueden ser utilizadas en las relaciones con la administraci\u00f3n p\u00fablica italiana y con los concesionarios y\/o administradores de servicios p\u00fablicos.<\/p>\n<p>En cambio, no pueden ser usadas en las relaciones con empresas o personas privadas, a menos que estas lo permitan, ni ante autoridades judiciales en el desempe\u00f1o de sus funciones jurisdiccionales.<\/p>\n<p><strong>Certificados que pueden ser reemplazados con auto-certificaciones<\/strong><\/p>\n<p>Las \u00abauto-certificaciones\u00bb pueden reemplazar:<\/p>\n<p>1. <strong>CERTIFICACIONES REGULARES<\/strong><\/p>\n<p>Por lo tanto, se puede recurrir a las \u00abauto-certificaciones\u00bb para efectuar declaraciones en los siguientes casos:<\/p>\n<ul>\n<li>lugar y fecha de nacimiento;<\/li>\n<li>domicilio;<\/li>\n<li>ciudadan\u00eda;<\/li>\n<li>gozar de derechos pol\u00edticos;<\/li>\n<li>estado civil: soltero, casado o viudo;<\/li>\n<li>composici\u00f3n familiar;<\/li>\n<li>supervivencia;<\/li>\n<li>nacimiento de un hijo\/a;<\/li>\n<li>fallecimiento de c\u00f3nyuge, ancestro o descendiente;<\/li>\n<li>situaci\u00f3n con respecto a las obligaciones militares;<\/li>\n<li>\n<div align=\"justify\">inscripci\u00f3n en asociaciones o registros que son llevados por la administraci\u00f3n p\u00fablica italiana;<\/div>\n<\/li>\n<li>t\u00edtulo de estudios;<\/li>\n<li>calificaciones profesionales;<\/li>\n<li>ex\u00e1menes universitarios y de Estado;<\/li>\n<li>t\u00edtulos de especializaci\u00f3n;<\/li>\n<li>t\u00edtulos de habilitaci\u00f3n profesional;<\/li>\n<li>t\u00edtulos de formaci\u00f3n profesional;<\/li>\n<li>cursos de actualizaci\u00f3n;<\/li>\n<li>t\u00edtulos de calificaciones t\u00e9cnicas;<\/li>\n<li>\n<div align=\"justify\">situaci\u00f3n de rentas o econ\u00f3mica, incluso con el prop\u00f3sito de obtener la concesi\u00f3n de beneficios y ventajas de cualquier tipo, contemplados por leyes especiales;<\/div>\n<\/li>\n<li>dispensa de espec\u00edficas obligaciones tributarias con indicaci\u00f3n del importe;<\/li>\n<li>c\u00f3digo fiscal o n\u00famero IVA (equivalente al RUC);<\/li>\n<li>cualquier dato del Registro Tributario;<\/li>\n<li>estado de desocupaci\u00f3n;<\/li>\n<li>calidad de jubilado y categor\u00eda de la pensi\u00f3n;<\/li>\n<li>calidad de estudiante;<\/li>\n<li>calidad de ama de casa;<\/li>\n<li>\n<div align=\"justify\">calidad de representante legal de personas f\u00edsicas o jur\u00eddicas, de tutor, de curador o similares;<\/div>\n<\/li>\n<li>inscripci\u00f3n en asociaciones o agrupaciones sociales de cualquier tipo;<\/li>\n<li>\n<div align=\"justify\">cumplimiento o no de obligaciones militares, incluyendo aquellas comprendidas en el Art. 77 del D.P.R. n. 237\/64, modificado por el Art. 22 de la Ley 958\/86;<\/div>\n<\/li>\n<li>ausencia de condenas penales;<\/li>\n<li>calidad de dependencia econ\u00f3mica;<\/li>\n<li>\n<div align=\"justify\">todos aquellos datos de conocimiento directo del interesado contenidos en el Registro del Estado Civil.<\/div>\n<\/li>\n<\/ul>\n<p><strong>C\u00d3MO HACER UNA DECLARACI\u00d3N JURADA <em>(\u00abDICHIARAZIONE SOSTITUTIVA\u00bb)<\/em>:<\/strong><\/p>\n<p>La declaraci\u00f3n jurada que reemplaza las certificaciones normales, se puede hacer redact\u00e1ndola en papel simple y firmando bajo la propia responsabilidad (no es necesario firmarla delante del empleado consular), o llenando el formulario adecuado.<\/p>\n<p>Adem\u00e1s, es posible enviar documentos, actas y certificados a la administraci\u00f3n p\u00fablica por fax, correo tradicional, o medios inform\u00e1ticos.<\/p>\n<p><strong>DECLARACIONES JURADAS<\/strong><\/p>\n<p>Los interesados pueden recurrir a la \u00abauto-certificaci\u00f3n\u00bb para estados, hechos y cualidades personales que sean certificables por parte de la Administraci\u00f3n P\u00fablica, mediante una declaraci\u00f3n jurada <em>(\u00abdichiarazione sostitutiva dell&#8217;atto di notorieta\u00bb)<\/em>, de conformidad con el Art.47 del Decreto Ley 445\/2000.<\/p>\n<p>La declaraci\u00f3n jurada, puede ser efectuada declarando hechos, estados o cualidades personales de conocimiento directo del interesado, ante un funcionario competente, para recibir la documentaci\u00f3n, o ante de un notario, canciller, secretario municipal o cualquier otro funcionario delegado por el alcalde italiano.<\/p>\n<p>En caso de que se tratara de estados, hechos y cualidades certificables o que pueden ser declarados por otro funcionario p\u00fablico, y la administraci\u00f3n considere oportuno verificar la veracidad de las declaraciones, tiene 15 d\u00edas de tiempo &#8211; desde la fecha de la declaraci\u00f3n &#8211; para solicitar la documentaci\u00f3n necesaria.<\/p>\n<p><strong>Validez de las auto-certificaciones <em>(\u00abdichiarazioni sostitutive\u00bb)<\/em> y de las declaraciones juradas <em>(\u00abatti notori\u00bb)<\/em>:<\/strong><\/p>\n<p>Las declaraciones juradas tienen la misma validez que los documentos que sustituyen.<\/p>\n<p>Normalmente, los certificados tienen una validez de seis meses desde la fecha de su emisi\u00f3n, salvo que las normas de ley o reglamentos no dispongan una validez superior.<\/p>\n<p>La validez de las certificaciones relacionadas con los datos personales y aquellas relacionadas con el estado civil, se puede prolongar si el interesado declara que los datos contenidos en el certificado no han sufrido modificaciones y suscribe dicha declaraci\u00f3n.<\/p>\n<p>En cambio, tienen validez ilimitada los certificados y las declaraciones juradas que certifiquen estados y hechos personales que no est\u00e1n sujetos a modificaciones (certificados de nacimiento, de defunci\u00f3n, t\u00edulos de estudio, etc.).<\/p>\n<p><strong>En qu\u00e9 casos NUNCA puede ser admitida una auto-certificaci\u00f3n<\/strong><\/p>\n<p>La posibilidad de hacer uso de una auto-certificaci\u00f3n nunca es admitida para los siguientes certificados:<\/p>\n<ul>\n<li>m\u00e9dicos;<\/li>\n<li>sanitarios;<\/li>\n<li>veterinarios;<\/li>\n<li>de origen;<\/li>\n<li>de conformidad a la Uni\u00f3n Europea;<\/li>\n<li>marcas;<\/li>\n<li>patentes.<\/li>\n<\/ul>\n<p dir=\"ltr\" align=\"justify\"><strong><br \/>\nCasos en los cuales la Administraci\u00f3n P\u00fablica NO PUEDE solicitar certificaciones a los conciudadanos<\/strong><\/p>\n<p>En el caso en que se deba certificar los datos relativos al apellido, nombre, lugar y fecha de nacimiento, ciudadan\u00eda, estado civil y residencia, la Administraci\u00f3n P\u00fablica no puede solicitar certificaciones, sino que es suficiente que el interesado exhiba un documento de identidad.<\/p>\n<p>La registraci\u00f3n de los datos se efect\u00faa con la fotocopia simple del documento exhibido.<\/p>\n<p>Si el documento ya no es v\u00e1lido, el interesado tiene que declarar, al margen de la fotocopia, que los datos contenidos en el documento no han sufrido variaciones desde la fecha de su emisi\u00f3n.<\/p>\n<p><strong>Sanciones para los ciudadanos que proporcionan declaraciones falsas<\/strong><\/p>\n<p>Si las administraciones tienen dudas sobre la validez de las auto-certificaciones, est\u00e1n obligadas a efectuar los controles necesarios.<\/p>\n<p>En caso de que se descubran declaraciones no verdaderas, la falsedad en los actos y el uso de documentos falsos son sancionados de conformidad con el c\u00f3digo penal y dem\u00e1s leyes sobre la materia.<\/p>\n<p>El declarante, adem\u00e1s, pierde los beneficios eventualmente conseguidos gracias a prove\u00eddos emitidos, basados en declaraciones falsas.<\/p>\n<p><strong>Documentos de identidad<\/strong><\/p>\n<p>En los casos en que se solicita un documento de identidad, este puede ser reemplazado por un documento de identidad equivalente. Son equivalentes a la tarjeta de identidad <em>(\u00abcarta d&#8217;identit\u00e0\u00bb)<\/em>:<\/p>\n<ul>\n<li>pasaporte;<\/li>\n<li>licencia de conducir;<\/li>\n<li>licencia n\u00e1utica;<\/li>\n<li>credencial de jubilado;<\/li>\n<li>licencia de habilitaci\u00f3n a operar plantas t\u00e9rmicas;<\/li>\n<li>licencia para portar armas;<\/li>\n<li>\n<div align=\"justify\">tarjetas de identidad emitidas por alguna administraci\u00f3n del Estado, siempre y cuando tengan fotograf\u00eda y sello o cualquier otra marca o firma equivalente.<\/div>\n<\/li>\n<\/ul>\n<p dir=\"ltr\" align=\"justify\">En caso de que un documento est\u00e9 vencido, este tambi\u00e9n puede ser exhibido, con una declaraci\u00f3n del interesado, sobre la fotocopia del documento, indicando que los datos que aparecen en este, no han sufrido variaciones.<\/p>\n<\/div>\n","protected":false},"excerpt":{"rendered":"La Oficina Notarial de la canciller\u00eda consular de la embajada est\u00e1 autorizada a recibir las actas entre personas vivientes y aquellas de \u00faltima voluntad, a ocuparse de su dep\u00f3sito, y a emitir copias y extractos. Los servicios notariales est\u00e1n a disposici\u00f3n de ciudadanos italianos que se encuentren en el extranjero (fuera de Italia), ya sea [&hellip;]","protected":false},"author":1,"featured_media":0,"parent":187,"menu_order":10,"comment_status":"closed","ping_status":"closed","template":"","meta":{"footnotes":""},"class_list":["post-193","page","type-page","status-publish","hentry"],"_links":{"self":[{"href":"https:\/\/amblima.esteri.it\/es\/wp-json\/wp\/v2\/pages\/193","targetHints":{"allow":["GET"]}}],"collection":[{"href":"https:\/\/amblima.esteri.it\/es\/wp-json\/wp\/v2\/pages"}],"about":[{"href":"https:\/\/amblima.esteri.it\/es\/wp-json\/wp\/v2\/types\/page"}],"author":[{"embeddable":true,"href":"https:\/\/amblima.esteri.it\/es\/wp-json\/wp\/v2\/users\/1"}],"replies":[{"embeddable":true,"href":"https:\/\/amblima.esteri.it\/es\/wp-json\/wp\/v2\/comments?post=193"}],"version-history":[{"count":6,"href":"https:\/\/amblima.esteri.it\/es\/wp-json\/wp\/v2\/pages\/193\/revisions"}],"predecessor-version":[{"id":4744,"href":"https:\/\/amblima.esteri.it\/es\/wp-json\/wp\/v2\/pages\/193\/revisions\/4744"}],"up":[{"embeddable":true,"href":"https:\/\/amblima.esteri.it\/es\/wp-json\/wp\/v2\/pages\/187"}],"wp:attachment":[{"href":"https:\/\/amblima.esteri.it\/es\/wp-json\/wp\/v2\/media?parent=193"}],"curies":[{"name":"wp","href":"https:\/\/api.w.org\/{rel}","templated":true}]}}