{"id":194,"date":"2023-04-11T18:19:34","date_gmt":"2023-04-11T23:19:34","guid":{"rendered":"https:\/\/amblima.esteri.it\/servizi-consolari-e-visti\/servizi-per-il-cittadino-italiano\/pensioni-e-sicurezza-sociale\/"},"modified":"2025-08-01T12:20:18","modified_gmt":"2025-08-01T17:20:18","slug":"pensioni-e-sicurezza-sociale","status":"publish","type":"page","link":"https:\/\/amblima.esteri.it\/es\/servizi-consolari-e-visti\/servizi-per-il-cittadino-italiano\/pensioni-e-sicurezza-sociale\/","title":{"rendered":"Pensiones y seguridad social"},"content":{"rendered":"<p class=\"boxLevel03\"><strong>SEGURIDAD SOCIAL<\/strong><\/p>\n<p dir=\"ltr\" align=\"justify\">Por \u00abseguridad social\u00bb se entiende el conjunto de intervenciones con el prop\u00f3sito de conceder bienes y servicios en favor de los ciudadanos italianos que se encuentren en condiciones de necesidad; tales intervenciones van desde los cuidados gratuitos para los indigentes, a la predisposici\u00f3n e integraci\u00f3n de organismos e instituciones que aseguren &#8211; a los ciudadanos italianos discapacitados, que no pueden trabajar, y sin medios sociales para vivir &#8211; su manutenci\u00f3n y asistencia social, y, a los trabajadores, los medios adecuados para las exigencias de vida en caso de accidente, enfermedad, invalidez, vejez y desocupaci\u00f3n involuntaria.<\/p>\n<p>La seguridad social comprende:<\/p>\n<ul>\n<li>\n<div align=\"justify\">la asistencia social que absuelve una funci\u00f3n gen\u00e9rica de tutela para los indigentes, tutela que se extiende a todos los ciudadanos en cada ocasi\u00f3n de necesidad, dentro de los l\u00edmites de disponibilidad de la entidad que los concede;<\/div>\n<\/li>\n<li>\n<div align=\"justify\">la seguridad social que absuelve la funci\u00f3n espec\u00edfica de tutela de los trabajadores.<\/div>\n<\/li>\n<\/ul>\n<p dir=\"ltr\" align=\"justify\">Para mayor informaci\u00f3n y saber los requisitos para las prestaciones previstas por la ley, se aconseja visitar la <a href=\"https:\/\/www.inps.it\/it\/it.html\"><strong><em>p\u00e1gina web del INPS<\/em><\/strong><\/a>.<\/p>\n<p><strong>LA SEGURIDAD SOCIAL INTERNACIONAL<\/strong><\/p>\n<p dir=\"ltr\" align=\"justify\">Por \u00abseguridad social internacional\u00bb se entiende la protecci\u00f3n social de los ciudadanos de un pa\u00eds residentes permanentemente en otro, garantizada por una norma internacional.\u00a0 En el \u00e1rea de la Uni\u00f3n Europea, la protecci\u00f3n social se efect\u00faa a trav\u00e9s de la aplicaci\u00f3n de los Reglamentos Comunitarios de Seguridad Social,\u00a0 aplicables directa e inmediatamente en el territorio de los 27 pa\u00edses que actualmente conforman la Uni\u00f3n Europea.<\/p>\n<p>Desde el 1 de junio de 2002 esta norma se aplica tambi\u00e9n en la Confederaci\u00f3n Suiza, gracias a un convenio suscrito con esta.<\/p>\n<p>En el \u00e1rea extra-comunitaria, la protecci\u00f3n social se efect\u00faa a trav\u00e9s de convenciones bilaterales.<\/p>\n<p>Para mayores detalles consulte la <a href=\"https:\/\/www.inps.it\/it\/it.html\"><strong><em>p\u00e1gina web del INPS<\/em><\/strong><\/a>.<\/p>\n<p><strong><br \/>\nPAGO DE LAS PENSIONES EN EL EXTRANJERO<\/strong><\/p>\n<p dir=\"ltr\" align=\"justify\">Para el pago de las pensiones a los residentes elegibles en el extranjero (m\u00e1s de 411 mil en 131 pa\u00edses), el INPS utiliza una entidad de cr\u00e9dito escogida a trav\u00e9s de licitaci\u00f3n, que se renueva cada tres a\u00f1os. A su vex, el banco encargado del servicio, trabaja con las entidades de cr\u00e9dito correspondientes a las diferentes \u00e1reas.<\/p>\n<p>Las pensiones se pagan mensualmente a los residentes en el extranjero. Aquellas de importe inferior al l\u00edmite establecido por la ley, son pagadas semestralmente, como sucede con los jubilados en Italia. Dicho pago puede ser efectuado con abono en la cuenta corriente del jubilado. El banco encargado tiene la labor de verificar anualmente la existencia en vida, direcci\u00f3n y residencia del jubilado.<\/p>\n<p>A partir de febrero de 2012, el pago de las pensiones en el extranjero lo realiza el CITIBANK.<\/p>\n<p>La modalidad acordada entre el INPS y el CITIBANK para la demostraci\u00f3n de la existencia en vida prev\u00e9 que el jubilado llene el documento \u00abCertificado de Supervivencia\u00bb (que le enviar\u00e1 el Banco a su domicilio), firme el documento y legalice la suscripci\u00f3n en la oficina consular, o ante un funcionario p\u00fablico reconocido por la legislaci\u00f3n de su pa\u00eds de residencia, y lo env\u00ede al banco. En la p\u00e1gina web <a href=\"http:\/\/www.citibank.com\/transactionservices\/home\/sa\/a3\/inps\/index.jsp\"><strong><em>www.inps.citi.com<\/em><\/strong><\/a> est\u00e1 disponible toda la informaci\u00f3n necesaria, as\u00ed como la relaci\u00f3n de los funcionarios p\u00fablicos habilitados para legalizar el certificado de supervivencia en cada pa\u00eds o \u00e1rea geogr\u00e1fica, los n\u00fameros telef\u00f3nicos y correos electr\u00f3nicos espec\u00edficos para asistir al usuario, a los que el interesado puede dirigirse directamente.<\/p>\n<p>&nbsp;<\/p>\n<p><strong>PENSIONES \u2013 PATRONATOS<\/strong><\/p>\n<p>Los patronatos son organismos italianos creados para prestar asistencia a los ciudadanos en materia de seguridad social y pensiones.<\/p>\n<p>Se ocupan de la asistencia social italiana y extranjera, prestando apoyo y asesoramiento en los siguientes \u00e1mbitos:<\/p>\n<ul>\n<li>pensiones (contributivas y no contributivas): informaci\u00f3n, asesoramiento, inicio de tr\u00e1mites, b\u00fasqueda de cotizaciones laborales pagadas en otros pa\u00edses<\/li>\n<li>c\u00e1lculo de la base imponible (de los pa\u00edses donde ha trabajado)<\/li>\n<li>RED\/EST: declaraci\u00f3n de la renta a presentar en la oficina del INPS correspondiente<\/li>\n<li>problemas relacionados con diversas instituciones de seguridad social (pensiones impagadas, cambio de banco, cambio de residencia, exenci\u00f3n fiscal italiana, nuevo c\u00e1lculo de la pensi\u00f3n, etc.)<\/li>\n<li>declaraciones de diverso tipo (no cobertura sanitaria, no pensiones italianas, etc.)<\/li>\n<li>solicitud de cobertura sanitaria para los pensionistas en el extranjero<\/li>\n<li>inclusi\u00f3n del tiempo militar en la declaraci\u00f3n fiscal a efectos de pensi\u00f3n.<\/li>\n<\/ul>\n<p>&nbsp;<\/p>\n<p>En Per\u00fa operan 2 Patronatos:<\/p>\n<p>&nbsp;<\/p>\n<p><strong>PATRONATO INAS CISL<\/strong><\/p>\n<p>Calle Los Pinos 114 of. 606<\/p>\n<p>Miraflores Lima 15047<\/p>\n<p>tel. 905468440<\/p>\n<p>posta el. <a href=\"mailto:lima@inas.it\">lima@inas.it<\/a> \/ <a href=\"mailto:a.carpentieri@inas.it\">a.carpentieri@inas.it<\/a><\/p>\n<p>web\u00a0<a href=\"https:\/\/patronatoinas.pe\/\">https:\/\/patronatoinas.pe\/<\/a><\/p>\n<p>&nbsp;<\/p>\n<p><strong>PATRONATO INCA CGIL<\/strong><\/p>\n<p>Av. Las Nazarenas 326<\/p>\n<p>Lima 15039<\/p>\n<p>Tel. +512754523\/22<\/p>\n<p>Posta el. <a href=\"mailto:lima.peru@inca.it\">lima.peru@inca.it<\/a><\/p>\n","protected":false},"excerpt":{"rendered":"SEGURIDAD SOCIAL Por \u00abseguridad social\u00bb se entiende el conjunto de intervenciones con el prop\u00f3sito de conceder bienes y servicios en favor de los ciudadanos italianos que se encuentren en condiciones de necesidad; tales intervenciones van desde los cuidados gratuitos para los indigentes, a la predisposici\u00f3n e integraci\u00f3n de organismos e instituciones que aseguren &#8211; a [&hellip;]","protected":false},"author":1,"featured_media":0,"parent":187,"menu_order":12,"comment_status":"closed","ping_status":"closed","template":"","meta":{"footnotes":""},"class_list":["post-194","page","type-page","status-publish","hentry"],"_links":{"self":[{"href":"https:\/\/amblima.esteri.it\/es\/wp-json\/wp\/v2\/pages\/194","targetHints":{"allow":["GET"]}}],"collection":[{"href":"https:\/\/amblima.esteri.it\/es\/wp-json\/wp\/v2\/pages"}],"about":[{"href":"https:\/\/amblima.esteri.it\/es\/wp-json\/wp\/v2\/types\/page"}],"author":[{"embeddable":true,"href":"https:\/\/amblima.esteri.it\/es\/wp-json\/wp\/v2\/users\/1"}],"replies":[{"embeddable":true,"href":"https:\/\/amblima.esteri.it\/es\/wp-json\/wp\/v2\/comments?post=194"}],"version-history":[{"count":6,"href":"https:\/\/amblima.esteri.it\/es\/wp-json\/wp\/v2\/pages\/194\/revisions"}],"predecessor-version":[{"id":6534,"href":"https:\/\/amblima.esteri.it\/es\/wp-json\/wp\/v2\/pages\/194\/revisions\/6534"}],"up":[{"embeddable":true,"href":"https:\/\/amblima.esteri.it\/es\/wp-json\/wp\/v2\/pages\/187"}],"wp:attachment":[{"href":"https:\/\/amblima.esteri.it\/es\/wp-json\/wp\/v2\/media?parent=194"}],"curies":[{"name":"wp","href":"https:\/\/api.w.org\/{rel}","templated":true}]}}