{"id":196,"date":"2023-04-11T18:20:09","date_gmt":"2023-04-11T23:20:09","guid":{"rendered":"https:\/\/amblima.esteri.it\/servizi-consolari-e-visti\/servizi-per-il-cittadino-italiano\/autoveicoli-e-patenti-di-guida\/"},"modified":"2026-02-11T12:22:23","modified_gmt":"2026-02-11T17:22:23","slug":"autoveicoli-e-patenti-di-guida","status":"publish","type":"page","link":"https:\/\/amblima.esteri.it\/es\/servizi-consolari-e-visti\/servizi-per-il-cittadino-italiano\/autoveicoli-e-patenti-di-guida\/","title":{"rendered":"Veh\u00edculos y licencias de conducir"},"content":{"rendered":"<div>\n<p class=\"boxLevel03\">Seg\u00fan lo establecido en el art. 52, apartado 1, inciso c del d.lgs. 71\/2011, la renovaci\u00f3n de la licencia de conducir est\u00e1 prevista para los ciudadanos italianos residentes en el extranjero regularmente inscritos en el A.I.R.E. (Registro de Italianos Residentes en el Extranjero), por lo menos 6 meses antes de realizar el tr\u00e1mite. Dicha renovaci\u00f3n ser\u00e1 efectuada por la embajada o consulado competentes, de acuerdo a su pa\u00eds de residencia, siempre que no hayan transcurrido cinco a\u00f1os de su vencimiento.<br \/>\n<strong><br \/>\nC\u00f3mo renovarla:<\/strong><\/p>\n<ol>\n<li>\n<div align=\"justify\">El interesado debe ponerse en contacto con el <a href=\"https:\/\/amblima.esteri.it\/es\/servizi-consolari-e-visti\/servizi-per-il-cittadino-italiano\/medico-de-confianza\/\"><strong>m\u00e9dico de confianza<\/strong><\/a> de la embajada, quien proceder\u00e1 a verificar los requisitos psicof\u00edsicos, en base a las normas legales italianas y a su reglamentaci\u00f3n, indicadas por el Ministerio de Transportes.<\/div>\n<\/li>\n<li>\n<div align=\"justify\">Debe coordinar la cita directamente con el m\u00e9dico, as\u00ed como encargarse de la cancelaci\u00f3n de los honorarios del mismo.<\/div>\n<\/li>\n<li>\n<div align=\"justify\">Acercarse a la oficina consular de la embajada, previa cita, con el certificado de idoneidad emitido por el m\u00e9dico de confianza y realizar el pago de los derechos, <a href=\"https:\/\/amblima.esteri.it\/es\/servizi-consolari-e-visti\/servizi-per-il-cittadino-italiano\/albo-consolare-e-altri-servizi\/tarifario-consular\/\"><strong>ver tarifario consular<\/strong><\/a>.<\/div>\n<\/li>\n<\/ol>\n<p align=\"justify\">El certificado de renovaci\u00f3n de la licencia puede ser conservado junto a la licencia misma o en un lugar separado. No es necesario tenerlos juntos.<\/p>\n<p align=\"justify\">En cambio, con respecto a la expedici\u00f3n del certificado de validez de la licencia de conducir italiana, dicho tr\u00e1mite debe realizarse en Italia, en las oficinas competentes de la <em>Motorizzazione Civile<\/em>, para lo cual se recomienda consultar el siguiente enlace del Ministerio de Infraestructura y Transporte, <a href=\"https:\/\/www.mit.gov.it\/attestato-validita-patente-di-guida\">haciendo clic aqu\u00ed<\/a>.<\/p>\n<p align=\"justify\">Se informa a los usuarios que, en todo caso, de conformidad con el art\u00edculo 52, apartado 1, letra g), es posible solicitar un certificado que haga referencia a la legislaci\u00f3n vigente en Italia en materia de licencias de conducir, en la Embajada de Italia.<\/p>\n<\/div>\n","protected":false},"excerpt":{"rendered":"Seg\u00fan lo establecido en el art. 52, apartado 1, inciso c del d.lgs. 71\/2011, la renovaci\u00f3n de la licencia de conducir est\u00e1 prevista para los ciudadanos italianos residentes en el extranjero regularmente inscritos en el A.I.R.E. (Registro de Italianos Residentes en el Extranjero), por lo menos 6 meses antes de realizar el tr\u00e1mite. Dicha renovaci\u00f3n [&hellip;]","protected":false},"author":1,"featured_media":0,"parent":187,"menu_order":16,"comment_status":"closed","ping_status":"closed","template":"","meta":{"footnotes":""},"class_list":["post-196","page","type-page","status-publish","hentry"],"_links":{"self":[{"href":"https:\/\/amblima.esteri.it\/es\/wp-json\/wp\/v2\/pages\/196","targetHints":{"allow":["GET"]}}],"collection":[{"href":"https:\/\/amblima.esteri.it\/es\/wp-json\/wp\/v2\/pages"}],"about":[{"href":"https:\/\/amblima.esteri.it\/es\/wp-json\/wp\/v2\/types\/page"}],"author":[{"embeddable":true,"href":"https:\/\/amblima.esteri.it\/es\/wp-json\/wp\/v2\/users\/1"}],"replies":[{"embeddable":true,"href":"https:\/\/amblima.esteri.it\/es\/wp-json\/wp\/v2\/comments?post=196"}],"version-history":[{"count":6,"href":"https:\/\/amblima.esteri.it\/es\/wp-json\/wp\/v2\/pages\/196\/revisions"}],"predecessor-version":[{"id":7352,"href":"https:\/\/amblima.esteri.it\/es\/wp-json\/wp\/v2\/pages\/196\/revisions\/7352"}],"up":[{"embeddable":true,"href":"https:\/\/amblima.esteri.it\/es\/wp-json\/wp\/v2\/pages\/187"}],"wp:attachment":[{"href":"https:\/\/amblima.esteri.it\/es\/wp-json\/wp\/v2\/media?parent=196"}],"curies":[{"name":"wp","href":"https:\/\/api.w.org\/{rel}","templated":true}]}}