{"id":197,"date":"2023-04-11T18:20:20","date_gmt":"2023-04-11T23:20:20","guid":{"rendered":"https:\/\/amblima.esteri.it\/servizi-consolari-e-visti\/servizi-per-il-cittadino-italiano\/codice-fiscale\/"},"modified":"2026-02-20T13:34:27","modified_gmt":"2026-02-20T18:34:27","slug":"codice-fiscale","status":"publish","type":"page","link":"https:\/\/amblima.esteri.it\/es\/servizi-consolari-e-visti\/servizi-per-il-cittadino-italiano\/codice-fiscale\/","title":{"rendered":"Codice fiscale"},"content":{"rendered":"<p class=\"boxLevel03\" style=\"text-align: justify;\"><strong>Informaci\u00f3n para ciudadanos italianos inscritos en AIRE y ciudadanos extranjeros<\/strong><\/p>\n<ol>\n<li style=\"text-align: justify;\"><strong>\u00bfQu\u00e9 es?<\/strong><\/li>\n<\/ol>\n<p style=\"text-align: justify;\">El c\u00f3digo fiscal es el c\u00f3digo alfanum\u00e9rico emitido por la <em>Agenzia delle Entrate<\/em> para identificar al ciudadano (italiano o extranjero) en las relaciones con las administraciones p\u00fablicas, privadas y entidades, italianas. Para las personas f\u00edsicas, el c\u00f3digo fiscal se determina en funci\u00f3n de sus datos personales.<\/p>\n<ol style=\"text-align: justify;\" start=\"2\">\n<li><strong>\u00bfA qu\u00e9 sirve?<\/strong><\/li>\n<\/ol>\n<p style=\"text-align: justify;\">Cualquier tr\u00e1mite administrativo (pago de impuestos, tributos, alquileres, etc.) o actividad de negociaci\u00f3n (aceptaci\u00f3n de herencias, contratos con entidades p\u00fablicas o privadas, solicitud de financiaci\u00f3n, patrocinio, arrendamiento o cesi\u00f3n de bienes inmuebles, etc.) requiere consignar el c\u00f3digo fiscal de la persona que lo realiza.<\/p>\n<ol style=\"text-align: justify;\" start=\"3\">\n<li><strong> \u00bfC\u00f3mo presentar la solicitud?<\/strong><\/li>\n<\/ol>\n<p style=\"text-align: justify;\">Los ciudadanos italianos residentes en el extranjero pueden solicitar el c\u00f3digo fiscal a trav\u00e9s de la Oficina Consular, as\u00ed como directamente ante las oficinas de la <em>Agenzia delle Entrate<\/em> situadas en territorio italiano, de conformidad con el art. 1 del Decreto Ministerial N.\u00ba 281 de 17 de mayo de 2001, teniendo en cuenta la distribuci\u00f3n amplia de oficinas de la <em>Agenzia delle Entrate<\/em> en Italia.<\/p>\n<p style=\"text-align: justify;\">Los ciudadanos extranjeros que no residan en Italia podr\u00e1n expresamente delegar a una tercera persona para que presente el formulario de solicitud del c\u00f3digo fiscal directamente en las oficinas de la <em>Agenzia delle Entrate<\/em> presentes en el territorio italiano.<\/p>\n<h3><\/h3>\n<h3 style=\"text-align: justify;\"><strong>CIUDADANOS ITALIANOS RESIDENTES EN EL EXTRANJERO E INSCRITOS EN AIRE<\/strong><\/h3>\n<p style=\"text-align: justify;\">Los ciudadanos italianos mayores de edad inscritos en AIRE pueden solicitar el c\u00f3digo fiscal, para ellos y para sus hijos menores, por v\u00eda telem\u00e1tica a trav\u00e9s del portal Fast-it, accediendo al servicio correspondiente y siguiendo las instrucciones. Asimismo, a trav\u00e9s del portal Fast-it ser\u00e1 posible descargar el certificado del c\u00f3digo fiscal, una vez finalizado el tr\u00e1mite.<\/p>\n<p style=\"text-align: justify;\"><strong><em>\u00bfC\u00f3mo?<\/em><\/strong><\/p>\n<ol style=\"text-align: justify;\">\n<li>Ingresar al Portal Fast-It;<\/li>\n<li>Hacer clic en \u201cAnagrafe Consolare e AIRE\u201d y luego en \u00abAttribuzione Codice Fiscale\u201d;<\/li>\n<li>Confirmar los datos e inviar la solicitud;<\/li>\n<li>Despu\u00e9s de la aprobaci\u00f3n de la solicitud por parte del Consulado, se podr\u00e1 descargar el certificado de atribuci\u00f3n del C\u00f3digo Fiscal.<\/li>\n<\/ol>\n<p style=\"text-align: justify;\"><strong><em>Si no es posible descargar el certificado de atribuci\u00f3n del C\u00f3digo Fiscal:<\/em><\/strong><\/p>\n<ol style=\"text-align: justify;\">\n<li>Registrarse en el <a href=\"https:\/\/serviziconsolari.esteri.it\/#_blank\">portal FAST IT<\/a>, o ingresar con las credenciales de un usuario ya existente;<\/li>\n<li>Solicitar \u201cAssociazione Online\u00bb, hacer clic en \u201cAnagrafe Consolare e AIRE\u201d y luego en \u201cVisualizzare la propria scheda anagrafica\u201d;<\/li>\n<li>Se enviar\u00e1 un correo electr\u00f3nico mediante el cual se confirma la asociaci\u00f3n.<\/li>\n<li>Ingresar nuevamente al portal y descargar el certificado.<\/li>\n<\/ol>\n<p style=\"text-align: justify;\">Los ciudadanos italianos mayores de edad inscritos en AIRE que ya cuentan con un c\u00f3digo fiscal podr\u00e1n descargar el certificado de atribuci\u00f3n a trav\u00e9s del portal Fast-it, accediendo al servicio correspondiente y siguiendo las instrucciones. En tal caso, no ser\u00e1 necesario el tr\u00e1mite presencial a trav\u00e9s de la Oficina Consular.<\/p>\n<p style=\"text-align: justify;\">Quienes deseen obtener el carn\u00e9 f\u00edsico de c\u00f3digo fiscal deben solicitarlo presentando el <a href=\"https:\/\/www.agenziaentrate.gov.it\/portale\/documents\/20143\/278893\/modello+editabile+AA4_8_AA4-8+ita.pdf\/e614eda6-701e-c62f-76e5-bdfcd731060a\">formulario<\/a> correspondiente y una copia de un documento de identidad.<\/p>\n<p style=\"text-align: justify;\">En caso de p\u00e9rdida o deterioro del certificado impreso o del carn\u00e9 plastificado, puede solicitarse un duplicado siguiendo el mismo tr\u00e1mite que para la asignaci\u00f3n.<\/p>\n<p>&nbsp;<\/p>\n<h3 style=\"text-align: justify;\">CIUDADANOS EXTRANJEROS NO RESIDENTES EN ITALIA<\/h3>\n<p style=\"text-align: justify;\">Los ciudadanos extranjeros pueden solicitar el c\u00f3digo fiscal de las siguientes maneras:<\/p>\n<ul>\n<li style=\"text-align: justify;\">A trav\u00e9s de la <strong>oficina consular italiana competente por residencia, <span style=\"text-decoration: underline;\">previa cita a trav\u00e9s de Prenot@mi<\/span><\/strong>.<\/li>\n<\/ul>\n<p style=\"text-align: justify;\">La solicitud del c\u00f3digo fiscal, que se debe presentar completando el <a href=\"https:\/\/www.agenziaentrate.gov.it\/portale\/documents\/20143\/278893\/modello+editabile+AA4_8_AA4-8+ita.pdf\/e614eda6-701e-c62f-76e5-bdfcd731060a\">formulario<\/a> correspondiente, deber\u00e1 ir acompa\u00f1ada de una copia de un documento de identidad y de una justificaci\u00f3n de los fundamentos.<\/p>\n<p style=\"text-align: justify;\">Para m\u00e1s informaci\u00f3n, se recomienda escribir a la direcci\u00f3n de correo electr\u00f3nico <a href=\"mailto:cancconsolare.lima@esteri.it\">cancconsolare.lima@esteri.it<\/a><\/p>\n<ul>\n<li style=\"text-align: justify;\">Mediante un <strong>poder especial<\/strong> por el que se delega a una persona la presentaci\u00f3n del formulario de solicitud del c\u00f3digo fiscal directamente en las oficinas de <strong>Agenzia delle Entrate<\/strong> ubicadas en el territorio italiano, de conformidad con el art\u00edculo 1 del Decreto Ministerial de aplicaci\u00f3n de 17 de mayo de 2001, n.\u00ba 281.<\/li>\n<\/ul>\n<p style=\"text-align: justify;\">Las direcciones de las oficinas de la Agencia Tributaria se pueden consultar en el sitio web <a href=\"http:\/\/www.agenziaentrate.it\">www.agenziaentrate.it<\/a><\/p>\n<ul>\n<li style=\"text-align: justify;\">Directamente en las oficinas de <strong>Agenzia delle Entrate<\/strong> ubicadas en el territorio italiano, una vez entrado en el pa\u00eds.<\/li>\n<\/ul>\n<p style=\"text-align: justify;\">Para m\u00e1s informaci\u00f3n, se recomienda consultar la <a href=\"https:\/\/www.agenziaentrate.gov.it\/portale\/documents\/20143\/233505\/Folder_CodiceFiscaleStranieri_08+03+23.pdf\/218dc638-ced1-3b2d-f5f2-912686b1f7fe?t=1682082253716\">Mini Gu\u00eda sobre el c\u00f3digo fiscal para extranjeros<\/a> de <strong>Agenzia delle Entrate<\/strong>, disponible en varios idiomas en el sitio web: <a href=\"https:\/\/www.agenziaentrate.gov.it\/portale\/mini-guida-codice-fiscale-per-stranieri\">La Agencia &#8211; Mini gu\u00eda sobre el c\u00f3digo fiscal para extranjeros &#8211; Agencia Tributaria<\/a><\/p>\n<p style=\"text-align: justify;\">En particular:<\/p>\n<p style=\"text-align: justify;\">Los <strong>ciudadanos de pa\u00edses de la UE que deseen residir en Italia<\/strong> pueden solicitar el c\u00f3digo fiscal presentando el formulario AA4\/8 en una oficina territorial de la Agencia Tributaria. La solicitud debe estar motivada y acompa\u00f1ada de un documento v\u00e1lido (pasaporte o documento de identidad v\u00e1lido para el extranjero).<\/p>\n<p style=\"text-align: justify;\">A los <strong>ciudadanos de pa\u00edses no pertenecientes a la UE que deseen residir en Italia<\/strong> se les asigna el c\u00f3digo fiscal:<\/p>\n<p style=\"text-align: justify;\">\u2013 por la Ventanilla \u00danica para la Inmigraci\u00f3n, presente en cada Prefectura y competente para la expedici\u00f3n del permiso de entrada a los ciudadanos extranjeros que solicitan el permiso de residencia por trabajo por cuenta ajena o reagrupaci\u00f3n familiar;<\/p>\n<p style=\"text-align: justify;\">\u2013 por la Questura, oficina de la Polic\u00eda Estatal, para los ciudadanos extranjeros que solicitan otros tipos de permisos de residencia.<\/p>\n<h3 style=\"text-align: justify;\"><span style=\"text-decoration: underline;\"><strong>Motivos de estudio<\/strong><\/span><\/h3>\n<p style=\"text-align: justify;\">Los ciudadanos extranjeros que lleguen a Italia por motivos de estudio y deban permanecer menos de 90 d\u00edas podr\u00e1n solicitar el c\u00f3digo fiscal en cualquier oficina de <strong>Agenzia delle Entrate<\/strong>.<\/p>\n<p style=\"text-align: justify;\">Los ciudadanos extranjeros que lleguen a Italia por motivos de estudio y deban permanecer m\u00e1s de 90 d\u00edas deben solicitar previamente el permiso de residencia a la Questura y, en esa fase, recibir\u00e1n el c\u00f3digo fiscal.<\/p>\n<p>&nbsp;<\/p>\n<p>&nbsp;<\/p>\n","protected":false},"excerpt":{"rendered":"Informaci\u00f3n para ciudadanos italianos inscritos en AIRE y ciudadanos extranjeros \u00bfQu\u00e9 es? El c\u00f3digo fiscal es el c\u00f3digo alfanum\u00e9rico emitido por la Agenzia delle Entrate para identificar al ciudadano (italiano o extranjero) en las relaciones con las administraciones p\u00fablicas, privadas y entidades, italianas. Para las personas f\u00edsicas, el c\u00f3digo fiscal se determina en funci\u00f3n de [&hellip;]","protected":false},"author":1,"featured_media":0,"parent":187,"menu_order":18,"comment_status":"closed","ping_status":"closed","template":"","meta":{"footnotes":""},"class_list":["post-197","page","type-page","status-publish","hentry"],"_links":{"self":[{"href":"https:\/\/amblima.esteri.it\/es\/wp-json\/wp\/v2\/pages\/197","targetHints":{"allow":["GET"]}}],"collection":[{"href":"https:\/\/amblima.esteri.it\/es\/wp-json\/wp\/v2\/pages"}],"about":[{"href":"https:\/\/amblima.esteri.it\/es\/wp-json\/wp\/v2\/types\/page"}],"author":[{"embeddable":true,"href":"https:\/\/amblima.esteri.it\/es\/wp-json\/wp\/v2\/users\/1"}],"replies":[{"embeddable":true,"href":"https:\/\/amblima.esteri.it\/es\/wp-json\/wp\/v2\/comments?post=197"}],"version-history":[{"count":7,"href":"https:\/\/amblima.esteri.it\/es\/wp-json\/wp\/v2\/pages\/197\/revisions"}],"predecessor-version":[{"id":7475,"href":"https:\/\/amblima.esteri.it\/es\/wp-json\/wp\/v2\/pages\/197\/revisions\/7475"}],"up":[{"embeddable":true,"href":"https:\/\/amblima.esteri.it\/es\/wp-json\/wp\/v2\/pages\/187"}],"wp:attachment":[{"href":"https:\/\/amblima.esteri.it\/es\/wp-json\/wp\/v2\/media?parent=197"}],"curies":[{"name":"wp","href":"https:\/\/api.w.org\/{rel}","templated":true}]}}