{"id":2358,"date":"2023-11-20T16:17:06","date_gmt":"2023-11-20T21:17:06","guid":{"rendered":"https:\/\/amblima.esteri.it\/?page_id=2358"},"modified":"2024-01-17T09:14:24","modified_gmt":"2024-01-17T14:14:24","slug":"registro-de-los-italianos-residentes-en-el-extranjero-a-i-r-e","status":"publish","type":"page","link":"https:\/\/amblima.esteri.it\/es\/servizi-consolari-e-visti\/servizi-per-il-cittadino-italiano\/registro-de-los-italianos-residentes-en-el-extranjero-a-i-r-e\/","title":{"rendered":"Registro de Italianos Residentes en el Extranjero &#8211; A.I.R.E."},"content":{"rendered":"<p align=\"justify\">El Registro de Italianos Residentes en el Extranjero (A.I.R.E.) fue instituido con la Ley n. 470 del 22 de octubre de 1988 y reglamentado con el D.P.R. n. 323 del 06 de setiembre de 1989.<\/p>\n<p>Cada municipalidad italiana tiene su propio A.I.R.E., en el cual inscriben a los ciudadanos italianos que, contempor\u00e1neamente, son borrados del Registro de la Poblaci\u00f3n Residente, despu\u00e9s de un per\u00edodo de permanencia en el extranjero superior a los doce meses.<\/p>\n<p>No deben inscribirse en el A.I.R.E. las personas que van al extranjero por motivos de permanencia limitada m\u00e1xima de un a\u00f1o: los trabajadores estacionales, los dependientes de escalaf\u00f3n del Estado de servicio en el extranjero.<\/p>\n<p>En cambio, deben inscribirse en el A.I.R.E:<\/p>\n<ul>\n<li>los ciudadanos italianos que hayan transferido su residencia al extranjero;<\/li>\n<li>las personas nacidas en el extranjero que han adquirido la ciudadan\u00eda italiana por nacimiento;<\/li>\n<li>las personas que han adquirido la ciudadan\u00eda italiana en el extranjero.<\/li>\n<\/ul>\n<p align=\"justify\">De acuerdo a las normas, la inscripci\u00f3n en el A.I.R.E. se efect\u00faa luego de que el interesado haya cumplido con su obligaci\u00f3n de comunicar su nueva direcci\u00f3n a la municipalidad italiana de \u00faltima residencia, as\u00ed como al consulado o canciller\u00eda consular de la circunscripci\u00f3n donde ha emigrado o donde naci\u00f3. La inscripci\u00f3n puede ser efectuada de oficio, en el caso de ciudadanos que no hayan presentado las debidas declaraciones, pero de cuya ubicaci\u00f3n las oficinas consulares y municipales competentes hayan tenido conocimiento, en base a datos en su poder y a las verificaciones efectuadas con tal prop\u00f3sito. En ese caso, el ciudadano es informado a trav\u00e9s de un acta administrativa de la municipalidad, y notificado\u00a0 por el consulado de residencia.<\/p>\n<p>Inscribirse en el A.I.R.E. y declarar eventuales cambios de residencia o de domicilio es un <strong>deber c\u00edvico<\/strong> que <strong>otorga la posibilidad de gozar de los servicios consulares<\/strong> (ej.: certificados de ciudadan\u00eda, leva militar, renovaci\u00f3n y emisi\u00f3n de pasaportes, etc.), <strong>obtener certificados<\/strong> de la municipalidad italiana de inscripci\u00f3n y del consulado u oficina consular en cuya circunscripci\u00f3n tiene residencia, as\u00ed como la de <strong>ejercer con regularidad su derecho de voto<\/strong>.<\/p>\n<p>En particular, la inscripci\u00f3n en el A.I.R.E. permite al estado italiano:<\/p>\n<ul>\n<li>\n<div align=\"justify\">garantizar y facilitar el ejercicio de los derechos pol\u00edticos (el voto pol\u00edtico, el voto y las candidaturas para los organismos representativos);<\/div>\n<\/li>\n<li>\n<div align=\"justify\">programar de manera m\u00e1s racional, las intervenciones de la administraci\u00f3n p\u00fablica en favor de las comunidades de italianos residentes en el extranjero;<\/div>\n<\/li>\n<li>\n<div align=\"justify\">conceder los servicios administrativos y las intervenciones de asistencia previstos para los ciudadanos italianos residentes en el extranjero.<\/div>\n<\/li>\n<\/ul>\n<p align=\"justify\">La actualizaci\u00f3n de los datos personales depende de cada uno de nosotros. Todo ciudadano italiano residente en el extranjero debe comunicar a la\u00a0 oficina consular competente:<\/p>\n<ul>\n<li>la variaci\u00f3n de su residencia o cambio de domicilio;<\/li>\n<li>\n<div align=\"justify\">las modificaciones en su estado civil (matrimonio, divorcio, nacimientos, defunciones, etc.);<\/div>\n<\/li>\n<li>el cambio de su calificaci\u00f3n profesional y de su t\u00edtulo de estudios;<\/li>\n<li>cualquier otra modificaci\u00f3n en sus datos personales.<\/li>\n<\/ul>\n<p align=\"justify\">Adem\u00e1s, los ciudadanos italianos tienen el deber de comunicar a la oficina consular: su regreso definitivo a Italia, la p\u00e9rdida de la ciudadan\u00eda italiana, la adquisici\u00f3n de otra ciudadan\u00eda sin perder la italiana, y\/o cuando ocurra una defunci\u00f3n en su familia.<\/p>\n<p>Los ciudadanos italianos tienen la obligaci\u00f3n de inscribirse en el A.I.R.E. y solo ellos tienen acceso a los servicios consulares (Ej.: tr\u00e1mites de ciudadan\u00eda, expedici\u00f3n de pasaporte, certificado aduanero para la repatriaci\u00f3n, validaci\u00f3n de firmas, etc.).<\/p>\n<p style=\"text-align: justify;\"><strong>IMPORTANTE<\/strong><\/p>\n<p style=\"text-align: justify;\">Se informa a los usuarios de que la ley n\u00ba 213, art.1, p\u00e1rrafo 242 del 30 de diciembre de 2023 ha establecido<span style=\"text-decoration: underline;\"> nuevas medidas concernientes a las inscripciones en A.I.R.E<\/span>.<\/p>\n<p style=\"text-align: justify;\">En particular, se informa de que la principal novedad se refiere a las <strong>sanciones aplicables en caso de no inscripci\u00f3n<\/strong>. La mencionada Ley prev\u00e9 una sanci\u00f3n desde los 200 hasta los 1000,00 euros por cada a\u00f1o de no inscripci\u00f3n en A.I.R.E. para todos los ciudadanos italianos residentes en el extranjero.<\/p>\n<p style=\"text-align: justify;\">La inscripci\u00f3n en A.I.R.E. es un derecho y un deber de los ciudadanos (Ley n. 470\/1988, art. 6) y es un requisito previo para acceder a los servicios consulares proporcionados por las Representaciones diplom\u00e1ticas en el extranjero, as\u00ed como para ejercer importantes derechos. <span style=\"text-decoration: underline;\">Se recuerda la importancia de tomar nota de lo establecido en la Ley n. 470 del 27 de octubre de 1988 sobre A.I.R.E.<\/span><\/p>\n<p style=\"text-align: justify;\">Para m\u00e1s informaci\u00f3n, consulte la <em>Gazzetta Ufficiale<\/em> en el siguiente enlace: <a href=\"http:\/\/gazzettaufficiale.it\/eli\/gu\/2023\/12\/30\/303\/so\/40\/sg\/pdf.\">gazzettaufficiale.it\/eli\/gu\/2023\/12\/30\/303\/so\/40\/sg\/pdf.<\/a><\/p>\n","protected":false},"excerpt":{"rendered":"El Registro de Italianos Residentes en el Extranjero (A.I.R.E.) fue instituido con la Ley n. 470 del 22 de octubre de 1988 y reglamentado con el D.P.R. n. 323 del 06 de setiembre de 1989. Cada municipalidad italiana tiene su propio A.I.R.E., en el cual inscriben a los ciudadanos italianos que, contempor\u00e1neamente, son borrados del [&hellip;]","protected":false},"author":4,"featured_media":0,"parent":187,"menu_order":0,"comment_status":"closed","ping_status":"closed","template":"","meta":{"footnotes":""},"class_list":["post-2358","page","type-page","status-publish","hentry"],"_links":{"self":[{"href":"https:\/\/amblima.esteri.it\/es\/wp-json\/wp\/v2\/pages\/2358","targetHints":{"allow":["GET"]}}],"collection":[{"href":"https:\/\/amblima.esteri.it\/es\/wp-json\/wp\/v2\/pages"}],"about":[{"href":"https:\/\/amblima.esteri.it\/es\/wp-json\/wp\/v2\/types\/page"}],"author":[{"embeddable":true,"href":"https:\/\/amblima.esteri.it\/es\/wp-json\/wp\/v2\/users\/4"}],"replies":[{"embeddable":true,"href":"https:\/\/amblima.esteri.it\/es\/wp-json\/wp\/v2\/comments?post=2358"}],"version-history":[{"count":6,"href":"https:\/\/amblima.esteri.it\/es\/wp-json\/wp\/v2\/pages\/2358\/revisions"}],"predecessor-version":[{"id":3912,"href":"https:\/\/amblima.esteri.it\/es\/wp-json\/wp\/v2\/pages\/2358\/revisions\/3912"}],"up":[{"embeddable":true,"href":"https:\/\/amblima.esteri.it\/es\/wp-json\/wp\/v2\/pages\/187"}],"wp:attachment":[{"href":"https:\/\/amblima.esteri.it\/es\/wp-json\/wp\/v2\/media?parent=2358"}],"curies":[{"name":"wp","href":"https:\/\/api.w.org\/{rel}","templated":true}]}}