{"id":2366,"date":"2023-11-20T16:24:44","date_gmt":"2023-11-20T21:24:44","guid":{"rendered":"https:\/\/amblima.esteri.it\/?page_id=2366"},"modified":"2024-07-05T16:51:27","modified_gmt":"2024-07-05T21:51:27","slug":"como-hacer-para-inscribirse-en-el-a-i-r-e","status":"publish","type":"page","link":"https:\/\/amblima.esteri.it\/es\/servizi-consolari-e-visti\/servizi-per-il-cittadino-italiano\/registro-de-los-italianos-residentes-en-el-extranjero-a-i-r-e\/como-hacer-para-inscribirse-en-el-a-i-r-e\/","title":{"rendered":"C\u00f3mo inscribirse en el A.I.R.E."},"content":{"rendered":"<div>\n<p><strong>Se invita a los conciudadanos a utilizar el Portal \u201cFast-It\u201d <\/strong>(<a href=\"https:\/\/serviziconsolari.esteri.it\/\">https:\/\/serviziconsolari.esteri.it\/<\/a>) para la inscripci\u00f3n en el AIRE y para la comunicaci\u00f3n de variaci\u00f3n de domicilio en Per\u00fa . <strong>De todas maneras, es posible solicitar las mismas operaciones a trav\u00e9s de las siguientes modalidades<\/strong>:<\/p>\n<p><strong>INSCRIPCI\u00d3N EN EL AIRE<\/strong>:<\/p>\n<p>La solicitud se puede presentar tambi\u00e9n:<\/p>\n<p><strong>Personalmente en la Canciller\u00eda Consular de la Embajada de Italia en Lima<\/strong> (Av.Giuseppe Garibaldi, 298 -Jes\u00fas Maria), previa cita a trav\u00e9s del portal Prenot@mi.<\/p>\n<p>Ser\u00e1 necesario presentar la siguiente documentaci\u00f3n:<\/p>\n<p>1) <strong>Modelo de solicitud llenado en todas sus partes y firmado<\/strong>;<\/p>\n<p>2) <strong>Fotocopia del pasaporte italiano y\/o carta de identidad italiana<\/strong>;<\/p>\n<p>3) <strong>Fotocopia del DNI peruano o Carnet de Extranjer\u00eda.<\/strong><\/p>\n<p><strong>A trav\u00e9s de consulados y viceconsulados honorarios italianos en Per\u00fa<\/strong><\/p>\n<p><a href=\"https:\/\/amblima.esteri.it\/es\/chi-siamo\/la-rete-consolare\/\">https:\/\/amblima.esteri.it\/ambasciata_lima\/es\/ambasciata\/la_rete_consolare\/la-rete-consolare.html<\/a><\/p>\n<p><strong>IMPORTANTE:<\/strong> Cada ciudadano italiano mayor de edad podr\u00e1 presentar su solicitud de inscripci\u00f3n en el AIRE para s\u00ed mismo y sus familiares convivientes que tengan ciudadan\u00eda italiana. Sin embargo, en caso de que tuviera que inscribir a un familiar cuyo estado civil (nacimiento, matrimonio, divorcio) no haya sido transcrito, ser\u00e1 necesario regularizar previamente dicha situaci\u00f3n, siguiendo las instrucciones contenidas en la secci\u00f3n \u201cESTADO CIVIL \u201d de nuestra p\u00e1gina web.<\/p>\n<\/div>\n<p><strong>En caso de dificultades objetivas y fehacientes en el uso del portal \u201cFast-It\u201d o de \u201cPrenot@mi\u201d para el citado servicio, se invita a los conciudadanos a dirigirse por correo electr\u00f3nico directamente a <a href=\"mailto:cancconsolare.lima@esteri.it\">cancconsolare.lima@esteri.it<\/a>, precisando y sustentando los problemas surgidos.<\/strong><\/p>\n<p>IMPORTANTE: Es necesario e indispensable indicar en su direcci\u00f3n el nuevo C\u00d3DIGO POSTAL NACIONAL que encontrar\u00e1 en <a href=\"http:\/\/www.codigopostal.gob.pe\/\">www.codigopostal.gob.pe,<\/a> sin el cual no ser\u00e1 posible atenderlo.<\/p>\n","protected":false},"excerpt":{"rendered":"Se invita a los conciudadanos a utilizar el Portal \u201cFast-It\u201d (https:\/\/serviziconsolari.esteri.it\/) para la inscripci\u00f3n en el AIRE y para la comunicaci\u00f3n de variaci\u00f3n de domicilio en Per\u00fa . De todas maneras, es posible solicitar las mismas operaciones a trav\u00e9s de las siguientes modalidades: INSCRIPCI\u00d3N EN EL AIRE: La solicitud se puede presentar tambi\u00e9n: Personalmente en [&hellip;]","protected":false},"author":4,"featured_media":0,"parent":2358,"menu_order":0,"comment_status":"closed","ping_status":"closed","template":"","meta":{"footnotes":""},"class_list":["post-2366","page","type-page","status-publish","hentry"],"_links":{"self":[{"href":"https:\/\/amblima.esteri.it\/es\/wp-json\/wp\/v2\/pages\/2366","targetHints":{"allow":["GET"]}}],"collection":[{"href":"https:\/\/amblima.esteri.it\/es\/wp-json\/wp\/v2\/pages"}],"about":[{"href":"https:\/\/amblima.esteri.it\/es\/wp-json\/wp\/v2\/types\/page"}],"author":[{"embeddable":true,"href":"https:\/\/amblima.esteri.it\/es\/wp-json\/wp\/v2\/users\/4"}],"replies":[{"embeddable":true,"href":"https:\/\/amblima.esteri.it\/es\/wp-json\/wp\/v2\/comments?post=2366"}],"version-history":[{"count":6,"href":"https:\/\/amblima.esteri.it\/es\/wp-json\/wp\/v2\/pages\/2366\/revisions"}],"predecessor-version":[{"id":4887,"href":"https:\/\/amblima.esteri.it\/es\/wp-json\/wp\/v2\/pages\/2366\/revisions\/4887"}],"up":[{"embeddable":true,"href":"https:\/\/amblima.esteri.it\/es\/wp-json\/wp\/v2\/pages\/2358"}],"wp:attachment":[{"href":"https:\/\/amblima.esteri.it\/es\/wp-json\/wp\/v2\/media?parent=2366"}],"curies":[{"name":"wp","href":"https:\/\/api.w.org\/{rel}","templated":true}]}}