{"id":2380,"date":"2023-11-20T16:27:45","date_gmt":"2023-11-20T21:27:45","guid":{"rendered":"https:\/\/amblima.esteri.it\/?page_id=2380"},"modified":"2023-12-22T12:37:30","modified_gmt":"2023-12-22T17:37:30","slug":"activacion-del-portal-fast-it","status":"publish","type":"page","link":"https:\/\/amblima.esteri.it\/es\/servizi-consolari-e-visti\/servizi-per-il-cittadino-italiano\/registro-de-los-italianos-residentes-en-el-extranjero-a-i-r-e\/activacion-del-portal-fast-it\/","title":{"rendered":"Activaci\u00f3n del portal \u00abFast-It\u00bb"},"content":{"rendered":"<div>\n<p>\u00a0Tambi\u00e9n est\u00e1 activo en Per\u00fa el servicio \u201cFast-It\u201d (Farnesina &#8211; Servicios Telem\u00e1ticos para Italianos en el Extranjero), canal privilegiado de contacto entre los connacionales y la sede consular de referencia, en sustituci\u00f3n de los medios de comunicaci\u00f3n tradicionales. El portal, disponible en la direcci\u00f3n <a href=\"https:\/\/serviziconsolarionline.esteri.it\">https:\/\/serviziconsolarionline.esteri.it<\/a> &#8211; tambi\u00e9n en modalidad <em>\u201cm\u00f3vil-friendly\u201d<\/em> \u2013 adem\u00e1s de algunas secciones puramente informativas, permite al d\u00eda de hoy: <strong>solicitar la inscripci\u00f3n en el AIRE, comunicar el cambio de domicilio en la misma circunscripci\u00f3n consular, <\/strong>y <strong>visualizar la propia ficha anagr\u00e1fica<\/strong>. \u00a1Todo eso a trav\u00e9s de un procedimiento en l\u00ednea guiado e intuitivo!<\/p>\n<p><a href=\"https:\/\/amblima.esteri.it\/es\/servizi-consolari-e-visti\/servizi-per-il-cittadino-italiano\/registro-de-los-italianos-residentes-en-el-extranjero-a-i-r-e\/como-hacer-para-inscribirse-en-el-a-i-r-e\/\">\u00bfQu\u00e9 es el AIRE? \u00bfEs obligatorio inscribirse?<\/a><\/p>\n<p><a href=\"https:\/\/amblima.esteri.it\/es\/servizi-consolari-e-visti\/servizi-per-il-cittadino-italiano\/registro-de-los-italianos-residentes-en-el-extranjero-a-i-r-e\/inscripcion-al-portal-fast-it\/\">\u00bfC\u00f3mo puedo registrarme en el portal \u201cFast-It\u201d?<\/a><\/p>\n<p><a href=\"https:\/\/amblima.esteri.it\/es\/servizi-consolari-e-visti\/servizi-per-il-cittadino-italiano\/registro-de-los-italianos-residentes-en-el-extranjero-a-i-r-e\/inscripcion-al-portal-fast-it\/\">\u00bfC\u00f3mo puedo solicitar la inscripci\u00f3n en el AIRE a trav\u00e9s de \u201cFast-It\u201d?<\/a><\/p>\n<p><a href=\"https:\/\/amblima.esteri.it\/es\/servizi-consolari-e-visti\/servizi-per-il-cittadino-italiano\/registro-de-los-italianos-residentes-en-el-extranjero-a-i-r-e\/comunicacion-de-la-variacion-de-domicilio-de-residencia-dentro-del-peru-a-traves-del-portal-fast-it\/\">\u00bfC\u00f3mo puedo comunicar mi cambio de direcci\u00f3n en el territorio peruano <\/a><a href=\"https:\/\/amblima.esteri.it\/es\/servizi-consolari-e-visti\/servizi-per-il-cittadino-italiano\/registro-de-los-italianos-residentes-en-el-extranjero-a-i-r-e\/comunicacion-de-la-variacion-de-domicilio-de-residencia-dentro-del-peru-a-traves-del-portal-fast-it\/\">a trav\u00e9s del portal<\/a><a href=\"https:\/\/amblima.esteri.it\/es\/servizi-consolari-e-visti\/servizi-per-il-cittadino-italiano\/registro-de-los-italianos-residentes-en-el-extranjero-a-i-r-e\/comunicacion-de-la-variacion-de-domicilio-de-residencia-dentro-del-peru-a-traves-del-portal-fast-it\/\">?<\/a><\/p>\n<p><a href=\"https:\/\/amblima.esteri.it\/es\/servizi-consolari-e-visti\/servizi-per-il-cittadino-italiano\/registro-de-los-italianos-residentes-en-el-extranjero-a-i-r-e\/visualizacion-de-la-ficha-anagrafica-personal-a-traves-del-poral-fast-it\/\">\u00bfComo puedo visualizar en Fast-It\u201d mi ficha anagr\u00e1fica que est\u00e1 en vuestro registro consular?<\/a><\/p>\n<p><a href=\"https:\/\/amblima.esteri.it\/es\/servizi-consolari-e-visti\/servizi-per-il-cittadino-italiano\/registro-de-los-italianos-residentes-en-el-extranjero-a-i-r-e\/inscripcion-en-el-aire-y-comunicacion-del-cambio-de-residencia-en-peru-a-traves-de-los-canales-tradicionales\/\">\u00bfPuedo inscribirme en el AIRE o comunicar el cambio de domicilio en Per\u00fa a trav\u00e9s de los canales tradicionales (ventanilla, correo electr\u00f3nico, etc.)?<\/a><\/p>\n<\/div>\n","protected":false},"excerpt":{"rendered":"\u00a0Tambi\u00e9n est\u00e1 activo en Per\u00fa el servicio \u201cFast-It\u201d (Farnesina &#8211; Servicios Telem\u00e1ticos para Italianos en el Extranjero), canal privilegiado de contacto entre los connacionales y la sede consular de referencia, en sustituci\u00f3n de los medios de comunicaci\u00f3n tradicionales. El portal, disponible en la direcci\u00f3n https:\/\/serviziconsolarionline.esteri.it &#8211; tambi\u00e9n en modalidad \u201cm\u00f3vil-friendly\u201d \u2013 adem\u00e1s de algunas secciones [&hellip;]","protected":false},"author":4,"featured_media":0,"parent":2358,"menu_order":0,"comment_status":"closed","ping_status":"closed","template":"","meta":{"footnotes":""},"class_list":["post-2380","page","type-page","status-publish","hentry"],"_links":{"self":[{"href":"https:\/\/amblima.esteri.it\/es\/wp-json\/wp\/v2\/pages\/2380","targetHints":{"allow":["GET"]}}],"collection":[{"href":"https:\/\/amblima.esteri.it\/es\/wp-json\/wp\/v2\/pages"}],"about":[{"href":"https:\/\/amblima.esteri.it\/es\/wp-json\/wp\/v2\/types\/page"}],"author":[{"embeddable":true,"href":"https:\/\/amblima.esteri.it\/es\/wp-json\/wp\/v2\/users\/4"}],"replies":[{"embeddable":true,"href":"https:\/\/amblima.esteri.it\/es\/wp-json\/wp\/v2\/comments?post=2380"}],"version-history":[{"count":6,"href":"https:\/\/amblima.esteri.it\/es\/wp-json\/wp\/v2\/pages\/2380\/revisions"}],"predecessor-version":[{"id":3712,"href":"https:\/\/amblima.esteri.it\/es\/wp-json\/wp\/v2\/pages\/2380\/revisions\/3712"}],"up":[{"embeddable":true,"href":"https:\/\/amblima.esteri.it\/es\/wp-json\/wp\/v2\/pages\/2358"}],"wp:attachment":[{"href":"https:\/\/amblima.esteri.it\/es\/wp-json\/wp\/v2\/media?parent=2380"}],"curies":[{"name":"wp","href":"https:\/\/api.w.org\/{rel}","templated":true}]}}