{"id":2435,"date":"2023-11-20T16:42:51","date_gmt":"2023-11-20T21:42:51","guid":{"rendered":"https:\/\/amblima.esteri.it\/?page_id=2435"},"modified":"2024-07-05T16:50:03","modified_gmt":"2024-07-05T21:50:03","slug":"inscripcion-en-el-aire-y-comunicacion-del-cambio-de-residencia-en-peru-a-traves-de-los-canales-tradicionales","status":"publish","type":"page","link":"https:\/\/amblima.esteri.it\/es\/servizi-consolari-e-visti\/servizi-per-il-cittadino-italiano\/registro-de-los-italianos-residentes-en-el-extranjero-a-i-r-e\/inscripcion-en-el-aire-y-comunicacion-del-cambio-de-residencia-en-peru-a-traves-de-los-canales-tradicionales\/","title":{"rendered":"Inscripci\u00f3n en el AIRE y comunicaci\u00f3n del cambio de residencia en Per\u00fa a trav\u00e9s de los canales tradicionales"},"content":{"rendered":"<div>\n<p style=\"text-align: justify;\"><strong>Se invita a los conciudadanos a utilizar el Portal \u00abFast-It\u00bb <\/strong>(<a href=\"https:\/\/serviziconsolari.esteri.it\/\">https:\/\/serviziconsolari.esteri.it\/<\/a>) para la inscripci\u00f3n en el AIRE y para la comunicaci\u00f3n de variaci\u00f3n de domicilio en Per\u00fa . <strong>De todas maneras, es posible solicitar las mismas operaciones a trav\u00e9s de las siguientes modalidades<\/strong>:<\/p>\n<p style=\"text-align: justify;\"><strong>INSCRIPCI\u00d3N EN EL AIRE<\/strong>:<\/p>\n<p style=\"text-align: justify;\">La solicitud se puede presentar tambi\u00e9n:<\/p>\n<p style=\"text-align: justify;\"><strong>Personalmente en la Canciller\u00eda Consular de la Embajada de Italia en Lima<\/strong> (Av.Giuseppe Garibaldi, 298 -Jes\u00fas Maria), previa cita a trav\u00e9s del portal Prenot@mi.<\/p>\n<p style=\"text-align: justify;\">Ser\u00e1 necesario presentar la siguiente documentaci\u00f3n:<\/p>\n<p style=\"text-align: justify;\">1) <strong>Modelo de solicitud llenado en todas sus partes y firmado<\/strong>;<\/p>\n<p style=\"text-align: justify;\">2) <strong>Fotocopia del pasaporte italiano y\/o carta de identidad italiana<\/strong>;<\/p>\n<p style=\"text-align: justify;\">3) <strong>Fotocopia del DNI peruano o Carnet de Extranjer\u00eda.<\/strong><\/p>\n<p style=\"text-align: justify;\"><strong>A trav\u00e9s de consulados y viceconsulados honorarios italianos en Per\u00fa<\/strong><\/p>\n<p style=\"text-align: justify;\"><a href=\"https:\/\/amblima.esteri.it\/es\/chi-siamo\/la-rete-consolare\/\">https:\/\/amblima.esteri.it\/ambasciata_lima\/es\/ambasciata\/la_rete_consolare\/la-rete-consolare.html<\/a><\/p>\n<p style=\"text-align: justify;\"><strong>IMPORTANTE:<\/strong> Cada ciudadano italiano mayor de edad podr\u00e1 presentar su solicitud de inscripci\u00f3n en el AIRE para s\u00ed mismo y sus familiares convivientes que tengan ciudadan\u00eda italiana. Sin embargo, en caso de que tuviera que inscribir a un familiar cuyo estado civil (nacimiento, matrimonio, divorcio) no haya sido transcrito, ser\u00e1 necesario regularizar previamente dicha situaci\u00f3n, siguiendo las instrucciones contenidas en la secci\u00f3n \u201cESTADO CIVIL \u201d de nuestra p\u00e1gina web.<\/p>\n<\/div>\n<p style=\"text-align: justify;\"><span style=\"text-decoration: underline;\"><strong>En caso de dificultades objetivas y fehacientes en el uso del portal \u00abFast-It\u00bb o de \u00abPrenot@mi\u00bb para el citado servicio, se invita a los conciudadanos a dirigirse por correo electr\u00f3nico directamente a <a href=\"mailto:cancconsolare.lima@esteri.it\">cancconsolare.lima@esteri.it<\/a>, precisando y sustentando los problemas surgidos.<\/strong><\/span><\/p>\n<div>\n<p style=\"text-align: justify;\"><strong>COMUNICACI\u00d3N DE CAMBIO DE DOMICILIO DENTRO DEL TERRITORIO PERUANO<\/strong><\/p>\n<p style=\"text-align: justify;\">Los ciudadanos italianos tienen la obligaci\u00f3n de mantener al d\u00eda la propia situaci\u00f3n anagr\u00e1fica, debiendo enviar prontamente a la oficina consular, cualquier aviso de cambio de direcci\u00f3n en Per\u00fa. Les recordamos que el incumplimiento de esta obligaci\u00f3n hace imposible el contacto con el ciudadano y que \u00e9ste pueda recibir los sobres electorales en caso de elecciones.<\/p>\n<p style=\"text-align: justify;\">La solicitud tambi\u00e9n se puede presentar:<\/p>\n<p style=\"text-align: justify;\"><strong>Personalmente, en la Canciller\u00eda Consular de la Embajada de Italia en Lima<\/strong> (Av. Giuseppe Garibaldi, 298 -Jes\u00fas Maria), previa cita a trav\u00e9s del portal Prenot@mi.<\/p>\n<ul style=\"text-align: justify;\">\n<li>Ser\u00e1 necesario presentar la siguiente documentaci\u00f3n:<\/li>\n<\/ul>\n<p style=\"text-align: justify;\">1) Modelo de solicitud llenado en cada una de sus partes y firmado;<\/p>\n<p style=\"text-align: justify;\">2) Fotocopia del pasaporte italiano y\/o carta de identidad italiana;<\/p>\n<p style=\"text-align: justify;\">3) Fotocopia del DNI peruano o Carnet de Extranjer\u00eda.<\/p>\n<p style=\"text-align: justify;\">A trav\u00e9s de consulados y viceconsulados honorarios italianos en Per\u00fa<\/p>\n<p style=\"text-align: justify;\"><a href=\"https:\/\/amblima.esteri.it\/es\/chi-siamo\/la-rete-consolare\/\">https:\/\/amblima.esteri.it\/ambasciata_lima\/es\/ambasciata\/la_rete_consolare\/la-rete-consolare.html<\/a><\/p>\n<p style=\"text-align: justify;\"><strong>IMPORTANTE:<\/strong> Cada ciudadano italiano mayor de edad podr\u00e1 presentar solicitud de inscripci\u00f3n en el AIRE para s\u00ed mismo y sus familiares convivientes que tengan ciudadan\u00eda italiana. Sin embargo, en caso de que tuviera que inscribir a un familiar cuyo estado civil (nacimiento, matrimonio, divorcio) no haya sido transcrito, ser\u00e1 necesario regularizar previamente dicha situaci\u00f3n, siguiendo las instrucciones contenidas en la secci\u00f3n \u201cESTADO CIVIL \u201d de nuestra p\u00e1gina web.<\/p>\n<\/div>\n","protected":false},"excerpt":{"rendered":"Se invita a los conciudadanos a utilizar el Portal \u00abFast-It\u00bb (https:\/\/serviziconsolari.esteri.it\/) para la inscripci\u00f3n en el AIRE y para la comunicaci\u00f3n de variaci\u00f3n de domicilio en Per\u00fa . De todas maneras, es posible solicitar las mismas operaciones a trav\u00e9s de las siguientes modalidades: INSCRIPCI\u00d3N EN EL AIRE: La solicitud se puede presentar tambi\u00e9n: Personalmente en [&hellip;]","protected":false},"author":4,"featured_media":0,"parent":2358,"menu_order":0,"comment_status":"closed","ping_status":"closed","template":"","meta":{"footnotes":""},"class_list":["post-2435","page","type-page","status-publish","hentry"],"_links":{"self":[{"href":"https:\/\/amblima.esteri.it\/es\/wp-json\/wp\/v2\/pages\/2435","targetHints":{"allow":["GET"]}}],"collection":[{"href":"https:\/\/amblima.esteri.it\/es\/wp-json\/wp\/v2\/pages"}],"about":[{"href":"https:\/\/amblima.esteri.it\/es\/wp-json\/wp\/v2\/types\/page"}],"author":[{"embeddable":true,"href":"https:\/\/amblima.esteri.it\/es\/wp-json\/wp\/v2\/users\/4"}],"replies":[{"embeddable":true,"href":"https:\/\/amblima.esteri.it\/es\/wp-json\/wp\/v2\/comments?post=2435"}],"version-history":[{"count":6,"href":"https:\/\/amblima.esteri.it\/es\/wp-json\/wp\/v2\/pages\/2435\/revisions"}],"predecessor-version":[{"id":4886,"href":"https:\/\/amblima.esteri.it\/es\/wp-json\/wp\/v2\/pages\/2435\/revisions\/4886"}],"up":[{"embeddable":true,"href":"https:\/\/amblima.esteri.it\/es\/wp-json\/wp\/v2\/pages\/2358"}],"wp:attachment":[{"href":"https:\/\/amblima.esteri.it\/es\/wp-json\/wp\/v2\/media?parent=2435"}],"curies":[{"name":"wp","href":"https:\/\/api.w.org\/{rel}","templated":true}]}}