{"id":2475,"date":"2023-11-21T10:00:38","date_gmt":"2023-11-21T15:00:38","guid":{"rendered":"https:\/\/amblima.esteri.it\/?page_id=2475"},"modified":"2026-03-30T16:25:17","modified_gmt":"2026-03-30T21:25:17","slug":"declaracion-de-valor","status":"publish","type":"page","link":"https:\/\/amblima.esteri.it\/es\/italia-e-peru\/diplomazia-culturale\/studiare-in-italia\/declaracion-de-valor\/","title":{"rendered":"Declaraci\u00f3n de valor"},"content":{"rendered":"<div>\n<p align=\"justify\">Los extranjeros e italianos residentes en el extranjero pueden tener acceso a las universidades italianas, presentando una solicitud en la embajada\u00a0 para obtener la Declaraci\u00f3n de Valor <em>(Dichiarazione di Valore),<\/em> a la que se debe adjuntar la documentaci\u00f3n prevista, la cual debe ser aprobada por las autoridades italianas competentes, en base a la evaluaci\u00f3n de los t\u00edtulos de estudios obtenidos en el extranjero. La embajada, adem\u00e1s, debe verificar y certificar que los t\u00edtulos de estudios de media superior permitan la admisi\u00f3n a los cursos universitarios, de acuerdo al ordenamiento del pa\u00eds en el cual han sido obtenidos.<\/p>\n<p><strong>REQUISITOS PARA SOLICITAR LA DECLARACI\u00d3N DE VALOR<\/strong><\/p>\n<p style=\"text-align: justify;\">Las solicitudes de declaraci\u00f3n de valor de t\u00edtulos de estudios podr\u00e1n ser presentadas por los interesados directamente en la sede de la Embajada de Italia <span style=\"text-decoration: underline;\">previa cita,<\/span> <span class=\"HwtZe\" lang=\"es\"><span class=\"jCAhz ChMk0b\"><span class=\"ryNqvb\">a trav\u00e9s del portal Farnesina \u201d Prenot@mi\u201d en el<\/span><\/span><\/span><span class=\"HwtZe\" lang=\"es\"><span class=\"jCAhz ChMk0b\"><span class=\"ryNqvb\"> siguiente enlace <a href=\"https:\/\/prenotami.esteri.it\">https:\/\/prenotami.esteri.it<\/a>.<\/span><\/span><\/span><\/p>\n<p>Si el interesado no puede presentarse personalmente por una raz\u00f3n justificada, podr\u00e1 autorizar a otra persona a iniciar el tramite, de preferencia un familiar.<\/p>\n<p>Para ello, el delegado deber\u00e1 presentar un poder firmado por el interesado. Se aceptan los siguientes tipos:<\/p>\n<ul>\n<li>Poder simple, para autorizar a familiares de primer grado (padres, hijos, c\u00f3nyuge e hijos adoptivos).<\/li>\n<li>Poder notarial, para autorizar a terceros. Este poder debe estar traducido al italiano y apostillado.<\/li>\n<li>Poder fuera de registro, para autorizar a terceros (si el interesado reside en el extranjero). Este poder es emitido por el consulado peruano\/extranjero con jurisdicci\u00f3n en el territorio.<\/li>\n<\/ul>\n<p><strong>NOTA:<\/strong> No ser\u00e1n aceptados fotocopias o escaneos del poder, por lo que se recuerda traer el documento en original.<\/p>\n<p>1) Los ciudadanos peruanos residentes en Italia deben presentar los documentos de estudios, legalizados y traducidos, acompa\u00f1ados de:<\/p>\n<ul>\n<li>Fotocopia del <em>\u201cPermesso di Soggiorno\u201d<\/em><\/li>\n<li>Fotocopia de la <em>\u00abCarta d&#8217;Identit\u00e0\u00bb<\/em><\/li>\n<li>Fotocopia del pasaporte peruano<\/li>\n<\/ul>\n<p style=\"text-align: justify;\"><strong>NOTA<\/strong>: Se recuerda que los certificados de estudios traducidos por el Istituto Italiano di Cultura di Lima estar\u00e1n sujetos al pago de una tarifa por concepto de conformidad de la traducci\u00f3n, la cual se aplica por cada hoja traducida. El costo de la tarifa por conformidad es de 13 euros (Art. 72A) y deber\u00e1 pagarse en moneda local al momento de la entrega de los documentos en la ventanilla de esta sede.<\/p>\n<p style=\"text-align: justify;\">Cabe precisar que, seg\u00fan lo dispuesto por el art. 66, letra c del Decreto Legislativo 3 de febrero de 2011, n. 71, la conformidad de la traducci\u00f3n por parte de esta Embajada es gratuita si se solicita por comprobados motivos de estudios.<\/p>\n<p>&#8211; Solicitud de legalizaci\u00f3n de documentos:<\/p>\n<ul>\n<li><a href=\"https:\/\/amblima.esteri.it\/wp-content\/uploads\/2023\/12\/formulario_1.doc\">Formulario N\u00b0 1:<\/a>\u00a0ciudadanos peruanos residentes en Italia \u2013 inscripci\u00f3n a cursos de pre-grado en universidades italianas;<\/li>\n<li><a href=\"https:\/\/amblima.esteri.it\/wp-content\/uploads\/2023\/12\/formulario_2-1.doc\">Formulario_N\u00b0 2<\/a>: ciudadanos peruanos residentes en Italia \u2013 inscripci\u00f3n a cursos no universitarios;<\/li>\n<li><a href=\"https:\/\/amblima.esteri.it\/wp-content\/uploads\/2023\/12\/formulario_3.doc\">Formulario N\u00b0 3<\/a>: ciudadanos peruanos residentes en Italia \u2013 inscripci\u00f3n a cursos de post-grado en universidades italianas;<\/li>\n<li><a href=\"https:\/\/amblima.esteri.it\/wp-content\/uploads\/2023\/12\/formulario_4.doc\">Formulario N\u00b0 4<\/a>: ciudadanos peruanos residentes en Italia \u2013 convalidaci\u00f3n de t\u00edtulos universitarios en universidades italianas;<\/li>\n<li><a href=\"https:\/\/amblima.esteri.it\/wp-content\/uploads\/2023\/12\/formulario_5.doc\">Formulario N\u00b0 5<\/a>: ciudadanos peruanos residentes en Italia \u2013 convalidaci\u00f3n de t\u00edtulos universitarios en el Ministerio de Educaci\u00f3n o en el Ministerio de Justicia italianos;<\/li>\n<li><a href=\"https:\/\/amblima.esteri.it\/wp-content\/uploads\/2023\/12\/formulario_6.doc\">Formulario N\u00b0 6<\/a>: ciudadanos peruanos residentes en Italia \u2013 convalidaci\u00f3n de t\u00edtulos universitarios en el Ministerio de Salud italiano;<\/li>\n<\/ul>\n<p>2) Los ciudadanos italianos o comunitarios:<\/p>\n<ul>\n<li>Fotocopia del pasaporte italiano o comunitario, certificado de ciudadan\u00eda italiana o comunitaria, o decreto de ciudadan\u00eda<\/li>\n<li>Fotocopia de la <em>\u00abcarta d&#8217;identit\u00e0\u00bb<\/em><\/li>\n<\/ul>\n<p>&#8211;\u00a0 Solicitud de legalizaci\u00f3n de documentos:<\/p>\n<ul>\n<li><a href=\"https:\/\/amblima.esteri.it\/wp-content\/uploads\/2023\/12\/richiesta_1.doc\">Richiesta_N. 1<\/a>: ciudadanos italianos o comunitarios \u2013 inscripci\u00f3n a cursos de pre-grado en universidades italianas;<\/li>\n<li><a href=\"https:\/\/amblima.esteri.it\/wp-content\/uploads\/2023\/12\/richiesta_2.doc\">Richiesta N. 2<\/a>: ciudadanos italianos o comunitarios \u2013 inscripci\u00f3n a cursos no universitarios;<\/li>\n<li><a href=\"https:\/\/amblima.esteri.it\/wp-content\/uploads\/2023\/12\/richiesta_3.doc\">Richiesta N. 3<\/a>: ciudadanos italianos o comunitarios \u2013 inscripci\u00f3n a cursos de post-grado en universidades italianas;<\/li>\n<li><a href=\"https:\/\/amblima.esteri.it\/wp-content\/uploads\/2023\/12\/richiesta_4.doc\">Richiesta_ N. 4<\/a>\u00a0ciudadanos italianos o comunitarios \u2013 convalidaci\u00f3n de t\u00edtulos universitarios en universidades italianas;<\/li>\n<li><a href=\"https:\/\/amblima.esteri.it\/wp-content\/uploads\/2023\/12\/richiesta_5.doc\">Richiesta N. 5<\/a>: ciudadanos italianos o comunitarios \u2013 convalidaci\u00f3n de t\u00edtulos universitarios en el Ministerio de Educaci\u00f3n o en el Ministerio de Justicia italianos;<\/li>\n<li><a href=\"https:\/\/amblima.esteri.it\/wp-content\/uploads\/2023\/12\/richiesta_6.doc\">Richiesta N. 6<\/a>: ciudadanos italianos o comunitarios \u2013 convalidaci\u00f3n de t\u00edtulos universitarios en el Ministerio de Salud italiano.<\/li>\n<\/ul>\n<p>DOCUMENTOS DE ESTUDIOS A LEGALIZAR:<br \/>\n(hacer click en el link correspondiente seg\u00fan el caso)<\/p>\n<ul>\n<li><a href=\"https:\/\/amblima.esteri.it\/wp-content\/uploads\/2023\/12\/documentos_de_estudios_primaria_y_secundaria.doc\">ESTUDIOS PRIMARIOS Y\/O SECUNDARIOS<\/a><\/li>\n<li><a href=\"https:\/\/amblima.esteri.it\/wp-content\/uploads\/2023\/12\/documentos_de_estudios_estudios_superiores_no_universitarios-1.doc\">ESTUDIOS SUPERIORES NO UNIVERSITARIOS<\/a><\/li>\n<li><a href=\"https:\/\/amblima.esteri.it\/wp-content\/uploads\/2023\/12\/documentos_de_estudios_universitarios_incompletos_o_completos_sin_titulo_inscripcin_univ.doc\">ESTUDIOS UNIVERSITARIOS INCOMPLETOS O COMPLETOS SIN T\u00cdTULO<\/a><\/li>\n<li><a href=\"https:\/\/amblima.esteri.it\/wp-content\/uploads\/2023\/12\/documentos_de_estudios_grados__tit._y_lic._universitarios-1.doc\">T\u00cdTULOS O LICENCIATURAS UNIVERSITARIOS<\/a><\/li>\n<li><a href=\"https:\/\/amblima.esteri.it\/wp-content\/uploads\/2023\/12\/documentos_de_estudios_enfermeros_colegiados.doc\">T\u00cdTULOS DE ENFERMEROS COLEGIADOS<\/a><\/li>\n<\/ul>\n<p style=\"text-align: justify;\">NOTA:<br \/>\nToda la documentaci\u00f3n debe ser acompa\u00f1ada por una fotocopia simple (dos, en caso de t\u00edtulos universitarios).<br \/>\nEl expediente completo ser\u00e1 revisado por la persona encargada antes de ser aceptada.<\/p>\n<p style=\"text-align: justify;\"><strong>REQUISITOS PARA LA ENTREGA DE LA DECLARACI\u00d3N DE VALOR<\/strong><\/p>\n<p style=\"text-align: justify;\">El interesado deber\u00e1 presentarse personalmente en la embajada, en la fecha se\u00f1alada por el encargado del tr\u00e1mite, mostrando el documento de identidad vigente indicado en su solicitud. En caso de imposibilidad justificada, el interesado podr\u00e1 delegar a otra persona, preferiblemente un familiar, para el retiro de la declaraci\u00f3n. A tal efecto, el delegado deber\u00e1 presentar:<\/p>\n<ol>\n<li>Poder firmado por el interesado. Se aceptan los siguientes tipos:\n<ul>\n<li>Poder simple, para autorizar a familiares de primer grado (padres, hijos, c\u00f3nyuge e hijos adoptivos).<\/li>\n<li>Poder notarial, para autorizar a terceros. El poder deber\u00e1 ser traducido al italiano y apostillado tanto el original como la traducci\u00f3n.<\/li>\n<li>Poder fuera de registro, para autorizar a terceros (si el interesado reside en el extranjero). Este poder es emitido por el consulado peruano\/extranjero con jurisdicci\u00f3n en el territorio.<\/li>\n<\/ul>\n<\/li>\n<li>Su documento de identidad en original y fotocopia;<\/li>\n<li>Una fotocopia del documento de identidad del titular indicado en el poder.<\/li>\n<\/ol>\n<\/div>\n","protected":false},"excerpt":{"rendered":"Los extranjeros e italianos residentes en el extranjero pueden tener acceso a las universidades italianas, presentando una solicitud en la embajada\u00a0 para obtener la Declaraci\u00f3n de Valor (Dichiarazione di Valore), a la que se debe adjuntar la documentaci\u00f3n prevista, la cual debe ser aprobada por las autoridades italianas competentes, en base a la evaluaci\u00f3n de [&hellip;]","protected":false},"author":4,"featured_media":0,"parent":175,"menu_order":0,"comment_status":"closed","ping_status":"closed","template":"","meta":{"footnotes":""},"class_list":["post-2475","page","type-page","status-publish","hentry"],"_links":{"self":[{"href":"https:\/\/amblima.esteri.it\/es\/wp-json\/wp\/v2\/pages\/2475","targetHints":{"allow":["GET"]}}],"collection":[{"href":"https:\/\/amblima.esteri.it\/es\/wp-json\/wp\/v2\/pages"}],"about":[{"href":"https:\/\/amblima.esteri.it\/es\/wp-json\/wp\/v2\/types\/page"}],"author":[{"embeddable":true,"href":"https:\/\/amblima.esteri.it\/es\/wp-json\/wp\/v2\/users\/4"}],"replies":[{"embeddable":true,"href":"https:\/\/amblima.esteri.it\/es\/wp-json\/wp\/v2\/comments?post=2475"}],"version-history":[{"count":7,"href":"https:\/\/amblima.esteri.it\/es\/wp-json\/wp\/v2\/pages\/2475\/revisions"}],"predecessor-version":[{"id":6434,"href":"https:\/\/amblima.esteri.it\/es\/wp-json\/wp\/v2\/pages\/2475\/revisions\/6434"}],"up":[{"embeddable":true,"href":"https:\/\/amblima.esteri.it\/es\/wp-json\/wp\/v2\/pages\/175"}],"wp:attachment":[{"href":"https:\/\/amblima.esteri.it\/es\/wp-json\/wp\/v2\/media?parent=2475"}],"curies":[{"name":"wp","href":"https:\/\/api.w.org\/{rel}","templated":true}]}}