{"id":2599,"date":"2023-11-23T11:19:16","date_gmt":"2023-11-23T16:19:16","guid":{"rendered":"https:\/\/amblima.esteri.it\/?page_id=2599"},"modified":"2023-12-13T11:23:31","modified_gmt":"2023-12-13T16:23:31","slug":"universidades","status":"publish","type":"page","link":"https:\/\/amblima.esteri.it\/es\/italia-e-peru\/diplomazia-culturale\/studiare-in-italia\/universidades\/","title":{"rendered":"Universidades"},"content":{"rendered":"<p>Informaci\u00f3n general sobre la organizaci\u00f3n y funciones de las universidades est\u00e1 disponible en la p\u00e1gina web del <a href=\"http:\/\/hubmiur.pubblica.istruzione.it\/web\/universita\/home\"><strong>Ministero dell&#8217;Istruzione, dell&#8217;Universit\u00e0 e della\u00a0Ricerca<\/strong><\/a>.<\/p>\n<p>Una lista completa de las universidades de Italia, se puede consultar a trav\u00e9s del motor de b\u00fasqueda: <a href=\"http:\/\/www.cineca.it\/\"><strong>CINECA<\/strong><\/a><\/p>\n<p>Tambi\u00e9n existe una secci\u00f3n dedicada a las universidades en el portal de la <a href=\"http:\/\/www.crui.it\/\"><strong>Conferencia de Rectores de las Universidades en Italia &#8211; CRUI<\/strong>.<\/a><\/p>\n<p>Los estudiantes extranjeros interesados en estudiar en universidades italianas, pueden encontrar informaci\u00f3n sobre admisiones reservadas para ellos en la p\u00e1gina web del <em>Ministero dell&#8217;Istruzione, dell&#8217;Universit\u00e0 e della Ricerca<\/em>: <a href=\"http:\/\/offertaformativa.miur.it\/\"><strong>Oferta\u00a0de Estudios<\/strong><\/a>.<\/p>\n","protected":false},"excerpt":{"rendered":"Informaci\u00f3n general sobre la organizaci\u00f3n y funciones de las universidades est\u00e1 disponible en la p\u00e1gina web del Ministero dell&#8217;Istruzione, dell&#8217;Universit\u00e0 e della\u00a0Ricerca. Una lista completa de las universidades de Italia, se puede consultar a trav\u00e9s del motor de b\u00fasqueda: CINECA Tambi\u00e9n existe una secci\u00f3n dedicada a las universidades en el portal de la Conferencia de [&hellip;]","protected":false},"author":4,"featured_media":0,"parent":175,"menu_order":0,"comment_status":"closed","ping_status":"closed","template":"","meta":{"footnotes":""},"class_list":["post-2599","page","type-page","status-publish","hentry"],"_links":{"self":[{"href":"https:\/\/amblima.esteri.it\/es\/wp-json\/wp\/v2\/pages\/2599","targetHints":{"allow":["GET"]}}],"collection":[{"href":"https:\/\/amblima.esteri.it\/es\/wp-json\/wp\/v2\/pages"}],"about":[{"href":"https:\/\/amblima.esteri.it\/es\/wp-json\/wp\/v2\/types\/page"}],"author":[{"embeddable":true,"href":"https:\/\/amblima.esteri.it\/es\/wp-json\/wp\/v2\/users\/4"}],"replies":[{"embeddable":true,"href":"https:\/\/amblima.esteri.it\/es\/wp-json\/wp\/v2\/comments?post=2599"}],"version-history":[{"count":3,"href":"https:\/\/amblima.esteri.it\/es\/wp-json\/wp\/v2\/pages\/2599\/revisions"}],"predecessor-version":[{"id":3300,"href":"https:\/\/amblima.esteri.it\/es\/wp-json\/wp\/v2\/pages\/2599\/revisions\/3300"}],"up":[{"embeddable":true,"href":"https:\/\/amblima.esteri.it\/es\/wp-json\/wp\/v2\/pages\/175"}],"wp:attachment":[{"href":"https:\/\/amblima.esteri.it\/es\/wp-json\/wp\/v2\/media?parent=2599"}],"curies":[{"name":"wp","href":"https:\/\/api.w.org\/{rel}","templated":true}]}}