{"id":2625,"date":"2023-11-23T11:54:52","date_gmt":"2023-11-23T16:54:52","guid":{"rendered":"https:\/\/amblima.esteri.it\/?page_id=2625"},"modified":"2023-12-21T09:27:09","modified_gmt":"2023-12-21T14:27:09","slug":"adopciones","status":"publish","type":"page","link":"https:\/\/amblima.esteri.it\/es\/servizi-consolari-e-visti\/servizi-per-il-cittadino-italiano\/adopciones\/","title":{"rendered":"Adopciones"},"content":{"rendered":"<p class=\"boxLevel03\"><a href=\"https:\/\/www2.congreso.gob.pe\/sicr\/cendocbib\/con4_uibd.nsf\/ECAA49CB45E268BA05257ECB00681E92\/$FILE\/3_dsn%C2%BA054-99_re.pdf\"><span lang=\"ES-PE\">Protocolo de aplicaci\u00f3n del Convenio entre la Rep\u00fablica del Per\u00fa y la Rep\u00fablica Italiana en materia de adopci\u00f3n internacional sobre menores de edad<\/span><\/a><\/p>\n<p>Enlaces a los portales oficiales peruanos e italianos:<\/p>\n<p><a href=\"http:\/\/www.mimp.gob.pe\/index.php?option=com_content&amp;view=article&amp;id=329&amp;Itemid=341\">MIMP (MINISTERIO DE LA MUJER Y POBLACIONES VULNERABLES)<\/a><strong><br \/>\n<\/strong><br \/>\nDirecci\u00f3n\u00a0Nacional de Adopciones &#8211; Gobierno de Per\u00fa<\/p>\n<p dir=\"ltr\"><a href=\"https:\/\/www2.congreso.gob.pe\/sicr\/cendocbib\/con4_uibd.nsf\/ECAA49CB45E268BA05257ECB00681E92\/$FILE\/3_dsn%C2%BA054-99_re.pdf\">PRESIDENCIA DEL CONSEJO DE MINISTROS<\/a><\/p>\n<p>Comisi\u00f3n para las Adopciones Internacionales &#8211; Entidades Autorizadas<\/p>\n<p><a href=\"https:\/\/www.commissioneadozioni.it\/es\">PRESIDENCIA DEL CONSEJO DE MINISTROS<\/a><\/p>\n<p>&nbsp;<\/p>\n<p>Comisi\u00f3n para las Adopciones Internacionales &#8211; La V\u00eda de la Adopci\u00f3n<\/p>\n<p><strong>COMMISSIONE PER LE ADOZIONI INTERNAZIONALI<\/strong><br \/>\nAutorit\u00e0 Centrale per la Convenzione de L&#8217;Aja del 29 maggio 1993<br \/>\npresso la Presidenza del Consiglio dei Ministri<br \/>\nLargo Chigi, 19<br \/>\n00187 Roma<br \/>\nTel: +39 06.67791 (centralino)<br \/>\nFax: +39 06.67792165<br \/>\nE-mail:\u00a0<a href=\"mailto:cai.segreteria-enti@palazzochigi.it\"><strong>cai.segreteria-enti@palazzochigi.it<\/strong>\u00a0<\/a><br \/>\nP\u00e1gina web:\u00a0<a title=\"Commissione per le Adozioni Internazionali\" href=\"http:\/\/www.commissioneadozioni.it\/\" target=\"_blank\" rel=\"noopener\"><strong>http:\/\/www.commissioneadozioni.it\/<\/strong><\/a><\/p>\n","protected":false},"excerpt":{"rendered":"Protocolo de aplicaci\u00f3n del Convenio entre la Rep\u00fablica del Per\u00fa y la Rep\u00fablica Italiana en materia de adopci\u00f3n internacional sobre menores de edad Enlaces a los portales oficiales peruanos e italianos: MIMP (MINISTERIO DE LA MUJER Y POBLACIONES VULNERABLES) Direcci\u00f3n\u00a0Nacional de Adopciones &#8211; Gobierno de Per\u00fa PRESIDENCIA DEL CONSEJO DE MINISTROS Comisi\u00f3n para las Adopciones [&hellip;]","protected":false},"author":4,"featured_media":0,"parent":187,"menu_order":0,"comment_status":"closed","ping_status":"closed","template":"","meta":{"footnotes":""},"class_list":["post-2625","page","type-page","status-publish","hentry"],"_links":{"self":[{"href":"https:\/\/amblima.esteri.it\/es\/wp-json\/wp\/v2\/pages\/2625","targetHints":{"allow":["GET"]}}],"collection":[{"href":"https:\/\/amblima.esteri.it\/es\/wp-json\/wp\/v2\/pages"}],"about":[{"href":"https:\/\/amblima.esteri.it\/es\/wp-json\/wp\/v2\/types\/page"}],"author":[{"embeddable":true,"href":"https:\/\/amblima.esteri.it\/es\/wp-json\/wp\/v2\/users\/4"}],"replies":[{"embeddable":true,"href":"https:\/\/amblima.esteri.it\/es\/wp-json\/wp\/v2\/comments?post=2625"}],"version-history":[{"count":4,"href":"https:\/\/amblima.esteri.it\/es\/wp-json\/wp\/v2\/pages\/2625\/revisions"}],"predecessor-version":[{"id":3541,"href":"https:\/\/amblima.esteri.it\/es\/wp-json\/wp\/v2\/pages\/2625\/revisions\/3541"}],"up":[{"embeddable":true,"href":"https:\/\/amblima.esteri.it\/es\/wp-json\/wp\/v2\/pages\/187"}],"wp:attachment":[{"href":"https:\/\/amblima.esteri.it\/es\/wp-json\/wp\/v2\/media?parent=2625"}],"curies":[{"name":"wp","href":"https:\/\/api.w.org\/{rel}","templated":true}]}}