{"id":2647,"date":"2023-11-23T12:29:52","date_gmt":"2023-11-23T17:29:52","guid":{"rendered":"https:\/\/amblima.esteri.it\/?page_id=2647"},"modified":"2025-07-09T12:15:13","modified_gmt":"2025-07-09T17:15:13","slug":"medico-de-confianza","status":"publish","type":"page","link":"https:\/\/amblima.esteri.it\/es\/servizi-consolari-e-visti\/servizi-per-il-cittadino-italiano\/medico-de-confianza\/","title":{"rendered":"M\u00e9dico de confianza"},"content":{"rendered":"<p align=\"justify\"><strong>M\u00e9dico de confianza:<\/strong><\/p>\n<p><strong>Dr. Jos\u00e9 Iv\u00e1n VEGA DECENO<\/strong><br \/>\nCalle Los Libertadores 735- San Isidro, Lima<br \/>\nReferencia (Al costado de joyer\u00eda Cabuchon)<br \/>\nAtiende previa cita al celular: +51958754891<br \/>\nE-mail: <a href=\"mailto:joanvegadecen@gmail.com\">joanvegadecen@gmail.com<\/a><\/p>\n","protected":false},"excerpt":{"rendered":"M\u00e9dico de confianza: Dr. Jos\u00e9 Iv\u00e1n VEGA DECENO Calle Los Libertadores 735- San Isidro, Lima Referencia (Al costado de joyer\u00eda Cabuchon) Atiende previa cita al celular: +51958754891 E-mail: joanvegadecen@gmail.com","protected":false},"author":4,"featured_media":0,"parent":187,"menu_order":0,"comment_status":"closed","ping_status":"closed","template":"","meta":{"footnotes":""},"class_list":["post-2647","page","type-page","status-publish","hentry"],"_links":{"self":[{"href":"https:\/\/amblima.esteri.it\/es\/wp-json\/wp\/v2\/pages\/2647","targetHints":{"allow":["GET"]}}],"collection":[{"href":"https:\/\/amblima.esteri.it\/es\/wp-json\/wp\/v2\/pages"}],"about":[{"href":"https:\/\/amblima.esteri.it\/es\/wp-json\/wp\/v2\/types\/page"}],"author":[{"embeddable":true,"href":"https:\/\/amblima.esteri.it\/es\/wp-json\/wp\/v2\/users\/4"}],"replies":[{"embeddable":true,"href":"https:\/\/amblima.esteri.it\/es\/wp-json\/wp\/v2\/comments?post=2647"}],"version-history":[{"count":4,"href":"https:\/\/amblima.esteri.it\/es\/wp-json\/wp\/v2\/pages\/2647\/revisions"}],"predecessor-version":[{"id":6405,"href":"https:\/\/amblima.esteri.it\/es\/wp-json\/wp\/v2\/pages\/2647\/revisions\/6405"}],"up":[{"embeddable":true,"href":"https:\/\/amblima.esteri.it\/es\/wp-json\/wp\/v2\/pages\/187"}],"wp:attachment":[{"href":"https:\/\/amblima.esteri.it\/es\/wp-json\/wp\/v2\/media?parent=2647"}],"curies":[{"name":"wp","href":"https:\/\/api.w.org\/{rel}","templated":true}]}}