{"id":2671,"date":"2023-11-23T12:37:36","date_gmt":"2023-11-23T17:37:36","guid":{"rendered":"https:\/\/amblima.esteri.it\/?page_id=2671"},"modified":"2023-12-27T13:11:06","modified_gmt":"2023-12-27T18:11:06","slug":"mascotas","status":"publish","type":"page","link":"https:\/\/amblima.esteri.it\/es\/servizi-consolari-e-visti\/servizi-per-il-cittadino-italiano\/mascotas\/","title":{"rendered":"Mascotas"},"content":{"rendered":"<div>\n<p><strong>VIAJES CON MASCOTAS<\/strong><\/p>\n<p>El Servicio Nacional de Salud Agraria (SENASA) es la entidad peruana que autoriza el transporte desde el Per\u00fa hacia otros pa\u00edses y el ingreso\/reingreso al Per\u00fa con animales dom\u00e9sticos.<\/p>\n<p>Para salir del Per\u00fa con su mascota hacia Italia u otro pa\u00eds, es necesario informarse con la autoridad arriba indicada, de la cual se brindan los siguientes contactos:<\/p>\n<p>+51 &#8211; 1 575 -1599 ; <a href=\"mailto:postmaster@senasa.gob.pe\">postmaster@senasa.gob.pe<\/a> ; <a href=\"http:\/\/www.senasa.gob.pe\">www.senasa.gob.pe<\/a>.<\/p>\n<p>Informaci\u00f3n para ingresar, salir y reingresar al Per\u00fa: <a href=\"https:\/\/www.gob.pe\/institucion\/senasa\/campa%C3%B1as\/5651-viaja-con-tu-mascota\">https:\/\/www.senasa.gob.pe\/senasa\/viajar-con-mascotas\/<\/a><\/p>\n<p>Para salir de Italia con destino al Per\u00fa, aacompa\u00f1ado de mascota, se sugiere ponerse en contacto con la oficina consular peruana competente y consultar en el sitio del Ministerio de Salud, cuyo link es:<\/p>\n<p><a href=\"http:\/\/www.salute.gov.it\/portale\/temi\/p2_6.jsp?lingua=italiano&amp;id=4278&amp;area=cani&amp;menu=viaggiare\">http:\/\/www.salute.gov.it\/portale\/temi\/p2_6.jsp?lingua=italiano&amp;id=4278&amp;area=cani&amp;menu=viaggiare<\/a><\/p>\n<p>Adem\u00e1s, se aconseja ponerse en contacto con la compa\u00f1\u00eda a\u00e9rea escogida.<\/p>\n<p>A continuaci\u00f3n se muestra\u00a0 la lista de veterinarios que tienen registrada su firma ante esta embajada, la cual no asume responsabilidad alguna por las acciones de los galenos.<\/p>\n<p><strong>Dr. Richard KAUFMANN<\/strong><br \/>\nAv. Conquistadores 471 &#8211; San Isidro<\/p>\n<p><strong>Dr. Victor MALCA B.<\/strong><br \/>\nAv. Conquistadores 880 &#8211; San Isidro<br \/>\nTel. 440.6368<\/p>\n<p><strong>Dr. Joaqu\u00edn MISSIEGO<\/strong><br \/>\nAv. Benavides 3016 &#8211; Miraflores<br \/>\nTel. 448.2196 &#8211; Fax 291.3934<\/p>\n<p><strong>Dr. Enrique F. TELLO<\/strong><br \/>\nAv. F\u00e9lix Dib\u00f3s 862 &#8211; Magdalena del Mar<br \/>\nTel. 264.5784 &#8211; 999.043.610<\/p>\n<p><strong>Dra. Karin GENSOLL\u00c9N MENDIETA<\/strong><br \/>\nAv. Juan de Aliaga.733 &#8211; Magdalena del Mar<br \/>\nTel. 462.8679 &#8211; 463.1792<br \/>\nEmergencias 998.117.450<\/p>\n<p><strong>Dr. Marco GAVI\u00d1O<\/strong><br \/>\nAv. Alayza y Paz Sold\u00e1n (Gral. C\u00f3rdova) 525 &#8211; Miraflores<br \/>\nTel. 422.8024 &#8211; 222.8967<\/p>\n<p><strong>Dra. Luz Marina VIDAL MORALES<\/strong><br \/>\nAv. Paseo de la Castellana<br \/>\n386 &#8211; Santiago de Surco<br \/>\nTel. 449.0891 &#8211; 271.4437<\/p>\n<\/div>\n","protected":false},"excerpt":{"rendered":"VIAJES CON MASCOTAS El Servicio Nacional de Salud Agraria (SENASA) es la entidad peruana que autoriza el transporte desde el Per\u00fa hacia otros pa\u00edses y el ingreso\/reingreso al Per\u00fa con animales dom\u00e9sticos. Para salir del Per\u00fa con su mascota hacia Italia u otro pa\u00eds, es necesario informarse con la autoridad arriba indicada, de la cual [&hellip;]","protected":false},"author":4,"featured_media":0,"parent":187,"menu_order":0,"comment_status":"closed","ping_status":"closed","template":"","meta":{"footnotes":""},"class_list":["post-2671","page","type-page","status-publish","hentry"],"_links":{"self":[{"href":"https:\/\/amblima.esteri.it\/es\/wp-json\/wp\/v2\/pages\/2671","targetHints":{"allow":["GET"]}}],"collection":[{"href":"https:\/\/amblima.esteri.it\/es\/wp-json\/wp\/v2\/pages"}],"about":[{"href":"https:\/\/amblima.esteri.it\/es\/wp-json\/wp\/v2\/types\/page"}],"author":[{"embeddable":true,"href":"https:\/\/amblima.esteri.it\/es\/wp-json\/wp\/v2\/users\/4"}],"replies":[{"embeddable":true,"href":"https:\/\/amblima.esteri.it\/es\/wp-json\/wp\/v2\/comments?post=2671"}],"version-history":[{"count":4,"href":"https:\/\/amblima.esteri.it\/es\/wp-json\/wp\/v2\/pages\/2671\/revisions"}],"predecessor-version":[{"id":3547,"href":"https:\/\/amblima.esteri.it\/es\/wp-json\/wp\/v2\/pages\/2671\/revisions\/3547"}],"up":[{"embeddable":true,"href":"https:\/\/amblima.esteri.it\/es\/wp-json\/wp\/v2\/pages\/187"}],"wp:attachment":[{"href":"https:\/\/amblima.esteri.it\/es\/wp-json\/wp\/v2\/media?parent=2671"}],"curies":[{"name":"wp","href":"https:\/\/api.w.org\/{rel}","templated":true}]}}