{"id":2720,"date":"2023-11-23T13:24:35","date_gmt":"2023-11-23T18:24:35","guid":{"rendered":"https:\/\/amblima.esteri.it\/?page_id=2720"},"modified":"2023-12-27T13:21:46","modified_gmt":"2023-12-27T18:21:46","slug":"formularios-para-tramites-de-ciudadanos-extrangeros","status":"publish","type":"page","link":"https:\/\/amblima.esteri.it\/es\/servizi-consolari-e-visti\/servizi-per-il-cittadino-straniero\/formularios-para-tramites-de-ciudadanos-extrangeros\/","title":{"rendered":"Formularios para tr\u00e1mites de ciudadanos extranjeros"},"content":{"rendered":"<ol>\n<li><a href=\"https:\/\/amblima.esteri.it\/wp-content\/uploads\/2023\/12\/domanda_trascrizione_atti_stato_civile_bilingue_capostipite.doc\">Solicitud de transcripci\u00f3n estado civil primer emigrado (biling\u00fce)<\/a><\/li>\n<li><a href=\"https:\/\/amblima.esteri.it\/wp-content\/uploads\/2023\/12\/Assenso-al-riconoscimento-figlio-per-peruviani-espanol.doc\">Solicitud de reconocimiento de hijo para peruanos (espa\u00f1ol)<\/a><\/li>\n<li><a href=\"https:\/\/amblima.esteri.it\/wp-content\/uploads\/2023\/12\/Richiesta-di-riconoscimento-cittadinanza-italiana-bilingue.docx\">Solicitud de reconocimiento de la ciudadan\u00eda (biling\u00fce)<\/a><\/li>\n<li><a href=\"https:\/\/amblima.esteri.it\/wp-content\/uploads\/2023\/12\/Solicitud-de-visado-nacional-D-espanol-1.pdf\">Solicitud de visado nacional D (espa\u00f1ol)<\/a><\/li>\n<li><a href=\"https:\/\/amblima.esteri.it\/wp-content\/uploads\/2023\/12\/Solicitud-de-visado-Schengen-tipo-C1-espanol.pdf\">Solicitud de visado Schengen tipo C1 (espa\u00f1ol)<\/a><\/li>\n<li><a href=\"https:\/\/amblima.esteri.it\/wp-content\/uploads\/2023\/12\/dichiarazione_garanzia_e-o_alloggio.pdf\">Declaraci\u00f3n de garant\u00eda y\/o alojamiento (italiano\/ingl\u00e9s)<\/a><\/li>\n<li><a href=\"https:\/\/amblima.esteri.it\/wp-content\/uploads\/2023\/12\/15.-Richiesta-dichiarazione-consolare-it-en.docx\">Solicitud de declaraci\u00f3n consular (italiano-ingl\u00e9s)<\/a><\/li>\n<li><a href=\"https:\/\/amblima.esteri.it\/wp-content\/uploads\/2023\/12\/16.-Dichiarazione-sostitutiva-di-certificazione-alloggio-italiano.docx\">Declaraci\u00f3n sustitutiva de certificaci\u00f3n alojamiento (italiano)<\/a><\/li>\n<\/ol>\n<p>&nbsp;<\/p>\n<p>Para formularios del tr\u00e1mite de la declaraci\u00f3n de valor, consultar el siguiente enlace: <a href=\"https:\/\/amblima.esteri.it\/es\/italia-e-peru\/diplomazia-culturale\/studiare-in-italia\/declaracion-de-valor\/\">https:\/\/amblima.esteri.it\/es\/italia-e-peru\/diplomazia-culturale\/studiare-in-italia\/declaracion-de-valor\/ <\/a><\/p>\n<p>Para otros tr\u00e1mites consultar <a href=\"https:\/\/amblima.esteri.it\/es\/servizi-consolari-e-visti\/servizi-per-il-cittadino-italiano\/formularios-para-tramites-ciudadanos-italianos\/\">https:\/\/amblima.esteri.it\/es\/servizi-consolari-e-visti\/servizi-per-il-cittadino-italiano\/formularios-para-tr\u00e1mites-ciudadanos-italianos\/<\/a><\/p>\n","protected":false},"excerpt":{"rendered":"Solicitud de transcripci\u00f3n estado civil primer emigrado (biling\u00fce) Solicitud de reconocimiento de hijo para peruanos (espa\u00f1ol) Solicitud de reconocimiento de la ciudadan\u00eda (biling\u00fce) Solicitud de visado nacional D (espa\u00f1ol) Solicitud de visado Schengen tipo C1 (espa\u00f1ol) Declaraci\u00f3n de garant\u00eda y\/o alojamiento (italiano\/ingl\u00e9s) Solicitud de declaraci\u00f3n consular (italiano-ingl\u00e9s) Declaraci\u00f3n sustitutiva de certificaci\u00f3n alojamiento (italiano) &nbsp; Para [&hellip;]","protected":false},"author":4,"featured_media":0,"parent":200,"menu_order":0,"comment_status":"closed","ping_status":"closed","template":"","meta":{"footnotes":""},"class_list":["post-2720","page","type-page","status-publish","hentry"],"_links":{"self":[{"href":"https:\/\/amblima.esteri.it\/es\/wp-json\/wp\/v2\/pages\/2720","targetHints":{"allow":["GET"]}}],"collection":[{"href":"https:\/\/amblima.esteri.it\/es\/wp-json\/wp\/v2\/pages"}],"about":[{"href":"https:\/\/amblima.esteri.it\/es\/wp-json\/wp\/v2\/types\/page"}],"author":[{"embeddable":true,"href":"https:\/\/amblima.esteri.it\/es\/wp-json\/wp\/v2\/users\/4"}],"replies":[{"embeddable":true,"href":"https:\/\/amblima.esteri.it\/es\/wp-json\/wp\/v2\/comments?post=2720"}],"version-history":[{"count":6,"href":"https:\/\/amblima.esteri.it\/es\/wp-json\/wp\/v2\/pages\/2720\/revisions"}],"predecessor-version":[{"id":3786,"href":"https:\/\/amblima.esteri.it\/es\/wp-json\/wp\/v2\/pages\/2720\/revisions\/3786"}],"up":[{"embeddable":true,"href":"https:\/\/amblima.esteri.it\/es\/wp-json\/wp\/v2\/pages\/200"}],"wp:attachment":[{"href":"https:\/\/amblima.esteri.it\/es\/wp-json\/wp\/v2\/media?parent=2720"}],"curies":[{"name":"wp","href":"https:\/\/api.w.org\/{rel}","templated":true}]}}