{"id":2918,"date":"2023-11-30T15:52:10","date_gmt":"2023-11-30T20:52:10","guid":{"rendered":"https:\/\/amblima.esteri.it\/?page_id=2918"},"modified":"2023-12-22T10:42:09","modified_gmt":"2023-12-22T15:42:09","slug":"politica-de-investigacion-y-desarrollo-tecnologico","status":"publish","type":"page","link":"https:\/\/amblima.esteri.it\/es\/italia-e-peru\/diplomazia-scientifica\/politica-de-investigacion-y-desarrollo-tecnologico\/","title":{"rendered":"Pol\u00edtica de investigaci\u00f3n y desarrollo tecnol\u00f3gico"},"content":{"rendered":"<p class=\"boxLevel03\">En la actualidad, existen varios convenios de cooperaci\u00f3n entre universidades peruanas e italianas, encaminados a promover la <strong>internacionalizaci\u00f3n de miembros de la comunidad cient\u00edfica y a desarrollar, de manera conjunta, diversas \u00e1reas de investigaci\u00f3n cient\u00edfica<\/strong>. As\u00ed, los estudiantes pueden participar en importantes proyectos de investigaci\u00f3n de car\u00e1cter transnacional, cuyos descubrimientos tienen la capacidad de favorecer a ambos pa\u00edses. Entre los \u00faltimos firmados, por ejemplo, cabe recordar el convenio entre la Universidad Cient\u00edfica del Sur y la <em>Universit\u00e0 di Trieste<\/em> (marzo de 2019).<\/p>\n<p>Es importante mencionar que la colaboraci\u00f3n cient\u00edfico-tecnol\u00f3gica entre Italia y Per\u00fa tambi\u00e9n es coordinada e impulsada por organismos multilaterales en el marco de las Naciones Unidas como, por ejemplo, la UNESCO.<\/p>\n","protected":false},"excerpt":{"rendered":"En la actualidad, existen varios convenios de cooperaci\u00f3n entre universidades peruanas e italianas, encaminados a promover la internacionalizaci\u00f3n de miembros de la comunidad cient\u00edfica y a desarrollar, de manera conjunta, diversas \u00e1reas de investigaci\u00f3n cient\u00edfica. As\u00ed, los estudiantes pueden participar en importantes proyectos de investigaci\u00f3n de car\u00e1cter transnacional, cuyos descubrimientos tienen la capacidad de favorecer [&hellip;]","protected":false},"author":4,"featured_media":0,"parent":177,"menu_order":0,"comment_status":"closed","ping_status":"closed","template":"","meta":{"footnotes":""},"class_list":["post-2918","page","type-page","status-publish","hentry"],"_links":{"self":[{"href":"https:\/\/amblima.esteri.it\/es\/wp-json\/wp\/v2\/pages\/2918","targetHints":{"allow":["GET"]}}],"collection":[{"href":"https:\/\/amblima.esteri.it\/es\/wp-json\/wp\/v2\/pages"}],"about":[{"href":"https:\/\/amblima.esteri.it\/es\/wp-json\/wp\/v2\/types\/page"}],"author":[{"embeddable":true,"href":"https:\/\/amblima.esteri.it\/es\/wp-json\/wp\/v2\/users\/4"}],"replies":[{"embeddable":true,"href":"https:\/\/amblima.esteri.it\/es\/wp-json\/wp\/v2\/comments?post=2918"}],"version-history":[{"count":6,"href":"https:\/\/amblima.esteri.it\/es\/wp-json\/wp\/v2\/pages\/2918\/revisions"}],"predecessor-version":[{"id":3678,"href":"https:\/\/amblima.esteri.it\/es\/wp-json\/wp\/v2\/pages\/2918\/revisions\/3678"}],"up":[{"embeddable":true,"href":"https:\/\/amblima.esteri.it\/es\/wp-json\/wp\/v2\/pages\/177"}],"wp:attachment":[{"href":"https:\/\/amblima.esteri.it\/es\/wp-json\/wp\/v2\/media?parent=2918"}],"curies":[{"name":"wp","href":"https:\/\/api.w.org\/{rel}","templated":true}]}}