{"id":6126,"date":"2023-11-23T12:32:18","date_gmt":"2023-11-23T17:32:18","guid":{"rendered":"https:\/\/amblima.esteri.it\/?page_id=6126"},"modified":"2026-02-10T10:55:43","modified_gmt":"2026-02-10T15:55:43","slug":"6126-2","status":"publish","type":"page","link":"https:\/\/amblima.esteri.it\/es\/servizi-consolari-e-visti\/servizi-per-il-cittadino-italiano\/6126-2\/","title":{"rendered":"M\u00e9dico de confianza"},"content":{"rendered":"<p>M\u00e9dico de confianza:<\/p>\n<p><strong>Dr. Jos\u00e9 Iv\u00e1n VEGA DECENO<\/strong><br \/>\nContacto a trav\u00e9s de WhatsApp: +39 333 299 4561<br \/>\nE-mail: <a href=\"mailto:joanvegadecen@gmail.com\">joanvegadecen@gmail.com<\/a><\/p>\n","protected":false},"excerpt":{"rendered":"M\u00e9dico de confianza: Dr. Jos\u00e9 Iv\u00e1n VEGA DECENO Contacto a trav\u00e9s de WhatsApp: +39 333 299 4561 E-mail: joanvegadecen@gmail.com","protected":false},"author":6,"featured_media":0,"parent":187,"menu_order":0,"comment_status":"closed","ping_status":"closed","template":"","meta":{"footnotes":""},"class_list":["post-6126","page","type-page","status-publish","hentry"],"_links":{"self":[{"href":"https:\/\/amblima.esteri.it\/es\/wp-json\/wp\/v2\/pages\/6126","targetHints":{"allow":["GET"]}}],"collection":[{"href":"https:\/\/amblima.esteri.it\/es\/wp-json\/wp\/v2\/pages"}],"about":[{"href":"https:\/\/amblima.esteri.it\/es\/wp-json\/wp\/v2\/types\/page"}],"author":[{"embeddable":true,"href":"https:\/\/amblima.esteri.it\/es\/wp-json\/wp\/v2\/users\/6"}],"replies":[{"embeddable":true,"href":"https:\/\/amblima.esteri.it\/es\/wp-json\/wp\/v2\/comments?post=6126"}],"version-history":[{"count":6,"href":"https:\/\/amblima.esteri.it\/es\/wp-json\/wp\/v2\/pages\/6126\/revisions"}],"predecessor-version":[{"id":7346,"href":"https:\/\/amblima.esteri.it\/es\/wp-json\/wp\/v2\/pages\/6126\/revisions\/7346"}],"up":[{"embeddable":true,"href":"https:\/\/amblima.esteri.it\/es\/wp-json\/wp\/v2\/pages\/187"}],"wp:attachment":[{"href":"https:\/\/amblima.esteri.it\/es\/wp-json\/wp\/v2\/media?parent=6126"}],"curies":[{"name":"wp","href":"https:\/\/api.w.org\/{rel}","templated":true}]}}