{"id":6342,"date":"2025-07-07T16:50:20","date_gmt":"2025-07-07T21:50:20","guid":{"rendered":"https:\/\/amblima.esteri.it\/?page_id=6342"},"modified":"2025-08-11T16:18:12","modified_gmt":"2025-08-11T21:18:12","slug":"riacquisto-della-cittadinanza","status":"publish","type":"page","link":"https:\/\/amblima.esteri.it\/es\/servizi-consolari-e-visti\/servizi-per-il-cittadino-straniero\/cittadinanza\/riacquisto-della-cittadinanza\/","title":{"rendered":"Readquisici\u00f3n de la ciudadan\u00eda"},"content":{"rendered":"<p>La Ley n.\u00ba 74 del 23 de mayo de 2025 ha reabierto los plazos para la readquisici\u00f3n de la ciudadan\u00eda en favor de los ex ciudadanos <strong>nacidos en Italia o que hayan residido en Italia durante al menos dos a\u00f1os consecutivos, y que hayan perdido la ciudadan\u00eda no m\u00e1s all\u00e1 del 15 de agosto de 1992<\/strong>, en aplicaci\u00f3n del art\u00edculo 8, n\u00fams. 1 y 2, o del art\u00edculo 12 de la Ley n.\u00ba 555 de 1912 (naturalizaci\u00f3n en un pa\u00eds extranjero, renuncia a la ciudadan\u00eda como consecuencia de la adquisici\u00f3n involuntaria de ciudadan\u00eda extranjera, hijos menores convivientes con un padre que haya perdido la ciudadan\u00eda). La posibilidad de readquisici\u00f3n <strong>no se aplica a quienes hayan renunciado a la ciudadan\u00eda italiana <\/strong>(o la hayan perdido por otro motivo) <strong>a partir del 16 de agosto de 1992<\/strong>.<\/p>\n<p>Las declaraciones de readquisici\u00f3n podr\u00e1n presentarse entre el <strong>1 de julio de 2025 y el 31 de diciembre de 2027<\/strong>.<\/p>\n<p>La persona interesada en la readquisici\u00f3n deber\u00e1 presentar:<\/p>\n<ol>\n<li>Documento de identidad v\u00e1lido emitido por la autoridad del pa\u00eds de ciudadan\u00eda actual;<\/li>\n<li>Certificado de nacimiento: si ha nacido en el extranjero, deber\u00e1 presentarse en las formas previstas para su transcripci\u00f3n en Italia, legalizado y traducido;<\/li>\n<li>Para los nacidos en el extranjero, certificado hist\u00f3rico de residencia emitido por el municipio italiano competente;<\/li>\n<li>Certificado hist\u00f3rico de ciudadan\u00eda;<\/li>\n<li>Documentaci\u00f3n que demuestre la causa y la fecha de la p\u00e9rdida de la ciudadan\u00eda (deber\u00e1 demostrarse la adquisici\u00f3n de la ciudadan\u00eda extranjera y, en los casos previstos, la renuncia a la italiana: <strong>certificado de naturalizaci\u00f3n<\/strong> o, si as\u00ed lo prev\u00e9 la pr\u00e1ctica local, certificado de nacimiento acompa\u00f1ado del certificado de ciudadan\u00eda y del t\u00edtulo en virtud del cual fue adquirida; la documentaci\u00f3n emitida por autoridades extranjeras deber\u00e1 estar debidamente legalizada y traducida).<\/li>\n<\/ol>\n<p>Para las declaraciones de readquisici\u00f3n de la ciudadan\u00eda italiana se requiere una contribuci\u00f3n de 250 euros, a abonar en la Oficina Consular.<\/p>\n<p>La declaraci\u00f3n debe ser presentada <u>personalmente <\/u>por el interesado.<\/p>\n<p>Conforme al art\u00edculo 15 de la Ley n.\u00ba 91\/1992, la ciudadan\u00eda no se readquiere desde el d\u00eda del nacimiento, sino a partir del d\u00eda siguiente a la fecha en que se realiza la declaraci\u00f3n.<\/p>\n","protected":false},"excerpt":{"rendered":"La Ley n.\u00ba 74 del 23 de mayo de 2025 ha reabierto los plazos para la readquisici\u00f3n de la ciudadan\u00eda en favor de los ex ciudadanos nacidos en Italia o que hayan residido en Italia durante al menos dos a\u00f1os consecutivos, y que hayan perdido la ciudadan\u00eda no m\u00e1s all\u00e1 del 15 de agosto de [&hellip;]","protected":false},"author":6,"featured_media":0,"parent":201,"menu_order":3,"comment_status":"closed","ping_status":"closed","template":"","meta":{"footnotes":""},"class_list":["post-6342","page","type-page","status-publish","hentry"],"_links":{"self":[{"href":"https:\/\/amblima.esteri.it\/es\/wp-json\/wp\/v2\/pages\/6342","targetHints":{"allow":["GET"]}}],"collection":[{"href":"https:\/\/amblima.esteri.it\/es\/wp-json\/wp\/v2\/pages"}],"about":[{"href":"https:\/\/amblima.esteri.it\/es\/wp-json\/wp\/v2\/types\/page"}],"author":[{"embeddable":true,"href":"https:\/\/amblima.esteri.it\/es\/wp-json\/wp\/v2\/users\/6"}],"replies":[{"embeddable":true,"href":"https:\/\/amblima.esteri.it\/es\/wp-json\/wp\/v2\/comments?post=6342"}],"version-history":[{"count":3,"href":"https:\/\/amblima.esteri.it\/es\/wp-json\/wp\/v2\/pages\/6342\/revisions"}],"predecessor-version":[{"id":6562,"href":"https:\/\/amblima.esteri.it\/es\/wp-json\/wp\/v2\/pages\/6342\/revisions\/6562"}],"up":[{"embeddable":true,"href":"https:\/\/amblima.esteri.it\/es\/wp-json\/wp\/v2\/pages\/201"}],"wp:attachment":[{"href":"https:\/\/amblima.esteri.it\/es\/wp-json\/wp\/v2\/media?parent=6342"}],"curies":[{"name":"wp","href":"https:\/\/api.w.org\/{rel}","templated":true}]}}