{"id":6350,"date":"2025-07-07T16:50:38","date_gmt":"2025-07-07T21:50:38","guid":{"rendered":"https:\/\/amblima.esteri.it\/?page_id=6350"},"modified":"2025-08-11T16:16:25","modified_gmt":"2025-08-11T21:16:25","slug":"riconoscimento-in-base-a-leggi-speciali","status":"publish","type":"page","link":"https:\/\/amblima.esteri.it\/es\/servizi-consolari-e-visti\/servizi-per-il-cittadino-straniero\/cittadinanza\/riconoscimento-in-base-a-leggi-speciali\/","title":{"rendered":"Reconocimiento en base a leyes especiales"},"content":{"rendered":"<p>La ley del 14 de diciembre de 2000, n.\u00ba 379, prev\u00e9 el reconocimiento de la ciudadan\u00eda italiana a favor de las personas nacidas y residentes en los territorios del ex Imperio Austroh\u00fangaro y de sus descendientes que posean los requisitos necesarios.<\/p>\n<p>El plazo para acogerse a la Ley 379\/2000 venci\u00f3 el 19\/12\/2010.<\/p>\n<p>La ley del 8 de marzo de 2006, n.\u00ba 124, prev\u00e9 el reconocimiento de la ciudadan\u00eda italiana a favor de los connacionales que la perdieron por haber residido entre 1940 y 1947 en Istria, Fiume y Dalmacia.<\/p>\n<p>El reconocimiento de la ciudadan\u00eda italiana en base a leyes especiales configura una adquisici\u00f3n por beneficio de ley: por lo tanto, no es posible que el progenitor reconocido como ciudadano realice la declaraci\u00f3n de voluntad de adquisici\u00f3n de la ciudadan\u00eda a favor del hijo menor prevista en el art\u00edculo 4, apartado 1-bis, de la ley n.\u00ba 91\/1992, ya que el progenitor reconocido no es un ciudadano italiano por nacimiento.<\/p>\n","protected":false},"excerpt":{"rendered":"La ley del 14 de diciembre de 2000, n.\u00ba 379, prev\u00e9 el reconocimiento de la ciudadan\u00eda italiana a favor de las personas nacidas y residentes en los territorios del ex Imperio Austroh\u00fangaro y de sus descendientes que posean los requisitos necesarios. El plazo para acogerse a la Ley 379\/2000 venci\u00f3 el 19\/12\/2010. La ley del [&hellip;]","protected":false},"author":6,"featured_media":0,"parent":201,"menu_order":5,"comment_status":"closed","ping_status":"closed","template":"","meta":{"footnotes":""},"class_list":["post-6350","page","type-page","status-publish","hentry"],"_links":{"self":[{"href":"https:\/\/amblima.esteri.it\/es\/wp-json\/wp\/v2\/pages\/6350","targetHints":{"allow":["GET"]}}],"collection":[{"href":"https:\/\/amblima.esteri.it\/es\/wp-json\/wp\/v2\/pages"}],"about":[{"href":"https:\/\/amblima.esteri.it\/es\/wp-json\/wp\/v2\/types\/page"}],"author":[{"embeddable":true,"href":"https:\/\/amblima.esteri.it\/es\/wp-json\/wp\/v2\/users\/6"}],"replies":[{"embeddable":true,"href":"https:\/\/amblima.esteri.it\/es\/wp-json\/wp\/v2\/comments?post=6350"}],"version-history":[{"count":3,"href":"https:\/\/amblima.esteri.it\/es\/wp-json\/wp\/v2\/pages\/6350\/revisions"}],"predecessor-version":[{"id":6561,"href":"https:\/\/amblima.esteri.it\/es\/wp-json\/wp\/v2\/pages\/6350\/revisions\/6561"}],"up":[{"embeddable":true,"href":"https:\/\/amblima.esteri.it\/es\/wp-json\/wp\/v2\/pages\/201"}],"wp:attachment":[{"href":"https:\/\/amblima.esteri.it\/es\/wp-json\/wp\/v2\/media?parent=6350"}],"curies":[{"name":"wp","href":"https:\/\/api.w.org\/{rel}","templated":true}]}}