{"id":6355,"date":"2025-07-07T16:55:24","date_gmt":"2025-07-07T21:55:24","guid":{"rendered":"https:\/\/amblima.esteri.it\/?page_id=6355"},"modified":"2025-08-11T16:19:32","modified_gmt":"2025-08-11T21:19:32","slug":"certificato-di-non-rinuncia","status":"publish","type":"page","link":"https:\/\/amblima.esteri.it\/es\/servizi-consolari-e-visti\/servizi-per-il-cittadino-straniero\/cittadinanza\/certificato-di-non-rinuncia\/","title":{"rendered":"Certificado de \u201cno renuncia\u201d"},"content":{"rendered":"<p>Si la persona interesada ha decidido establecer su residencia en Italia, las autoridades del Ayuntamiento italiano son responsables del reconocimiento de la ciudadan\u00eda italiana. Una vez inscrito en el registro de la poblaci\u00f3n residente, el ciudadano extranjero puede iniciar el procedimiento para el reconocimiento de la ciudadan\u00eda <em>iure sanguinis<\/em> (cuya duraci\u00f3n est\u00e1 establecida por la ley, 180 d\u00edas en total), presentando la documentaci\u00f3n indicada en la Circular K.28.1\/1991. No es posible que la persona interesada se valga de un representante legal u otra persona en su lugar; debe estar presente en el territorio.<\/p>\n<p>La solicitud de emisi\u00f3n del Certificado de \u201cNo Renuncia\u201d es realizada directamente por el Ayuntamiento italiano al Consulado, exclusivamente a trav\u00e9s de PEC (correo electr\u00f3nico certificado). La respuesta del Consulado al Ayuntamiento (no a la persona interesada) se realiza siempre y \u00fanicamente mediante PEC, en caso de que la solicitud haya sido formulada correctamente.<\/p>\n<p>Los interesados no pueden contactar directamente con la Oficina consular respecto a tr\u00e1mites realizados por Ayuntamientos u otras Oficinas consulares, ya que no se tiene conocimiento de la evoluci\u00f3n de los mismos m\u00e1s all\u00e1 del \u00e1mbito de responsabilidad propio.<\/p>\n","protected":false},"excerpt":{"rendered":"Si la persona interesada ha decidido establecer su residencia en Italia, las autoridades del Ayuntamiento italiano son responsables del reconocimiento de la ciudadan\u00eda italiana. Una vez inscrito en el registro de la poblaci\u00f3n residente, el ciudadano extranjero puede iniciar el procedimiento para el reconocimiento de la ciudadan\u00eda iure sanguinis (cuya duraci\u00f3n est\u00e1 establecida por la [&hellip;]","protected":false},"author":6,"featured_media":0,"parent":201,"menu_order":6,"comment_status":"closed","ping_status":"closed","template":"","meta":{"footnotes":""},"class_list":["post-6355","page","type-page","status-publish","hentry"],"_links":{"self":[{"href":"https:\/\/amblima.esteri.it\/es\/wp-json\/wp\/v2\/pages\/6355","targetHints":{"allow":["GET"]}}],"collection":[{"href":"https:\/\/amblima.esteri.it\/es\/wp-json\/wp\/v2\/pages"}],"about":[{"href":"https:\/\/amblima.esteri.it\/es\/wp-json\/wp\/v2\/types\/page"}],"author":[{"embeddable":true,"href":"https:\/\/amblima.esteri.it\/es\/wp-json\/wp\/v2\/users\/6"}],"replies":[{"embeddable":true,"href":"https:\/\/amblima.esteri.it\/es\/wp-json\/wp\/v2\/comments?post=6355"}],"version-history":[{"count":2,"href":"https:\/\/amblima.esteri.it\/es\/wp-json\/wp\/v2\/pages\/6355\/revisions"}],"predecessor-version":[{"id":6563,"href":"https:\/\/amblima.esteri.it\/es\/wp-json\/wp\/v2\/pages\/6355\/revisions\/6563"}],"up":[{"embeddable":true,"href":"https:\/\/amblima.esteri.it\/es\/wp-json\/wp\/v2\/pages\/201"}],"wp:attachment":[{"href":"https:\/\/amblima.esteri.it\/es\/wp-json\/wp\/v2\/media?parent=6355"}],"curies":[{"name":"wp","href":"https:\/\/api.w.org\/{rel}","templated":true}]}}