{"id":6734,"date":"2025-10-20T16:20:57","date_gmt":"2025-10-20T21:20:57","guid":{"rendered":"https:\/\/amblima.esteri.it\/?page_id=6734"},"modified":"2026-04-08T14:57:37","modified_gmt":"2026-04-08T19:57:37","slug":"documento-de-identidad-electronico-cie","status":"publish","type":"page","link":"https:\/\/amblima.esteri.it\/es\/servizi-consolari-e-visti\/servizi-per-il-cittadino-italiano\/documento-de-identidad-electronico-cie\/","title":{"rendered":"Documento de Identidad Electr\u00f3nico (CIE)"},"content":{"rendered":"<p style=\"text-align: justify;\">El nuevo Documento de Identidad Electr\u00f3nico (CIE) es un documento multifuncional: certifica la identidad del ciudadano, es un documento de viaje, contiene el c\u00f3digo fiscal y permite solicitar la identidad en el sistema SPID (Sistema P\u00fablico de Identidad Digital) para acceder a los servicios de las administraciones p\u00fablicas italianas.<\/p>\n<p style=\"text-align: justify;\">El documento de identidad electr\u00f3nico permite la libre circulaci\u00f3n dentro de los Estados miembros de la Uni\u00f3n Europea, los Estados del Espacio Schengen (UE + Islandia, Noruega, Suiza, Liechtenstein) y aquellos con acuerdos internacionales espec\u00edficos.<\/p>\n<p style=\"text-align: justify;\">Para obtener m\u00e1s informaci\u00f3n, visite <a href=\"https:\/\/www.viaggiaresicuri.it\/approfondimenti-insights\/documentidiviaggio\">https:\/\/www.viaggiaresicuri.it\/approfondimenti-insights\/documentidiviaggio<\/a><\/p>\n<p style=\"text-align: justify;\">El nuevo Documento de Identidad Electr\u00f3nico puede solicitarse, con cita previa, a trav\u00e9s de la plataforma Prenot@mi.<\/p>\n<p style=\"text-align: justify;\">El CIE <span style=\"text-decoration: underline;\">solo<\/span> se puede expedir a ciudadanos italianos con residencia legal en la circunscripci\u00f3n consular de Per\u00fa, que ya est\u00e9n inscritos en el registro consular y cuyos datos personales consten en el Registro Consular (A.I.R.E.), base de datos del Registro de Italianos Residentes en el Extranjero (ANPR) del Ministerio del Interior.<\/p>\n<p style=\"text-align: justify;\">El CIE <strong>no<\/strong> se emite el d\u00eda de la cita, sino que lo elabora el Istituto Poligrafico e Zecca dello Stato de Roma y se env\u00eda posteriormente desde Italia por correo postal al domicilio declarado por el solicitante.<\/p>\n<p style=\"text-align: justify;\"><strong>REQUISITOS OBLIGATORIOS PARA SOLICITAR UN DOCUMENTO DE IDENTIDAD ELECTR\u00d3NICO<\/strong><\/p>\n<p style=\"text-align: justify;\">Para obtener un CIE, el solicitante debe:<\/p>\n<ul style=\"text-align: justify;\">\n<li>estar <span style=\"text-decoration: underline;\">inscrito en el Registro de la Ciudadan\u00eda e Inmigraci\u00f3n<\/span> (AIRE) y tener su nombre inscrito <span style=\"text-decoration: underline;\">en la correspondiente aplicaci\u00f3n por el municipio italiano<\/span> correspondiente;<\/li>\n<li>tener su <span style=\"text-decoration: underline;\">partida de nacimiento transcrita en Italia<\/span>, ya que los detalles de la transcripci\u00f3n deben incluirse en el CIE;<\/li>\n<li>tener un <span style=\"text-decoration: underline;\">c\u00f3digo fiscal validado<\/span> por la Agencia Tributaria y el municipio italiano correspondiente. Si no tiene el c\u00f3digo fiscal, esta Oficina Consular lo solicitar\u00e1 autom\u00e1ticamente;<\/li>\n<li>haber <span style=\"text-decoration: underline;\">actualizado su domicilio y estado civil en los registros consulares<\/span>. En caso de cambios, siga las instrucciones de las secciones AIRE y Estado Civil del sitio web antes de solicitar una cita para obtener un documento de identidad electr\u00f3nico.<\/li>\n<\/ul>\n<p style=\"text-align: justify;\"><strong>VALIDEZ DEL DOCUMENTO DE IDENTIDAD ELECTR\u00d3NICO<\/strong><\/p>\n<p style=\"text-align: justify;\">La validez del CIE var\u00eda seg\u00fan la edad del titular:<\/p>\n<p style=\"text-align: justify;\">\u2013 3 a\u00f1os para menores de 3 a\u00f1os;<\/p>\n<p style=\"text-align: justify;\">\u2013 5 a\u00f1os para menores de 3 a 18 a\u00f1os;<\/p>\n<p style=\"text-align: justify;\">\u2013 10 a\u00f1os para adultos.<\/p>\n<p style=\"text-align: justify;\">El d\u00eda de la cita, los ciudadanos deben presentar los siguientes <strong>documentos<\/strong>:<\/p>\n<ul style=\"text-align: justify;\">\n<li>Una foto tama\u00f1o pasaporte, conforme a la <a href=\"https:\/\/www.esteri.it\/it\/servizi-consolari-e-visti\/italiani-all-estero\/documenti_di_viaggio\/linee-guida-foto-icao\/\">normativa de la ICAO<\/a> (35 x 45 mm);<\/li>\n<li>Documento de identidad anterior (incluso si est\u00e1 caducado);<\/li>\n<li>Original y una copia de un documento de identificaci\u00f3n personal, de conformidad con el Decreto del Presidente de la Rep\u00fablica n.\u00ba 445\/2000. Si no dispone de dicho documento, el solicitante deber\u00e1 presentarse acompa\u00f1ado de dos testigos;<\/li>\n<li>Consentimiento de ambos padres si el solicitante es menor de 18 a\u00f1os.<\/li>\n<\/ul>\n<p style=\"text-align: justify;\">En la cita, el funcionario consular tomar\u00e1 l<strong>a fotograf\u00eda del solicitante y, excepto en el caso de menores de 12 a\u00f1os, las huellas dactilares y la firma<\/strong>. Estas se registrar\u00e1n de forma segura en el microchip del CIE del solicitante y no se almacenar\u00e1n en ning\u00fan otro lugar.<\/p>\n<p style=\"text-align: justify;\"><strong>Es obligatoria la presencia del solicitante o del titular de la tarjeta solicitada, as\u00ed como la de ambos padres si el solicitante es menor de 18 a\u00f1os.<\/strong><\/p>\n<p style=\"text-align: justify;\"><strong>COSTO<\/strong><\/p>\n<p style=\"text-align: justify;\">El costo del documento es de <strong>S\/88<\/strong> <strong>en efectivo<\/strong> y en la moneda indicada (<strong>el monto se actualiza trimestralmente &#8211; <a href=\"https:\/\/amblima.esteri.it\/es\/servizi-consolari-e-visti\/servizi-per-il-cittadino-italiano\/albo-consolare-e-altri-servizi\/tarifario-consular\/\">consulta aqu\u00ed el tarifario consular<\/a><\/strong>). No se aceptan otros m\u00e9todos de pago ni monedas distintas a las indicadas.<\/p>\n<p style=\"text-align: justify;\"><strong>Reglamento<\/strong><\/p>\n<p style=\"text-align: justify;\">\u2013 <a href=\"https:\/\/amblima.esteri.it\/wp-content\/uploads\/2025\/10\/photograph_guidelines_it.pdf\">Normas de la ICAO para Fotograf\u00edas de Tarjetas de Identidad Electr\u00f3nica<\/a><\/p>\n<p style=\"text-align: justify;\">\u2013 <a href=\"https:\/\/www.esteri.it\/it\/servizi-consolari-e-visti\/italiani-all-estero\/documenti_di_viaggio\/carta_identita\/\">Disposiciones del MAECI<\/a><\/p>\n","protected":false},"excerpt":{"rendered":"El nuevo Documento de Identidad Electr\u00f3nico (CIE) es un documento multifuncional: certifica la identidad del ciudadano, es un documento de viaje, contiene el c\u00f3digo fiscal y permite solicitar la identidad en el sistema SPID (Sistema P\u00fablico de Identidad Digital) para acceder a los servicios de las administraciones p\u00fablicas italianas. El documento de identidad electr\u00f3nico permite [&hellip;]","protected":false},"author":6,"featured_media":0,"parent":187,"menu_order":1,"comment_status":"closed","ping_status":"closed","template":"","meta":{"footnotes":""},"class_list":["post-6734","page","type-page","status-publish","hentry"],"_links":{"self":[{"href":"https:\/\/amblima.esteri.it\/es\/wp-json\/wp\/v2\/pages\/6734","targetHints":{"allow":["GET"]}}],"collection":[{"href":"https:\/\/amblima.esteri.it\/es\/wp-json\/wp\/v2\/pages"}],"about":[{"href":"https:\/\/amblima.esteri.it\/es\/wp-json\/wp\/v2\/types\/page"}],"author":[{"embeddable":true,"href":"https:\/\/amblima.esteri.it\/es\/wp-json\/wp\/v2\/users\/6"}],"replies":[{"embeddable":true,"href":"https:\/\/amblima.esteri.it\/es\/wp-json\/wp\/v2\/comments?post=6734"}],"version-history":[{"count":4,"href":"https:\/\/amblima.esteri.it\/es\/wp-json\/wp\/v2\/pages\/6734\/revisions"}],"predecessor-version":[{"id":7756,"href":"https:\/\/amblima.esteri.it\/es\/wp-json\/wp\/v2\/pages\/6734\/revisions\/7756"}],"up":[{"embeddable":true,"href":"https:\/\/amblima.esteri.it\/es\/wp-json\/wp\/v2\/pages\/187"}],"wp:attachment":[{"href":"https:\/\/amblima.esteri.it\/es\/wp-json\/wp\/v2\/media?parent=6734"}],"curies":[{"name":"wp","href":"https:\/\/api.w.org\/{rel}","templated":true}]}}