{"id":6913,"date":"2025-10-28T11:15:21","date_gmt":"2025-10-28T16:15:21","guid":{"rendered":"https:\/\/amblima.esteri.it\/?page_id=6913"},"modified":"2026-03-30T16:11:26","modified_gmt":"2026-03-30T21:11:26","slug":"matrimonio","status":"publish","type":"page","link":"https:\/\/amblima.esteri.it\/es\/servizi-consolari-e-visti\/servizi-per-il-cittadino-italiano\/stato-civile\/matrimonio\/","title":{"rendered":"Matrimonio"},"content":{"rendered":"<p style=\"text-align: justify;\"><strong>Inscripci\u00f3n en Italia del matrimonio de ciudadanos italianos en el extranjero:<\/strong><\/p>\n<p style=\"text-align: justify;\">Para que un matrimonio celebrado en el extranjero tenga valor en Italia, debe estar transcrito en la municipalidad italiana competente.<\/p>\n<p style=\"text-align: justify;\">El ciudadano italiano deber\u00e1 solicitar las publicaciones de matrimonio en la municipalidad peruana, y podr\u00e1 contraer matrimonio ante las autoridades extranjeras competentes, o ante la oficina consular. En este \u00faltimo caso, siempre y cuando no se opongan las leyes locales.<\/p>\n<p style=\"text-align: justify;\">Luego de haber sido efectuado el matrimonio, el interesado podr\u00e1 presentar en la oficina consular:<\/p>\n<ol style=\"text-align: justify;\">\n<li style=\"text-align: justify;\">partida de matrimonio, original traducido al italiano por un <a href=\"https:\/\/amblima.esteri.it\/es\/servizi-consolari-e-visti\/servizi-per-il-cittadino-italiano\/traduzione-e-legalizzazione-dei-documenti\/\">traductor<\/a> oficial o certificado;<\/li>\n<li style=\"text-align: justify;\">La partida y la traducci\u00f3n deben estar apostilladas por el Ministerio de Relaciones Exteriores del Per\u00fa;<\/li>\n<li style=\"text-align: justify;\"><a href=\"https:\/\/amblima.esteri.it\/wp-content\/uploads\/2026\/03\/Richiesta-trascrizione-matrimonio.doc\">solicitud de transcripci\u00f3n de matrimonio<\/a>;<\/li>\n<li style=\"text-align: justify;\"><a href=\"https:\/\/amblima.esteri.it\/wp-content\/uploads\/2023\/11\/scheda_personale_bilinge1.doc\">ficha personal<\/a>\u00a0del ciudadano italiano;<\/li>\n<li style=\"text-align: justify;\">copia del pasaporte del ciudadano italiano;<\/li>\n<li style=\"text-align: justify;\">copia del pasaporte del c\u00f3nyuge peruano;<\/li>\n<li style=\"text-align: justify;\">copia de la partida de nacimiento del c\u00f3nyuge peruano.<\/li>\n<\/ol>\n<p style=\"text-align: justify;\"><strong><u>CONTRAER MATRIMONIO EN EL PER\u00da<\/u><\/strong><\/p>\n<p>Requisitos para ciudadanos italianos que desean contraer matrimonio con ciudadanos peruanos en el Per\u00fa<\/p>\n<p style=\"text-align: justify;\">Solicitar en Italia, en\u00a0la municipalidad de residencia:<\/p>\n<ul style=\"text-align: justify;\">\n<li>certificado de nacimiento, ciudadan\u00eda y residencia, que contenga el nombre de los padres;<\/li>\n<li>certificado de solter\u00eda <em>(\u201cStato Libero\u201d)<\/em>;<\/li>\n<li>los documentos arriba indicados deben estar legalizados en Italia por el prefecto de la provincia, y por el consulado peruano competente en Italia.<\/li>\n<\/ul>\n<p style=\"text-align: justify;\">En Per\u00fa, dichos documentos deben ser traducidos al italiano por un traductor oficial y apostillados nuevamente en el Ministerio de Relaciones Exteriores del Per\u00fa.<\/p>\n<p style=\"text-align: justify;\">Los ciudadanos italianos divorciados, deben presentar la sentencia de divorcio, debidamente legalizada por el consulado peruano competente en Italia, traducida al espa\u00f1ol (como los dem\u00e1s documentos antes mencionados), adem\u00e1s de la partida del matrimonio anterior con la anotaci\u00f3n del divorcio al margen.<\/p>\n<p style=\"text-align: justify;\">Una vez que se ha efectuado el matrimonio, este debe ser inscrito en la embajada. Siga las siguientes instrucciones:<\/p>\n<p style=\"text-align: justify;\">Debe entregar en la ventanilla de la Oficina Consular de la embajada:<\/p>\n<ol>\n<li style=\"text-align: justify;\">partida de matrimonio en original, apostillada, traducida al italiano por un <a href=\"https:\/\/amblima.esteri.it\/es\/servizi-consolari-e-visti\/servizi-per-il-cittadino-italiano\/traduzione-e-legalizzazione-dei-documenti\/\">traductor<\/a> oficial, y nuevamente apostillada por el Ministerio de Relaciones Exteriores del Per\u00fa;<\/li>\n<li style=\"text-align: justify;\">partida de nacimiento del c\u00f3nyuge, para uso nacional y sin traducir.<\/li>\n<\/ol>\n","protected":false},"excerpt":{"rendered":"Inscripci\u00f3n en Italia del matrimonio de ciudadanos italianos en el extranjero: Para que un matrimonio celebrado en el extranjero tenga valor en Italia, debe estar transcrito en la municipalidad italiana competente. El ciudadano italiano deber\u00e1 solicitar las publicaciones de matrimonio en la municipalidad peruana, y podr\u00e1 contraer matrimonio ante las autoridades extranjeras competentes, o ante [&hellip;]","protected":false},"author":6,"featured_media":0,"parent":190,"menu_order":0,"comment_status":"closed","ping_status":"closed","template":"","meta":{"footnotes":""},"class_list":["post-6913","page","type-page","status-publish","hentry"],"_links":{"self":[{"href":"https:\/\/amblima.esteri.it\/es\/wp-json\/wp\/v2\/pages\/6913","targetHints":{"allow":["GET"]}}],"collection":[{"href":"https:\/\/amblima.esteri.it\/es\/wp-json\/wp\/v2\/pages"}],"about":[{"href":"https:\/\/amblima.esteri.it\/es\/wp-json\/wp\/v2\/types\/page"}],"author":[{"embeddable":true,"href":"https:\/\/amblima.esteri.it\/es\/wp-json\/wp\/v2\/users\/6"}],"replies":[{"embeddable":true,"href":"https:\/\/amblima.esteri.it\/es\/wp-json\/wp\/v2\/comments?post=6913"}],"version-history":[{"count":3,"href":"https:\/\/amblima.esteri.it\/es\/wp-json\/wp\/v2\/pages\/6913\/revisions"}],"predecessor-version":[{"id":7699,"href":"https:\/\/amblima.esteri.it\/es\/wp-json\/wp\/v2\/pages\/6913\/revisions\/7699"}],"up":[{"embeddable":true,"href":"https:\/\/amblima.esteri.it\/es\/wp-json\/wp\/v2\/pages\/190"}],"wp:attachment":[{"href":"https:\/\/amblima.esteri.it\/es\/wp-json\/wp\/v2\/media?parent=6913"}],"curies":[{"name":"wp","href":"https:\/\/api.w.org\/{rel}","templated":true}]}}