{"id":7304,"date":"2026-01-28T14:19:34","date_gmt":"2026-01-28T19:19:34","guid":{"rendered":"https:\/\/amblima.esteri.it\/?page_id=7304"},"modified":"2026-03-12T16:46:28","modified_gmt":"2026-03-12T21:46:28","slug":"universidades-y-becas-de-estudio","status":"publish","type":"page","link":"https:\/\/amblima.esteri.it\/es\/italia-e-peru\/diplomazia-culturale\/studiare-in-italia\/universidades-y-becas-de-estudio\/","title":{"rendered":"Universidades y Becas de Estudio"},"content":{"rendered":"<p><strong>A\u00d1O 2026<\/strong><\/p>\n<ul>\n<li><a class=\"focus--mouse\" href=\"https:\/\/amblima.esteri.it\/it\/italia-e-peru\/diplomazia-culturale\/studiare-in-italia\/universita-e-borse-di-studio\/universita-di-bergamo\/\" data-focus-mouse=\"true\">Universit\u00e0 di Bergamo<\/a><\/li>\n<li><a href=\"https:\/\/amblima.esteri.it\/es\/italia-e-peru\/diplomazia-culturale\/studiare-in-italia\/universidades-y-becas-de-estudio\/universita-di-trento\/\">Universit\u00e0 di Trento<\/a><\/li>\n<li><a href=\"https:\/\/amblima.esteri.it\/it\/italia-e-peru\/diplomazia-culturale\/studiare-in-italia\/universita-e-borse-di-studio\/universita-di-venezia\/\">Universit\u00e0 di Venezia<\/a><\/li>\n<\/ul>\n<p style=\"text-align: justify;\">Para conocer m\u00e1s oportunidades de estudio, es posible visitar la p\u00e1gina web del Ministerio de Asuntos Exteriores y de Cooperaci\u00f3n Internacional, donde se pueden encontrar todas las ofertas de becas de estudio de distintas universidades italianas (<a href=\"https:\/\/www.esteri.it\/it\/servizi-opportunita\/opportunita\/borse-di-studio\/per-cittadini-stranieri\/borse-di-studio-offerte-dalle-universita\/\">ver aqu\u00ed<\/a>), as\u00ed como consultar el sitio web del Instituto Italiano de Cultura de Lima (<a href=\"https:\/\/iiclima.esteri.it\/it\/lingua-e-cultura\/studiare-in-italia\/legalizzazione-dei-titoli-di-studio\/\">aqu\u00ed disponible<\/a>).<\/p>\n","protected":false},"excerpt":{"rendered":"A\u00d1O 2026 Universit\u00e0 di Bergamo Universit\u00e0 di Trento Universit\u00e0 di Venezia Para conocer m\u00e1s oportunidades de estudio, es posible visitar la p\u00e1gina web del Ministerio de Asuntos Exteriores y de Cooperaci\u00f3n Internacional, donde se pueden encontrar todas las ofertas de becas de estudio de distintas universidades italianas (ver aqu\u00ed), as\u00ed como consultar el sitio web [&hellip;]","protected":false},"author":6,"featured_media":0,"parent":175,"menu_order":0,"comment_status":"closed","ping_status":"closed","template":"","meta":{"footnotes":""},"class_list":["post-7304","page","type-page","status-publish","hentry"],"_links":{"self":[{"href":"https:\/\/amblima.esteri.it\/es\/wp-json\/wp\/v2\/pages\/7304","targetHints":{"allow":["GET"]}}],"collection":[{"href":"https:\/\/amblima.esteri.it\/es\/wp-json\/wp\/v2\/pages"}],"about":[{"href":"https:\/\/amblima.esteri.it\/es\/wp-json\/wp\/v2\/types\/page"}],"author":[{"embeddable":true,"href":"https:\/\/amblima.esteri.it\/es\/wp-json\/wp\/v2\/users\/6"}],"replies":[{"embeddable":true,"href":"https:\/\/amblima.esteri.it\/es\/wp-json\/wp\/v2\/comments?post=7304"}],"version-history":[{"count":5,"href":"https:\/\/amblima.esteri.it\/es\/wp-json\/wp\/v2\/pages\/7304\/revisions"}],"predecessor-version":[{"id":7594,"href":"https:\/\/amblima.esteri.it\/es\/wp-json\/wp\/v2\/pages\/7304\/revisions\/7594"}],"up":[{"embeddable":true,"href":"https:\/\/amblima.esteri.it\/es\/wp-json\/wp\/v2\/pages\/175"}],"wp:attachment":[{"href":"https:\/\/amblima.esteri.it\/es\/wp-json\/wp\/v2\/media?parent=7304"}],"curies":[{"name":"wp","href":"https:\/\/api.w.org\/{rel}","templated":true}]}}