{"id":101,"date":"2023-04-11T18:24:57","date_gmt":"2023-04-11T16:24:57","guid":{"rendered":"https:\/\/ambasciatapraga.esteri.it\/?page_id=101"},"modified":"2024-07-29T14:00:01","modified_gmt":"2024-07-29T19:00:01","slug":"lingua-e-cultura-italiana","status":"publish","type":"page","link":"https:\/\/amblima.esteri.it\/it\/italia-e-peru\/diplomazia-culturale\/lingua-e-cultura-italiana\/","title":{"rendered":"Lingua e Cultura italiana"},"content":{"rendered":"<p class=\"x_MsoNormal\" style=\"text-align: justify;\">La promozione linguistica e culturale italiana costituisce uno dei pilastri della cooperazione italo-peruviana e si sviluppa in un\u2019intensa attivit\u00e0 svolta a questo fine dall\u2019Ambasciata d\u2019Italia anche tramite l\u2019Istituto Italiano di Cultura di Lima, IIC, che oggi gode dell\u2019appoggio di un\u2019articolata rete di collaborazioni tra amministrazioni, universit\u00e0, enti di ricerca, istituzioni culturali, associazioni, scuole e imprese dei due Paesi (per approfondimenti consulta la sezione\u00a0<a href=\"https:\/\/amblima.esteri.it\/it\/italia-e-peru\/diplomazia-culturale\/\" target=\"_blank\" rel=\"noopener noreferrer\">Diplomazia culturale \u2013 Ambasciata d&#8217;Italia Lima (esteri.it)<\/a>).<\/p>\n<p class=\"x_MsoNormal\" style=\"text-align: justify;\">Per rispondere poi alla crescente domanda di lingua e cultura italiana, dettata da motivi di studio, di lavoro o semplicemente dall\u2019interesse personale, l\u2019IIC sta attivamente operando per offrire una programmazione sempre pi\u00f9 articolata, di qualit\u00e0 e ben veicolata di corsi di italiano, erogati anche in modalit\u00e0 virtuale, e dedicando rinnovate energie, sempre d\u2019intesa con l\u2019Ambasciata d\u2019Italia, alla promozione culturale per sostenere fortemente un\u2019attivit\u00e0 di approfondimento e di lancio di nuove iniziative, che hanno al centro la diffusione della nostra lingua e cultura. Per maggiori dettagli sui corsi di italiano, si prega anzitutto di consultare l\u2019apposita sezione del sito istituzionale dell\u2019IIC\u00a0<a href=\"https:\/\/iiclima.esteri.it\/it\/lingua-e-cultura\/\" target=\"_blank\" rel=\"noopener noreferrer\">https:\/\/iiclima.esteri.it\/it\/lingua-e-cultura\/<\/a><\/p>\n<p class=\"x_MsoNormal\" style=\"text-align: justify;\">Inoltre, si ricorda che oltre all\u2019insegnamento dell\u2019italiano come lingua curricolare in diverse scuole del Paese, esistono istituzioni ed enti privati che impartiscono lezioni di lingua italiana nonch\u00e9, pi\u00f9 in generale, istituzioni scolastiche italiane che, essendo riconosciute dal Ministero dell\u2019Istruzione, dell\u2019Universit\u00e0 e della Ricerca, impartiscono didattica in italiano secondo i programmi ministeriali italiani. Si prega per maggiori informazioni di consultare il sito web istituzionale dell\u2019IIC (<a href=\"https:\/\/iiclima.esteri.it\/it\/\" target=\"_blank\" rel=\"noopener noreferrer\">https:\/\/iiclima.esteri.it\/it\/<\/a>)e , pi\u00f9 in generale, i seguenti portali: <a href=\"https:\/\/www.linguaitaliana.esteri.it\/\" target=\"_blank\" rel=\"noopener noreferrer\">IL PORTALE DELLA LINGUA ITALIANA<\/a>,\u00a0<a href=\"https:\/\/www.raicultura.it\/\" target=\"_blank\" rel=\"noopener noreferrer\">PORTALE RAI CULTURA \u2013 ITALIANO<\/a>.<\/p>\n<p class=\"x_MsoNormal\" style=\"text-align: justify;\">Infine, si ricorda che con l\u2019entrata in vigore della Circolare n. 3\/2020 \u00e8 stato istituito un albo consolare per tutti gli enti di diritto peruviano senza fini di lucro promotori di corsi di lingua e cultura italiana e altre iniziative scolastiche in Per\u00f9. Per conoscere le modalit\u00e0 di iscrizione all\u2019albo e prendere visione della normativa principale siete invitati a consultare il seguente articolo: <a href=\"https:\/\/amblima.esteri.it\/it\/news\/dall_ambasciata\/2021\/01\/nuova-serie-della-newsletter-diplomazia\/\">ENTI PROMOTORI: INDICAZIONI OPERATIVE E MODULISTICA<\/a>.<\/p>\n<p class=\"x_MsoNormal\" style=\"text-align: justify;\">(luglio 2024)<\/p>\n","protected":false},"excerpt":{"rendered":"La promozione linguistica e culturale italiana costituisce uno dei pilastri della cooperazione italo-peruviana e si sviluppa in un\u2019intensa attivit\u00e0 svolta a questo fine dall\u2019Ambasciata d\u2019Italia anche tramite l\u2019Istituto Italiano di Cultura di Lima, IIC, che oggi gode dell\u2019appoggio di un\u2019articolata rete di collaborazioni tra amministrazioni, universit\u00e0, enti di ricerca, istituzioni culturali, associazioni, scuole e imprese [&hellip;]","protected":false},"author":1,"featured_media":0,"parent":44,"menu_order":0,"comment_status":"closed","ping_status":"closed","template":"","meta":{"footnotes":""},"class_list":["post-101","page","type-page","status-publish","hentry"],"_links":{"self":[{"href":"https:\/\/amblima.esteri.it\/it\/wp-json\/wp\/v2\/pages\/101","targetHints":{"allow":["GET"]}}],"collection":[{"href":"https:\/\/amblima.esteri.it\/it\/wp-json\/wp\/v2\/pages"}],"about":[{"href":"https:\/\/amblima.esteri.it\/it\/wp-json\/wp\/v2\/types\/page"}],"author":[{"embeddable":true,"href":"https:\/\/amblima.esteri.it\/it\/wp-json\/wp\/v2\/users\/1"}],"replies":[{"embeddable":true,"href":"https:\/\/amblima.esteri.it\/it\/wp-json\/wp\/v2\/comments?post=101"}],"version-history":[{"count":3,"href":"https:\/\/amblima.esteri.it\/it\/wp-json\/wp\/v2\/pages\/101\/revisions"}],"predecessor-version":[{"id":4995,"href":"https:\/\/amblima.esteri.it\/it\/wp-json\/wp\/v2\/pages\/101\/revisions\/4995"}],"up":[{"embeddable":true,"href":"https:\/\/amblima.esteri.it\/it\/wp-json\/wp\/v2\/pages\/44"}],"wp:attachment":[{"href":"https:\/\/amblima.esteri.it\/it\/wp-json\/wp\/v2\/media?parent=101"}],"curies":[{"name":"wp","href":"https:\/\/api.w.org\/{rel}","templated":true}]}}