{"id":14,"date":"2023-04-11T17:08:52","date_gmt":"2023-04-11T15:08:52","guid":{"rendered":"https:\/\/ambasciatapraga.esteri.it\/?page_id=14"},"modified":"2024-07-26T10:35:22","modified_gmt":"2024-07-26T15:35:22","slug":"italia-e-peru","status":"publish","type":"page","link":"https:\/\/amblima.esteri.it\/it\/italia-e-peru\/","title":{"rendered":"Italia e Per\u00f9"},"content":{"rendered":"<p style=\"text-align: justify;\">Storici e profondi sono i legami di amicizia fra Italia e Per\u00f9, Paesi uniti non solo da un costante dialogo governativo, ma anche dall\u2019opera incessante delle numerose e ben integrate rispettive comunit\u00e0 di espatriati. Si calcolano infatti ormai indicativamente 300 mila peruviani in Italia e circa 50 mila italiani in Per\u00f9 (in entrambi i casi in maggioranza doppi cittadini). Si tratta di collettivit\u00e0 dedite al lavoro, agli affari e ai commerci che hanno senz\u2019altro contribuito a intensificare gli scambi bilaterali cos\u00ec come stimolato negli anni un importante flusso di capitali italiani in questo Paese. Si tratta di rapporti che affondano le radici nella storia di illustri esploratori, scienziati e condottieri del calibro di Antonio Raimondi e Giuseppe Garibaldi, entrambi italiani e peruviani, che hanno certamente contribuito a fare conoscere al resto del mondo questo meraviglioso Paese.<\/p>\n<p style=\"text-align: justify;\">Eccellenti sono le relazioni bilaterali in campo politico e diplomatico, come testimoniato, fra le altre cose, da una tradizione di sostegno reciproco in ambito multilaterale.<\/p>\n<p style=\"text-align: justify;\">Da un punto di vista economico, le relazioni bilaterali tra i nostri Paesi sono parimenti cementate da una partnership storica che risale ai primi anni dell\u2019unit\u00e0 d\u2019Italia e che \u00e8 passata per momenti fondamentali soprattutto nel comparto difesa, fra cui vale la pena menzionare la creazione della prima industria aeronautica peruviana negli anni \u201830, ad opera dell\u2019italiana Caproni, e altre varie forme di collaborazione militare in ambito sia navale, in cui si staglia la costruzione in Per\u00f9 di alcune fregate classe Lupo, sia aereo, con l\u2019acquisto di alcuni esemplari di C-27J Spartan in dotazione a questa Forza Aerea. Degna di nota poi \u00e8 la presenza di una nutrita comunit\u00e0 imprenditoriale dedita soprattutto alle costruzioni e alle infrastrutture, e qui radicatasi sin dagli anni \u201970 del secolo scorso a attualmente impegnata in alcune delle principali opere infrastrutturali come la linea 2 della Metropolitana.<\/p>\n<p style=\"text-align: justify;\">Dal punto di vista commerciale, secondo i dati pi\u00f9 aggiornati disponibili a met\u00e0 2024, l\u2019interscambio bilaterale \u00e8 tornato ad aumentare con decisione, dopo la flessione causata dalla pandemia Covid-19, chiudendo il 2023 oltre 605 milioni di Euro di esportazioni italiane verso il Per\u00f9 (+1.4% rispetto al 2022) e circa 742 milioni di Euro di nostre importazioni dal Paese andino (+17% rispetto al 2022). Il valore complessivo dell\u2019interscambio \u00e8 quindi ormai stabilmente tornato sui livelli pre-pandemia, manifestando interessanti spinte di crescita. I principali prodotti importati dal Per\u00f9 sono i metalli di base (in particolare il rame) e i derivati dall\u2019estrazione da cave e miniere; prodotti dell\u2019agricoltura, della silvicoltura e della pesa; prodotti alimentari, bevande e tabacco. Viceversa, l\u2019Italia esporta in Per\u00f9 principalmente prodotti chimici di base, i macchinari, materiale rotabile, e apparecchi n.c.a.; prodotti in metallo; prodotti delle altre attivit\u00e0 manifatturiere; prodotti alimentari e bevande con particolare riguardo al mercato del vino, in costante crescita. Pi\u00f9 in generale, in questo Paese il Made in Italy \u00e8 considerato simbolo di grande qualit\u00e0.<\/p>\n<p style=\"text-align: justify;\">Intensa \u00e8 anche la cooperazione culturale. L\u2019Istituto Italiano di Cultura di Lima, uno dei pi\u00f9 grandi di tutta la rete italiana, offre ormai da anni corsi di lingua e cultura italiana, resi pi\u00f9 accattivanti anche grazie anche a un sempre pi\u00f9 forte utilizzo dell\u2019informatica. A livello scolastico, due sono invece le scuole italiane operanti a Lima: l\u2019Istituto Omnicomprensivo Paritario \u201cAntonio Raimondi\u201d (che rilascia titoli riconosciuti in entrambi i Paesi e offre un percorso di studi dalla scuola dell\u2019infanzia al liceo) e il Collegio \u201cDante Alighieri\u201d, che ha ottenuto la parit\u00e0 per i cicli elementare e secondario di primo grado. In totale sono oltre 1600 i ragazzi che frequentano le due scuole italiane paritarie. Esistono poi storiche realt\u00e0 scolastiche italo-peruviane, come il Collegio \u201cSanta Margherita\u201d del Callao, che, pur avendo una chiara origine italiana, non godono ancora della parit\u00e0 scolastica.<\/p>\n<p style=\"text-align: justify;\">L\u2019Ambasciata e l\u2019Istituto di Cultura collaborano strettamente con tali enti, realizzando congiuntamente vari eventi culturali, come dimostrato nel 2024, anno in cui si sono celebrati i 150 anni di relazioni diplomatiche bilaterali simboleggiati dall\u2019attracco al Callao della Nave scuola della Marina Militare \u201cAmerigo Vespucci\u201d, nonch\u00e9 facilitando giornate di orientamento per i ragazzi che volessero proseguire gli studi universitari in Italia. Sono numerose le Convenzioni esistenti tra Universit\u00e0 italiane e peruviane: al momento se ne registrano oltre 130, nei pi\u00f9 vari ambiti accademici. L\u2019Ambasciata d\u2019Italia e l\u2019Istituto Italiano di Cultura, autonomamente o in cooperazione con enti italiani e peruviani, organizzano annualmente un vasto programma volto alla diffusione a Lima e in altre citt\u00e0 del Paese di eventi di letteratura, cinema, musica, arte, danza, design, moda e gastronomia italiani come dimostrato dal grande successo nel 2024 per la partecipazione italiana alla Fiera del Libro di Lima, che ha aperto le porte all\u2019invito all\u2019Italia quale Paese ospite d\u2019onore nella prossima edizione del 2025. Un\u2019attenzione speciale viene poi come sempre dedicata all\u2019arte, con particolare riguardo all\u2019opera &#8211; \u00a0all\u2019architettura e al design.<\/p>\n<p style=\"text-align: justify;\">Altro dossier estremamente rilevante in Per\u00f9 \u00e8 quello dell\u2019archeologia, per cui sono diverse le missioni archeologiche italiane che hanno ricevuto dal Ministero il riconoscimento istituzionale e che collaborano intensamente con l\u2019Ambasciata e con le Autorit\u00e0 locali in questo importante settore.<\/p>\n<p style=\"text-align: justify;\">In conclusione, pu\u00f2 certamente dirsi che le eccellenti relazioni italo-peruviane si basano su un solido passato comune di storia, valori e tradizioni che permetter\u00e0 loro di cogliere con ottimismo e dinamicit\u00e0 le opportunit\u00e0 che si apriranno nei prossimi decenni e affrontare parimenti le sfide che si prospettano in uno scenario globale particolarmente complesso.<\/p>\n<p>(ultimo aggiornamento: luglio 2024)<\/p>\n<p>&nbsp;<\/p>\n","protected":false},"excerpt":{"rendered":"Storici e profondi sono i legami di amicizia fra Italia e Per\u00f9, Paesi uniti non solo da un costante dialogo governativo, ma anche dall\u2019opera incessante delle numerose e ben integrate rispettive comunit\u00e0 di espatriati. Si calcolano infatti ormai indicativamente 300 mila peruviani in Italia e circa 50 mila italiani in Per\u00f9 (in entrambi i casi [&hellip;]","protected":false},"author":1,"featured_media":0,"parent":0,"menu_order":4,"comment_status":"closed","ping_status":"closed","template":"","meta":{"footnotes":""},"class_list":["post-14","page","type-page","status-publish","hentry"],"_links":{"self":[{"href":"https:\/\/amblima.esteri.it\/it\/wp-json\/wp\/v2\/pages\/14","targetHints":{"allow":["GET"]}}],"collection":[{"href":"https:\/\/amblima.esteri.it\/it\/wp-json\/wp\/v2\/pages"}],"about":[{"href":"https:\/\/amblima.esteri.it\/it\/wp-json\/wp\/v2\/types\/page"}],"author":[{"embeddable":true,"href":"https:\/\/amblima.esteri.it\/it\/wp-json\/wp\/v2\/users\/1"}],"replies":[{"embeddable":true,"href":"https:\/\/amblima.esteri.it\/it\/wp-json\/wp\/v2\/comments?post=14"}],"version-history":[{"count":6,"href":"https:\/\/amblima.esteri.it\/it\/wp-json\/wp\/v2\/pages\/14\/revisions"}],"predecessor-version":[{"id":4923,"href":"https:\/\/amblima.esteri.it\/it\/wp-json\/wp\/v2\/pages\/14\/revisions\/4923"}],"wp:attachment":[{"href":"https:\/\/amblima.esteri.it\/it\/wp-json\/wp\/v2\/media?parent=14"}],"curies":[{"name":"wp","href":"https:\/\/api.w.org\/{rel}","templated":true}]}}