{"id":15,"date":"2023-04-11T17:08:57","date_gmt":"2023-04-11T15:08:57","guid":{"rendered":"https:\/\/ambasciatapraga.esteri.it\/?page_id=15"},"modified":"2026-04-08T12:15:23","modified_gmt":"2026-04-08T17:15:23","slug":"servizi-consolari-e-visti","status":"publish","type":"page","link":"https:\/\/amblima.esteri.it\/it\/servizi-consolari-e-visti\/","title":{"rendered":"Servizi Consolari e Visti"},"content":{"rendered":"<p class=\"boxLevel03\" style=\"text-align: justify;\">Si invita l\u2019utenza ad utilizzare in via preferenziale, per le richieste di <strong>iscrizione all\u2019AIRE o comunicazione di cambio di indirizzo all\u2019interno della stessa circoscrizione consolare<\/strong>, il portale <a href=\"https:\/\/serviziconsolarionline.esteri.it\/ScoFE\/index.sco\">FAST IT<\/a> con una <a href=\"https:\/\/www.youtube.com\/watch?v=S7FR2SXF6YA\">procedura on-line<\/a> guidata ed intuitiva, con l\u2019unica eccezione della prima iscrizione di figli minori italiani nati all\u2019estero, che potr\u00e0 essere effettuata unicamente allo sportello. Si ricorda che \u00e8 in ogni caso possibile, in caso di difficolt\u00e0, richiedere direttamente allo sportello i moduli per le relative richieste che potranno essere consegnate contestualmente in cartaceo corredate dalla relativa documentazione.<\/p>\n<p style=\"text-align: justify;\"><strong>L\u2019utenza che richieda un servizio consolare presso questa Ambasciata \u00e8 pregata cortesemente di prendere visione, compilare, firmare e consegnare allo sportello l\u2019Informativa sul trattamento dei dati personali ai fini dell\u2019erogazione dei servizi consolari (ad esclusione del rilascio dei visti e delle pratiche di cittadinanza), ai sensi del Regolamento Generale sulla Protezione dei Dati (UE) 2016\/679, art. 13 e 14. <a href=\"https:\/\/amblima.esteri.it\/wp-content\/uploads\/2025\/05\/INFORMATIVA-PRIVACY-SERVIZI-CONSOLARI.pdf\">Scaricare qui l\u2019Informativa<\/a>.<\/strong> I servizi consolari sono erogati secondo principi di eguaglianza, imparzialit\u00e0, efficienza e trasparenza.<\/p>\n<p class=\"boxLevel03\" style=\"text-align: justify;\">Nel quadro di una progressiva digitalizzazione della Pubblica Amministrazione all\u2019estero, diverse pratiche di stato civile che non richiedono obbligatoriamente la presenza fisica del richiedente allo sportello possono essere svolte on-line collegandosi su Fast-It . Per saperne di pi\u00f9, guarda il <a href=\"https:\/\/www.youtube.com\/watch?v=S7FR2SXF6YA\">video di presentazione<\/a>.<\/p>\n<p class=\"boxLevel03\" style=\"text-align: justify;\">Gli Uffici Consolari assicurano a tutti i connazionali tutela in caso di violazione dei loro diritti fondamentali e di limitazione o privazione della loro libert\u00e0 personale. Inoltre, assicurano assistenza per i casi di emergenza, per la ricerca di familiari, per le pratiche di successione aperte all&#8217;estero e per il rimpatrio delle salme.<\/p>\n<p style=\"text-align: justify;\">Si informa il pubblico che nel constante impegno di migliorare e razionalizzare i servizi consolari a beneficio dell\u2019utenza a partire dal 5 giugno 2024 per accedere a tutti i servizi consolari di questa Ambasciata occorrer\u00e0 effettuare l\u2019apposita prenotazione attraverso il portale della Farnesina \u201c<a href=\"https:\/\/prenotami.esteri.it\">Prenot@mi<\/a>\u201d.<\/p>\n<p style=\"text-align: justify;\">L\u2019Ambasciata d\u2019Italia<strong> non si avvale di collaboratori esterni, agenzie o intermediari per la gestione delle pratiche consolari<\/strong> (cittadinanza, visti, rilascio\/rinnovi passaporti ecc.).<\/p>\n<p style=\"text-align: justify;\">Non \u00e8 parimenti consentito il ricorso ad intermediari di qualsiasi natura per la prenotazione di appuntamenti online attraverso il portale Prenot@mi indipendentemente dalle relative modalit\u00e0 operative (ad es. con l\u2019utilizzo di sistemi di intelligenza artificiale, bot , centralino o simili ). Si informa al riguardo che verranno eseguiti rigidi controlli e in caso di utilizzi anomali le utenze verranno sospese. E&#8217; unicamente consentita la prenotazione per familiari prossimi congiunti conviventi o impossibilitati all&#8217;utilizzo dell&#8217;applicativo.<br \/>\nIn caso di difficolt\u00e0 tecniche o se sia necessario procedere a prenotazioni per pi\u00f9 persone di uno stesso gruppo si prega di contattare direttamente questa Ambasciata all&#8217;indirizzo cancconsolare.lima@esteri.it.<\/p>\n<p class=\"boxLevel03\" style=\"text-align: justify;\">Per ogni informazione riguardante la normativa consolare, si prega di visitare il sito del <a title=\"MAECI\" href=\"https:\/\/www.esteri.it\/it\/servizi-consolari-e-visti\/\" target=\"_blank\" rel=\"noopener\"><strong>Ministero degli Affari Esteri e della Cooperazione Internazionale<\/strong><\/a>.<\/p>\n<p class=\"boxLevel03\" style=\"text-align: justify;\"><strong>Per consentire alla Cancelleria Consolare di questa Ambasciata di rispondere a tutte le richieste di informazioni inviate via e-mail, l&#8217;utenza \u00e8 gentilmente pregata di consultare attentamente le varie\u00a0sezioni\u00a0del sito web, prima di inviare richieste su argomenti\u00a0gi\u00e0 trattati.\u00a0<\/strong><\/p>\n<p class=\"boxLevel03\" style=\"text-align: justify;\"><a href=\"https:\/\/amblima.esteri.it\/it\/servizi-consolari-e-visti\/servizi-per-il-cittadino-italiano\/albo-consolare-e-altri-servizi\/diritti-consolari\/\"><strong>DIRITTI CONSOLARI &#8211; II TRIMESTRE 2026<\/strong><\/a><\/p>\n<p style=\"text-align: justify;\"><strong>Dichiarazione sostitutiva di certificazione (art. 46 e 47 D.P.R. 28 dicembre 2000 n.445)\u00a0 per relazioni affettive stabili.<\/strong>\u00a0 Sono disponibili i moduli per la <a href=\"https:\/\/amblima.esteri.it\/it\/servizi-consolari-e-visti\/richiesta_dichiarazione_consolare-1\/\" rel=\"attachment wp-att-2785\">richiesta<\/a> e <a href=\"https:\/\/amblima.esteri.it\/it\/servizi-consolari-e-visti\/dichiarazione_sostitutiva_di_certificazione-1\/\" rel=\"attachment wp-att-2789\">dichiarazione<\/a>.<\/p>\n","protected":false},"excerpt":{"rendered":"Si invita l\u2019utenza ad utilizzare in via preferenziale, per le richieste di iscrizione all\u2019AIRE o comunicazione di cambio di indirizzo all\u2019interno della stessa circoscrizione consolare, il portale FAST IT con una procedura on-line guidata ed intuitiva, con l\u2019unica eccezione della prima iscrizione di figli minori italiani nati all\u2019estero, che potr\u00e0 essere effettuata unicamente allo sportello. [&hellip;]","protected":false},"author":1,"featured_media":0,"parent":0,"menu_order":6,"comment_status":"closed","ping_status":"closed","template":"","meta":{"footnotes":""},"class_list":["post-15","page","type-page","status-publish","hentry"],"_links":{"self":[{"href":"https:\/\/amblima.esteri.it\/it\/wp-json\/wp\/v2\/pages\/15","targetHints":{"allow":["GET"]}}],"collection":[{"href":"https:\/\/amblima.esteri.it\/it\/wp-json\/wp\/v2\/pages"}],"about":[{"href":"https:\/\/amblima.esteri.it\/it\/wp-json\/wp\/v2\/types\/page"}],"author":[{"embeddable":true,"href":"https:\/\/amblima.esteri.it\/it\/wp-json\/wp\/v2\/users\/1"}],"replies":[{"embeddable":true,"href":"https:\/\/amblima.esteri.it\/it\/wp-json\/wp\/v2\/comments?post=15"}],"version-history":[{"count":7,"href":"https:\/\/amblima.esteri.it\/it\/wp-json\/wp\/v2\/pages\/15\/revisions"}],"predecessor-version":[{"id":7741,"href":"https:\/\/amblima.esteri.it\/it\/wp-json\/wp\/v2\/pages\/15\/revisions\/7741"}],"wp:attachment":[{"href":"https:\/\/amblima.esteri.it\/it\/wp-json\/wp\/v2\/media?parent=15"}],"curies":[{"name":"wp","href":"https:\/\/api.w.org\/{rel}","templated":true}]}}