{"id":2346,"date":"2023-11-20T16:17:06","date_gmt":"2023-11-20T21:17:06","guid":{"rendered":"https:\/\/amblima.esteri.it\/?page_id=2346"},"modified":"2024-01-17T09:04:54","modified_gmt":"2024-01-17T14:04:54","slug":"anagrafe-italiani-residenti-allestero-a-i-r-e","status":"publish","type":"page","link":"https:\/\/amblima.esteri.it\/it\/servizi-consolari-e-visti\/servizi-per-il-cittadino-italiano\/anagrafe-italiani-residenti-allestero-a-i-r-e\/","title":{"rendered":"Anagrafe italiani residenti all&#8217;estero &#8211; A.I.R.E."},"content":{"rendered":"<p class=\"boxLevel03\">I Registri degli Italiani Residenti all&#8217;Estero (A.I.R.E.) furono istituiti con la Legge n. 470 del 22 ottobre 1988 e regolamentate con el D.P.R. n. 323 del 06 settembre 1989.<\/p>\n<p>Ogni Comune ha il suo propio A.I.R.E., nel quale vengono iscritti tutti i cittadini italiani, che vengono contemporaneamente cancellati dall&#8217;Anagrafe della Popolazione Residente dopo un periodo di permanenza all&#8217;estero superiore ai dodici mesi.<\/p>\n<p>Non sono iscritte nell&#8217;A.I.R.E. le persone che si recano all&#8217;estero per cause di durata limitata ad un massimo di un anno: lavoratori stagionali; dipendenti di ruolo dello Stato in servizio all&#8217;estero.<\/p>\n<p>Si devono invece iscrivere nell&#8217;A.I.R.E.:<\/p>\n<ul>\n<li>I cittadini italiani che hanno trasferito la loro residenza all&#8217;estero;<\/li>\n<li>\n<div align=\"justify\">le persone nate all&#8217;estero che hanno acquistato la cittadinanza italiana per nascita;<\/div>\n<\/li>\n<li>le persone che hanno acquistato la cittadinanza italiana all&#8217;estero.<\/li>\n<\/ul>\n<p dir=\"ltr\" align=\"justify\">L&#8217;iscrizione nell&#8217;A.I.R.E. \u00e8, di norma, effettuata a seguito della dichiarazione che l&#8217;interessato e&#8217; tenuto a rendere al Comune italiano di ultima residenza e all&#8217;Ambasciata o Consolato della circoscrizione di immigrazione o di nascita. Pu\u00f2 essere effettuata anche d&#8217;ufficio, nel caso di cittadini che non abbiano presentato le dichiarazioni dovute, ma dei quali gli uffici consolari o comunali competenti abbiano conoscenza, in base ai dati in loro possesso e agli accertamenti appositamente esperiti. In tal caso, il cittadino \u00e8 informato per mezzo di un atto amministrativo del Comune, notificato tramite l&#8217;Ambasciata o il Consolato di residenza.<\/p>\n<p>Iscriversi nell&#8217;Anagrafe degli Italiani Residenti all&#8217;Estero e dichiarare eventuali cambi di residenza o di abitazione e&#8217; un dovere civico che comporta la possibilit\u00e0 di fruire dei servizi consolari, di ottenere certificati dal Comune di iscrizione e dall&#8217;Ambasciata o Consolato nella cui circoscrizione si \u00e8 residente, nonch\u00e8 di esercitare con regolarit\u00e0 il diritto di voto.<\/p>\n<p>In particolare, l&#8217;iscrizione nell&#8217;A.I.R.E. consente allo Stato italiano di:<\/p>\n<ul>\n<li>\n<div align=\"justify\">garantire e facilitare l&#8217;esercizio dei diritti politici (il voto politico, il voto e le candidature per gli organismi rappresentativi);<\/div>\n<\/li>\n<li>programmare in modo pi\u00f9 razionale gli interventi della Pubblica Amministrazione a favore delle comunit\u00e0 degli italiani residenti all&#8217;estero;<\/li>\n<li>erogare i servizi amministrativi e gli interventi di assistenza previsti per i cittadini italiani residenti all&#8217;estero.<\/li>\n<\/ul>\n<p dir=\"ltr\" align=\"justify\">Aggiornare i propri dati Anagrafici dipende da ognuno di noi. Ogni cittadino italiano residente all&#8217;estero deve comunicare al competente Ufficio Consolare:<\/p>\n<ul>\n<li>il trasferimento della residenza o dell&#8217;abitazione;<\/li>\n<li>le modifiche della situazione di stato civile (matrimoni, divorzi, nascite, ecc.);<\/li>\n<li>il cambiamento della qualifica professionale e del titolo di studio;<\/li>\n<li>ogni altra modifica anagrafica.<\/li>\n<\/ul>\n<p dir=\"ltr\" align=\"justify\">Inoltre, i cittadini italiani sono tenuti ad avvertire l&#8217;Ufficio Consolare quando rientrano definitivamente in Italia, quando si verifica un decesso in familia, quando perdono la cittadinanza italiana, quando acquistano una cittadinanza diversa da quella italiana, senza perdere quest&#8217;ultima.<\/p>\n<p>I cittadini italiani hanno l&#8217;obbligo di iscriversi all&#8217;A.I.R.E. e solo ad essi sono riservati i servizi consolari (es.: atti di cittadinanza, rinnovo e rilascio passaporto, certificato doganale per il rimpatrio, autentica di firme, ecc.).<\/p>\n<p><strong>IMPORTANTE:<\/strong><\/p>\n<p style=\"text-align: justify;\">Si avvisa l\u2019utenza che la legge n. 213, art.1, comma 242 del 30 dicembre 2023 ha introdotto <span style=\"text-decoration: underline;\">nuove misure<\/span> riguardo alle iscrizioni all\u2019A.I.R.E.<\/p>\n<p style=\"text-align: justify;\">In particolare, si comunica che le principali novit\u00e0 riguardano le <strong>sanzioni applicabili in caso di mancata iscrizione<\/strong>. La citata Legge ha introdotto una sanzione pecuniaria amministrativa, dai 200 ai 1.000,00 euro per ogni anno di mancata iscrizione per tutti i cittadini italiani residenti all\u2019estero.<\/p>\n<p style=\"text-align: justify;\">L\u2019iscrizione all\u2019A.I.R.E \u00e8 un diritto-dovere del cittadino (Legge n. 470\/1988, art. 6) e costituisce il presupposto per usufruire dei servizi consolari forniti dalle Rappresentanze all\u2019estero, nonch\u00e9 per l\u2019esercizio di importanti diritti. <span style=\"text-decoration: underline;\">Si ricorda l&#8217;importanza di prendere attenta visione della legge sull&#8217;Anagrafe degli Italiani Residenti all&#8217;Estero (A.I.R.E.) istituita con legge 27 ottobre 1988, n. 470.<\/span><\/p>\n<p style=\"text-align: justify;\">Per ulteriori informazioni consultare la Gazzetta Ufficiale al seguente link: <a href=\"https:\/\/www.gazzettaufficiale.it\/eli\/gu\/2023\/12\/30\/303\/so\/40\/sg\/pdf\">gazzettaufficiale.it\/eli\/gu\/2023\/12\/30\/303\/so\/40\/sg\/pdf<\/a><\/p>\n","protected":false},"excerpt":{"rendered":"I Registri degli Italiani Residenti all&#8217;Estero (A.I.R.E.) furono istituiti con la Legge n. 470 del 22 ottobre 1988 e regolamentate con el D.P.R. n. 323 del 06 settembre 1989. Ogni Comune ha il suo propio A.I.R.E., nel quale vengono iscritti tutti i cittadini italiani, che vengono contemporaneamente cancellati dall&#8217;Anagrafe della Popolazione Residente dopo un periodo [&hellip;]","protected":false},"author":4,"featured_media":0,"parent":47,"menu_order":0,"comment_status":"closed","ping_status":"closed","template":"","meta":{"footnotes":""},"class_list":["post-2346","page","type-page","status-publish","hentry"],"_links":{"self":[{"href":"https:\/\/amblima.esteri.it\/it\/wp-json\/wp\/v2\/pages\/2346","targetHints":{"allow":["GET"]}}],"collection":[{"href":"https:\/\/amblima.esteri.it\/it\/wp-json\/wp\/v2\/pages"}],"about":[{"href":"https:\/\/amblima.esteri.it\/it\/wp-json\/wp\/v2\/types\/page"}],"author":[{"embeddable":true,"href":"https:\/\/amblima.esteri.it\/it\/wp-json\/wp\/v2\/users\/4"}],"replies":[{"embeddable":true,"href":"https:\/\/amblima.esteri.it\/it\/wp-json\/wp\/v2\/comments?post=2346"}],"version-history":[{"count":4,"href":"https:\/\/amblima.esteri.it\/it\/wp-json\/wp\/v2\/pages\/2346\/revisions"}],"predecessor-version":[{"id":3909,"href":"https:\/\/amblima.esteri.it\/it\/wp-json\/wp\/v2\/pages\/2346\/revisions\/3909"}],"up":[{"embeddable":true,"href":"https:\/\/amblima.esteri.it\/it\/wp-json\/wp\/v2\/pages\/47"}],"wp:attachment":[{"href":"https:\/\/amblima.esteri.it\/it\/wp-json\/wp\/v2\/media?parent=2346"}],"curies":[{"name":"wp","href":"https:\/\/api.w.org\/{rel}","templated":true}]}}