{"id":2405,"date":"2023-11-20T16:37:39","date_gmt":"2023-11-20T21:37:39","guid":{"rendered":"https:\/\/amblima.esteri.it\/?page_id=2405"},"modified":"2023-11-20T16:37:39","modified_gmt":"2023-11-20T21:37:39","slug":"comunicazione-della-variazione-della-residenza-in-peru-tramite-il-portale-fast-it","status":"publish","type":"page","link":"https:\/\/amblima.esteri.it\/it\/servizi-consolari-e-visti\/servizi-per-il-cittadino-italiano\/anagrafe-italiani-residenti-allestero-a-i-r-e\/comunicazione-della-variazione-della-residenza-in-peru-tramite-il-portale-fast-it\/","title":{"rendered":"Comunicazione della variazione della residenza in Per\u00f9 tramite il Portale &#8220;Fast-It&#8221;"},"content":{"rendered":"<div>\n<p>Dopo aver effettuato l\u2019iscrizione al Portale dei Servizi Consolari \u00e8 possibile, se si \u00e8 gi\u00e0 iscritti all\u2019AIRE, <strong>comunicare il nuovo indirizzo di residenza all\u2019interno della stessa circoscrizione consolare<\/strong>. La richiesta verr\u00e0 inoltrata alla nostra Cancelleria Consolare che effettuer\u00e0 le modifiche richieste e comunicher\u00e0 l\u2019aggiornamento dei dati al proprio Comune di iscrizione AIRE. Si prega di comunicare il proprio indirizzo in modo corretto e completo, attenendosi alle istruzioni indicate qua sotto. Ricordiamo che il mancato aggiornamento delle informazioni relative all\u2019indirizzo rende impossibile il contatto con il cittadino e il ricevimento della cartolina o del plico elettorale in caso di votazioni.<\/p>\n<p>Ogni cittadino italiano MAGGIORENNE potr\u00e0 presentare richiesta di variazione della propria residenza per lui e per i familiari conviventi di cittadinanza italiana. Qualora tuttavia si dovesse richiedere anche la registrazione di un familiare i cui atti di stato civile matrimonio, divorzio, nascite figli) non sono stati trascritti in precedenza, sar\u00e0 necessario regolarizzare previamente la posizione seguendo le istruzioni presenti nella sezione \u201cStato Civile\u201d della nostra pagina web.<\/p>\n<p><strong>ISTRUZIONI PRATICHE<\/strong>:<\/p>\n<p><strong>Compila la richiesta<\/strong>:<\/p>\n<p>Dopo aver compilato i campi richiesti nel modulo on line, sar\u00e0 necessario anche allegare:<\/p>\n<p>\u2022 <strong>ALLEGATO A<\/strong> &#8211; Scansione di un documento italiano in corso di validit\u00e0 (passaporto o carta d&#8217;identit\u00e0) di tutti i componenti del nucleo familiare di cittadinanza italiana, residenti nella stessa abitazione;<\/p>\n<p>\u2022 <strong>ALLEGATO B<\/strong> &#8211; Scansione del modulo di richiesta firmato (N.B.: \u00e8 importante che nel modulo di richiesta, cos\u00ec come nei campi corrispondenti del modulo on-line, venga specificata la Municipalit\u00e0 esatta di riferimento! Ad esempio, nel caso di residenza e\/o di nascita nella Regione di Lima sar\u00e0 necessario indicare: Ate, Jes\u00fas Maria, Lince, Miraflores, Los Olivos, ecc, e NON genericamente \u201cLima\u201d &#8211; specificando al contempo il CAP corrispondente a quella determinata Municipalit\u00e0;<\/p>\n<p><strong>IMPORTANTE: \u00c8 necessario e imprescindibile indicare nell&#8217;indirizzo il nuovo CODICE POSTALE NAZIONALE PERUVIANO, reperibile in <a href=\"http:\/\/www.codigopostal.gob.pe\">www.codigopostal.gob.pe<\/a><\/strong>.<\/p>\n<p><strong>RICORDA!<\/strong> Il sistema di upload del sito respinge qualsiasi allegato di dimensioni superiori a 1.0 MB (o 1024KB). Del resto non \u00e8 necessario utilizzare lo scanner al massimo della potenzialit\u00e0 per ottenere una versione digitale del documento da inviare.<\/p>\n<p>Come convertire in digitale un documento cartaceo nel migliore dei modi:<\/p>\n<p>In generale lo scanner pu\u00f2 essere impostato con i seguenti parametri: Risoluzione: 200 dpi<\/p>\n<p>Una risoluzione da 150 dpi a 200 dpi di solito offre una immagine di buona qualit\u00e0 che permette una lettura ed una stampa sufficientemente fedele ed accurata rispetto al documento originale.<\/p>\n<p>Colore: scala di grigi (gray scale) (NON usare colore se non \u00e8 espressamente richiesto)<\/p>\n<p>Formato: jpeg o pdf consigliati<\/p>\n<p>In questo modo si otterr\u00e0 un documento molto pi\u00f9 leggero ma sempre perfettamente leggibile e stampabile.<\/p>\n<p>&#8211; <strong>Inoltra la richiesta<\/strong>.<\/p>\n<p><strong>IMPORTANTE: PIN<\/strong> &#8211; Si informa che il numero PIN richiamato nel portale \u201cFast It\u201d non \u00e8 necessario per la richiesta di iscrizione all\u00b4A.I.R.E. Si precisa inoltre che le funzioni del portale che necessitano del PIN non sono ancora state abilitate dal Ministero degli Affari Esteri e della Cooperazione Internazionale. Si specifica che non \u00e8 possibile per gli utenti generare autonomamente il proprio PIN e che questa Ambasciata pubblicher\u00e0 sul sito web un avviso specifico relativo al rilascio del PIN, non appena questo servizio sar\u00e0 reso disponibile.<\/p>\n<\/div>\n","protected":false},"excerpt":{"rendered":"Dopo aver effettuato l\u2019iscrizione al Portale dei Servizi Consolari \u00e8 possibile, se si \u00e8 gi\u00e0 iscritti all\u2019AIRE, comunicare il nuovo indirizzo di residenza all\u2019interno della stessa circoscrizione consolare. La richiesta verr\u00e0 inoltrata alla nostra Cancelleria Consolare che effettuer\u00e0 le modifiche richieste e comunicher\u00e0 l\u2019aggiornamento dei dati al proprio Comune di iscrizione AIRE. Si prega di [&hellip;]","protected":false},"author":4,"featured_media":0,"parent":2346,"menu_order":0,"comment_status":"closed","ping_status":"closed","template":"","meta":{"footnotes":""},"class_list":["post-2405","page","type-page","status-publish","hentry"],"_links":{"self":[{"href":"https:\/\/amblima.esteri.it\/it\/wp-json\/wp\/v2\/pages\/2405","targetHints":{"allow":["GET"]}}],"collection":[{"href":"https:\/\/amblima.esteri.it\/it\/wp-json\/wp\/v2\/pages"}],"about":[{"href":"https:\/\/amblima.esteri.it\/it\/wp-json\/wp\/v2\/types\/page"}],"author":[{"embeddable":true,"href":"https:\/\/amblima.esteri.it\/it\/wp-json\/wp\/v2\/users\/4"}],"replies":[{"embeddable":true,"href":"https:\/\/amblima.esteri.it\/it\/wp-json\/wp\/v2\/comments?post=2405"}],"version-history":[{"count":1,"href":"https:\/\/amblima.esteri.it\/it\/wp-json\/wp\/v2\/pages\/2405\/revisions"}],"predecessor-version":[{"id":2407,"href":"https:\/\/amblima.esteri.it\/it\/wp-json\/wp\/v2\/pages\/2405\/revisions\/2407"}],"up":[{"embeddable":true,"href":"https:\/\/amblima.esteri.it\/it\/wp-json\/wp\/v2\/pages\/2346"}],"wp:attachment":[{"href":"https:\/\/amblima.esteri.it\/it\/wp-json\/wp\/v2\/media?parent=2405"}],"curies":[{"name":"wp","href":"https:\/\/api.w.org\/{rel}","templated":true}]}}