{"id":2479,"date":"2023-11-21T10:00:38","date_gmt":"2023-11-21T15:00:38","guid":{"rendered":"https:\/\/amblima.esteri.it\/?page_id=2479"},"modified":"2026-03-30T16:19:41","modified_gmt":"2026-03-30T21:19:41","slug":"dichiarazioni-di-valore","status":"publish","type":"page","link":"https:\/\/amblima.esteri.it\/it\/italia-e-peru\/diplomazia-culturale\/studiare-in-italia\/dichiarazioni-di-valore\/","title":{"rendered":"Dichiarazioni di valore"},"content":{"rendered":"<div>\n<p class=\"boxLevel03\" style=\"text-align: justify;\">Gli stranieri e gli italiani residenti all\u2019estero possono accedere alle Universit\u00e0 italiane presentando all&#8217;Ambasciata di Italia a Lima una domanda per l&#8217;ottenimento della dichiarazione di valore che deve essere corredata dalla documentazione prescritta. Questa documentazione deve essere approvata dalle competenti Autorit\u00e0 italiane, in base alla valutazione dei titoli di studio conseguiti all\u2019estero. L\u2019Ambasciata deve inoltre accertare e certificare che i titoli di studio di scuola media superiore consentono l\u2019ammissione ai corsi universitari nell\u2019ordinamento del Paese nel quale sono stati conseguiti.<\/p>\n<p class=\"boxLevel03\" style=\"text-align: justify;\"><strong>REQUISITI PER RICHIEDERE LA DICHIARAZIONE DI VALORE<\/strong><\/p>\n<p class=\"boxLevel03\" style=\"text-align: justify;\">La Dichiarazione di Valore deve essere richiesta allo sportello di questa Ambasciata direttamente dall\u2019interessato, previo apposito appuntamento tramite il portale Prenot@mi.<\/p>\n<p>In caso di motivata impossibilit\u00e0 alla presentazione di persona, l&#8217;interessato potr\u00e0 delegare un&#8217;altra persona per avviare la pratica, preferibilmente un familiare.<\/p>\n<p>A tal fine, il delegato dovr\u00e0 presentare una delega firmata dall&#8217;interessato. Sono accettate le seguenti tipologie:<\/p>\n<ul>\n<li style=\"list-style-type: none;\">\n<ul>\n<li>Delega semplice, per autorizzare familiari di primo grado (genitori, figli, coniuge e figli adottati).<\/li>\n<li>Delega notarile, per autorizzare terzi. Questa delega dovr\u00e0 essere tradotta in lingua italiana e apostillata anche sulla traduzione.<\/li>\n<li>\u201cPoder fuera de registro\u201d, per autorizzare terzi (se l&#8217;interessato \u00e8 residente all&#8217;estero). Questa delega \u00e8 rilasciata dal Consolato peruviano\/straniero competente per territorio.<\/li>\n<\/ul>\n<\/li>\n<\/ul>\n<p><strong>N.B. :<\/strong> Non saranno accettate fotocopie o stampe della delega, per tanto si dovr\u00e0 presentare il documento in originale.<\/p>\n<p class=\"boxLevel03\" style=\"text-align: justify;\">1) I cittadini peruviani regolarmente soggiornanti in Italia devono presentare i documenti di studio, legalizzati e tradotti, accompagnati da:<\/p>\n<ul style=\"text-align: justify;\">\n<li>Fotocopia del \u201cPermesso di Soggiorno\u201d<\/li>\n<li>Fotocopia della carta d&#8217;identit\u00e0<\/li>\n<li>Fotocopia del passaporto peruviano<\/li>\n<\/ul>\n<p style=\"text-align: justify;\"><strong>N.B.<\/strong> : Si ricorda che, per i certificati di studio tradotti dall\u2019Istituto Italiano di Cultura di Lima, si dovr\u00e0 pagare la tassa di conformit\u00e0 della traduzione, la quale va pagata per ogni foglio tradotto. Il costo della tassa di conformit\u00e0 \u00e8 pari a 13 Euro (Art. 72A) e va pagato al momento della consegna dei documenti presso lo sportello di questa sede in moneta locale.<\/p>\n<p style=\"text-align: justify;\">Si precisa che, ai sensi dell\u2019art.66, lettera c, del Decreto Legislativo 3 febbraio 2011, n. 71, la conformit\u00e0 della traduzione da parte dell\u2019Ambasciata \u00e8 gratuita se richiesta per <strong>accertati<\/strong> motivi di studio.<\/p>\n<p style=\"text-align: justify;\">&#8211; Domanda di legalizzazione di documenti\u00a0a seconda del caso, il seguente formulario:<\/p>\n<ul style=\"text-align: justify;\">\n<li><a href=\"https:\/\/amblima.esteri.it\/wp-content\/uploads\/2023\/11\/formulario_1.doc\">Formulario N\u00b0 1<\/a>: cittadini peruviani soggiornanti in Italia \u2013 iscrizione a corsi di laurea;<\/li>\n<li><a href=\"https:\/\/amblima.esteri.it\/wp-content\/uploads\/2023\/12\/formulario_2-1.doc\">Formulario N\u00b0 2:<\/a>\u00a0cittadini peruviani soggiornanti in Italia \u2013 iscrizione a istituti di istruzione non universitaria o altri;<\/li>\n<li><a href=\"https:\/\/amblima.esteri.it\/wp-content\/uploads\/2023\/12\/formulario_3.doc\">Formulario N\u00b0 3:<\/a>\u00a0cittadini peruviani soggiornanti in Italia \u2013 iscrizione a corsi post\u2013lauream;<\/li>\n<li><a href=\"https:\/\/amblima.esteri.it\/wp-content\/uploads\/2023\/12\/formulario_4.doc\">Formulario N\u00b0 4<\/a>: cittadini peruviani soggiornanti in Italia \u2013 riconoscimento titolo universitario peruviano presso universit\u00e0 italiane;<\/li>\n<li><a href=\"https:\/\/amblima.esteri.it\/wp-content\/uploads\/2023\/12\/formulario_5.doc\">Formulario N\u00b0 5<\/a>: cittadini peruviani soggiornanti in Italia \u2013riconoscimento titolo universitario peruviano presso il Ministero dell\u2019Istruzione o il Ministero della Giustizia;<\/li>\n<li><a href=\"https:\/\/amblima.esteri.it\/wp-content\/uploads\/2023\/12\/formulario_6.doc\">Formulario N\u00b0 6<\/a>: cittadini peruviani soggiornanti in Italia \u2013 riconoscimento titolo universitario peruviano presso il Ministero della Salute;<\/li>\n<\/ul>\n<p style=\"text-align: justify;\">2) I cittadini italiani o comunitari:<\/p>\n<ul style=\"text-align: justify;\">\n<li>Fotocopia del passaporto italiano o comunitari o certificato di cittadinanza italiana o comunitaria o decreto di cittadinanza<\/li>\n<li>Fotocopia della carta d&#8217;identit\u00e0<\/li>\n<\/ul>\n<p style=\"text-align: justify;\">&#8211;\u00a0 Domanda di legalizzazione di documenti:<\/p>\n<ul style=\"text-align: justify;\">\n<li><a href=\"https:\/\/amblima.esteri.it\/wp-content\/uploads\/2023\/12\/richiesta_1.doc\">Richiesta N. 1<\/a>: cittadini italiani o comunitari \u2013 iscrizione a corsi di laurea;<\/li>\n<li><a href=\"https:\/\/amblima.esteri.it\/wp-content\/uploads\/2023\/12\/richiesta_2.doc\">Richiesta N: 2<\/a>: cittadini italiani o comunitari \u2013 iscrizione a istituti di istruzione non universitari o altri;<\/li>\n<li><a href=\"https:\/\/amblima.esteri.it\/wp-content\/uploads\/2023\/12\/richiesta_3.doc\">Richiesta N. 3<\/a>: ciudadanos italianos o comunitarios \u2013 iscrizione a corsi post-lauream;<\/li>\n<li><a href=\"https:\/\/amblima.esteri.it\/wp-content\/uploads\/2023\/12\/richiesta_4.doc\">Richiesta N. 4<\/a>: cittadini italiani o comunitari \u2013 Riconoscimento titolo universitario peruviano presso universit\u00e0 italiane;<\/li>\n<li><a href=\"https:\/\/amblima.esteri.it\/wp-content\/uploads\/2023\/12\/richiesta_5.doc\">Richiesta N. 5<\/a>: cittadini italiani o comunitari \u2013 Riconoscimento titolo universitario peruviano presso il Ministero dell\u2019Istruzione o il Ministero della Giustizia;<\/li>\n<li><a href=\"https:\/\/amblima.esteri.it\/wp-content\/uploads\/2023\/12\/richiesta_6.doc\">Richiesta N. 6<\/a>: cittadini italiani o comunitari \u2013 Riconoscimento titolo universitario peruviano presso il Ministero della Salute.<\/li>\n<\/ul>\n<p style=\"text-align: justify;\">DOCUMENTI SCOLASTICI A PRESENTARE:<br \/>\n(clicare sul corrispondente link secondo il caso)<\/p>\n<ul style=\"text-align: justify;\">\n<li><a href=\"https:\/\/amblima.esteri.it\/wp-content\/uploads\/2023\/12\/documentos_de_estudios_primaria_y_secundaria.doc\">STUDI ELEMENTARI E\/O SECONDARI<\/a><\/li>\n<li><a href=\"https:\/\/amblima.esteri.it\/wp-content\/uploads\/2023\/12\/documentos_de_estudios_estudios_superiores_no_universitarios-1.doc\">STUDI SUPERIORI NON UNIVERSITARI<\/a><\/li>\n<li><a href=\"https:\/\/amblima.esteri.it\/wp-content\/uploads\/2023\/12\/documentos_de_estudios_universitarios_incompletos_o_completos_sin_titulo_inscripcin_univ.doc\">STUDI UNIVERSITARI INCOMPLETI O COMPLETI SENZA TITOLO<\/a><\/li>\n<li><a href=\"https:\/\/amblima.esteri.it\/wp-content\/uploads\/2023\/12\/documentos_de_estudios_grados__tit._y_lic._universitarios-1.doc\">TITOLO ACCADEMICO O DIPLOMA DI LAUREA PERUVIANO<\/a><\/li>\n<li><a href=\"https:\/\/amblima.esteri.it\/wp-content\/uploads\/2023\/12\/documentos_de_estudios_enfermeros_colegiados.doc\">TITOLO DI INFERMIERE PROFESSIONALE<\/a><\/li>\n<\/ul>\n<p style=\"text-align: justify;\">NOTA:<br \/>\nLa documentazione deve essere acompagnata da una fotocopia semplice (due per i titoli universitari).<br \/>\nI documenti saranno controllati dall&#8217;incaricata prima di essere accettati.<\/p>\n<p class=\"boxLevel03\" style=\"text-align: justify;\"><strong>REQUISITI PER IL RITIRO DELLA DICHIARAZIONE DI VALORE<\/strong><\/p>\n<p class=\"boxLevel03\" style=\"text-align: justify;\">Al momento del ritiro l&#8217;interessato dovr\u00e0 presentarsi <strong>personalmente<\/strong> esibendo il documento di identit\u00e0 in corso di validit\u00e0 indicato nella richiesta di dichiarazione.<\/p>\n<p style=\"text-align: justify;\">In caso di <span style=\"text-decoration: underline;\">motivata impossibilit\u00e0<\/span> alla presentazione di persona, l&#8217;interessato potr\u00e0 delegare un&#8217;altra persona per il ritiro della dichiarazione, preferibilmente un familiare.<\/p>\n<p style=\"text-align: justify;\">A tal fine, il delegato dovr\u00e0 presentare:<\/p>\n<ol>\n<li>Delega firmata dall&#8217;interessato. Sono accettate le seguenti tipologie:\n<ul>\n<li>Delega semplice, per autorizzare familiari di primo grado (genitori, figli, coniuge e figli adottati).<\/li>\n<li>Delega notarile, per autorizzare terzi. Questa delega dovr\u00e0 essere tradotta in lingua italiana e apostillata anche sulla traduzione.<\/li>\n<li>\u201cPoder fuera de registro\u201d, per autorizzare terzi (se l&#8217;interessato \u00e8 residente all&#8217;estero). Questa delega \u00e8 rilasciata dal Consolato peruviano\/straniero competente per territorio.<\/li>\n<\/ul>\n<\/li>\n<li>Il proprio documento di identit\u00e0 e sua fotocopia;<\/li>\n<li>La fotocopia del documento di identit\u00e0 dell&#8217;intestatario indicato nella richiesta.<\/li>\n<\/ol>\n<\/div>\n","protected":false},"excerpt":{"rendered":"Gli stranieri e gli italiani residenti all\u2019estero possono accedere alle Universit\u00e0 italiane presentando all&#8217;Ambasciata di Italia a Lima una domanda per l&#8217;ottenimento della dichiarazione di valore che deve essere corredata dalla documentazione prescritta. Questa documentazione deve essere approvata dalle competenti Autorit\u00e0 italiane, in base alla valutazione dei titoli di studio conseguiti all\u2019estero. L\u2019Ambasciata deve inoltre [&hellip;]","protected":false},"author":4,"featured_media":0,"parent":99,"menu_order":0,"comment_status":"closed","ping_status":"closed","template":"","meta":{"footnotes":""},"class_list":["post-2479","page","type-page","status-publish","hentry"],"_links":{"self":[{"href":"https:\/\/amblima.esteri.it\/it\/wp-json\/wp\/v2\/pages\/2479","targetHints":{"allow":["GET"]}}],"collection":[{"href":"https:\/\/amblima.esteri.it\/it\/wp-json\/wp\/v2\/pages"}],"about":[{"href":"https:\/\/amblima.esteri.it\/it\/wp-json\/wp\/v2\/types\/page"}],"author":[{"embeddable":true,"href":"https:\/\/amblima.esteri.it\/it\/wp-json\/wp\/v2\/users\/4"}],"replies":[{"embeddable":true,"href":"https:\/\/amblima.esteri.it\/it\/wp-json\/wp\/v2\/comments?post=2479"}],"version-history":[{"count":7,"href":"https:\/\/amblima.esteri.it\/it\/wp-json\/wp\/v2\/pages\/2479\/revisions"}],"predecessor-version":[{"id":6442,"href":"https:\/\/amblima.esteri.it\/it\/wp-json\/wp\/v2\/pages\/2479\/revisions\/6442"}],"up":[{"embeddable":true,"href":"https:\/\/amblima.esteri.it\/it\/wp-json\/wp\/v2\/pages\/99"}],"wp:attachment":[{"href":"https:\/\/amblima.esteri.it\/it\/wp-json\/wp\/v2\/media?parent=2479"}],"curies":[{"name":"wp","href":"https:\/\/api.w.org\/{rel}","templated":true}]}}