{"id":2594,"date":"2023-11-23T11:19:16","date_gmt":"2023-11-23T16:19:16","guid":{"rendered":"https:\/\/amblima.esteri.it\/?page_id=2594"},"modified":"2023-11-23T11:19:16","modified_gmt":"2023-11-23T16:19:16","slug":"universita","status":"publish","type":"page","link":"https:\/\/amblima.esteri.it\/it\/italia-e-peru\/diplomazia-culturale\/studiare-in-italia\/universita\/","title":{"rendered":"Universit\u00e0"},"content":{"rendered":"<p>Notizie di interesse generale sull\u2019organizzazione e sul funzionamento delle Universit\u00e0 italiane si trovano nella sezione del sito del <a href=\"http:\/\/hubmiur.pubblica.istruzione.it\/web\/universita\/home\"><strong>Ministero dell\u2019Istruzione, dell\u2019Universit\u00e0 e\u00a0della Ricerca<\/strong><\/a>.<\/p>\n<p>Liste complete degli Atenei sono consultabili attraverso lo speciale motore di ricerca\u00a0<a href=\"http:\/\/www.cineca.it\/\"><strong>CINECA<\/strong><\/a>.<\/p>\n<p>\u00c8 presente anche pagina dedicata alle Universit\u00e0 nel sito della <a href=\"http:\/\/www.crui.it\/\"><strong>CRUI &#8211; Conferenza dei Rettori delle Universit\u00e0 Italiane<\/strong><\/a>.<\/p>\n<p>Gli studenti stranieri interessati ad effettuare studi presso le Universit\u00e0 Italiane trovano notizie utili sui posti loro riservati nel sito del MIUR alla pagina relativa all&#8217;<a href=\"http:\/\/offertaformativa.miur.it\/\"><strong>Offerta formativa<\/strong> <\/a>.<\/p>\n","protected":false},"excerpt":{"rendered":"Notizie di interesse generale sull\u2019organizzazione e sul funzionamento delle Universit\u00e0 italiane si trovano nella sezione del sito del Ministero dell\u2019Istruzione, dell\u2019Universit\u00e0 e\u00a0della Ricerca. Liste complete degli Atenei sono consultabili attraverso lo speciale motore di ricerca\u00a0CINECA. \u00c8 presente anche pagina dedicata alle Universit\u00e0 nel sito della CRUI &#8211; Conferenza dei Rettori delle Universit\u00e0 Italiane. Gli studenti [&hellip;]","protected":false},"author":4,"featured_media":0,"parent":99,"menu_order":0,"comment_status":"closed","ping_status":"closed","template":"","meta":{"footnotes":""},"class_list":["post-2594","page","type-page","status-publish","hentry"],"_links":{"self":[{"href":"https:\/\/amblima.esteri.it\/it\/wp-json\/wp\/v2\/pages\/2594","targetHints":{"allow":["GET"]}}],"collection":[{"href":"https:\/\/amblima.esteri.it\/it\/wp-json\/wp\/v2\/pages"}],"about":[{"href":"https:\/\/amblima.esteri.it\/it\/wp-json\/wp\/v2\/types\/page"}],"author":[{"embeddable":true,"href":"https:\/\/amblima.esteri.it\/it\/wp-json\/wp\/v2\/users\/4"}],"replies":[{"embeddable":true,"href":"https:\/\/amblima.esteri.it\/it\/wp-json\/wp\/v2\/comments?post=2594"}],"version-history":[{"count":1,"href":"https:\/\/amblima.esteri.it\/it\/wp-json\/wp\/v2\/pages\/2594\/revisions"}],"predecessor-version":[{"id":2596,"href":"https:\/\/amblima.esteri.it\/it\/wp-json\/wp\/v2\/pages\/2594\/revisions\/2596"}],"up":[{"embeddable":true,"href":"https:\/\/amblima.esteri.it\/it\/wp-json\/wp\/v2\/pages\/99"}],"wp:attachment":[{"href":"https:\/\/amblima.esteri.it\/it\/wp-json\/wp\/v2\/media?parent=2594"}],"curies":[{"name":"wp","href":"https:\/\/api.w.org\/{rel}","templated":true}]}}