{"id":2731,"date":"2023-11-23T13:30:49","date_gmt":"2023-11-23T18:30:49","guid":{"rendered":"https:\/\/amblima.esteri.it\/?page_id=2731"},"modified":"2023-12-18T15:17:13","modified_gmt":"2023-12-18T20:17:13","slug":"moduli-per-tramiti-di-cittadini-stranieri","status":"publish","type":"page","link":"https:\/\/amblima.esteri.it\/it\/servizi-consolari-e-visti\/servizi-per-il-cittadino-straniero\/moduli-per-tramiti-di-cittadini-stranieri\/","title":{"rendered":"Moduli per pratiche di cittadini stranieri"},"content":{"rendered":"<ol>\n<li>\n<div align=\"justify\"><a href=\"https:\/\/amblima.esteri.it\/wp-content\/uploads\/2023\/12\/domanda_trascrizione_atti_stato_civile_bilingue_capostipite.doc\">Richiesta trascrizione atti stato civile capostipite (bilingue)<\/a><\/div>\n<\/li>\n<li><a href=\"https:\/\/amblima.esteri.it\/wp-content\/uploads\/2023\/12\/Assenso-al-riconoscimento-figlio-per-peruviani-spagnolo.doc\">Assenso al riconoscimento figlio per peruviani (espa\u00f1ol)<\/a><\/li>\n<li><a href=\"http:\/\/amblima.esteri.it\/ambasciata_lima\/resource\/doc\/2018\/05\/modello_riconoscimento_cittadinanza_italiana.doc\">Richiesta di riconoscimento cittadinanza italiana (bilingue)<\/a><\/li>\n<li><a href=\"https:\/\/amblima.esteri.it\/wp-content\/uploads\/2023\/12\/Solicitud-de-visado-nacional-D-espanol-1.pdf\">Richiesta di visto nazionale D (espa\u00f1ol)<\/a><\/li>\n<li><a href=\"https:\/\/amblima.esteri.it\/wp-content\/uploads\/2023\/12\/formato_solicitud_de_visado_schengen_tipo_c1.pdf\">Richiesta di visto per gli Stati Schengen tipo C1 (espa\u00f1ol)<\/a><\/li>\n<li><a href=\"https:\/\/amblima.esteri.it\/wp-content\/uploads\/2023\/12\/dichiarazione_garanzia_e-o_alloggio.pdf\">Dichiarazione di garanzia e-o alloggio (italiano-inglese)<\/a><\/li>\n<li><a href=\"https:\/\/amblima.esteri.it\/wp-content\/uploads\/2023\/12\/richiesta_dichiarazione_consolare.docx\">Richiesta dichiarazione consolare (italiano)<\/a><\/li>\n<li><a href=\"https:\/\/amblima.esteri.it\/wp-content\/uploads\/2023\/11\/dichiarazione_sostitutiva_di_certificazione-1.pdf\">Dichiarazione sostitutiva di certificazione (italiano)<\/a><\/li>\n<\/ol>\n<p>&nbsp;<\/p>\n<p>I moduli per le dichiarazioni di valore, sono consultabili al seguente collegamento: <a href=\"https:\/\/amblima.esteri.it\/it\/italia-e-peru\/diplomazia-culturale\/studiare-in-italia\/dichiarazioni-di-valore\/\">https:\/\/amblima.esteri.it\/it\/italia-e-peru\/diplomazia-culturale\/studiare-in-italia\/dichiarazioni-di-valore\/<\/a><\/p>\n","protected":false},"excerpt":{"rendered":"Richiesta trascrizione atti stato civile capostipite (bilingue) Assenso al riconoscimento figlio per peruviani (espa\u00f1ol) Richiesta di riconoscimento cittadinanza italiana (bilingue) Richiesta di visto nazionale D (espa\u00f1ol) Richiesta di visto per gli Stati Schengen tipo C1 (espa\u00f1ol) Dichiarazione di garanzia e-o alloggio (italiano-inglese) Richiesta dichiarazione consolare (italiano) Dichiarazione sostitutiva di certificazione (italiano) &nbsp; I moduli per [&hellip;]","protected":false},"author":4,"featured_media":0,"parent":48,"menu_order":0,"comment_status":"closed","ping_status":"closed","template":"","meta":{"footnotes":""},"class_list":["post-2731","page","type-page","status-publish","hentry"],"_links":{"self":[{"href":"https:\/\/amblima.esteri.it\/it\/wp-json\/wp\/v2\/pages\/2731","targetHints":{"allow":["GET"]}}],"collection":[{"href":"https:\/\/amblima.esteri.it\/it\/wp-json\/wp\/v2\/pages"}],"about":[{"href":"https:\/\/amblima.esteri.it\/it\/wp-json\/wp\/v2\/types\/page"}],"author":[{"embeddable":true,"href":"https:\/\/amblima.esteri.it\/it\/wp-json\/wp\/v2\/users\/4"}],"replies":[{"embeddable":true,"href":"https:\/\/amblima.esteri.it\/it\/wp-json\/wp\/v2\/comments?post=2731"}],"version-history":[{"count":6,"href":"https:\/\/amblima.esteri.it\/it\/wp-json\/wp\/v2\/pages\/2731\/revisions"}],"predecessor-version":[{"id":3452,"href":"https:\/\/amblima.esteri.it\/it\/wp-json\/wp\/v2\/pages\/2731\/revisions\/3452"}],"up":[{"embeddable":true,"href":"https:\/\/amblima.esteri.it\/it\/wp-json\/wp\/v2\/pages\/48"}],"wp:attachment":[{"href":"https:\/\/amblima.esteri.it\/it\/wp-json\/wp\/v2\/media?parent=2731"}],"curies":[{"name":"wp","href":"https:\/\/api.w.org\/{rel}","templated":true}]}}