{"id":2913,"date":"2023-11-30T15:52:10","date_gmt":"2023-11-30T20:52:10","guid":{"rendered":"https:\/\/amblima.esteri.it\/?page_id=2913"},"modified":"2023-11-30T15:52:10","modified_gmt":"2023-11-30T20:52:10","slug":"politica-ricerca-e-sviluppo","status":"publish","type":"page","link":"https:\/\/amblima.esteri.it\/it\/italia-e-peru\/diplomazia-scientifica\/politica-ricerca-e-sviluppo\/","title":{"rendered":"Politica, ricerca e sviluppo"},"content":{"rendered":"<p>Esistono diversi<strong>\u00a0accordi di cooperazione tra universit\u00e0 peruviane e universit\u00e0 italiane<\/strong>, volti a promuovere\u00a0<strong>l\u2019internazionalizzazione dei membri della comunit\u00e0 scientifica e sviluppare congiuntamente diversi ambiti di ricerca scientifica<\/strong>. Gli studenti possono in questo modo partecipare ad autorevoli progetti di ricerca a carattere transnazionale le cui scoperte possono favorire entrambi i Paesi. Tra le ultime convenzioni universitarie firmate si ricorda, ad esempio, quella fra la Universidad Cient\u00edfica del Sur e l\u2019Universit\u00e0 degli Studi di Trieste (marzo 2019).<\/p>\n<p>Occorre inoltre menzionare che la collaborazione scientifico-tecnologica fra Italia e Per\u00f9 \u00e8 altres\u00ec coordinata e incentivata da organismi multilaterali nell\u2019ambito delle Nazioni Unite come, ad esempio, l\u2019UNESCO.<\/p>\n","protected":false},"excerpt":{"rendered":"Esistono diversi\u00a0accordi di cooperazione tra universit\u00e0 peruviane e universit\u00e0 italiane, volti a promuovere\u00a0l\u2019internazionalizzazione dei membri della comunit\u00e0 scientifica e sviluppare congiuntamente diversi ambiti di ricerca scientifica. Gli studenti possono in questo modo partecipare ad autorevoli progetti di ricerca a carattere transnazionale le cui scoperte possono favorire entrambi i Paesi. Tra le ultime convenzioni universitarie firmate [&hellip;]","protected":false},"author":4,"featured_media":0,"parent":45,"menu_order":0,"comment_status":"closed","ping_status":"closed","template":"","meta":{"footnotes":""},"class_list":["post-2913","page","type-page","status-publish","hentry"],"_links":{"self":[{"href":"https:\/\/amblima.esteri.it\/it\/wp-json\/wp\/v2\/pages\/2913","targetHints":{"allow":["GET"]}}],"collection":[{"href":"https:\/\/amblima.esteri.it\/it\/wp-json\/wp\/v2\/pages"}],"about":[{"href":"https:\/\/amblima.esteri.it\/it\/wp-json\/wp\/v2\/types\/page"}],"author":[{"embeddable":true,"href":"https:\/\/amblima.esteri.it\/it\/wp-json\/wp\/v2\/users\/4"}],"replies":[{"embeddable":true,"href":"https:\/\/amblima.esteri.it\/it\/wp-json\/wp\/v2\/comments?post=2913"}],"version-history":[{"count":1,"href":"https:\/\/amblima.esteri.it\/it\/wp-json\/wp\/v2\/pages\/2913\/revisions"}],"predecessor-version":[{"id":2915,"href":"https:\/\/amblima.esteri.it\/it\/wp-json\/wp\/v2\/pages\/2913\/revisions\/2915"}],"up":[{"embeddable":true,"href":"https:\/\/amblima.esteri.it\/it\/wp-json\/wp\/v2\/pages\/45"}],"wp:attachment":[{"href":"https:\/\/amblima.esteri.it\/it\/wp-json\/wp\/v2\/media?parent=2913"}],"curies":[{"name":"wp","href":"https:\/\/api.w.org\/{rel}","templated":true}]}}