{"id":40,"date":"2023-04-11T18:01:19","date_gmt":"2023-04-11T16:01:19","guid":{"rendered":"https:\/\/ambasciatapraga.esteri.it\/?page_id=40"},"modified":"2026-01-20T13:36:48","modified_gmt":"2026-01-20T18:36:48","slug":"gli-uffici","status":"publish","type":"page","link":"https:\/\/amblima.esteri.it\/it\/chi-siamo\/gli-uffici\/","title":{"rendered":"Gli Uffici"},"content":{"rendered":"<div>\n<p style=\"text-align: justify;\"><span style=\"text-decoration: underline;\"><strong>INDIRIZZI DI POSTA ELETTRONICA AMBASCIATA:<\/strong><\/span><\/p>\n<p style=\"text-align: justify;\">&#8211;\u00a0<strong>Posta elettronica ordinaria<\/strong>:\u00a0<a href=\"mailto:ambasciata.lima@esteri.it\">ambasciata.lima@esteri.it<\/a><\/p>\n<p style=\"text-align: justify;\">&#8211;\u00a0<strong>Posta elettronica certificata<\/strong>:\u00a0<a href=\"mailto:amb.lima@cert.esteri.it\">amb.lima@cert.esteri.it<\/a><br \/>\n(NB la PEC riceve e invia\u00a0comunicazioni unicamente da altri indirizzi PEC)<\/p>\n<p style=\"text-align: justify;\">&#8211;\u00a0<strong>Cancelleria\u00a0Consolare:<\/strong>\u00a0<a href=\"mailto:cancconsolare.lima@esteri.it\">cancconsolare.lima@esteri.it<\/a><br \/>\n(per tutti i servizi consolari e informazioni sui visti d&#8217;ingresso)<\/p>\n<p style=\"text-align: justify;\"><strong>&#8211; Servizio economico-Comerciale:\u00a0<\/strong><a href=\"mailto:commerciale.lima@esteri.it\">commerciale.lima@esteri.it<\/a><br \/>\nPer richieste di assistenza alla sezione economico-commerciale\u00a0<a href=\"https:\/\/nexus.esteri.it\/?sede=557\"><em>clicca qui<\/em><\/a><\/p>\n<p><strong>\u2013 Ufficio della Dirigente Scolastica<\/strong><em>: <a href=\"mailto:marinella.lollo@esteri.it\">marinella.lollo@esteri.it<\/a><\/em><\/p>\n<p>&nbsp;<\/p>\n<p style=\"text-align: justify;\"><span style=\"text-decoration: underline;\"><strong>ORARIO DI APERTURA AL PUBBLICO DELLA CANCELLERIA CONSOLARE<\/strong><\/span><\/p>\n<p style=\"text-align: justify;\">Si avvisa l&#8217;utenza che dal <strong>5 giugno 2024<\/strong> per accedere a tutti i servizi consolari di questa Ambasciata occorrer\u00e0 effettuare l\u2019apposita prenotazione attraverso il portale della Farnesina \u201cPrenot@mi\u201d raggiungibile al link <a href=\"https:\/\/prenotami.esteri.it\">https:\/\/prenotami.esteri.it<\/a>.<\/p>\n<p style=\"text-align: justify;\"><span style=\"text-decoration: underline;\">L&#8217;orario di <strong>consegna <\/strong>di passaporti o altri documenti \u00e8<strong> dal luned\u00ec al venerd\u00ec dalle 12:30 alle 13:30<\/strong>.<\/span><\/p>\n<p>&nbsp;<\/p>\n<p><strong>CALENDARIO FESTIVITA&#8217; 2026<\/strong><\/p>\n<table class=\"table\" style=\"height: 325px;\" border=\"0\" width=\"427\" align=\"left\">\n<tbody>\n<tr>\n<td>01 gennaio<\/td>\n<td>Capodanno<\/td>\n<\/tr>\n<tr>\n<td>03 aprile<\/td>\n<td>Venerd\u00ec Santo<\/td>\n<\/tr>\n<tr>\n<td>25 aprile<\/td>\n<td>Anniversario della Liberazione<\/td>\n<\/tr>\n<tr>\n<td>01 maggio<\/td>\n<td>Festa del Lavoro<\/td>\n<\/tr>\n<tr>\n<td>02 giugno<\/td>\n<td>Festa Nazionale della Repubblica<\/td>\n<\/tr>\n<tr>\n<td>28 luglio<\/td>\n<td>Festa Nazionale del Per\u00f9<\/td>\n<\/tr>\n<tr>\n<td>30 agosto<\/td>\n<td>Santa Rosa da Lima<\/td>\n<\/tr>\n<tr>\n<td>01 novembre<\/td>\n<td>Ognissanti<\/td>\n<\/tr>\n<tr>\n<td>08 dicembre<\/td>\n<td>Immacolata Concezione<\/td>\n<\/tr>\n<tr>\n<td>25 dicembre<\/td>\n<td>Santo Natale<\/td>\n<\/tr>\n<tr>\n<td>26 dicembre<\/td>\n<td>Santo Stefano<\/td>\n<\/tr>\n<\/tbody>\n<\/table>\n<\/div>\n","protected":false},"excerpt":{"rendered":"INDIRIZZI DI POSTA ELETTRONICA AMBASCIATA: &#8211;\u00a0Posta elettronica ordinaria:\u00a0ambasciata.lima@esteri.it &#8211;\u00a0Posta elettronica certificata:\u00a0amb.lima@cert.esteri.it (NB la PEC riceve e invia\u00a0comunicazioni unicamente da altri indirizzi PEC) &#8211;\u00a0Cancelleria\u00a0Consolare:\u00a0cancconsolare.lima@esteri.it (per tutti i servizi consolari e informazioni sui visti d&#8217;ingresso) &#8211; Servizio economico-Comerciale:\u00a0commerciale.lima@esteri.it Per richieste di assistenza alla sezione economico-commerciale\u00a0clicca qui \u2013 Ufficio della Dirigente Scolastica: marinella.lollo@esteri.it &nbsp; ORARIO DI APERTURA AL [&hellip;]","protected":false},"author":1,"featured_media":0,"parent":13,"menu_order":4,"comment_status":"closed","ping_status":"closed","template":"","meta":{"footnotes":""},"class_list":["post-40","page","type-page","status-publish","hentry"],"_links":{"self":[{"href":"https:\/\/amblima.esteri.it\/it\/wp-json\/wp\/v2\/pages\/40","targetHints":{"allow":["GET"]}}],"collection":[{"href":"https:\/\/amblima.esteri.it\/it\/wp-json\/wp\/v2\/pages"}],"about":[{"href":"https:\/\/amblima.esteri.it\/it\/wp-json\/wp\/v2\/types\/page"}],"author":[{"embeddable":true,"href":"https:\/\/amblima.esteri.it\/it\/wp-json\/wp\/v2\/users\/1"}],"replies":[{"embeddable":true,"href":"https:\/\/amblima.esteri.it\/it\/wp-json\/wp\/v2\/comments?post=40"}],"version-history":[{"count":7,"href":"https:\/\/amblima.esteri.it\/it\/wp-json\/wp\/v2\/pages\/40\/revisions"}],"predecessor-version":[{"id":7224,"href":"https:\/\/amblima.esteri.it\/it\/wp-json\/wp\/v2\/pages\/40\/revisions\/7224"}],"up":[{"embeddable":true,"href":"https:\/\/amblima.esteri.it\/it\/wp-json\/wp\/v2\/pages\/13"}],"wp:attachment":[{"href":"https:\/\/amblima.esteri.it\/it\/wp-json\/wp\/v2\/media?parent=40"}],"curies":[{"name":"wp","href":"https:\/\/api.w.org\/{rel}","templated":true}]}}