{"id":43,"date":"2023-04-11T18:10:30","date_gmt":"2023-04-11T16:10:30","guid":{"rendered":"https:\/\/ambasciatapraga.esteri.it\/?page_id=43"},"modified":"2024-06-17T14:41:47","modified_gmt":"2024-06-17T19:41:47","slug":"diplomazia-economica","status":"publish","type":"page","link":"https:\/\/amblima.esteri.it\/it\/italia-e-peru\/diplomazia-economica\/","title":{"rendered":"Diplomazia economica"},"content":{"rendered":"<div style=\"text-align: justify;\"><span style=\"font-family: Times New Roman,serif; font-size: medium;\"><b>CHI SIAMO<\/b><\/span><\/div>\n<div style=\"text-align: justify;\"><span style=\"font-family: Times New Roman,serif; font-size: medium;\">\u00a0<\/span><\/div>\n<div style=\"text-align: justify;\"><span style=\"font-family: Times New Roman,serif; font-size: medium;\">Le <b><u>attivit\u00e0 di diplomazia economica<\/u><\/b> dell\u2019Ambasciata si caratterizzano non solo per la promozione e tutela, per quanto di competenza, degli interessi delle nostre imprese operanti in Per\u00f9, ma anche per il costante coordinamento di tutti gli attori del Sistema Paese qui presenti, a cominciare dall\u2019Agenzia per la promozione all&#8217;estero e l&#8217;internazionalizzazione delle imprese italiane, ITA\/ ICE, che ha da anni un Desk particolarmente attivo e logisticamente integrato nella sede di questa Rappresentanza diplomatico-consolare. \u00c8 inoltre operativa a Lima una dinamica camera di commercio, la Camera di Commercio Italiana del Per\u00f9 (CCIP), parte di AssocamereEstero. Per la promozione dei flussi turistici \u00e8 poi competente per questo Paese l\u2019Ufficio\u00a0ENIT di Buenos Aires, in Argentina \u00a0(<a href=\"https:\/\/www.enit.it\/it\/buenos-aires\" target=\"_blank\" rel=\"noopener noreferrer\">https:\/\/www.enit.it\/it\/buenos-aires<\/a>), mentre per le attivit\u00e0 di cooperazione allo sviluppo che dovessero implicare il coinvolgimento, a qualsiasi titolo, di finanziamenti o imprese private italiane qui attive \u00e8 competente, insieme al servizio economico-commerciale della Sede, l\u2019Ufficio Regionale dell\u2019Agenzia Italiana di Cooperazione allo Sviluppo con sede a Bogot\u00e0 (<a href=\"https:\/\/bogota.aics.gov.it\/es\/home-spa\/\" target=\"_blank\" rel=\"noopener noreferrer\">https:\/\/bogota.aics.gov.it\/es\/home-spa\/<\/a> ). Seguono, pertanto, i contatti istituzionali degli Uffici menzionati. <\/span><\/div>\n<div style=\"text-align: justify;\"><span style=\"font-family: Times New Roman,serif; font-size: medium;\">\u00a0<\/span><\/div>\n<div style=\"text-align: justify;\"><span style=\"font-family: Times New Roman,serif; font-size: medium;\"><b>Ufficio Economico \u2013 Commerciale<\/b><br \/>\nAmbasciata d\u2019Italia a Lima<br \/>\nTel. +51 1 4632727 (230)<br \/>\nE-Mail:\u00a0<a href=\"mailto:Commerciale.lima@esteri.it\" target=\"_blank\" rel=\"noopener noreferrer\">commerciale.lima@esteri.it<\/a><\/span><\/div>\n<div style=\"text-align: justify;\"><span style=\"font-family: Times New Roman,serif; font-size: medium;\"><b>\u00a0<\/b><br \/>\n<b>ITA\/ ICE<\/b> <\/span><\/div>\n<div style=\"text-align: justify;\"><span style=\"font-family: Times New Roman,serif; font-size: medium;\">Desk Per\u00f9<br \/>\nDipartimento dell\u2019Ambasciata d\u2019Italia a Lima per la promozione dell\u2019interscambio commerciale<br \/>\nTel.\u00a0 +51 1 4604521<br \/>\nE-mail:\u00a0<a href=\"mailto:lima@ice.it\" target=\"_blank\" rel=\"noopener noreferrer\">lima@ice.it<\/a> <span style=\"color: #1f497d;\">\u2013 Sito : <\/span><a href=\"http:\/\/www.ice.gov.it\/paesi\/america\/peru\/index.htm\" target=\"_blank\" rel=\"noopener noreferrer\">http:\/\/www.ice.gov.it\/paesi\/america\/peru\/index.htm<\/a><\/span><\/div>\n<div style=\"text-align: justify;\"><span style=\"font-family: Times New Roman,serif; font-size: medium;\"><br \/>\n<b>Camera di Commercio Italiana del Per\u00f9<\/b><br \/>\nTel. +51 1 4442016 \/ 4441997<br \/>\nE-mail:\u00a0<a href=\"mailto:info@cciperu.it\" target=\"_blank\" rel=\"noopener noreferrer\">info@cciperu.it<\/a> \u2013 Sito:\u00a0 <a href=\"http:\/\/www.cciperu.it\/\" target=\"_blank\" rel=\"noopener noreferrer\">http:\/\/www.cciperu.it<\/a><\/span><\/div>\n<div style=\"text-align: justify;\"><span style=\"font-family: Times New Roman,serif; font-size: medium;\">\u00a0<\/span><\/div>\n<div style=\"text-align: justify;\"><span style=\"font-family: Times New Roman,serif; font-size: medium;\">Negli anni si sono poi implementate diverse <b><u>piattaforme digitali<\/u><\/b> per rendere pi\u00f9 rapidi, efficienti ed efficaci i servizi economico-commerciali alle imprese italiane e i contatti con il servizio economico-commerciale. Sono dunque operativi e a disposizione delle imprese \u00a0i seguenti portali di cui si invita a una frequente consultazione:<\/span><\/div>\n<div style=\"text-align: justify;\"><span style=\"font-family: Times New Roman,serif; font-size: medium;\">&#8211;<span style=\"font-size: xx-small;\">\u00a0\u00a0\u00a0\u00a0\u00a0\u00a0\u00a0\u00a0\u00a0 <\/span><b>Infomercati<\/b> : piattaforma di business intelligence con un\u2019apposita scheda dedicata al Per\u00f9: <a href=\"http:\/\/www.infomercatiesteri.it\" target=\"_blank\" rel=\"noopener noreferrer\">http:\/\/www.infomercatiesteri.it<\/a><\/span><\/div>\n<div style=\"text-align: justify;\"><span style=\"font-family: Times New Roman,serif; font-size: medium;\">&#8211;<span style=\"font-size: xx-small;\">\u00a0\u00a0\u00a0\u00a0\u00a0\u00a0\u00a0\u00a0\u00a0 <\/span><b>NEXUS: <\/b>applicativo a cui veicolare richieste di informazione e di assistenza inviate dalle imprese italiane interessate ad operare nei mercati internazionali (<a href=\"https:\/\/nexus.esteri.it\/\" target=\"_blank\" rel=\"noopener noreferrer\">https:\/\/nexus.esteri.it\/<\/a>).<\/span><\/div>\n<div style=\"text-align: justify;\"><span style=\"font-family: Times New Roman,serif; font-size: medium;\">&#8211;<span style=\"font-size: xx-small;\">\u00a0\u00a0\u00a0\u00a0\u00a0\u00a0\u00a0\u00a0\u00a0 <\/span><b>Ex-Tender<\/b>: portale in cui vengono segnalate gare di appalto anche internazionali e anticipazioni di grandi progetti:\u00a0 <a href=\"https:\/\/extender.esteri.it\/sito\/appalti-internazionali-anticipazioni-grandi-progetti\" target=\"_blank\" rel=\"noopener noreferrer\">https:\/\/extender.esteri.it\/sito\/appalti-internazionali-anticipazioni-grandi-progetti<\/a> ). <\/span><\/div>\n<div style=\"text-align: justify;\"><span style=\"font-family: Times New Roman,serif; font-size: medium;\"><b>\u00a0<\/b><\/span><\/div>\n<div style=\"text-align: justify;\"><span style=\"font-family: Times New Roman,serif; font-size: medium;\">Infine, si invitano le aziende a seguire le newsletter della Diplomazia economica italiana al seguente collegamento, a cui \u00e8 possibile chiedere un servizio di iscrizione mailing-list: <a href=\"https:\/\/www.esteri.it\/it\/diplomazia-economica-e-politica-commerciale\/diplomaziaeconomica\/strumenti-e-servizi-informativi-per-le-imprese\/newsletter-diplomazia-economica\/\" target=\"_blank\" rel=\"noopener noreferrer\">https:\/\/www.esteri.it\/it\/diplomazia-economica-e-politica-commerciale\/diplomaziaeconomica\/strumenti-e-servizi-informativi-per-le-imprese\/newsletter-diplomazia-economica\/<\/a> <\/span><\/div>\n<div style=\"text-align: justify;\"><span style=\"font-family: Times New Roman,serif; font-size: medium;\"><b>\u00a0<\/b><\/span><\/div>\n<div style=\"text-align: justify;\"><span style=\"font-family: Times New Roman,serif; font-size: medium;\"><b>\u00a0<\/b><\/span><\/div>\n<div style=\"text-align: justify;\"><span style=\"font-family: Times New Roman,serif; font-size: medium;\"><b>IL SISTEMA FIERISTICO<\/b><\/span><\/div>\n<div style=\"text-align: justify;\"><span style=\"font-family: Times New Roman,serif; font-size: medium;\">\u00a0<\/span><\/div>\n<div style=\"text-align: justify;\"><span style=\"font-family: Times New Roman,serif; font-size: medium;\">Si ricorda che la promozione degli eventi del sistema fieristico italiano, oltre alle competenze informative e generali del servizio economico-commerciale dell\u2019Ambasciata, \u00e8 attuata sia dall\u2019agenzia ITA\/ICE sia dalla CCIP. Pertanto si raccomanda di contattare periodicamente tali entit\u00e0 direttamente e attraverso la consultazione dei loro siti web e canali sociali istituzionali. <\/span><\/div>\n<div style=\"text-align: justify;\"><span style=\"font-family: Times New Roman,serif; font-size: medium;\">\u00a0<\/span><\/div>\n<div style=\"text-align: justify;\"><span style=\"font-family: Times New Roman,serif; font-size: medium;\"><b>FINANZIAMENTI PER L\u2019INTERNAZIONALIZZAZIONE DELLE IMPRESE<\/b><\/span><\/div>\n<div style=\"text-align: justify;\"><span style=\"font-family: Times New Roman,serif; font-size: medium;\">\u00a0<\/span><\/div>\n<div style=\"text-align: justify;\"><span style=\"font-family: Times New Roman,serif; font-size: medium;\">Per promuovere l\u2019internazionalizzazione delle imprese e fornire, in caso, servizi di finanziamento, \u00e8 possibile contattare SACE, Gruppo assicurativo-finanziario italiano, direttamente controllato dal Ministero dell\u2019Economia e delle Finanze, che opera in Per\u00f9 attraverso la sede regionale del Messico (<a href=\"https:\/\/www.sace.it\/\" target=\"_blank\" rel=\"noopener noreferrer\">https:\/\/www.sace.it\/<\/a>) .<\/span><\/div>\n<div style=\"text-align: justify;\"><span style=\"font-family: Times New Roman,serif; font-size: medium;\">Si segnala, per completezza, che esistono alcuni importanti strumenti di finanziamento che l\u2019Italia mette a disposizione delle imprese anche nella promozione dell\u2019export, come i meccanismi di finanza agevolata proposti da SIMEST (ad es. Fondo 394\/81, Fondo 295\/73, Fondo di Venture Capital), per cui si raccomanda un\u2019attenta consultazione del relativo sito istituzionale e connessi canali sociali\u00a0 (<a href=\"https:\/\/www.simest.it\/\" target=\"_blank\" rel=\"noopener noreferrer\">https:\/\/www.simest.it\/<\/a>)<span style=\"font-family: Arial,sans-serif;\">.<\/span><\/span><\/div>\n<div style=\"text-align: justify;\"><span style=\"font-family: Times New Roman,serif; font-size: medium;\">\u00a0<\/span><\/div>\n<div style=\"text-align: justify;\"><span style=\"font-family: Times New Roman,serif; font-size: medium;\">\u00a0<\/span><\/div>\n<div style=\"text-align: justify;\"><span style=\"font-family: Times New Roman,serif; font-size: medium;\"><b>IL PERU\u2019 IN PILLOLE <\/b><\/span><\/div>\n<div style=\"text-align: justify;\" align=\"justify\"><span style=\"font-family: Times New Roman,serif; font-size: medium;\">Sebbene l&#8217;anno 2023 sia stato segnato da un andamento recessivo (tasso di crescita : -0,7%), il Peru spicca nel panorama latino-americano per i\u00a0solidi fondamenti macroeconomici: \u00e8 estremamente contenuto il debito pubblico netto \u00a0&#8211; se paragonato al resto della regione &#8211; , e il Paese beneficia di una domanda interna che fino al 2022 \u00e8 stata sostenuta. Nell\u2019ultimo decennio l\u2019economia peruviana peraltro ha conosciuto una crescita costante (in media un incremento annuo del PIL pari a circa il 5%), come emerge dall\u2019ultimo Esame sulle Politiche Commerciali realizzato dal WTO. Secondo gli ultimi dati aggregati attendibili Il PIL nominale si \u00e8 attestato a 242.631,57 milioni di dollari nel 2022 ed un PIL pro capite pari a. $7.125,8. Nel 2023, l&#8217;economia ha dovuto per\u00f2 affrontare una serie di shock interni ed esterni. In primo luogo, le violenti proteste successive al fortunatamente fallito colpo di stato dell&#8217;ex Presidente Castillo che si sono prolungate per buona parte del primo semestre dell&#8217;anno.\u00a0Ci\u00f2 ha contribuito a una caduta degli investimenti privati, che rappresentano l\u201980 % degli investimenti nel paese, dovuto alle aspettative negative sulla tenuta dell\u2019attuale governo, che prosegue ad avere bassissimi tassi di approvazione. Merita appena segnalare che secondo gli ultimi sondaggi demoscopici (giugno 2024) la Pres. Boluarte godrebbe dell&#8217;approvazione di appena il 5% dei peruviani. La protratta incertezza politica ha inoltre inciso sull\u2019andamento dell\u2019economia reale paralizzando molte opere infrastrutturali in corso di costruzione e rallentando i cantieri di riparazione di quelle che erano state oggetto di attacco durante il tentativo di sollevazione seguito al fallito colpo di stato di Castillo . \u00a0La riduzione ulteriore del potere di acquisto data dall\u2019aumento dei prezzi dei prodotti alimentari, tra altri, ha evidentemente comportato una contrazione dal lato del consumo, con conseguenze importanti dato che questa variabile rappresenta il 65% nella domanda interna. In secondo luogo, fenomeni metereologici particolarmente violenti hanno colpito il Paese (dal ciclone Yaku al fenomeno del Nino ) causando una serie di interruzioni sul lato della produzione.\u00a0<\/span><\/div>\n<div style=\"text-align: justify;\" align=\"justify\"><span style=\"font-family: Times New Roman,serif; font-size: medium;\">Se queste erano le premesse, il 2024 si \u00e8 per\u00f2 aperto con ottimismo. Le esportazioni hanno infatti proseguito un andamento particolarmente incoraggiante e si sono riavviati alcuni cantieri per importanti opere infrastrutturali. Senz&#8217;altro un ruolo fondamentale nel garantire la tenuta del sistema economico generale \u00e8 stato giocato dal settore minerario, che a partire da giugno 2023 ha conosciuto una nuova crescita, trainata non solo dall&#8217;aumento del prezzo dell&#8217;oro e del rame ma anche dalla scoperta di nuovi giacimenti di terre c.d. rare. Per il 2024 vi \u00e8 quindi un\u2019aspettativa di crescita positiva del 2.3% del PIL, previsione basata su un possibile maggiore dinamismo ed un miglioramento \u00a0graduale della fiducia imprenditoriale per investire in nuovi progetti, da un lato, e, dall\u2019altro, di un incremento degli ordinativi di spesa anche nei settori di costruzione e manifattura.\u00a0\u00a0<\/span><\/div>\n<div style=\"text-align: justify;\" align=\"justify\"><span style=\"font-family: Times New Roman,serif; font-size: medium;\">Per quanto riguarda specificamente la bilancia commerciale nel 2023, essa \u00a0si \u00e8 chiusa con un valore pari a 2040 milioni di dollari, a dimostrazione della forte \u00a0apertura al commercio internazionale del paese, che ha visto le proprie esportazioni espandersi significativamente dal 2021 soprattutto nel settore minerario. L&#8217;aspettativa di crescita nel 2024 interessa dunque \u00a0anche le esportazioni, in particolare nei settori minerario, della pesca e prodotti ittici, dell&#8217;agroindustria e della metalmeccanica.\u00a0<\/span><\/div>\n<div style=\"text-align: justify;\" align=\"justify\"><span style=\"font-family: Times New Roman,serif; font-size: medium;\">L\u2019inflazione, che pur si attesta come la pi\u00f9 bassa della regione, negli ultimi anni \u00e8 per\u00f2 cresciuta notevolmente, raggiungendo il picco di 8,46% nel 2022 per poi ridursi progressivamente fino ad un 3, 29% a febbraio 2024 grazie a un sapiente governo monetario della Banca Centrale del Paese. \u00a0Analogamente la Banca Centrale ha difeso il tasso di cambio del sol , valuta nazionale , contro il dollaro e l&#8217;euro, assicurandosi un elevato livello di riserve di valuta pregiata.\u00a0Le riserve internazionali nette a chiusura del 2023, hanno cos\u00ec registrato un totale di USD 71033milioni, in aumento nel marzo 2024 a USD circa USD 76 743, valore corrispondente a circa il 29% del PIL. \u00a0Il tasso di cambio con dollaro statunitense \u00a0a chiusura del 2023 era pari a S\/3,732 essendosi mantenuto sostanzialmente stabile durante tutto il corso dell&#8217;anno.\u00a0<\/span><\/div>\n<div style=\"text-align: justify;\" align=\"justify\"><span style=\"font-family: Times New Roman,serif; font-size: medium;\">Quanto alla disocupazione, il tasso a chiusura del 2023 \u00e8 stato del 6.4%, lievemente diminuito rispetto all\u2019anno precedente. Tuttavia nel 2024 si \u00e8 registrato un nuovo aumento, essendosi attestato nel primo trimestre intorno al 7 %. Si registra in ogni caso una dimensione\u00a0elevatissima del c.d. lavoro informale, vera e proprio posta sociale che purtroppo interessa ormai l&#8217;80% del mercato del lavoro peruviano . Negli ultimi due decenni la povert\u00e0 nel paese \u00e8 stata per\u00f2 significativamente\u00a0ridotta grazie soprattutto ai positivi effetti della crescita economica, passando dal 59% nel 2004 al 20% nel 2019. La pandemia da Covid-19 (Per\u00f9 primo Paese al mondo per numero di morti per milione di abitanti) ha tuttavia ridotto questi miglioramenti, generando\u00a0oltre 2 milioni di nuovi poveri, numero a oggi in aumento e la cui maggioranza vive in aree urbane (70%) con un\u00a0livello di povert\u00e0\u00a0maggiore nelle aree rurali. Il tasso di povert\u00e0 monetaria nel 2022 (ultimo dato attendibile) si \u00e8 attestato invece al 27,5% della popolazione, superando dell&#8217;1,6 %\u00a0 il dato del 2021 (25,9%). A questo si aggiunge una conflittualit\u00e0 sociale sempre pi\u00f9 forte, alimentata anche dall\u2019incertezza politica e dall\u2019aumento generalizzato dei prezzi. Molti conflitti sociali \u00a0emergono anche nelle zone minerarie. Secondo stime dell\u2019istituto statistico peruviano, INEI, circa 1 su 3 cittadini sarebbero ora a rischio di cadere in condizione di povert\u00e0. In questo contesto, deve dirsi che nonostante gli introiti a favore dell&#8217;orario garantiti soprattutto dalle grandi multinazionali operanti principalmente nel settore minerario , la pressione fiscale peruviana e&#8217; fra le pi\u00f9 basse dell&#8217;America Latina .<\/span><\/div>\n<div style=\"text-align: justify;\" align=\"justify\"><span style=\"font-family: Times New Roman,serif; font-size: medium;\">Infine, deve dirsi che per fare fronte all\u2019attuale recessione, a novembre 2023 il governo peruviano ha adottato, non senza un certo ritardo, delle misure importanti \u00a0volte al potenziamento di alcuni settori strategici , come le infrastrutture principali (ponti, strade, porti, dighe), e a favorire gli investimenti nazionali e stranieri e di sostegno alle imprese. In considerazione dunque delle importanti opportunit\u00e0 che potrebbero aprirsi sia sul lato peruviano sia in altri importanti progetti finanziati dall&#8217;Unione Europea nell&#8217;ambito del progetto &#8220;Global Gateway&#8221; Si invita a consultare la sezione dedicata al per\u00f9 del sito Infomercati Esteri cos\u00ec come il portale extender dove sono indicate le ultime opportunit\u00e0 economico commerciali di cui questa Ambasciata \u00e9 giunta a conoscenza. (Inserire link)<\/span><\/div>\n<div style=\"text-align: justify;\"><span style=\"font-family: Times New Roman,serif; font-size: medium;\">A livello bilaterale, l\u2019interscambio commerciale tra Italia e Per\u00f9 \u00e8 tornato ad aumentare, dopo la flessione causata dalla pandemia Covid-19, gi\u00e0 dal 2022. In tale anno, le esportazioni dall\u2019Italia verso il Per\u00f9 hanno registrato un incremento del\u00a0 14,5% rispetto all\u2019anno precedente. Parallelamente, le importazioni sono aumentate dell\u2019\u00a0 8,7% . Le esportazioni italiane in Peru hanno registrato un valore superiore a 598 milioni di euro. I principali prodotti importati dal Per\u00f9 sono i metalli di base ed i prodotti in metallo (in particolare il rame), esclusi macchine ed impianti; prodotti dell\u2019agricoltura, della silvicoltura e della pesa; prodotti alimentari, bevande e tabacco, dell\u2019estrazione di minerali da cave e miniere. Viceversa, l\u2019Italia esporta in Peru principalmente prodotti chimici di base, i macchinari, materiale rotabile, e apparecchi n.c.a.; metalli di base e prodotti in metallo; prodotti delle altre attivit\u00e0 manifatturiere; prodotti alimentari e bevande (FONTE ISTAT).<\/span><\/div>\n<div style=\"text-align: justify;\"><span style=\"font-family: Times New Roman,serif; font-size: medium;\">\u00a0<\/span><\/div>\n<div style=\"text-align: justify;\"><span style=\"font-family: Times New Roman,serif; font-size: medium;\">Per maggiori dettagli di inquadramento economico e commerciale, si invita a visionare il portale InfoMercati e la scheda paese, raggiungibili al seguente collegamento: <a href=\"http:\/\/www.infomercatiesteri.it\" target=\"_blank\" rel=\"noopener noreferrer\">http:\/\/www.infomercatiesteri.it<\/a><\/span><\/div>\n<div style=\"text-align: justify;\"><span style=\"font-family: Times New Roman,serif; font-size: medium;\">\u00a0<\/span><\/div>\n<div style=\"text-align: justify;\"><span style=\"font-family: Times New Roman,serif; font-size: medium;\">E\u2019, inoltre, possibile consultare, fra gli altri, i seguenti siti web istituzionali:<\/span><\/div>\n<div style=\"text-align: justify;\"><span style=\"font-family: Times New Roman,serif; font-size: medium;\">\u00a0<\/span><\/div>\n<div style=\"text-align: justify;\"><span style=\"font-family: Times New Roman,serif; font-size: medium;\"><span lang=\"es-PE\"><b>ComexPeru \u2013 Sociedad de Comercio exterior del Peru<\/b><\/span><\/span><\/div>\n<div style=\"text-align: justify;\"><span style=\"font-family: Times New Roman,serif; font-size: medium;\"><a href=\"https:\/\/www.comexperu.org.pe\/\" target=\"_blank\" rel=\"noopener noreferrer\">https:\/\/www.comexperu.org.p<span lang=\"es\">e\/<\/span><\/a><\/span><\/div>\n<div style=\"text-align: justify;\"><span style=\"font-family: Times New Roman,serif; font-size: medium;\"><span lang=\"es\"><b>PROINVERSI\u00d2N<\/b><\/span><span lang=\"es\"><b><br \/>\n<\/b><\/span><a href=\"http:\/\/www.proinversion.gob.pe\/modulos\/LAN\/landing.aspx?are=0&amp;pfl=1&amp;lan=10&amp;tit=proinversi%c3%b3n-institucional\" target=\"_blank\" rel=\"noopener noreferrer\"><span lang=\"es\">http:\/\/www.proinversion.gob.pe<\/span><\/a><\/span><\/div>\n<div style=\"text-align: justify;\"><span style=\"font-family: Times New Roman,serif; font-size: medium;\"><span lang=\"es\"><b>PromPeru<\/b><\/span><\/span><\/div>\n<div style=\"text-align: justify;\"><span style=\"font-family: Times New Roman,serif; font-size: medium;\"><a href=\"https:\/\/www.gob.pe\/promperu\" target=\"_blank\" rel=\"noopener noreferrer\"><span lang=\"es\"><b>https:\/\/www.gob.pe\/promperu<\/b><\/span><\/a><b> <\/b><\/span><\/div>\n<div style=\"text-align: justify;\"><span style=\"font-family: Times New Roman,serif; font-size: medium;\"><b>El Peruano \u2013 Gazzetta Ufficiale Peruviana<\/b><\/span><\/div>\n<div style=\"text-align: justify;\"><span style=\"font-family: Times New Roman,serif; font-size: medium;\"><a href=\"https:\/\/elperuano.pe\/\" target=\"_blank\" rel=\"noopener noreferrer\"><b>https:\/\/elperuano.pe\/<\/b><\/a><b> <\/b><\/span><\/div>\n<div style=\"text-align: justify;\"><span style=\"font-family: Times New Roman,serif; font-size: medium;\"><b>SEACE<\/b><\/span><\/div>\n<div style=\"text-align: justify;\"><span style=\"font-family: Times New Roman,serif; font-size: medium;\"><a href=\"https:\/\/prod2.seace.gob.pe\/seacebus-uiwd-pub\/buscadorPublico\/buscadorPublico.xhtml\" target=\"_blank\" rel=\"noopener noreferrer\">https:\/\/prod2.seace.gob.pe\/seacebus-uiwd-pub\/buscadorPublico\/buscadorPublico.xhtml<\/a> <\/span><\/div>\n<div style=\"text-align: justify;\"><span style=\"font-family: Times New Roman,serif; font-size: medium;\"><b>PeruCompras<\/b><\/span><\/div>\n<div style=\"text-align: justify;\"><span style=\"font-family: Times New Roman,serif; font-size: medium;\"><a href=\"https:\/\/www.gob.pe\/perucompras\" target=\"_blank\" rel=\"noopener noreferrer\">https:\/\/www.gob.pe\/perucompras<\/a> <\/span><\/div>\n<div style=\"text-align: justify;\"><span style=\"font-family: Times New Roman,serif; font-size: medium;\"><b>SUNAT<\/b><\/span><\/div>\n<div style=\"text-align: justify;\"><span style=\"font-family: Times New Roman,serif; font-size: medium;\"><a href=\"https:\/\/www.sunat.gob.pe\/aduanas.html\" target=\"_blank\" rel=\"noopener noreferrer\"><b>https:\/\/www.sunat.gob.pe\/aduanas.html<\/b><\/a><b> <\/b><\/span><\/div>\n<div><\/div>\n<div>(Giugno 2024)<\/div>\n","protected":false},"excerpt":{"rendered":"CHI SIAMO \u00a0 Le attivit\u00e0 di diplomazia economica dell\u2019Ambasciata si caratterizzano non solo per la promozione e tutela, per quanto di competenza, degli interessi delle nostre imprese operanti in Per\u00f9, ma anche per il costante coordinamento di tutti gli attori del Sistema Paese qui presenti, a cominciare dall\u2019Agenzia per la promozione all&#8217;estero e l&#8217;internazionalizzazione delle [&hellip;]","protected":false},"author":1,"featured_media":0,"parent":14,"menu_order":0,"comment_status":"closed","ping_status":"closed","template":"","meta":{"footnotes":""},"class_list":["post-43","page","type-page","status-publish","hentry"],"_links":{"self":[{"href":"https:\/\/amblima.esteri.it\/it\/wp-json\/wp\/v2\/pages\/43","targetHints":{"allow":["GET"]}}],"collection":[{"href":"https:\/\/amblima.esteri.it\/it\/wp-json\/wp\/v2\/pages"}],"about":[{"href":"https:\/\/amblima.esteri.it\/it\/wp-json\/wp\/v2\/types\/page"}],"author":[{"embeddable":true,"href":"https:\/\/amblima.esteri.it\/it\/wp-json\/wp\/v2\/users\/1"}],"replies":[{"embeddable":true,"href":"https:\/\/amblima.esteri.it\/it\/wp-json\/wp\/v2\/comments?post=43"}],"version-history":[{"count":7,"href":"https:\/\/amblima.esteri.it\/it\/wp-json\/wp\/v2\/pages\/43\/revisions"}],"predecessor-version":[{"id":4773,"href":"https:\/\/amblima.esteri.it\/it\/wp-json\/wp\/v2\/pages\/43\/revisions\/4773"}],"up":[{"embeddable":true,"href":"https:\/\/amblima.esteri.it\/it\/wp-json\/wp\/v2\/pages\/14"}],"wp:attachment":[{"href":"https:\/\/amblima.esteri.it\/it\/wp-json\/wp\/v2\/media?parent=43"}],"curies":[{"name":"wp","href":"https:\/\/api.w.org\/{rel}","templated":true}]}}